{"id":3494,"date":"2022-11-25T20:21:43","date_gmt":"2022-11-25T19:21:43","guid":{"rendered":"https:\/\/lire-ecrire-compter.com\/?post_type=product&#038;p=3494"},"modified":"2023-10-21T10:07:40","modified_gmt":"2023-10-21T08:07:40","slug":"la-bataille-des-syllabes","status":"publish","type":"product","link":"https:\/\/lire-ecrire-compter.com\/?product=la-bataille-des-syllabes","title":{"rendered":"La Bataille des syllabes"},"content":{"rendered":"<p><span style=\"color: #92d001;\"><strong>BUT DU JEU :<\/strong><\/span><br \/>\n<span style=\"color: #92d001;\"><strong>Poss\u00e9der toutes les cartes du jeu<\/strong>. Les cartes du jeu, sur lesquelles sont repr\u00e9sent\u00e9s des noms,\u00a0 ont la valeur indiqu\u00e9e par leur nombre de syllabes orales<br \/>\nCe jeu destin\u00e9 aux plus petits comporte une <strong>variante<\/strong> indiquant que lorsque toutes les cartes distribu\u00e9es au d\u00e9but du jeu auront \u00e9t\u00e9 mises en jeu, le jeu s\u2019arr\u00eatera et chacun comptera le nombre de cartes qu\u2019il aura gagn\u00e9es. <strong>Celui des joueurs ayant gagn\u00e9 le plus de carte<\/strong>s sera alors d\u00e9clar\u00e9 <strong>vainqueur<\/strong>.<br \/>\n<\/span><\/p>\n<p><span style=\"color: #ff5b72;\"><strong>COMPOSITION :<\/strong><\/span><br \/>\n<span style=\"color: #ff5b72;\">Il est compos\u00e9 de <strong>53<\/strong><strong> cartes <\/strong>r\u00e9parties ainsi <strong>: 13 cartes <\/strong>de noms compos\u00e9s <strong>d&rsquo;une seule syllabe, 13 <\/strong>de noms compos\u00e9s <strong>de 2 syllabes, 13 de 3 syllabes, 13 de 4 syllabes et une seule\u00a0 carte <\/strong>d&rsquo;un\u00a0 nom compos\u00e9 <\/span><strong><span style=\"color: #ff5b72;\">de 5 syllabes.<\/span><br \/>\n<\/strong><\/p>\n<p><span style=\"color: #46acbf;\"><strong>OBJECTIFS :<\/strong><\/span><br \/>\n<span style=\"color: #46acbf;\">Ce jeu travaille la d\u00e9composition d&rsquo;un mot en syllabes ainsi que la comparaison entre deux mots.<\/span><\/p>\n","protected":false},"excerpt":{"rendered":"<p>BUT DU JEU : Poss\u00e9der toutes les cartes du jeu. Les cartes du jeu, sur lesquelles sont repr\u00e9sent\u00e9s des noms,\u00a0 ont la valeur indiqu\u00e9e par leur nombre de syllabes orales Ce jeu destin\u00e9 aux plus petits comporte une variante indiquant que lorsque toutes les cartes&#8230;<\/p>\n","protected":false},"featured_media":3492,"comment_status":"open","ping_status":"closed","template":"","meta":{"give_campaign_id":0,"om_disable_all_campaigns":false,"_monsterinsights_skip_tracking":false,"_monsterinsights_sitenote_active":false,"_monsterinsights_sitenote_note":"","_monsterinsights_sitenote_category":0,"_uf_show_specific_survey":0,"_uf_disable_surveys":false},"product_brand":[],"product_cat":[107,121],"product_tag":[115],"class_list":{"0":"post-3494","1":"product","2":"type-product","3":"status-publish","4":"has-post-thumbnail","6":"product_cat-gs","7":"product_cat-ps-ms","8":"product_tag-identifier-les-differentes-syllabes-dun-mot","10":"first","11":"instock","12":"downloadable","13":"virtual","14":"purchasable","15":"product-type-simple"},"yoast_head":"<!-- This site is optimized with the Yoast SEO plugin v27.1.1 - https:\/\/yoast.com\/product\/yoast-seo-wordpress\/ -->\n<title>La Bataille des syllabes - Lire \u00e9crire compter<\/title>\n<meta name=\"description\" content=\"Dans ce jeu de bataille chaque carte a pour valeur le nombre de syllabes orales du mot repr\u00e9sent\u00e9. Il incitera \u00e0 d\u00e9nombrer les syllabes d&#039;un mot donn\u00e9.\" \/>\n<meta name=\"robots\" content=\"index, follow, max-snippet:-1, max-image-preview:large, max-video-preview:-1\" \/>\n<link rel=\"canonical\" href=\"https:\/\/lire-ecrire-compter.com\/?product=la-bataille-des-syllabes\" \/>\n<meta property=\"og:locale\" content=\"fr_FR\" \/>\n<meta property=\"og:type\" content=\"article\" \/>\n<meta property=\"og:title\" content=\"La Bataille des syllabes - Lire \u00e9crire compter\" \/>\n<meta property=\"og:description\" content=\"Dans ce jeu de bataille chaque carte a pour valeur le nombre de syllabes orales du mot repr\u00e9sent\u00e9. Il incitera \u00e0 d\u00e9nombrer les syllabes d&#039;un mot donn\u00e9.\" \/>\n<meta property=\"og:url\" content=\"https:\/\/lire-ecrire-compter.com\/?product=la-bataille-des-syllabes\" \/>\n<meta property=\"og:site_name\" content=\"Lire \u00e9crire compter\" \/>\n<meta property=\"article:modified_time\" content=\"2023-10-21T08:07:40+00:00\" \/>\n<meta property=\"og:image\" content=\"https:\/\/lire-ecrire-compter.com\/wp-content\/uploads\/2022\/11\/img_e9170-scaled-e1669400872581.jpg\" \/>\n\t<meta property=\"og:image:width\" content=\"1200\" \/>\n\t<meta property=\"og:image:height\" content=\"1200\" \/>\n\t<meta property=\"og:image:type\" content=\"image\/jpeg\" \/>\n<meta name=\"twitter:card\" content=\"summary_large_image\" \/>\n<meta name=\"twitter:label1\" content=\"Dur\u00e9e de lecture estim\u00e9e\" \/>\n\t<meta name=\"twitter:data1\" content=\"1 minute\" \/>\n<script type=\"application\/ld+json\" class=\"yoast-schema-graph\">{\"@context\":\"https:\/\/schema.org\",\"@graph\":[{\"@type\":\"WebPage\",\"@id\":\"https:\/\/lire-ecrire-compter.com\/?product=la-bataille-des-syllabes\",\"url\":\"https:\/\/lire-ecrire-compter.com\/?product=la-bataille-des-syllabes\",\"name\":\"La Bataille des syllabes - Lire \u00e9crire compter\",\"isPartOf\":{\"@id\":\"https:\/\/lire-ecrire-compter.com\/#website\"},\"primaryImageOfPage\":{\"@id\":\"https:\/\/lire-ecrire-compter.com\/?product=la-bataille-des-syllabes#primaryimage\"},\"image\":{\"@id\":\"https:\/\/lire-ecrire-compter.com\/?product=la-bataille-des-syllabes#primaryimage\"},\"thumbnailUrl\":\"https:\/\/lire-ecrire-compter.com\/wp-content\/uploads\/2022\/11\/img_e9170-scaled-e1669400872581.jpg\",\"datePublished\":\"2022-11-25T19:21:43+00:00\",\"dateModified\":\"2023-10-21T08:07:40+00:00\",\"description\":\"Dans ce jeu de bataille chaque carte a pour valeur le nombre de syllabes orales du mot repr\u00e9sent\u00e9. Il incitera \u00e0 d\u00e9nombrer les syllabes d'un mot donn\u00e9.\",\"breadcrumb\":{\"@id\":\"https:\/\/lire-ecrire-compter.com\/?product=la-bataille-des-syllabes#breadcrumb\"},\"inLanguage\":\"fr-FR\",\"potentialAction\":[{\"@type\":\"ReadAction\",\"target\":[\"https:\/\/lire-ecrire-compter.com\/?product=la-bataille-des-syllabes\"]}]},{\"@type\":\"ImageObject\",\"inLanguage\":\"fr-FR\",\"@id\":\"https:\/\/lire-ecrire-compter.com\/?product=la-bataille-des-syllabes#primaryimage\",\"url\":\"https:\/\/lire-ecrire-compter.com\/wp-content\/uploads\/2022\/11\/img_e9170-scaled-e1669400872581.jpg\",\"contentUrl\":\"https:\/\/lire-ecrire-compter.com\/wp-content\/uploads\/2022\/11\/img_e9170-scaled-e1669400872581.jpg\",\"width\":1200,\"height\":1200},{\"@type\":\"BreadcrumbList\",\"@id\":\"https:\/\/lire-ecrire-compter.com\/?product=la-bataille-des-syllabes#breadcrumb\",\"itemListElement\":[{\"@type\":\"ListItem\",\"position\":1,\"name\":\"Accueil\",\"item\":\"https:\/\/lire-ecrire-compter.com\/\"},{\"@type\":\"ListItem\",\"position\":2,\"name\":\"La bo\u00eete \u00e0 jeux\",\"item\":\"https:\/\/lire-ecrire-compter.com\/?page_id=747\"},{\"@type\":\"ListItem\",\"position\":3,\"name\":\"La Bataille des syllabes\"}]},{\"@type\":\"WebSite\",\"@id\":\"https:\/\/lire-ecrire-compter.com\/#website\",\"url\":\"https:\/\/lire-ecrire-compter.com\/\",\"name\":\"Lire \u00e9crire compter\",\"description\":\"Jouer pour apprendre\",\"potentialAction\":[{\"@type\":\"SearchAction\",\"target\":{\"@type\":\"EntryPoint\",\"urlTemplate\":\"https:\/\/lire-ecrire-compter.com\/?s={search_term_string}\"},\"query-input\":{\"@type\":\"PropertyValueSpecification\",\"valueRequired\":true,\"valueName\":\"search_term_string\"}}],\"inLanguage\":\"fr-FR\"}]}<\/script>\n<!-- \/ Yoast SEO plugin. -->","yoast_head_json":{"title":"La Bataille des syllabes - Lire \u00e9crire compter","description":"Dans ce jeu de bataille chaque carte a pour valeur le nombre de syllabes orales du mot repr\u00e9sent\u00e9. Il incitera \u00e0 d\u00e9nombrer les syllabes d'un mot donn\u00e9.","robots":{"index":"index","follow":"follow","max-snippet":"max-snippet:-1","max-image-preview":"max-image-preview:large","max-video-preview":"max-video-preview:-1"},"canonical":"https:\/\/lire-ecrire-compter.com\/?product=la-bataille-des-syllabes","og_locale":"fr_FR","og_type":"article","og_title":"La Bataille des syllabes - Lire \u00e9crire compter","og_description":"Dans ce jeu de bataille chaque carte a pour valeur le nombre de syllabes orales du mot repr\u00e9sent\u00e9. Il incitera \u00e0 d\u00e9nombrer les syllabes d'un mot donn\u00e9.","og_url":"https:\/\/lire-ecrire-compter.com\/?product=la-bataille-des-syllabes","og_site_name":"Lire \u00e9crire compter","article_modified_time":"2023-10-21T08:07:40+00:00","og_image":[{"width":1200,"height":1200,"url":"https:\/\/lire-ecrire-compter.com\/wp-content\/uploads\/2022\/11\/img_e9170-scaled-e1669400872581.jpg","type":"image\/jpeg"}],"twitter_card":"summary_large_image","twitter_misc":{"Dur\u00e9e de lecture estim\u00e9e":"1 minute"},"schema":{"@context":"https:\/\/schema.org","@graph":[{"@type":"WebPage","@id":"https:\/\/lire-ecrire-compter.com\/?product=la-bataille-des-syllabes","url":"https:\/\/lire-ecrire-compter.com\/?product=la-bataille-des-syllabes","name":"La Bataille des syllabes - Lire \u00e9crire compter","isPartOf":{"@id":"https:\/\/lire-ecrire-compter.com\/#website"},"primaryImageOfPage":{"@id":"https:\/\/lire-ecrire-compter.com\/?product=la-bataille-des-syllabes#primaryimage"},"image":{"@id":"https:\/\/lire-ecrire-compter.com\/?product=la-bataille-des-syllabes#primaryimage"},"thumbnailUrl":"https:\/\/lire-ecrire-compter.com\/wp-content\/uploads\/2022\/11\/img_e9170-scaled-e1669400872581.jpg","datePublished":"2022-11-25T19:21:43+00:00","dateModified":"2023-10-21T08:07:40+00:00","description":"Dans ce jeu de bataille chaque carte a pour valeur le nombre de syllabes orales du mot repr\u00e9sent\u00e9. Il incitera \u00e0 d\u00e9nombrer les syllabes d'un mot donn\u00e9.","breadcrumb":{"@id":"https:\/\/lire-ecrire-compter.com\/?product=la-bataille-des-syllabes#breadcrumb"},"inLanguage":"fr-FR","potentialAction":[{"@type":"ReadAction","target":["https:\/\/lire-ecrire-compter.com\/?product=la-bataille-des-syllabes"]}]},{"@type":"ImageObject","inLanguage":"fr-FR","@id":"https:\/\/lire-ecrire-compter.com\/?product=la-bataille-des-syllabes#primaryimage","url":"https:\/\/lire-ecrire-compter.com\/wp-content\/uploads\/2022\/11\/img_e9170-scaled-e1669400872581.jpg","contentUrl":"https:\/\/lire-ecrire-compter.com\/wp-content\/uploads\/2022\/11\/img_e9170-scaled-e1669400872581.jpg","width":1200,"height":1200},{"@type":"BreadcrumbList","@id":"https:\/\/lire-ecrire-compter.com\/?product=la-bataille-des-syllabes#breadcrumb","itemListElement":[{"@type":"ListItem","position":1,"name":"Accueil","item":"https:\/\/lire-ecrire-compter.com\/"},{"@type":"ListItem","position":2,"name":"La bo\u00eete \u00e0 jeux","item":"https:\/\/lire-ecrire-compter.com\/?page_id=747"},{"@type":"ListItem","position":3,"name":"La Bataille des syllabes"}]},{"@type":"WebSite","@id":"https:\/\/lire-ecrire-compter.com\/#website","url":"https:\/\/lire-ecrire-compter.com\/","name":"Lire \u00e9crire compter","description":"Jouer pour apprendre","potentialAction":[{"@type":"SearchAction","target":{"@type":"EntryPoint","urlTemplate":"https:\/\/lire-ecrire-compter.com\/?s={search_term_string}"},"query-input":{"@type":"PropertyValueSpecification","valueRequired":true,"valueName":"search_term_string"}}],"inLanguage":"fr-FR"}]}},"_links":{"self":[{"href":"https:\/\/lire-ecrire-compter.com\/index.php?rest_route=\/wp\/v2\/product\/3494","targetHints":{"allow":["GET"]}}],"collection":[{"href":"https:\/\/lire-ecrire-compter.com\/index.php?rest_route=\/wp\/v2\/product"}],"about":[{"href":"https:\/\/lire-ecrire-compter.com\/index.php?rest_route=\/wp\/v2\/types\/product"}],"replies":[{"embeddable":true,"href":"https:\/\/lire-ecrire-compter.com\/index.php?rest_route=%2Fwp%2Fv2%2Fcomments&post=3494"}],"wp:featuredmedia":[{"embeddable":true,"href":"https:\/\/lire-ecrire-compter.com\/index.php?rest_route=\/wp\/v2\/media\/3492"}],"wp:attachment":[{"href":"https:\/\/lire-ecrire-compter.com\/index.php?rest_route=%2Fwp%2Fv2%2Fmedia&parent=3494"}],"wp:term":[{"taxonomy":"product_brand","embeddable":true,"href":"https:\/\/lire-ecrire-compter.com\/index.php?rest_route=%2Fwp%2Fv2%2Fproduct_brand&post=3494"},{"taxonomy":"product_cat","embeddable":true,"href":"https:\/\/lire-ecrire-compter.com\/index.php?rest_route=%2Fwp%2Fv2%2Fproduct_cat&post=3494"},{"taxonomy":"product_tag","embeddable":true,"href":"https:\/\/lire-ecrire-compter.com\/index.php?rest_route=%2Fwp%2Fv2%2Fproduct_tag&post=3494"}],"curies":[{"name":"wp","href":"https:\/\/api.w.org\/{rel}","templated":true}]}}