{"id":3396,"date":"2022-03-04T14:13:51","date_gmt":"2022-03-04T13:13:51","guid":{"rendered":"https:\/\/lire-ecrire-compter.com\/?post_type=product&#038;p=3396"},"modified":"2026-04-26T23:04:03","modified_gmt":"2026-04-26T21:04:03","slug":"lynx-des-fractions","status":"publish","type":"product","link":"https:\/\/lire-ecrire-compter.com\/?product=lynx-des-fractions","title":{"rendered":"Lynx des fractions"},"content":{"rendered":"<p><span style=\"color: #92d001;\"><strong>BUT DU JEU :<\/strong><\/span><br \/>\n<span style=\"color: #92d001;\">Il s&rsquo;agit de <strong>trouver<\/strong>, sur un plateau de forme octogonale,<strong> une repr\u00e9sentation possible pour une fraction donn\u00e9e<\/strong>. Le joueur qui signale en premier une repr\u00e9sentation correcte de la fraction, sur le plateau, gagne la carte correspondante.Il s&rsquo;agit ainsi de r\u00e9unir le plus grand nombre de cartes.<\/span><\/p>\n<p><span style=\"color: #ff5b72;\"><strong>COMPOSITION :<\/strong><\/span><br \/>\n<span style=\"color: #ff5b72;\">Il est compos\u00e9 de <strong>48<\/strong><strong> cartes, d&rsquo;un plateau de jeu <\/strong>de forme octogonale, de<strong> 6 jetons <\/strong>et d&rsquo;un<strong> m\u00e9mento <\/strong>. Ce m\u00e9mento reprend toutes les repr\u00e9sentations propos\u00e9es et permet ainsi de jouer en autonomie.<\/span><\/p>\n<p><span style=\"color: #46acbf;\"><strong>OBJECTIFS :<\/strong><\/span><br \/>\n<span style=\"color: #46acbf;\">Ce jeu aide \u00e0 la conceptualisation des fractions en diversifiant les repr\u00e9sentations.<\/span><\/p>\n","protected":false},"excerpt":{"rendered":"<p>BUT DU JEU : Il s&rsquo;agit de trouver, sur un plateau de forme octogonale, une repr\u00e9sentation possible pour une fraction donn\u00e9e. Le joueur qui signale en premier une repr\u00e9sentation correcte de la fraction, sur le plateau, gagne la carte correspondante.Il s&rsquo;agit ainsi de r\u00e9unir le&#8230;<\/p>\n","protected":false},"featured_media":3394,"comment_status":"open","ping_status":"closed","template":"","meta":{"give_campaign_id":0,"om_disable_all_campaigns":false,"_monsterinsights_skip_tracking":false,"_monsterinsights_sitenote_active":false,"_monsterinsights_sitenote_note":"","_monsterinsights_sitenote_category":0,"_uf_show_specific_survey":0,"_uf_disable_surveys":false},"product_brand":[],"product_cat":[138,146],"product_tag":[67],"class_list":{"0":"post-3396","1":"product","2":"type-product","3":"status-publish","4":"has-post-thumbnail","6":"product_cat-a-partir-du-cm1","7":"product_cat-nouveautes","8":"product_tag-conceptualiser-les-fractions","10":"first","11":"instock","12":"downloadable","13":"virtual","14":"purchasable","15":"product-type-simple"},"yoast_head":"<!-- This site is optimized with the Yoast SEO plugin v27.1.1 - https:\/\/yoast.com\/product\/yoast-seo-wordpress\/ -->\n<title>Lynx des fractions - Lire \u00e9crire compter<\/title>\n<meta name=\"robots\" content=\"index, follow, max-snippet:-1, max-image-preview:large, max-video-preview:-1\" \/>\n<link rel=\"canonical\" href=\"https:\/\/lire-ecrire-compter.com\/?product=lynx-des-fractions\" \/>\n<meta property=\"og:locale\" content=\"fr_FR\" \/>\n<meta property=\"og:type\" content=\"article\" \/>\n<meta property=\"og:title\" content=\"Lynx des fractions - Lire \u00e9crire compter\" \/>\n<meta property=\"og:description\" content=\"BUT DU JEU : Il s&rsquo;agit de trouver, sur un plateau de forme octogonale, une repr\u00e9sentation possible pour une fraction donn\u00e9e. Le joueur qui signale en premier une repr\u00e9sentation correcte de la fraction, sur le plateau, gagne la carte correspondante.Il s&rsquo;agit ainsi de r\u00e9unir le...\" \/>\n<meta property=\"og:url\" content=\"https:\/\/lire-ecrire-compter.com\/?product=lynx-des-fractions\" \/>\n<meta property=\"og:site_name\" content=\"Lire \u00e9crire compter\" \/>\n<meta property=\"article:modified_time\" content=\"2026-04-26T21:04:03+00:00\" \/>\n<meta property=\"og:image\" content=\"https:\/\/lire-ecrire-compter.com\/wp-content\/uploads\/2022\/03\/img_7748-e1646398756437.jpg\" \/>\n\t<meta property=\"og:image:width\" content=\"1200\" \/>\n\t<meta property=\"og:image:height\" content=\"1200\" \/>\n\t<meta property=\"og:image:type\" content=\"image\/jpeg\" \/>\n<meta name=\"twitter:card\" content=\"summary_large_image\" \/>\n<meta name=\"twitter:label1\" content=\"Dur\u00e9e de lecture estim\u00e9e\" \/>\n\t<meta name=\"twitter:data1\" content=\"1 minute\" \/>\n<script type=\"application\/ld+json\" class=\"yoast-schema-graph\">{\"@context\":\"https:\/\/schema.org\",\"@graph\":[{\"@type\":\"WebPage\",\"@id\":\"https:\/\/lire-ecrire-compter.com\/?product=lynx-des-fractions\",\"url\":\"https:\/\/lire-ecrire-compter.com\/?product=lynx-des-fractions\",\"name\":\"Lynx des fractions - Lire \u00e9crire compter\",\"isPartOf\":{\"@id\":\"https:\/\/lire-ecrire-compter.com\/#website\"},\"primaryImageOfPage\":{\"@id\":\"https:\/\/lire-ecrire-compter.com\/?product=lynx-des-fractions#primaryimage\"},\"image\":{\"@id\":\"https:\/\/lire-ecrire-compter.com\/?product=lynx-des-fractions#primaryimage\"},\"thumbnailUrl\":\"https:\/\/lire-ecrire-compter.com\/wp-content\/uploads\/2022\/03\/img_7748-e1646398756437.jpg\",\"datePublished\":\"2022-03-04T13:13:51+00:00\",\"dateModified\":\"2026-04-26T21:04:03+00:00\",\"breadcrumb\":{\"@id\":\"https:\/\/lire-ecrire-compter.com\/?product=lynx-des-fractions#breadcrumb\"},\"inLanguage\":\"fr-FR\",\"potentialAction\":[{\"@type\":\"ReadAction\",\"target\":[\"https:\/\/lire-ecrire-compter.com\/?product=lynx-des-fractions\"]}]},{\"@type\":\"ImageObject\",\"inLanguage\":\"fr-FR\",\"@id\":\"https:\/\/lire-ecrire-compter.com\/?product=lynx-des-fractions#primaryimage\",\"url\":\"https:\/\/lire-ecrire-compter.com\/wp-content\/uploads\/2022\/03\/img_7748-e1646398756437.jpg\",\"contentUrl\":\"https:\/\/lire-ecrire-compter.com\/wp-content\/uploads\/2022\/03\/img_7748-e1646398756437.jpg\",\"width\":1200,\"height\":1200},{\"@type\":\"BreadcrumbList\",\"@id\":\"https:\/\/lire-ecrire-compter.com\/?product=lynx-des-fractions#breadcrumb\",\"itemListElement\":[{\"@type\":\"ListItem\",\"position\":1,\"name\":\"Accueil\",\"item\":\"https:\/\/lire-ecrire-compter.com\/\"},{\"@type\":\"ListItem\",\"position\":2,\"name\":\"La bo\u00eete \u00e0 jeux\",\"item\":\"https:\/\/lire-ecrire-compter.com\/?page_id=747\"},{\"@type\":\"ListItem\",\"position\":3,\"name\":\"Lynx des fractions\"}]},{\"@type\":\"WebSite\",\"@id\":\"https:\/\/lire-ecrire-compter.com\/#website\",\"url\":\"https:\/\/lire-ecrire-compter.com\/\",\"name\":\"Lire \u00e9crire compter\",\"description\":\"Jouer pour apprendre\",\"potentialAction\":[{\"@type\":\"SearchAction\",\"target\":{\"@type\":\"EntryPoint\",\"urlTemplate\":\"https:\/\/lire-ecrire-compter.com\/?s={search_term_string}\"},\"query-input\":{\"@type\":\"PropertyValueSpecification\",\"valueRequired\":true,\"valueName\":\"search_term_string\"}}],\"inLanguage\":\"fr-FR\"}]}<\/script>\n<!-- \/ Yoast SEO plugin. -->","yoast_head_json":{"title":"Lynx des fractions - Lire \u00e9crire compter","robots":{"index":"index","follow":"follow","max-snippet":"max-snippet:-1","max-image-preview":"max-image-preview:large","max-video-preview":"max-video-preview:-1"},"canonical":"https:\/\/lire-ecrire-compter.com\/?product=lynx-des-fractions","og_locale":"fr_FR","og_type":"article","og_title":"Lynx des fractions - Lire \u00e9crire compter","og_description":"BUT DU JEU : Il s&rsquo;agit de trouver, sur un plateau de forme octogonale, une repr\u00e9sentation possible pour une fraction donn\u00e9e. Le joueur qui signale en premier une repr\u00e9sentation correcte de la fraction, sur le plateau, gagne la carte correspondante.Il s&rsquo;agit ainsi de r\u00e9unir le...","og_url":"https:\/\/lire-ecrire-compter.com\/?product=lynx-des-fractions","og_site_name":"Lire \u00e9crire compter","article_modified_time":"2026-04-26T21:04:03+00:00","og_image":[{"width":1200,"height":1200,"url":"https:\/\/lire-ecrire-compter.com\/wp-content\/uploads\/2022\/03\/img_7748-e1646398756437.jpg","type":"image\/jpeg"}],"twitter_card":"summary_large_image","twitter_misc":{"Dur\u00e9e de lecture estim\u00e9e":"1 minute"},"schema":{"@context":"https:\/\/schema.org","@graph":[{"@type":"WebPage","@id":"https:\/\/lire-ecrire-compter.com\/?product=lynx-des-fractions","url":"https:\/\/lire-ecrire-compter.com\/?product=lynx-des-fractions","name":"Lynx des fractions - Lire \u00e9crire compter","isPartOf":{"@id":"https:\/\/lire-ecrire-compter.com\/#website"},"primaryImageOfPage":{"@id":"https:\/\/lire-ecrire-compter.com\/?product=lynx-des-fractions#primaryimage"},"image":{"@id":"https:\/\/lire-ecrire-compter.com\/?product=lynx-des-fractions#primaryimage"},"thumbnailUrl":"https:\/\/lire-ecrire-compter.com\/wp-content\/uploads\/2022\/03\/img_7748-e1646398756437.jpg","datePublished":"2022-03-04T13:13:51+00:00","dateModified":"2026-04-26T21:04:03+00:00","breadcrumb":{"@id":"https:\/\/lire-ecrire-compter.com\/?product=lynx-des-fractions#breadcrumb"},"inLanguage":"fr-FR","potentialAction":[{"@type":"ReadAction","target":["https:\/\/lire-ecrire-compter.com\/?product=lynx-des-fractions"]}]},{"@type":"ImageObject","inLanguage":"fr-FR","@id":"https:\/\/lire-ecrire-compter.com\/?product=lynx-des-fractions#primaryimage","url":"https:\/\/lire-ecrire-compter.com\/wp-content\/uploads\/2022\/03\/img_7748-e1646398756437.jpg","contentUrl":"https:\/\/lire-ecrire-compter.com\/wp-content\/uploads\/2022\/03\/img_7748-e1646398756437.jpg","width":1200,"height":1200},{"@type":"BreadcrumbList","@id":"https:\/\/lire-ecrire-compter.com\/?product=lynx-des-fractions#breadcrumb","itemListElement":[{"@type":"ListItem","position":1,"name":"Accueil","item":"https:\/\/lire-ecrire-compter.com\/"},{"@type":"ListItem","position":2,"name":"La bo\u00eete \u00e0 jeux","item":"https:\/\/lire-ecrire-compter.com\/?page_id=747"},{"@type":"ListItem","position":3,"name":"Lynx des fractions"}]},{"@type":"WebSite","@id":"https:\/\/lire-ecrire-compter.com\/#website","url":"https:\/\/lire-ecrire-compter.com\/","name":"Lire \u00e9crire compter","description":"Jouer pour apprendre","potentialAction":[{"@type":"SearchAction","target":{"@type":"EntryPoint","urlTemplate":"https:\/\/lire-ecrire-compter.com\/?s={search_term_string}"},"query-input":{"@type":"PropertyValueSpecification","valueRequired":true,"valueName":"search_term_string"}}],"inLanguage":"fr-FR"}]}},"_links":{"self":[{"href":"https:\/\/lire-ecrire-compter.com\/index.php?rest_route=\/wp\/v2\/product\/3396","targetHints":{"allow":["GET"]}}],"collection":[{"href":"https:\/\/lire-ecrire-compter.com\/index.php?rest_route=\/wp\/v2\/product"}],"about":[{"href":"https:\/\/lire-ecrire-compter.com\/index.php?rest_route=\/wp\/v2\/types\/product"}],"replies":[{"embeddable":true,"href":"https:\/\/lire-ecrire-compter.com\/index.php?rest_route=%2Fwp%2Fv2%2Fcomments&post=3396"}],"wp:featuredmedia":[{"embeddable":true,"href":"https:\/\/lire-ecrire-compter.com\/index.php?rest_route=\/wp\/v2\/media\/3394"}],"wp:attachment":[{"href":"https:\/\/lire-ecrire-compter.com\/index.php?rest_route=%2Fwp%2Fv2%2Fmedia&parent=3396"}],"wp:term":[{"taxonomy":"product_brand","embeddable":true,"href":"https:\/\/lire-ecrire-compter.com\/index.php?rest_route=%2Fwp%2Fv2%2Fproduct_brand&post=3396"},{"taxonomy":"product_cat","embeddable":true,"href":"https:\/\/lire-ecrire-compter.com\/index.php?rest_route=%2Fwp%2Fv2%2Fproduct_cat&post=3396"},{"taxonomy":"product_tag","embeddable":true,"href":"https:\/\/lire-ecrire-compter.com\/index.php?rest_route=%2Fwp%2Fv2%2Fproduct_tag&post=3396"}],"curies":[{"name":"wp","href":"https:\/\/api.w.org\/{rel}","templated":true}]}}