{"id":3334,"date":"2021-12-12T13:32:07","date_gmt":"2021-12-12T12:32:07","guid":{"rendered":"https:\/\/lire-ecrire-compter.com\/?post_type=product&#038;p=3334"},"modified":"2026-04-26T23:03:32","modified_gmt":"2026-04-26T21:03:32","slug":"lynx-des-classes-grammaticales","status":"publish","type":"product","link":"https:\/\/lire-ecrire-compter.com\/?product=lynx-des-classes-grammaticales","title":{"rendered":"Lynx des classes grammaticales"},"content":{"rendered":"<p><span style=\"color: #92d001;\"><strong>BUT DU JEU :<\/strong><\/span><br \/>\n<span style=\"color: #92d001;\">\u00catre le premier \u00e0 trouver, sur un plateau de forme octogonale un mot donn\u00e9 et r\u00e9unir ainsi le plus grand nombre de cartes. Les mots sont class\u00e9s selon leur cat\u00e9gorie grammaticale\u00a0: noms, adjectifs, verbes, pronoms, d\u00e9terminants, conjonctions, adverbes et pr\u00e9positions.<\/span><br \/>\n<span style=\"color: #92d001;\">Conna\u00eetre la nature d\u2019un mot aidera donc \u00e0 gagner en rapidit\u00e9 pour le retrouver sur le plateau.<\/span><\/p>\n<p><span style=\"color: #ff5b72;\"><strong>COMPOSITION :<\/strong><\/span><br \/>\n<span style=\"color: #ff5b72;\">Il est compos\u00e9 de <strong>80<\/strong><strong> cartes, d&rsquo;un plateau de jeu <\/strong>de forme octogonale et de<strong> 6 jetons<\/strong>.<\/span><\/p>\n<p><span style=\"color: #46acbf;\"><strong>OBJECTIFS :<\/strong><\/span><br \/>\n<span style=\"color: #46acbf;\">Ce jeu permet<strong> d&rsquo;am\u00e9liorer la connaissance des cat\u00e9gories grammaticales des mots<\/strong>. Le <strong>balayage visuel<\/strong> est aussi tr\u00e8s sollicit\u00e9.<\/span><\/p>\n<p>&nbsp;<\/p>\n","protected":false},"excerpt":{"rendered":"<p>BUT DU JEU : \u00catre le premier \u00e0 trouver, sur un plateau de forme octogonale un mot donn\u00e9 et r\u00e9unir ainsi le plus grand nombre de cartes. Les mots sont class\u00e9s selon leur cat\u00e9gorie grammaticale\u00a0: noms, adjectifs, verbes, pronoms, d\u00e9terminants, conjonctions, adverbes et pr\u00e9positions. Conna\u00eetre&#8230;<\/p>\n","protected":false},"featured_media":3338,"comment_status":"open","ping_status":"closed","template":"","meta":{"give_campaign_id":0,"om_disable_all_campaigns":false,"_monsterinsights_skip_tracking":false,"_monsterinsights_sitenote_active":false,"_monsterinsights_sitenote_note":"","_monsterinsights_sitenote_category":0,"_uf_show_specific_survey":0,"_uf_disable_surveys":false},"product_brand":[],"product_cat":[151,152,147,98,146],"product_tag":[130,150,137],"class_list":{"0":"post-3334","1":"product","2":"type-product","3":"status-publish","4":"has-post-thumbnail","6":"product_cat-ce2","7":"product_cat-cm1-cm2","8":"product_cat-jeux","9":"product_cat-jeux-autour-de-la-lecture","10":"product_cat-nouveautes","11":"product_tag-categoriser","12":"product_tag-grammaire","13":"product_tag-travailler-le-balayage-visuel","15":"first","16":"instock","17":"downloadable","18":"virtual","19":"product-type-simple"},"yoast_head":"<!-- This site is optimized with the Yoast SEO plugin v27.1.1 - https:\/\/yoast.com\/product\/yoast-seo-wordpress\/ -->\n<title>Lynx des classes grammaticales - Lire \u00e9crire compter<\/title>\n<meta name=\"description\" content=\"Dans ce jeu, il s&#039;agit de retrouver rapidement un mot identique \u00e0 un mot donn\u00e9 en prenant appui sur sa classe grammaticale.\" \/>\n<meta name=\"robots\" content=\"index, follow, max-snippet:-1, max-image-preview:large, max-video-preview:-1\" \/>\n<link rel=\"canonical\" href=\"https:\/\/lire-ecrire-compter.com\/?product=lynx-des-classes-grammaticales\" \/>\n<meta property=\"og:locale\" content=\"fr_FR\" \/>\n<meta property=\"og:type\" content=\"article\" \/>\n<meta property=\"og:title\" content=\"Lynx des classes grammaticales - Lire \u00e9crire compter\" \/>\n<meta property=\"og:description\" content=\"Dans ce jeu, il s&#039;agit de retrouver rapidement un mot identique \u00e0 un mot donn\u00e9 en prenant appui sur sa classe grammaticale.\" \/>\n<meta property=\"og:url\" content=\"https:\/\/lire-ecrire-compter.com\/?product=lynx-des-classes-grammaticales\" \/>\n<meta property=\"og:site_name\" content=\"Lire \u00e9crire compter\" \/>\n<meta property=\"article:modified_time\" content=\"2026-04-26T21:03:32+00:00\" \/>\n<meta property=\"og:image\" content=\"https:\/\/lire-ecrire-compter.com\/wp-content\/uploads\/2021\/12\/jeu-lynx_classes-grammaticales-scaled-e1639312120770.jpg\" \/>\n\t<meta property=\"og:image:width\" content=\"1200\" \/>\n\t<meta property=\"og:image:height\" content=\"1200\" \/>\n\t<meta property=\"og:image:type\" content=\"image\/jpeg\" \/>\n<meta name=\"twitter:card\" content=\"summary_large_image\" \/>\n<meta name=\"twitter:label1\" content=\"Dur\u00e9e de lecture estim\u00e9e\" \/>\n\t<meta name=\"twitter:data1\" content=\"1 minute\" \/>\n<script type=\"application\/ld+json\" class=\"yoast-schema-graph\">{\"@context\":\"https:\/\/schema.org\",\"@graph\":[{\"@type\":\"WebPage\",\"@id\":\"https:\/\/lire-ecrire-compter.com\/?product=lynx-des-classes-grammaticales\",\"url\":\"https:\/\/lire-ecrire-compter.com\/?product=lynx-des-classes-grammaticales\",\"name\":\"Lynx des classes grammaticales - Lire \u00e9crire compter\",\"isPartOf\":{\"@id\":\"https:\/\/lire-ecrire-compter.com\/#website\"},\"primaryImageOfPage\":{\"@id\":\"https:\/\/lire-ecrire-compter.com\/?product=lynx-des-classes-grammaticales#primaryimage\"},\"image\":{\"@id\":\"https:\/\/lire-ecrire-compter.com\/?product=lynx-des-classes-grammaticales#primaryimage\"},\"thumbnailUrl\":\"https:\/\/lire-ecrire-compter.com\/wp-content\/uploads\/2021\/12\/jeu-lynx_classes-grammaticales-scaled-e1639312120770.jpg\",\"datePublished\":\"2021-12-12T12:32:07+00:00\",\"dateModified\":\"2026-04-26T21:03:32+00:00\",\"description\":\"Dans ce jeu, il s'agit de retrouver rapidement un mot identique \u00e0 un mot donn\u00e9 en prenant appui sur sa classe grammaticale.\",\"breadcrumb\":{\"@id\":\"https:\/\/lire-ecrire-compter.com\/?product=lynx-des-classes-grammaticales#breadcrumb\"},\"inLanguage\":\"fr-FR\",\"potentialAction\":[{\"@type\":\"ReadAction\",\"target\":[\"https:\/\/lire-ecrire-compter.com\/?product=lynx-des-classes-grammaticales\"]}]},{\"@type\":\"ImageObject\",\"inLanguage\":\"fr-FR\",\"@id\":\"https:\/\/lire-ecrire-compter.com\/?product=lynx-des-classes-grammaticales#primaryimage\",\"url\":\"https:\/\/lire-ecrire-compter.com\/wp-content\/uploads\/2021\/12\/jeu-lynx_classes-grammaticales-scaled-e1639312120770.jpg\",\"contentUrl\":\"https:\/\/lire-ecrire-compter.com\/wp-content\/uploads\/2021\/12\/jeu-lynx_classes-grammaticales-scaled-e1639312120770.jpg\",\"width\":1200,\"height\":1200},{\"@type\":\"BreadcrumbList\",\"@id\":\"https:\/\/lire-ecrire-compter.com\/?product=lynx-des-classes-grammaticales#breadcrumb\",\"itemListElement\":[{\"@type\":\"ListItem\",\"position\":1,\"name\":\"Accueil\",\"item\":\"https:\/\/lire-ecrire-compter.com\/\"},{\"@type\":\"ListItem\",\"position\":2,\"name\":\"La bo\u00eete \u00e0 jeux\",\"item\":\"https:\/\/lire-ecrire-compter.com\/?page_id=747\"},{\"@type\":\"ListItem\",\"position\":3,\"name\":\"Lynx des classes grammaticales\"}]},{\"@type\":\"WebSite\",\"@id\":\"https:\/\/lire-ecrire-compter.com\/#website\",\"url\":\"https:\/\/lire-ecrire-compter.com\/\",\"name\":\"Lire \u00e9crire compter\",\"description\":\"Jouer pour apprendre\",\"potentialAction\":[{\"@type\":\"SearchAction\",\"target\":{\"@type\":\"EntryPoint\",\"urlTemplate\":\"https:\/\/lire-ecrire-compter.com\/?s={search_term_string}\"},\"query-input\":{\"@type\":\"PropertyValueSpecification\",\"valueRequired\":true,\"valueName\":\"search_term_string\"}}],\"inLanguage\":\"fr-FR\"}]}<\/script>\n<!-- \/ Yoast SEO plugin. -->","yoast_head_json":{"title":"Lynx des classes grammaticales - Lire \u00e9crire compter","description":"Dans ce jeu, il s'agit de retrouver rapidement un mot identique \u00e0 un mot donn\u00e9 en prenant appui sur sa classe grammaticale.","robots":{"index":"index","follow":"follow","max-snippet":"max-snippet:-1","max-image-preview":"max-image-preview:large","max-video-preview":"max-video-preview:-1"},"canonical":"https:\/\/lire-ecrire-compter.com\/?product=lynx-des-classes-grammaticales","og_locale":"fr_FR","og_type":"article","og_title":"Lynx des classes grammaticales - Lire \u00e9crire compter","og_description":"Dans ce jeu, il s'agit de retrouver rapidement un mot identique \u00e0 un mot donn\u00e9 en prenant appui sur sa classe grammaticale.","og_url":"https:\/\/lire-ecrire-compter.com\/?product=lynx-des-classes-grammaticales","og_site_name":"Lire \u00e9crire compter","article_modified_time":"2026-04-26T21:03:32+00:00","og_image":[{"width":1200,"height":1200,"url":"https:\/\/lire-ecrire-compter.com\/wp-content\/uploads\/2021\/12\/jeu-lynx_classes-grammaticales-scaled-e1639312120770.jpg","type":"image\/jpeg"}],"twitter_card":"summary_large_image","twitter_misc":{"Dur\u00e9e de lecture estim\u00e9e":"1 minute"},"schema":{"@context":"https:\/\/schema.org","@graph":[{"@type":"WebPage","@id":"https:\/\/lire-ecrire-compter.com\/?product=lynx-des-classes-grammaticales","url":"https:\/\/lire-ecrire-compter.com\/?product=lynx-des-classes-grammaticales","name":"Lynx des classes grammaticales - Lire \u00e9crire compter","isPartOf":{"@id":"https:\/\/lire-ecrire-compter.com\/#website"},"primaryImageOfPage":{"@id":"https:\/\/lire-ecrire-compter.com\/?product=lynx-des-classes-grammaticales#primaryimage"},"image":{"@id":"https:\/\/lire-ecrire-compter.com\/?product=lynx-des-classes-grammaticales#primaryimage"},"thumbnailUrl":"https:\/\/lire-ecrire-compter.com\/wp-content\/uploads\/2021\/12\/jeu-lynx_classes-grammaticales-scaled-e1639312120770.jpg","datePublished":"2021-12-12T12:32:07+00:00","dateModified":"2026-04-26T21:03:32+00:00","description":"Dans ce jeu, il s'agit de retrouver rapidement un mot identique \u00e0 un mot donn\u00e9 en prenant appui sur sa classe grammaticale.","breadcrumb":{"@id":"https:\/\/lire-ecrire-compter.com\/?product=lynx-des-classes-grammaticales#breadcrumb"},"inLanguage":"fr-FR","potentialAction":[{"@type":"ReadAction","target":["https:\/\/lire-ecrire-compter.com\/?product=lynx-des-classes-grammaticales"]}]},{"@type":"ImageObject","inLanguage":"fr-FR","@id":"https:\/\/lire-ecrire-compter.com\/?product=lynx-des-classes-grammaticales#primaryimage","url":"https:\/\/lire-ecrire-compter.com\/wp-content\/uploads\/2021\/12\/jeu-lynx_classes-grammaticales-scaled-e1639312120770.jpg","contentUrl":"https:\/\/lire-ecrire-compter.com\/wp-content\/uploads\/2021\/12\/jeu-lynx_classes-grammaticales-scaled-e1639312120770.jpg","width":1200,"height":1200},{"@type":"BreadcrumbList","@id":"https:\/\/lire-ecrire-compter.com\/?product=lynx-des-classes-grammaticales#breadcrumb","itemListElement":[{"@type":"ListItem","position":1,"name":"Accueil","item":"https:\/\/lire-ecrire-compter.com\/"},{"@type":"ListItem","position":2,"name":"La bo\u00eete \u00e0 jeux","item":"https:\/\/lire-ecrire-compter.com\/?page_id=747"},{"@type":"ListItem","position":3,"name":"Lynx des classes grammaticales"}]},{"@type":"WebSite","@id":"https:\/\/lire-ecrire-compter.com\/#website","url":"https:\/\/lire-ecrire-compter.com\/","name":"Lire \u00e9crire compter","description":"Jouer pour apprendre","potentialAction":[{"@type":"SearchAction","target":{"@type":"EntryPoint","urlTemplate":"https:\/\/lire-ecrire-compter.com\/?s={search_term_string}"},"query-input":{"@type":"PropertyValueSpecification","valueRequired":true,"valueName":"search_term_string"}}],"inLanguage":"fr-FR"}]}},"_links":{"self":[{"href":"https:\/\/lire-ecrire-compter.com\/index.php?rest_route=\/wp\/v2\/product\/3334","targetHints":{"allow":["GET"]}}],"collection":[{"href":"https:\/\/lire-ecrire-compter.com\/index.php?rest_route=\/wp\/v2\/product"}],"about":[{"href":"https:\/\/lire-ecrire-compter.com\/index.php?rest_route=\/wp\/v2\/types\/product"}],"replies":[{"embeddable":true,"href":"https:\/\/lire-ecrire-compter.com\/index.php?rest_route=%2Fwp%2Fv2%2Fcomments&post=3334"}],"wp:featuredmedia":[{"embeddable":true,"href":"https:\/\/lire-ecrire-compter.com\/index.php?rest_route=\/wp\/v2\/media\/3338"}],"wp:attachment":[{"href":"https:\/\/lire-ecrire-compter.com\/index.php?rest_route=%2Fwp%2Fv2%2Fmedia&parent=3334"}],"wp:term":[{"taxonomy":"product_brand","embeddable":true,"href":"https:\/\/lire-ecrire-compter.com\/index.php?rest_route=%2Fwp%2Fv2%2Fproduct_brand&post=3334"},{"taxonomy":"product_cat","embeddable":true,"href":"https:\/\/lire-ecrire-compter.com\/index.php?rest_route=%2Fwp%2Fv2%2Fproduct_cat&post=3334"},{"taxonomy":"product_tag","embeddable":true,"href":"https:\/\/lire-ecrire-compter.com\/index.php?rest_route=%2Fwp%2Fv2%2Fproduct_tag&post=3334"}],"curies":[{"name":"wp","href":"https:\/\/api.w.org\/{rel}","templated":true}]}}