{"id":3310,"date":"2021-10-24T11:20:50","date_gmt":"2021-10-24T09:20:50","guid":{"rendered":"https:\/\/lire-ecrire-compter.com\/?post_type=product&#038;p=3310"},"modified":"2022-03-04T14:17:56","modified_gmt":"2022-03-04T13:17:56","slug":"jeu-des-capitales","status":"publish","type":"product","link":"https:\/\/lire-ecrire-compter.com\/?product=jeu-des-capitales","title":{"rendered":"Jeu des capitales"},"content":{"rendered":"<p><span style=\"color: #92d001;\"><strong>BUT DU JEU :<\/strong> <\/span><br \/>\n<span style=\"color: #92d001;\">Constituer 7 paires de cartes avec le nom d&rsquo;un pays et le nom de sa capitale.<\/span><\/p>\n<p><span style=\"color: #ff5b72;\"><strong>COMPOSITION :<\/strong><\/span><br \/>\n<span style=\"color: #ff5b72;\"><strong>Ce jeu de g\u00e9ographie est constitu\u00e9 de 2 s\u00e9ries de 40 cartes. La premi\u00e8re s\u00e9rie avec le nom de 40 pays et l&rsquo;autre avec le nom de leur capitale. Le drapeau du pays concern\u00e9 figure sur chaque carte afin de permettre une auto validation.<\/strong><\/span><\/p>\n<p><span style=\"color: #46acbf;\"><strong>OBJECTIFS :<\/strong> <\/span><br \/>\n<span style=\"color: #46acbf;\">Ce jeu incite \u00e0 <strong>associer\u00a0 le nom des capitales de quarante pays, <\/strong>dans le but de les <strong>m\u00e9moriser<\/strong>.<\/span><\/p>\n<p>&nbsp;<\/p>\n","protected":false},"excerpt":{"rendered":"<p>BUT DU JEU : Constituer 7 paires de cartes avec le nom d&rsquo;un pays et le nom de sa capitale. COMPOSITION : Ce jeu de g\u00e9ographie est constitu\u00e9 de 2 s\u00e9ries de 40 cartes. La premi\u00e8re s\u00e9rie avec le nom de 40 pays et l&rsquo;autre&#8230;<\/p>\n","protected":false},"featured_media":3309,"comment_status":"open","ping_status":"closed","template":"","meta":{"give_campaign_id":0,"om_disable_all_campaigns":false,"_monsterinsights_skip_tracking":false,"_monsterinsights_sitenote_active":false,"_monsterinsights_sitenote_note":"","_monsterinsights_sitenote_category":0,"_uf_show_specific_survey":0,"_uf_disable_surveys":false},"product_brand":[],"product_cat":[18],"product_tag":[],"class_list":{"0":"post-3310","1":"product","2":"type-product","3":"status-publish","4":"has-post-thumbnail","6":"product_cat-non-classe","8":"first","9":"instock","10":"downloadable","11":"virtual","12":"product-type-simple"},"yoast_head":"<!-- This site is optimized with the Yoast SEO plugin v27.1.1 - https:\/\/yoast.com\/product\/yoast-seo-wordpress\/ -->\n<title>Jeu des capitales - Lire \u00e9crire compter<\/title>\n<meta name=\"description\" content=\"Ce jeu de g\u00e9ographie est constitu\u00e9 de 2 s\u00e9ries de 40 cartes. La premi\u00e8re s\u00e9rie avec le nom de 40 pays et l&#039;autre avec le nom de leur capitale. Le drapeau du pays concern\u00e9 figure sur chaque carte afin de permettre une auto validation.\" \/>\n<meta name=\"robots\" content=\"index, follow, max-snippet:-1, max-image-preview:large, max-video-preview:-1\" \/>\n<link rel=\"canonical\" href=\"https:\/\/lire-ecrire-compter.com\/?product=jeu-des-capitales\" \/>\n<meta property=\"og:locale\" content=\"fr_FR\" \/>\n<meta property=\"og:type\" content=\"article\" \/>\n<meta property=\"og:title\" content=\"Jeu des capitales - Lire \u00e9crire compter\" \/>\n<meta property=\"og:description\" content=\"Ce jeu de g\u00e9ographie est constitu\u00e9 de 2 s\u00e9ries de 40 cartes. La premi\u00e8re s\u00e9rie avec le nom de 40 pays et l&#039;autre avec le nom de leur capitale. Le drapeau du pays concern\u00e9 figure sur chaque carte afin de permettre une auto validation.\" \/>\n<meta property=\"og:url\" content=\"https:\/\/lire-ecrire-compter.com\/?product=jeu-des-capitales\" \/>\n<meta property=\"og:site_name\" content=\"Lire \u00e9crire compter\" \/>\n<meta property=\"article:modified_time\" content=\"2022-03-04T13:17:56+00:00\" \/>\n<meta property=\"og:image\" content=\"https:\/\/lire-ecrire-compter.com\/wp-content\/uploads\/2021\/10\/img_6878-scaled-e1635012757717.jpg\" \/>\n\t<meta property=\"og:image:width\" content=\"1200\" \/>\n\t<meta property=\"og:image:height\" content=\"1200\" \/>\n\t<meta property=\"og:image:type\" content=\"image\/jpeg\" \/>\n<meta name=\"twitter:card\" content=\"summary_large_image\" \/>\n<script type=\"application\/ld+json\" class=\"yoast-schema-graph\">{\"@context\":\"https:\/\/schema.org\",\"@graph\":[{\"@type\":\"WebPage\",\"@id\":\"https:\/\/lire-ecrire-compter.com\/?product=jeu-des-capitales\",\"url\":\"https:\/\/lire-ecrire-compter.com\/?product=jeu-des-capitales\",\"name\":\"Jeu des capitales - Lire \u00e9crire compter\",\"isPartOf\":{\"@id\":\"https:\/\/lire-ecrire-compter.com\/#website\"},\"primaryImageOfPage\":{\"@id\":\"https:\/\/lire-ecrire-compter.com\/?product=jeu-des-capitales#primaryimage\"},\"image\":{\"@id\":\"https:\/\/lire-ecrire-compter.com\/?product=jeu-des-capitales#primaryimage\"},\"thumbnailUrl\":\"https:\/\/lire-ecrire-compter.com\/wp-content\/uploads\/2021\/10\/img_6878-scaled-e1635012757717.jpg\",\"datePublished\":\"2021-10-24T09:20:50+00:00\",\"dateModified\":\"2022-03-04T13:17:56+00:00\",\"description\":\"Ce jeu de g\u00e9ographie est constitu\u00e9 de 2 s\u00e9ries de 40 cartes. La premi\u00e8re s\u00e9rie avec le nom de 40 pays et l'autre avec le nom de leur capitale. Le drapeau du pays concern\u00e9 figure sur chaque carte afin de permettre une auto validation.\",\"breadcrumb\":{\"@id\":\"https:\/\/lire-ecrire-compter.com\/?product=jeu-des-capitales#breadcrumb\"},\"inLanguage\":\"fr-FR\",\"potentialAction\":[{\"@type\":\"ReadAction\",\"target\":[\"https:\/\/lire-ecrire-compter.com\/?product=jeu-des-capitales\"]}]},{\"@type\":\"ImageObject\",\"inLanguage\":\"fr-FR\",\"@id\":\"https:\/\/lire-ecrire-compter.com\/?product=jeu-des-capitales#primaryimage\",\"url\":\"https:\/\/lire-ecrire-compter.com\/wp-content\/uploads\/2021\/10\/img_6878-scaled-e1635012757717.jpg\",\"contentUrl\":\"https:\/\/lire-ecrire-compter.com\/wp-content\/uploads\/2021\/10\/img_6878-scaled-e1635012757717.jpg\",\"width\":1200,\"height\":1200},{\"@type\":\"BreadcrumbList\",\"@id\":\"https:\/\/lire-ecrire-compter.com\/?product=jeu-des-capitales#breadcrumb\",\"itemListElement\":[{\"@type\":\"ListItem\",\"position\":1,\"name\":\"Accueil\",\"item\":\"https:\/\/lire-ecrire-compter.com\/\"},{\"@type\":\"ListItem\",\"position\":2,\"name\":\"La bo\u00eete \u00e0 jeux\",\"item\":\"https:\/\/lire-ecrire-compter.com\/?page_id=747\"},{\"@type\":\"ListItem\",\"position\":3,\"name\":\"Jeu des capitales\"}]},{\"@type\":\"WebSite\",\"@id\":\"https:\/\/lire-ecrire-compter.com\/#website\",\"url\":\"https:\/\/lire-ecrire-compter.com\/\",\"name\":\"Lire \u00e9crire compter\",\"description\":\"Jouer pour apprendre\",\"potentialAction\":[{\"@type\":\"SearchAction\",\"target\":{\"@type\":\"EntryPoint\",\"urlTemplate\":\"https:\/\/lire-ecrire-compter.com\/?s={search_term_string}\"},\"query-input\":{\"@type\":\"PropertyValueSpecification\",\"valueRequired\":true,\"valueName\":\"search_term_string\"}}],\"inLanguage\":\"fr-FR\"}]}<\/script>\n<!-- \/ Yoast SEO plugin. -->","yoast_head_json":{"title":"Jeu des capitales - Lire \u00e9crire compter","description":"Ce jeu de g\u00e9ographie est constitu\u00e9 de 2 s\u00e9ries de 40 cartes. La premi\u00e8re s\u00e9rie avec le nom de 40 pays et l'autre avec le nom de leur capitale. Le drapeau du pays concern\u00e9 figure sur chaque carte afin de permettre une auto validation.","robots":{"index":"index","follow":"follow","max-snippet":"max-snippet:-1","max-image-preview":"max-image-preview:large","max-video-preview":"max-video-preview:-1"},"canonical":"https:\/\/lire-ecrire-compter.com\/?product=jeu-des-capitales","og_locale":"fr_FR","og_type":"article","og_title":"Jeu des capitales - Lire \u00e9crire compter","og_description":"Ce jeu de g\u00e9ographie est constitu\u00e9 de 2 s\u00e9ries de 40 cartes. La premi\u00e8re s\u00e9rie avec le nom de 40 pays et l'autre avec le nom de leur capitale. Le drapeau du pays concern\u00e9 figure sur chaque carte afin de permettre une auto validation.","og_url":"https:\/\/lire-ecrire-compter.com\/?product=jeu-des-capitales","og_site_name":"Lire \u00e9crire compter","article_modified_time":"2022-03-04T13:17:56+00:00","og_image":[{"width":1200,"height":1200,"url":"https:\/\/lire-ecrire-compter.com\/wp-content\/uploads\/2021\/10\/img_6878-scaled-e1635012757717.jpg","type":"image\/jpeg"}],"twitter_card":"summary_large_image","schema":{"@context":"https:\/\/schema.org","@graph":[{"@type":"WebPage","@id":"https:\/\/lire-ecrire-compter.com\/?product=jeu-des-capitales","url":"https:\/\/lire-ecrire-compter.com\/?product=jeu-des-capitales","name":"Jeu des capitales - Lire \u00e9crire compter","isPartOf":{"@id":"https:\/\/lire-ecrire-compter.com\/#website"},"primaryImageOfPage":{"@id":"https:\/\/lire-ecrire-compter.com\/?product=jeu-des-capitales#primaryimage"},"image":{"@id":"https:\/\/lire-ecrire-compter.com\/?product=jeu-des-capitales#primaryimage"},"thumbnailUrl":"https:\/\/lire-ecrire-compter.com\/wp-content\/uploads\/2021\/10\/img_6878-scaled-e1635012757717.jpg","datePublished":"2021-10-24T09:20:50+00:00","dateModified":"2022-03-04T13:17:56+00:00","description":"Ce jeu de g\u00e9ographie est constitu\u00e9 de 2 s\u00e9ries de 40 cartes. La premi\u00e8re s\u00e9rie avec le nom de 40 pays et l'autre avec le nom de leur capitale. Le drapeau du pays concern\u00e9 figure sur chaque carte afin de permettre une auto validation.","breadcrumb":{"@id":"https:\/\/lire-ecrire-compter.com\/?product=jeu-des-capitales#breadcrumb"},"inLanguage":"fr-FR","potentialAction":[{"@type":"ReadAction","target":["https:\/\/lire-ecrire-compter.com\/?product=jeu-des-capitales"]}]},{"@type":"ImageObject","inLanguage":"fr-FR","@id":"https:\/\/lire-ecrire-compter.com\/?product=jeu-des-capitales#primaryimage","url":"https:\/\/lire-ecrire-compter.com\/wp-content\/uploads\/2021\/10\/img_6878-scaled-e1635012757717.jpg","contentUrl":"https:\/\/lire-ecrire-compter.com\/wp-content\/uploads\/2021\/10\/img_6878-scaled-e1635012757717.jpg","width":1200,"height":1200},{"@type":"BreadcrumbList","@id":"https:\/\/lire-ecrire-compter.com\/?product=jeu-des-capitales#breadcrumb","itemListElement":[{"@type":"ListItem","position":1,"name":"Accueil","item":"https:\/\/lire-ecrire-compter.com\/"},{"@type":"ListItem","position":2,"name":"La bo\u00eete \u00e0 jeux","item":"https:\/\/lire-ecrire-compter.com\/?page_id=747"},{"@type":"ListItem","position":3,"name":"Jeu des capitales"}]},{"@type":"WebSite","@id":"https:\/\/lire-ecrire-compter.com\/#website","url":"https:\/\/lire-ecrire-compter.com\/","name":"Lire \u00e9crire compter","description":"Jouer pour apprendre","potentialAction":[{"@type":"SearchAction","target":{"@type":"EntryPoint","urlTemplate":"https:\/\/lire-ecrire-compter.com\/?s={search_term_string}"},"query-input":{"@type":"PropertyValueSpecification","valueRequired":true,"valueName":"search_term_string"}}],"inLanguage":"fr-FR"}]}},"_links":{"self":[{"href":"https:\/\/lire-ecrire-compter.com\/index.php?rest_route=\/wp\/v2\/product\/3310","targetHints":{"allow":["GET"]}}],"collection":[{"href":"https:\/\/lire-ecrire-compter.com\/index.php?rest_route=\/wp\/v2\/product"}],"about":[{"href":"https:\/\/lire-ecrire-compter.com\/index.php?rest_route=\/wp\/v2\/types\/product"}],"replies":[{"embeddable":true,"href":"https:\/\/lire-ecrire-compter.com\/index.php?rest_route=%2Fwp%2Fv2%2Fcomments&post=3310"}],"wp:featuredmedia":[{"embeddable":true,"href":"https:\/\/lire-ecrire-compter.com\/index.php?rest_route=\/wp\/v2\/media\/3309"}],"wp:attachment":[{"href":"https:\/\/lire-ecrire-compter.com\/index.php?rest_route=%2Fwp%2Fv2%2Fmedia&parent=3310"}],"wp:term":[{"taxonomy":"product_brand","embeddable":true,"href":"https:\/\/lire-ecrire-compter.com\/index.php?rest_route=%2Fwp%2Fv2%2Fproduct_brand&post=3310"},{"taxonomy":"product_cat","embeddable":true,"href":"https:\/\/lire-ecrire-compter.com\/index.php?rest_route=%2Fwp%2Fv2%2Fproduct_cat&post=3310"},{"taxonomy":"product_tag","embeddable":true,"href":"https:\/\/lire-ecrire-compter.com\/index.php?rest_route=%2Fwp%2Fv2%2Fproduct_tag&post=3310"}],"curies":[{"name":"wp","href":"https:\/\/api.w.org\/{rel}","templated":true}]}}