{"id":3231,"date":"2021-06-12T16:10:48","date_gmt":"2021-06-12T14:10:48","guid":{"rendered":"https:\/\/lire-ecrire-compter.com\/?post_type=product&#038;p=3231"},"modified":"2025-09-13T18:28:40","modified_gmt":"2025-09-13T16:28:40","slug":"de-toutes-les-couleurs","status":"publish","type":"product","link":"https:\/\/lire-ecrire-compter.com\/?product=de-toutes-les-couleurs","title":{"rendered":"De toutes les couleurs"},"content":{"rendered":"<p><span style=\"color: #92d001;\"><strong>BUT DU JEU<br \/>\n<\/strong>Il s&rsquo;agit de <strong>compl\u00e9ter par un digramme<\/strong> (on,ou, oi, ai, au, eu, an) <strong>des mots \u00e9crits<\/strong> <strong>sur des cartes<\/strong>. Les digrammes manquants sont \u00e0 r\u00e9cup\u00e9rer sur un plateau de jeu. Au d\u00e9but du jeu, chaque joueur poss\u00e8de 5 cartes. <strong>Le premier des joueurs qui compl\u00e8te 5 cartes a gagn\u00e9<\/strong>.<br \/>\n<\/span><\/p>\n<p><span style=\"color: #ff5b72;\"><strong>COMPOSITION<\/strong><\/span><br \/>\n<span style=\"color: #ff5b72;\"><strong>Ce jeu se compose <\/strong>de <strong>107 cartes, 107 jetons, 6 pions, 1 d\u00e9 et 1 plateau de jeu.<\/strong><\/span><\/p>\n<p><span style=\"color: #46acbf;\"><strong>OBJECTIFS<br \/>\n<\/strong>Ce jeu aide \u00e0<strong> discriminer des digrammes ressemblants<\/strong>. <strong>Chaque digramme est associ\u00e9 au nom d&rsquo;une couleur<\/strong> pour favoriser la m\u00e9morisation. Ce jeu permet \u00e9galement de<strong> travailler les d\u00e9placements sur une piste<\/strong> ainsi que la<strong> mise en place d&rsquo;une strat\u00e9gie<\/strong>.<br \/>\n<\/span><\/p>\n","protected":false},"excerpt":{"rendered":"<p>BUT DU JEU Il s&rsquo;agit de compl\u00e9ter par un digramme (on,ou, oi, ai, au, eu, an) des mots \u00e9crits sur des cartes. Les digrammes manquants sont \u00e0 r\u00e9cup\u00e9rer sur un plateau de jeu. Au d\u00e9but du jeu, chaque joueur poss\u00e8de 5 cartes. Le premier des&#8230;<\/p>\n","protected":false},"featured_media":3235,"comment_status":"open","ping_status":"closed","template":"","meta":{"give_campaign_id":0,"om_disable_all_campaigns":false,"_monsterinsights_skip_tracking":false,"_monsterinsights_sitenote_active":false,"_monsterinsights_sitenote_note":"","_monsterinsights_sitenote_category":0,"_uf_show_specific_survey":0,"_uf_disable_surveys":false},"product_brand":[],"product_cat":[106,98],"product_tag":[133,134,111,115],"class_list":{"0":"post-3231","1":"product","2":"type-product","3":"status-publish","4":"has-post-thumbnail","6":"product_cat-cp","7":"product_cat-jeux-autour-de-la-lecture","8":"product_tag-discriminer-les-lettres-visuellement-proches","9":"product_tag-discriminer-les-sons-proches","10":"product_tag-encoder-et-decoder-des-syllabes-ou-des-mots","11":"product_tag-identifier-les-differentes-syllabes-dun-mot","13":"first","14":"instock","15":"downloadable","16":"virtual","17":"purchasable","18":"product-type-simple"},"yoast_head":"<!-- This site is optimized with the Yoast SEO plugin v27.1.1 - https:\/\/yoast.com\/product\/yoast-seo-wordpress\/ -->\n<title>De toutes les couleurs - Lire \u00e9crire compter<\/title>\n<meta name=\"description\" content=\"Ce jeu aide \u00e0 discriminer des digrammes ressemblants. Chaque digramme est associ\u00e9 au nom d&#039;une couleur pour favoriser la m\u00e9morisation. Ce jeu permet \u00e9galement de travailler les d\u00e9placements sur une piste ainsi que la mise en place d&#039;une strat\u00e9gie.\" \/>\n<meta name=\"robots\" content=\"index, follow, max-snippet:-1, max-image-preview:large, max-video-preview:-1\" \/>\n<link rel=\"canonical\" href=\"https:\/\/lire-ecrire-compter.com\/?product=de-toutes-les-couleurs\" \/>\n<meta property=\"og:locale\" content=\"fr_FR\" \/>\n<meta property=\"og:type\" content=\"article\" \/>\n<meta property=\"og:title\" content=\"De toutes les couleurs - Lire \u00e9crire compter\" \/>\n<meta property=\"og:description\" content=\"Ce jeu aide \u00e0 discriminer des digrammes ressemblants. Chaque digramme est associ\u00e9 au nom d&#039;une couleur pour favoriser la m\u00e9morisation. Ce jeu permet \u00e9galement de travailler les d\u00e9placements sur une piste ainsi que la mise en place d&#039;une strat\u00e9gie.\" \/>\n<meta property=\"og:url\" content=\"https:\/\/lire-ecrire-compter.com\/?product=de-toutes-les-couleurs\" \/>\n<meta property=\"og:site_name\" content=\"Lire \u00e9crire compter\" \/>\n<meta property=\"article:modified_time\" content=\"2025-09-13T16:28:40+00:00\" \/>\n<meta property=\"og:image\" content=\"https:\/\/lire-ecrire-compter.com\/wp-content\/uploads\/2021\/06\/exemples-cartes-completees-scaled-e1623505454811.jpg\" \/>\n\t<meta property=\"og:image:width\" content=\"1200\" \/>\n\t<meta property=\"og:image:height\" content=\"1200\" \/>\n\t<meta property=\"og:image:type\" content=\"image\/jpeg\" \/>\n<meta name=\"twitter:card\" content=\"summary_large_image\" \/>\n<meta name=\"twitter:label1\" content=\"Dur\u00e9e de lecture estim\u00e9e\" \/>\n\t<meta name=\"twitter:data1\" content=\"1 minute\" \/>\n<script type=\"application\/ld+json\" class=\"yoast-schema-graph\">{\"@context\":\"https:\/\/schema.org\",\"@graph\":[{\"@type\":\"WebPage\",\"@id\":\"https:\/\/lire-ecrire-compter.com\/?product=de-toutes-les-couleurs\",\"url\":\"https:\/\/lire-ecrire-compter.com\/?product=de-toutes-les-couleurs\",\"name\":\"De toutes les couleurs - Lire \u00e9crire compter\",\"isPartOf\":{\"@id\":\"https:\/\/lire-ecrire-compter.com\/#website\"},\"primaryImageOfPage\":{\"@id\":\"https:\/\/lire-ecrire-compter.com\/?product=de-toutes-les-couleurs#primaryimage\"},\"image\":{\"@id\":\"https:\/\/lire-ecrire-compter.com\/?product=de-toutes-les-couleurs#primaryimage\"},\"thumbnailUrl\":\"https:\/\/lire-ecrire-compter.com\/wp-content\/uploads\/2021\/06\/exemples-cartes-completees-scaled-e1623505454811.jpg\",\"datePublished\":\"2021-06-12T14:10:48+00:00\",\"dateModified\":\"2025-09-13T16:28:40+00:00\",\"description\":\"Ce jeu aide \u00e0 discriminer des digrammes ressemblants. Chaque digramme est associ\u00e9 au nom d'une couleur pour favoriser la m\u00e9morisation. Ce jeu permet \u00e9galement de travailler les d\u00e9placements sur une piste ainsi que la mise en place d'une strat\u00e9gie.\",\"breadcrumb\":{\"@id\":\"https:\/\/lire-ecrire-compter.com\/?product=de-toutes-les-couleurs#breadcrumb\"},\"inLanguage\":\"fr-FR\",\"potentialAction\":[{\"@type\":\"ReadAction\",\"target\":[\"https:\/\/lire-ecrire-compter.com\/?product=de-toutes-les-couleurs\"]}]},{\"@type\":\"ImageObject\",\"inLanguage\":\"fr-FR\",\"@id\":\"https:\/\/lire-ecrire-compter.com\/?product=de-toutes-les-couleurs#primaryimage\",\"url\":\"https:\/\/lire-ecrire-compter.com\/wp-content\/uploads\/2021\/06\/exemples-cartes-completees-scaled-e1623505454811.jpg\",\"contentUrl\":\"https:\/\/lire-ecrire-compter.com\/wp-content\/uploads\/2021\/06\/exemples-cartes-completees-scaled-e1623505454811.jpg\",\"width\":1200,\"height\":1200},{\"@type\":\"BreadcrumbList\",\"@id\":\"https:\/\/lire-ecrire-compter.com\/?product=de-toutes-les-couleurs#breadcrumb\",\"itemListElement\":[{\"@type\":\"ListItem\",\"position\":1,\"name\":\"Accueil\",\"item\":\"https:\/\/lire-ecrire-compter.com\/\"},{\"@type\":\"ListItem\",\"position\":2,\"name\":\"La bo\u00eete \u00e0 jeux\",\"item\":\"https:\/\/lire-ecrire-compter.com\/?page_id=747\"},{\"@type\":\"ListItem\",\"position\":3,\"name\":\"De toutes les couleurs\"}]},{\"@type\":\"WebSite\",\"@id\":\"https:\/\/lire-ecrire-compter.com\/#website\",\"url\":\"https:\/\/lire-ecrire-compter.com\/\",\"name\":\"Lire \u00e9crire compter\",\"description\":\"Jouer pour apprendre\",\"potentialAction\":[{\"@type\":\"SearchAction\",\"target\":{\"@type\":\"EntryPoint\",\"urlTemplate\":\"https:\/\/lire-ecrire-compter.com\/?s={search_term_string}\"},\"query-input\":{\"@type\":\"PropertyValueSpecification\",\"valueRequired\":true,\"valueName\":\"search_term_string\"}}],\"inLanguage\":\"fr-FR\"}]}<\/script>\n<!-- \/ Yoast SEO plugin. -->","yoast_head_json":{"title":"De toutes les couleurs - Lire \u00e9crire compter","description":"Ce jeu aide \u00e0 discriminer des digrammes ressemblants. Chaque digramme est associ\u00e9 au nom d'une couleur pour favoriser la m\u00e9morisation. Ce jeu permet \u00e9galement de travailler les d\u00e9placements sur une piste ainsi que la mise en place d'une strat\u00e9gie.","robots":{"index":"index","follow":"follow","max-snippet":"max-snippet:-1","max-image-preview":"max-image-preview:large","max-video-preview":"max-video-preview:-1"},"canonical":"https:\/\/lire-ecrire-compter.com\/?product=de-toutes-les-couleurs","og_locale":"fr_FR","og_type":"article","og_title":"De toutes les couleurs - Lire \u00e9crire compter","og_description":"Ce jeu aide \u00e0 discriminer des digrammes ressemblants. Chaque digramme est associ\u00e9 au nom d'une couleur pour favoriser la m\u00e9morisation. Ce jeu permet \u00e9galement de travailler les d\u00e9placements sur une piste ainsi que la mise en place d'une strat\u00e9gie.","og_url":"https:\/\/lire-ecrire-compter.com\/?product=de-toutes-les-couleurs","og_site_name":"Lire \u00e9crire compter","article_modified_time":"2025-09-13T16:28:40+00:00","og_image":[{"width":1200,"height":1200,"url":"https:\/\/lire-ecrire-compter.com\/wp-content\/uploads\/2021\/06\/exemples-cartes-completees-scaled-e1623505454811.jpg","type":"image\/jpeg"}],"twitter_card":"summary_large_image","twitter_misc":{"Dur\u00e9e de lecture estim\u00e9e":"1 minute"},"schema":{"@context":"https:\/\/schema.org","@graph":[{"@type":"WebPage","@id":"https:\/\/lire-ecrire-compter.com\/?product=de-toutes-les-couleurs","url":"https:\/\/lire-ecrire-compter.com\/?product=de-toutes-les-couleurs","name":"De toutes les couleurs - Lire \u00e9crire compter","isPartOf":{"@id":"https:\/\/lire-ecrire-compter.com\/#website"},"primaryImageOfPage":{"@id":"https:\/\/lire-ecrire-compter.com\/?product=de-toutes-les-couleurs#primaryimage"},"image":{"@id":"https:\/\/lire-ecrire-compter.com\/?product=de-toutes-les-couleurs#primaryimage"},"thumbnailUrl":"https:\/\/lire-ecrire-compter.com\/wp-content\/uploads\/2021\/06\/exemples-cartes-completees-scaled-e1623505454811.jpg","datePublished":"2021-06-12T14:10:48+00:00","dateModified":"2025-09-13T16:28:40+00:00","description":"Ce jeu aide \u00e0 discriminer des digrammes ressemblants. Chaque digramme est associ\u00e9 au nom d'une couleur pour favoriser la m\u00e9morisation. Ce jeu permet \u00e9galement de travailler les d\u00e9placements sur une piste ainsi que la mise en place d'une strat\u00e9gie.","breadcrumb":{"@id":"https:\/\/lire-ecrire-compter.com\/?product=de-toutes-les-couleurs#breadcrumb"},"inLanguage":"fr-FR","potentialAction":[{"@type":"ReadAction","target":["https:\/\/lire-ecrire-compter.com\/?product=de-toutes-les-couleurs"]}]},{"@type":"ImageObject","inLanguage":"fr-FR","@id":"https:\/\/lire-ecrire-compter.com\/?product=de-toutes-les-couleurs#primaryimage","url":"https:\/\/lire-ecrire-compter.com\/wp-content\/uploads\/2021\/06\/exemples-cartes-completees-scaled-e1623505454811.jpg","contentUrl":"https:\/\/lire-ecrire-compter.com\/wp-content\/uploads\/2021\/06\/exemples-cartes-completees-scaled-e1623505454811.jpg","width":1200,"height":1200},{"@type":"BreadcrumbList","@id":"https:\/\/lire-ecrire-compter.com\/?product=de-toutes-les-couleurs#breadcrumb","itemListElement":[{"@type":"ListItem","position":1,"name":"Accueil","item":"https:\/\/lire-ecrire-compter.com\/"},{"@type":"ListItem","position":2,"name":"La bo\u00eete \u00e0 jeux","item":"https:\/\/lire-ecrire-compter.com\/?page_id=747"},{"@type":"ListItem","position":3,"name":"De toutes les couleurs"}]},{"@type":"WebSite","@id":"https:\/\/lire-ecrire-compter.com\/#website","url":"https:\/\/lire-ecrire-compter.com\/","name":"Lire \u00e9crire compter","description":"Jouer pour apprendre","potentialAction":[{"@type":"SearchAction","target":{"@type":"EntryPoint","urlTemplate":"https:\/\/lire-ecrire-compter.com\/?s={search_term_string}"},"query-input":{"@type":"PropertyValueSpecification","valueRequired":true,"valueName":"search_term_string"}}],"inLanguage":"fr-FR"}]}},"_links":{"self":[{"href":"https:\/\/lire-ecrire-compter.com\/index.php?rest_route=\/wp\/v2\/product\/3231","targetHints":{"allow":["GET"]}}],"collection":[{"href":"https:\/\/lire-ecrire-compter.com\/index.php?rest_route=\/wp\/v2\/product"}],"about":[{"href":"https:\/\/lire-ecrire-compter.com\/index.php?rest_route=\/wp\/v2\/types\/product"}],"replies":[{"embeddable":true,"href":"https:\/\/lire-ecrire-compter.com\/index.php?rest_route=%2Fwp%2Fv2%2Fcomments&post=3231"}],"wp:featuredmedia":[{"embeddable":true,"href":"https:\/\/lire-ecrire-compter.com\/index.php?rest_route=\/wp\/v2\/media\/3235"}],"wp:attachment":[{"href":"https:\/\/lire-ecrire-compter.com\/index.php?rest_route=%2Fwp%2Fv2%2Fmedia&parent=3231"}],"wp:term":[{"taxonomy":"product_brand","embeddable":true,"href":"https:\/\/lire-ecrire-compter.com\/index.php?rest_route=%2Fwp%2Fv2%2Fproduct_brand&post=3231"},{"taxonomy":"product_cat","embeddable":true,"href":"https:\/\/lire-ecrire-compter.com\/index.php?rest_route=%2Fwp%2Fv2%2Fproduct_cat&post=3231"},{"taxonomy":"product_tag","embeddable":true,"href":"https:\/\/lire-ecrire-compter.com\/index.php?rest_route=%2Fwp%2Fv2%2Fproduct_tag&post=3231"}],"curies":[{"name":"wp","href":"https:\/\/api.w.org\/{rel}","templated":true}]}}