{"id":3095,"date":"2020-12-17T20:35:21","date_gmt":"2020-12-17T19:35:21","guid":{"rendered":"https:\/\/lire-ecrire-compter.com\/?post_type=product&#038;p=3095"},"modified":"2022-12-09T16:19:41","modified_gmt":"2022-12-09T15:19:41","slug":"mistigris-des-syllabes-inverses","status":"publish","type":"product","link":"https:\/\/lire-ecrire-compter.com\/?product=mistigris-des-syllabes-inverses","title":{"rendered":"Mistigris des syllabes complexes"},"content":{"rendered":"<p><span style=\"color: #92d000;\"><strong>BUT DU JEU<br \/>\n<\/strong>Il faut <strong>former des paires<\/strong> de cartes bleues et vertes <strong>afin de se d\u00e9barrasser de toutes ses cartes<\/strong>. Sur chacune de ces 80 cartes figure une syllabe de trois lettres, mise en \u00e9vidence en bleu ou en vert.\u00a0 Deux cartes, de couleur diff\u00e9rente poss\u00e9dant une syllabe form\u00e9e avec les m\u00eames lettres, forment une paire. Le joueur peut alors s&rsquo;en d\u00e9fausser.\u00a0 Seule la carte Mistigris n&rsquo;est pas appareillable. Attention \u00e0 ne pas la garder en main !<\/span><\/p>\n<p><span style=\"color: #ff5b72;\"><strong>COMPOSITION<\/strong><\/span><br \/>\n<span style=\"color: #ff5b72;\"><strong>Ce jeu se compose <\/strong>de <strong>81 cartes: <\/strong><strong>40 paires <\/strong>et <strong>une carte<\/strong> <strong>Mistigris.<\/strong><\/span><\/p>\n<p><span style=\"color: #46acbf;\"><strong>OBJECTIFS<br \/>\n<\/strong>Ce jeu travaille <strong>la lecture des syllabes complexes<\/strong>. Il entra\u00eene l&rsquo;enfant \u00e0 <strong>rep\u00e9rer deux syllabes form\u00e9es avec les m\u00eames lettres <\/strong>mais dans\u00a0 une autre combinaison. Il sollicite ainsi <strong>l&rsquo;attention<\/strong>, la <strong>concentration<\/strong> et la <strong>discrimination visuelle<\/strong>.<\/span><\/p>\n","protected":false},"excerpt":{"rendered":"<p>BUT DU JEU Il faut former des paires de cartes bleues et vertes afin de se d\u00e9barrasser de toutes ses cartes. Sur chacune de ces 80 cartes figure une syllabe de trois lettres, mise en \u00e9vidence en bleu ou en vert.\u00a0 Deux cartes, de couleur&#8230;<\/p>\n","protected":false},"featured_media":3098,"comment_status":"open","ping_status":"closed","template":"","meta":{"give_campaign_id":0,"om_disable_all_campaigns":false,"_monsterinsights_skip_tracking":false,"_monsterinsights_sitenote_active":false,"_monsterinsights_sitenote_note":"","_monsterinsights_sitenote_category":0,"_uf_show_specific_survey":0,"_uf_disable_surveys":false},"product_brand":[],"product_cat":[116,106,147,98],"product_tag":[134,111,136],"class_list":{"0":"post-3095","1":"product","2":"type-product","3":"status-publish","4":"has-post-thumbnail","6":"product_cat-ce1","7":"product_cat-cp","8":"product_cat-jeux","9":"product_cat-jeux-autour-de-la-lecture","10":"product_tag-discriminer-les-sons-proches","11":"product_tag-encoder-et-decoder-des-syllabes-ou-des-mots","12":"product_tag-reperer-des-analogies","14":"first","15":"instock","16":"downloadable","17":"virtual","18":"purchasable","19":"product-type-simple"},"yoast_head":"<!-- This site is optimized with the Yoast SEO plugin v27.1.1 - https:\/\/yoast.com\/product\/yoast-seo-wordpress\/ -->\n<title>Mistigris des syllabes complexes - Lire \u00e9crire compter<\/title>\n<meta name=\"description\" content=\"Ce jeu travaille la lecture des syllabes complexes ressemblantes. Il entra\u00eene l&#039;enfant \u00e0 rep\u00e9rer deux syllabes form\u00e9es avec les m\u00eames lettres mais dans\u00a0 une autre combinaison. Il sollicite ainsi l&#039;attention, la concentration et la discrimination visuelle.\" \/>\n<meta name=\"robots\" content=\"index, follow, max-snippet:-1, max-image-preview:large, max-video-preview:-1\" \/>\n<link rel=\"canonical\" href=\"https:\/\/lire-ecrire-compter.com\/?product=mistigris-des-syllabes-inverses\" \/>\n<meta property=\"og:locale\" content=\"fr_FR\" \/>\n<meta property=\"og:type\" content=\"article\" \/>\n<meta property=\"og:title\" content=\"Mistigris des syllabes complexes - Lire \u00e9crire compter\" \/>\n<meta property=\"og:description\" content=\"Ce jeu travaille la lecture des syllabes complexes ressemblantes. Il entra\u00eene l&#039;enfant \u00e0 rep\u00e9rer deux syllabes form\u00e9es avec les m\u00eames lettres mais dans\u00a0 une autre combinaison. Il sollicite ainsi l&#039;attention, la concentration et la discrimination visuelle.\" \/>\n<meta property=\"og:url\" content=\"https:\/\/lire-ecrire-compter.com\/?product=mistigris-des-syllabes-inverses\" \/>\n<meta property=\"og:site_name\" content=\"Lire \u00e9crire compter\" \/>\n<meta property=\"article:modified_time\" content=\"2022-12-09T15:19:41+00:00\" \/>\n<meta property=\"og:image\" content=\"https:\/\/lire-ecrire-compter.com\/wp-content\/uploads\/2020\/12\/img_4711-e1608294951970.jpg\" \/>\n\t<meta property=\"og:image:width\" content=\"1200\" \/>\n\t<meta property=\"og:image:height\" content=\"1200\" \/>\n\t<meta property=\"og:image:type\" content=\"image\/jpeg\" \/>\n<meta name=\"twitter:card\" content=\"summary_large_image\" \/>\n<meta name=\"twitter:label1\" content=\"Dur\u00e9e de lecture estim\u00e9e\" \/>\n\t<meta name=\"twitter:data1\" content=\"1 minute\" \/>\n<script type=\"application\/ld+json\" class=\"yoast-schema-graph\">{\"@context\":\"https:\/\/schema.org\",\"@graph\":[{\"@type\":\"WebPage\",\"@id\":\"https:\/\/lire-ecrire-compter.com\/?product=mistigris-des-syllabes-inverses\",\"url\":\"https:\/\/lire-ecrire-compter.com\/?product=mistigris-des-syllabes-inverses\",\"name\":\"Mistigris des syllabes complexes - Lire \u00e9crire compter\",\"isPartOf\":{\"@id\":\"https:\/\/lire-ecrire-compter.com\/#website\"},\"primaryImageOfPage\":{\"@id\":\"https:\/\/lire-ecrire-compter.com\/?product=mistigris-des-syllabes-inverses#primaryimage\"},\"image\":{\"@id\":\"https:\/\/lire-ecrire-compter.com\/?product=mistigris-des-syllabes-inverses#primaryimage\"},\"thumbnailUrl\":\"https:\/\/lire-ecrire-compter.com\/wp-content\/uploads\/2020\/12\/img_4711-e1608294951970.jpg\",\"datePublished\":\"2020-12-17T19:35:21+00:00\",\"dateModified\":\"2022-12-09T15:19:41+00:00\",\"description\":\"Ce jeu travaille la lecture des syllabes complexes ressemblantes. Il entra\u00eene l'enfant \u00e0 rep\u00e9rer deux syllabes form\u00e9es avec les m\u00eames lettres mais dans\u00a0 une autre combinaison. Il sollicite ainsi l'attention, la concentration et la discrimination visuelle.\",\"breadcrumb\":{\"@id\":\"https:\/\/lire-ecrire-compter.com\/?product=mistigris-des-syllabes-inverses#breadcrumb\"},\"inLanguage\":\"fr-FR\",\"potentialAction\":[{\"@type\":\"ReadAction\",\"target\":[\"https:\/\/lire-ecrire-compter.com\/?product=mistigris-des-syllabes-inverses\"]}]},{\"@type\":\"ImageObject\",\"inLanguage\":\"fr-FR\",\"@id\":\"https:\/\/lire-ecrire-compter.com\/?product=mistigris-des-syllabes-inverses#primaryimage\",\"url\":\"https:\/\/lire-ecrire-compter.com\/wp-content\/uploads\/2020\/12\/img_4711-e1608294951970.jpg\",\"contentUrl\":\"https:\/\/lire-ecrire-compter.com\/wp-content\/uploads\/2020\/12\/img_4711-e1608294951970.jpg\",\"width\":1200,\"height\":1200},{\"@type\":\"BreadcrumbList\",\"@id\":\"https:\/\/lire-ecrire-compter.com\/?product=mistigris-des-syllabes-inverses#breadcrumb\",\"itemListElement\":[{\"@type\":\"ListItem\",\"position\":1,\"name\":\"Accueil\",\"item\":\"https:\/\/lire-ecrire-compter.com\/\"},{\"@type\":\"ListItem\",\"position\":2,\"name\":\"La bo\u00eete \u00e0 jeux\",\"item\":\"https:\/\/lire-ecrire-compter.com\/?page_id=747\"},{\"@type\":\"ListItem\",\"position\":3,\"name\":\"Mistigris des syllabes complexes\"}]},{\"@type\":\"WebSite\",\"@id\":\"https:\/\/lire-ecrire-compter.com\/#website\",\"url\":\"https:\/\/lire-ecrire-compter.com\/\",\"name\":\"Lire \u00e9crire compter\",\"description\":\"Jouer pour apprendre\",\"potentialAction\":[{\"@type\":\"SearchAction\",\"target\":{\"@type\":\"EntryPoint\",\"urlTemplate\":\"https:\/\/lire-ecrire-compter.com\/?s={search_term_string}\"},\"query-input\":{\"@type\":\"PropertyValueSpecification\",\"valueRequired\":true,\"valueName\":\"search_term_string\"}}],\"inLanguage\":\"fr-FR\"}]}<\/script>\n<!-- \/ Yoast SEO plugin. -->","yoast_head_json":{"title":"Mistigris des syllabes complexes - Lire \u00e9crire compter","description":"Ce jeu travaille la lecture des syllabes complexes ressemblantes. Il entra\u00eene l'enfant \u00e0 rep\u00e9rer deux syllabes form\u00e9es avec les m\u00eames lettres mais dans\u00a0 une autre combinaison. Il sollicite ainsi l'attention, la concentration et la discrimination visuelle.","robots":{"index":"index","follow":"follow","max-snippet":"max-snippet:-1","max-image-preview":"max-image-preview:large","max-video-preview":"max-video-preview:-1"},"canonical":"https:\/\/lire-ecrire-compter.com\/?product=mistigris-des-syllabes-inverses","og_locale":"fr_FR","og_type":"article","og_title":"Mistigris des syllabes complexes - Lire \u00e9crire compter","og_description":"Ce jeu travaille la lecture des syllabes complexes ressemblantes. Il entra\u00eene l'enfant \u00e0 rep\u00e9rer deux syllabes form\u00e9es avec les m\u00eames lettres mais dans\u00a0 une autre combinaison. Il sollicite ainsi l'attention, la concentration et la discrimination visuelle.","og_url":"https:\/\/lire-ecrire-compter.com\/?product=mistigris-des-syllabes-inverses","og_site_name":"Lire \u00e9crire compter","article_modified_time":"2022-12-09T15:19:41+00:00","og_image":[{"width":1200,"height":1200,"url":"https:\/\/lire-ecrire-compter.com\/wp-content\/uploads\/2020\/12\/img_4711-e1608294951970.jpg","type":"image\/jpeg"}],"twitter_card":"summary_large_image","twitter_misc":{"Dur\u00e9e de lecture estim\u00e9e":"1 minute"},"schema":{"@context":"https:\/\/schema.org","@graph":[{"@type":"WebPage","@id":"https:\/\/lire-ecrire-compter.com\/?product=mistigris-des-syllabes-inverses","url":"https:\/\/lire-ecrire-compter.com\/?product=mistigris-des-syllabes-inverses","name":"Mistigris des syllabes complexes - Lire \u00e9crire compter","isPartOf":{"@id":"https:\/\/lire-ecrire-compter.com\/#website"},"primaryImageOfPage":{"@id":"https:\/\/lire-ecrire-compter.com\/?product=mistigris-des-syllabes-inverses#primaryimage"},"image":{"@id":"https:\/\/lire-ecrire-compter.com\/?product=mistigris-des-syllabes-inverses#primaryimage"},"thumbnailUrl":"https:\/\/lire-ecrire-compter.com\/wp-content\/uploads\/2020\/12\/img_4711-e1608294951970.jpg","datePublished":"2020-12-17T19:35:21+00:00","dateModified":"2022-12-09T15:19:41+00:00","description":"Ce jeu travaille la lecture des syllabes complexes ressemblantes. Il entra\u00eene l'enfant \u00e0 rep\u00e9rer deux syllabes form\u00e9es avec les m\u00eames lettres mais dans\u00a0 une autre combinaison. Il sollicite ainsi l'attention, la concentration et la discrimination visuelle.","breadcrumb":{"@id":"https:\/\/lire-ecrire-compter.com\/?product=mistigris-des-syllabes-inverses#breadcrumb"},"inLanguage":"fr-FR","potentialAction":[{"@type":"ReadAction","target":["https:\/\/lire-ecrire-compter.com\/?product=mistigris-des-syllabes-inverses"]}]},{"@type":"ImageObject","inLanguage":"fr-FR","@id":"https:\/\/lire-ecrire-compter.com\/?product=mistigris-des-syllabes-inverses#primaryimage","url":"https:\/\/lire-ecrire-compter.com\/wp-content\/uploads\/2020\/12\/img_4711-e1608294951970.jpg","contentUrl":"https:\/\/lire-ecrire-compter.com\/wp-content\/uploads\/2020\/12\/img_4711-e1608294951970.jpg","width":1200,"height":1200},{"@type":"BreadcrumbList","@id":"https:\/\/lire-ecrire-compter.com\/?product=mistigris-des-syllabes-inverses#breadcrumb","itemListElement":[{"@type":"ListItem","position":1,"name":"Accueil","item":"https:\/\/lire-ecrire-compter.com\/"},{"@type":"ListItem","position":2,"name":"La bo\u00eete \u00e0 jeux","item":"https:\/\/lire-ecrire-compter.com\/?page_id=747"},{"@type":"ListItem","position":3,"name":"Mistigris des syllabes complexes"}]},{"@type":"WebSite","@id":"https:\/\/lire-ecrire-compter.com\/#website","url":"https:\/\/lire-ecrire-compter.com\/","name":"Lire \u00e9crire compter","description":"Jouer pour apprendre","potentialAction":[{"@type":"SearchAction","target":{"@type":"EntryPoint","urlTemplate":"https:\/\/lire-ecrire-compter.com\/?s={search_term_string}"},"query-input":{"@type":"PropertyValueSpecification","valueRequired":true,"valueName":"search_term_string"}}],"inLanguage":"fr-FR"}]}},"_links":{"self":[{"href":"https:\/\/lire-ecrire-compter.com\/index.php?rest_route=\/wp\/v2\/product\/3095","targetHints":{"allow":["GET"]}}],"collection":[{"href":"https:\/\/lire-ecrire-compter.com\/index.php?rest_route=\/wp\/v2\/product"}],"about":[{"href":"https:\/\/lire-ecrire-compter.com\/index.php?rest_route=\/wp\/v2\/types\/product"}],"replies":[{"embeddable":true,"href":"https:\/\/lire-ecrire-compter.com\/index.php?rest_route=%2Fwp%2Fv2%2Fcomments&post=3095"}],"wp:featuredmedia":[{"embeddable":true,"href":"https:\/\/lire-ecrire-compter.com\/index.php?rest_route=\/wp\/v2\/media\/3098"}],"wp:attachment":[{"href":"https:\/\/lire-ecrire-compter.com\/index.php?rest_route=%2Fwp%2Fv2%2Fmedia&parent=3095"}],"wp:term":[{"taxonomy":"product_brand","embeddable":true,"href":"https:\/\/lire-ecrire-compter.com\/index.php?rest_route=%2Fwp%2Fv2%2Fproduct_brand&post=3095"},{"taxonomy":"product_cat","embeddable":true,"href":"https:\/\/lire-ecrire-compter.com\/index.php?rest_route=%2Fwp%2Fv2%2Fproduct_cat&post=3095"},{"taxonomy":"product_tag","embeddable":true,"href":"https:\/\/lire-ecrire-compter.com\/index.php?rest_route=%2Fwp%2Fv2%2Fproduct_tag&post=3095"}],"curies":[{"name":"wp","href":"https:\/\/api.w.org\/{rel}","templated":true}]}}