{"id":3022,"date":"2020-08-22T14:11:55","date_gmt":"2020-08-22T12:11:55","guid":{"rendered":"https:\/\/lire-ecrire-compter.com\/?post_type=product&#038;p=3022"},"modified":"2025-06-26T23:34:04","modified_gmt":"2025-06-26T21:34:04","slug":"tous-au-present","status":"publish","type":"product","link":"https:\/\/lire-ecrire-compter.com\/?product=tous-au-present","title":{"rendered":"Tous au pr\u00e9sent"},"content":{"rendered":"<p><span style=\"color: #92d001;\"><strong>BUT DU JEU<br \/>\n<\/strong>\u00catre le premier \u00e0 pouvoir <strong>compl\u00e9ter 5 cartes \u00ab\u00a0verbe conjugu\u00e9\u00a0\u00bb avec les 5 pions \u00ab\u00a0sujet\u00a0\u00bb<\/strong>.<\/span><br \/>\n<span style=\"color: #92d001;\">Il s\u2019agira d\u2019<strong>associer un pronom sujet ou un groupe nominal \u00e0 un verbe conjugu\u00e9 au pr\u00e9sent<\/strong> (<strong>auxiliaires \u00eatre et avoir, verbes du premier groupe ainsi que les verbes faire, aller, dire, venir, pouvoir, voir et prendre<\/strong>). Puis de <strong>compl\u00e9ter ce groupe verbal avec un compl\u00e9ment essentiel ou non<\/strong>.<\/span><br \/>\n<span style=\"color: #92d001;\">Les pions \u00ab\u00a0sujet\u00a0\u00bb sont \u00e0 r\u00e9cup\u00e9rer sur un plateau, en se d\u00e9pla\u00e7ant selon les contraintes donn\u00e9es par le d\u00e9.<\/span><\/p>\n<p><span style=\"color: #ff5b72;\"><strong>COMPOSITION<\/strong><\/span><br \/>\n<span style=\"color: #ff5b72;\">Il se compose d&rsquo;<strong>un plateau quadrill\u00e9, <\/strong>de <strong>64 jetons \u00ab sujet \u00bb, <\/strong>de <strong>64 cartes \u00ab verbe conjugu\u00e9 \u00bb, <\/strong>de <strong>4 pions et <\/strong>d&rsquo;<strong>un d\u00e9.<br \/>\n<\/strong>Le d\u00e9 sert \u00e0 indiquer les d\u00e9placements impos\u00e9s pour s\u2019emparer d\u2019un jeton sujet. La fl\u00e8che rouge permet un d\u00e9placement horizontal, la fl\u00e8che bleue, un d\u00e9placement vertical. Les faces 4 et 6 imposent un d\u00e9placement de ce nombre de cases sans contraintes spatiales (hors diagonale).<\/span><\/p>\n<p><span style=\"color: #46acbf;\"><strong>OBJECTIFS<br \/>\nCe jeu aide \u00e0 travailler la conjugaison au pr\u00e9sent des verbes du premier groupe ainsi que des verbes faire, aller, dire, venir, pouvoir, voir, prendre et des auxiliaires \u00eatre et avoir<\/strong>. Il faudra, en effet,\u00a0 <strong>rep\u00e9rer des accords au sein du groupe verbal<\/strong> et <strong>produire \u00e0 l\u2019oral une phrase syntaxiquement correcte<\/strong> en employant un verbe conjugu\u00e9 au pr\u00e9sent, \u00e0 une personne donn\u00e9e.<\/span><\/p>\n","protected":false},"excerpt":{"rendered":"<p>BUT DU JEU \u00catre le premier \u00e0 pouvoir compl\u00e9ter 5 cartes \u00ab\u00a0verbe conjugu\u00e9\u00a0\u00bb avec les 5 pions \u00ab\u00a0sujet\u00a0\u00bb. Il s\u2019agira d\u2019associer un pronom sujet ou un groupe nominal \u00e0 un verbe conjugu\u00e9 au pr\u00e9sent (auxiliaires \u00eatre et avoir, verbes du premier groupe ainsi que les&#8230;<\/p>\n","protected":false},"featured_media":3018,"comment_status":"open","ping_status":"closed","template":"","meta":{"give_campaign_id":0,"om_disable_all_campaigns":false,"_monsterinsights_skip_tracking":false,"_monsterinsights_sitenote_active":false,"_monsterinsights_sitenote_note":"","_monsterinsights_sitenote_category":0,"_uf_show_specific_survey":0,"_uf_disable_surveys":false},"product_brand":[],"product_cat":[128,116,151,147,98],"product_tag":[139,132],"class_list":{"0":"post-3022","1":"product","2":"type-product","3":"status-publish","4":"has-post-thumbnail","6":"product_cat-a-partir-du-ce2","7":"product_cat-ce1","8":"product_cat-ce2","9":"product_cat-jeux","10":"product_cat-jeux-autour-de-la-lecture","11":"product_tag-travailler-lorthographe","12":"product_tag-travailler-la-conjugaison","14":"first","15":"instock","16":"downloadable","17":"virtual","18":"purchasable","19":"product-type-simple"},"yoast_head":"<!-- This site is optimized with the Yoast SEO plugin v27.1.1 - https:\/\/yoast.com\/product\/yoast-seo-wordpress\/ -->\n<title>Tous au pr\u00e9sent - Lire \u00e9crire compter<\/title>\n<meta name=\"description\" content=\"Dans ce jeu de conjugaison il faudra \u00eare le premier \u00e0 pouvoir compl\u00e9ter 5 cartes \u00ab\u00a0verbe conjugu\u00e9\u00a0\u00bb avec les 5 pions \u00ab\u00a0sujet\u00a0\u00bb. Il s\u2019agira d\u2019associer un pronom sujet ou un groupe nominal \u00e0 un verbe conjugu\u00e9 au pr\u00e9sent (auxiliaires \u00eatre et avoir, verbes du premier groupe ainsi que les verbes faire, aller, dire, venir, pouvoir, voir et prendre). Puis de compl\u00e9ter ce groupe verbal avec un compl\u00e9ment essentiel ou non.\" \/>\n<meta name=\"robots\" content=\"index, follow, max-snippet:-1, max-image-preview:large, max-video-preview:-1\" \/>\n<link rel=\"canonical\" href=\"https:\/\/lire-ecrire-compter.com\/?product=tous-au-present\" \/>\n<meta property=\"og:locale\" content=\"fr_FR\" \/>\n<meta property=\"og:type\" content=\"article\" \/>\n<meta property=\"og:title\" content=\"Tous au pr\u00e9sent - Lire \u00e9crire compter\" \/>\n<meta property=\"og:description\" content=\"Dans ce jeu de conjugaison il faudra \u00eare le premier \u00e0 pouvoir compl\u00e9ter 5 cartes \u00ab\u00a0verbe conjugu\u00e9\u00a0\u00bb avec les 5 pions \u00ab\u00a0sujet\u00a0\u00bb. Il s\u2019agira d\u2019associer un pronom sujet ou un groupe nominal \u00e0 un verbe conjugu\u00e9 au pr\u00e9sent (auxiliaires \u00eatre et avoir, verbes du premier groupe ainsi que les verbes faire, aller, dire, venir, pouvoir, voir et prendre). Puis de compl\u00e9ter ce groupe verbal avec un compl\u00e9ment essentiel ou non.\" \/>\n<meta property=\"og:url\" content=\"https:\/\/lire-ecrire-compter.com\/?product=tous-au-present\" \/>\n<meta property=\"og:site_name\" content=\"Lire \u00e9crire compter\" \/>\n<meta property=\"article:modified_time\" content=\"2025-06-26T21:34:04+00:00\" \/>\n<meta property=\"og:image\" content=\"https:\/\/lire-ecrire-compter.com\/wp-content\/uploads\/2020\/08\/img_4034-e1597947028772.jpg\" \/>\n\t<meta property=\"og:image:width\" content=\"1200\" \/>\n\t<meta property=\"og:image:height\" content=\"1200\" \/>\n\t<meta property=\"og:image:type\" content=\"image\/jpeg\" \/>\n<meta name=\"twitter:card\" content=\"summary_large_image\" \/>\n<meta name=\"twitter:label1\" content=\"Dur\u00e9e de lecture estim\u00e9e\" \/>\n\t<meta name=\"twitter:data1\" content=\"1 minute\" \/>\n<script type=\"application\/ld+json\" class=\"yoast-schema-graph\">{\"@context\":\"https:\/\/schema.org\",\"@graph\":[{\"@type\":\"WebPage\",\"@id\":\"https:\/\/lire-ecrire-compter.com\/?product=tous-au-present\",\"url\":\"https:\/\/lire-ecrire-compter.com\/?product=tous-au-present\",\"name\":\"Tous au pr\u00e9sent - Lire \u00e9crire compter\",\"isPartOf\":{\"@id\":\"https:\/\/lire-ecrire-compter.com\/#website\"},\"primaryImageOfPage\":{\"@id\":\"https:\/\/lire-ecrire-compter.com\/?product=tous-au-present#primaryimage\"},\"image\":{\"@id\":\"https:\/\/lire-ecrire-compter.com\/?product=tous-au-present#primaryimage\"},\"thumbnailUrl\":\"https:\/\/lire-ecrire-compter.com\/wp-content\/uploads\/2020\/08\/img_4034-e1597947028772.jpg\",\"datePublished\":\"2020-08-22T12:11:55+00:00\",\"dateModified\":\"2025-06-26T21:34:04+00:00\",\"description\":\"Dans ce jeu de conjugaison il faudra \u00eare le premier \u00e0 pouvoir compl\u00e9ter 5 cartes \u00ab\u00a0verbe conjugu\u00e9\u00a0\u00bb avec les 5 pions \u00ab\u00a0sujet\u00a0\u00bb. Il s\u2019agira d\u2019associer un pronom sujet ou un groupe nominal \u00e0 un verbe conjugu\u00e9 au pr\u00e9sent (auxiliaires \u00eatre et avoir, verbes du premier groupe ainsi que les verbes faire, aller, dire, venir, pouvoir, voir et prendre). Puis de compl\u00e9ter ce groupe verbal avec un compl\u00e9ment essentiel ou non.\",\"breadcrumb\":{\"@id\":\"https:\/\/lire-ecrire-compter.com\/?product=tous-au-present#breadcrumb\"},\"inLanguage\":\"fr-FR\",\"potentialAction\":[{\"@type\":\"ReadAction\",\"target\":[\"https:\/\/lire-ecrire-compter.com\/?product=tous-au-present\"]}]},{\"@type\":\"ImageObject\",\"inLanguage\":\"fr-FR\",\"@id\":\"https:\/\/lire-ecrire-compter.com\/?product=tous-au-present#primaryimage\",\"url\":\"https:\/\/lire-ecrire-compter.com\/wp-content\/uploads\/2020\/08\/img_4034-e1597947028772.jpg\",\"contentUrl\":\"https:\/\/lire-ecrire-compter.com\/wp-content\/uploads\/2020\/08\/img_4034-e1597947028772.jpg\",\"width\":1200,\"height\":1200},{\"@type\":\"BreadcrumbList\",\"@id\":\"https:\/\/lire-ecrire-compter.com\/?product=tous-au-present#breadcrumb\",\"itemListElement\":[{\"@type\":\"ListItem\",\"position\":1,\"name\":\"Accueil\",\"item\":\"https:\/\/lire-ecrire-compter.com\/\"},{\"@type\":\"ListItem\",\"position\":2,\"name\":\"La bo\u00eete \u00e0 jeux\",\"item\":\"https:\/\/lire-ecrire-compter.com\/?page_id=747\"},{\"@type\":\"ListItem\",\"position\":3,\"name\":\"Tous au pr\u00e9sent\"}]},{\"@type\":\"WebSite\",\"@id\":\"https:\/\/lire-ecrire-compter.com\/#website\",\"url\":\"https:\/\/lire-ecrire-compter.com\/\",\"name\":\"Lire \u00e9crire compter\",\"description\":\"Jouer pour apprendre\",\"potentialAction\":[{\"@type\":\"SearchAction\",\"target\":{\"@type\":\"EntryPoint\",\"urlTemplate\":\"https:\/\/lire-ecrire-compter.com\/?s={search_term_string}\"},\"query-input\":{\"@type\":\"PropertyValueSpecification\",\"valueRequired\":true,\"valueName\":\"search_term_string\"}}],\"inLanguage\":\"fr-FR\"}]}<\/script>\n<!-- \/ Yoast SEO plugin. -->","yoast_head_json":{"title":"Tous au pr\u00e9sent - Lire \u00e9crire compter","description":"Dans ce jeu de conjugaison il faudra \u00eare le premier \u00e0 pouvoir compl\u00e9ter 5 cartes \u00ab\u00a0verbe conjugu\u00e9\u00a0\u00bb avec les 5 pions \u00ab\u00a0sujet\u00a0\u00bb. Il s\u2019agira d\u2019associer un pronom sujet ou un groupe nominal \u00e0 un verbe conjugu\u00e9 au pr\u00e9sent (auxiliaires \u00eatre et avoir, verbes du premier groupe ainsi que les verbes faire, aller, dire, venir, pouvoir, voir et prendre). Puis de compl\u00e9ter ce groupe verbal avec un compl\u00e9ment essentiel ou non.","robots":{"index":"index","follow":"follow","max-snippet":"max-snippet:-1","max-image-preview":"max-image-preview:large","max-video-preview":"max-video-preview:-1"},"canonical":"https:\/\/lire-ecrire-compter.com\/?product=tous-au-present","og_locale":"fr_FR","og_type":"article","og_title":"Tous au pr\u00e9sent - Lire \u00e9crire compter","og_description":"Dans ce jeu de conjugaison il faudra \u00eare le premier \u00e0 pouvoir compl\u00e9ter 5 cartes \u00ab\u00a0verbe conjugu\u00e9\u00a0\u00bb avec les 5 pions \u00ab\u00a0sujet\u00a0\u00bb. Il s\u2019agira d\u2019associer un pronom sujet ou un groupe nominal \u00e0 un verbe conjugu\u00e9 au pr\u00e9sent (auxiliaires \u00eatre et avoir, verbes du premier groupe ainsi que les verbes faire, aller, dire, venir, pouvoir, voir et prendre). Puis de compl\u00e9ter ce groupe verbal avec un compl\u00e9ment essentiel ou non.","og_url":"https:\/\/lire-ecrire-compter.com\/?product=tous-au-present","og_site_name":"Lire \u00e9crire compter","article_modified_time":"2025-06-26T21:34:04+00:00","og_image":[{"width":1200,"height":1200,"url":"https:\/\/lire-ecrire-compter.com\/wp-content\/uploads\/2020\/08\/img_4034-e1597947028772.jpg","type":"image\/jpeg"}],"twitter_card":"summary_large_image","twitter_misc":{"Dur\u00e9e de lecture estim\u00e9e":"1 minute"},"schema":{"@context":"https:\/\/schema.org","@graph":[{"@type":"WebPage","@id":"https:\/\/lire-ecrire-compter.com\/?product=tous-au-present","url":"https:\/\/lire-ecrire-compter.com\/?product=tous-au-present","name":"Tous au pr\u00e9sent - Lire \u00e9crire compter","isPartOf":{"@id":"https:\/\/lire-ecrire-compter.com\/#website"},"primaryImageOfPage":{"@id":"https:\/\/lire-ecrire-compter.com\/?product=tous-au-present#primaryimage"},"image":{"@id":"https:\/\/lire-ecrire-compter.com\/?product=tous-au-present#primaryimage"},"thumbnailUrl":"https:\/\/lire-ecrire-compter.com\/wp-content\/uploads\/2020\/08\/img_4034-e1597947028772.jpg","datePublished":"2020-08-22T12:11:55+00:00","dateModified":"2025-06-26T21:34:04+00:00","description":"Dans ce jeu de conjugaison il faudra \u00eare le premier \u00e0 pouvoir compl\u00e9ter 5 cartes \u00ab\u00a0verbe conjugu\u00e9\u00a0\u00bb avec les 5 pions \u00ab\u00a0sujet\u00a0\u00bb. Il s\u2019agira d\u2019associer un pronom sujet ou un groupe nominal \u00e0 un verbe conjugu\u00e9 au pr\u00e9sent (auxiliaires \u00eatre et avoir, verbes du premier groupe ainsi que les verbes faire, aller, dire, venir, pouvoir, voir et prendre). Puis de compl\u00e9ter ce groupe verbal avec un compl\u00e9ment essentiel ou non.","breadcrumb":{"@id":"https:\/\/lire-ecrire-compter.com\/?product=tous-au-present#breadcrumb"},"inLanguage":"fr-FR","potentialAction":[{"@type":"ReadAction","target":["https:\/\/lire-ecrire-compter.com\/?product=tous-au-present"]}]},{"@type":"ImageObject","inLanguage":"fr-FR","@id":"https:\/\/lire-ecrire-compter.com\/?product=tous-au-present#primaryimage","url":"https:\/\/lire-ecrire-compter.com\/wp-content\/uploads\/2020\/08\/img_4034-e1597947028772.jpg","contentUrl":"https:\/\/lire-ecrire-compter.com\/wp-content\/uploads\/2020\/08\/img_4034-e1597947028772.jpg","width":1200,"height":1200},{"@type":"BreadcrumbList","@id":"https:\/\/lire-ecrire-compter.com\/?product=tous-au-present#breadcrumb","itemListElement":[{"@type":"ListItem","position":1,"name":"Accueil","item":"https:\/\/lire-ecrire-compter.com\/"},{"@type":"ListItem","position":2,"name":"La bo\u00eete \u00e0 jeux","item":"https:\/\/lire-ecrire-compter.com\/?page_id=747"},{"@type":"ListItem","position":3,"name":"Tous au pr\u00e9sent"}]},{"@type":"WebSite","@id":"https:\/\/lire-ecrire-compter.com\/#website","url":"https:\/\/lire-ecrire-compter.com\/","name":"Lire \u00e9crire compter","description":"Jouer pour apprendre","potentialAction":[{"@type":"SearchAction","target":{"@type":"EntryPoint","urlTemplate":"https:\/\/lire-ecrire-compter.com\/?s={search_term_string}"},"query-input":{"@type":"PropertyValueSpecification","valueRequired":true,"valueName":"search_term_string"}}],"inLanguage":"fr-FR"}]}},"_links":{"self":[{"href":"https:\/\/lire-ecrire-compter.com\/index.php?rest_route=\/wp\/v2\/product\/3022","targetHints":{"allow":["GET"]}}],"collection":[{"href":"https:\/\/lire-ecrire-compter.com\/index.php?rest_route=\/wp\/v2\/product"}],"about":[{"href":"https:\/\/lire-ecrire-compter.com\/index.php?rest_route=\/wp\/v2\/types\/product"}],"replies":[{"embeddable":true,"href":"https:\/\/lire-ecrire-compter.com\/index.php?rest_route=%2Fwp%2Fv2%2Fcomments&post=3022"}],"wp:featuredmedia":[{"embeddable":true,"href":"https:\/\/lire-ecrire-compter.com\/index.php?rest_route=\/wp\/v2\/media\/3018"}],"wp:attachment":[{"href":"https:\/\/lire-ecrire-compter.com\/index.php?rest_route=%2Fwp%2Fv2%2Fmedia&parent=3022"}],"wp:term":[{"taxonomy":"product_brand","embeddable":true,"href":"https:\/\/lire-ecrire-compter.com\/index.php?rest_route=%2Fwp%2Fv2%2Fproduct_brand&post=3022"},{"taxonomy":"product_cat","embeddable":true,"href":"https:\/\/lire-ecrire-compter.com\/index.php?rest_route=%2Fwp%2Fv2%2Fproduct_cat&post=3022"},{"taxonomy":"product_tag","embeddable":true,"href":"https:\/\/lire-ecrire-compter.com\/index.php?rest_route=%2Fwp%2Fv2%2Fproduct_tag&post=3022"}],"curies":[{"name":"wp","href":"https:\/\/api.w.org\/{rel}","templated":true}]}}