{"id":2984,"date":"2020-05-12T11:31:33","date_gmt":"2020-05-12T09:31:33","guid":{"rendered":"https:\/\/lire-ecrire-compter.com\/?post_type=product&#038;p=2984"},"modified":"2022-02-01T16:29:03","modified_gmt":"2022-02-01T15:29:03","slug":"formes-de-base-pour-lettres","status":"publish","type":"product","link":"https:\/\/lire-ecrire-compter.com\/?product=formes-de-base-pour-lettres","title":{"rendered":"Formes de base pour lettres"},"content":{"rendered":"<p><span style=\"color: #46acbf;\">Ces 83 formes de base issues du jeu \u00ab\u00a0Le petit scribe\u00a0\u00bb sont pr\u00e9sent\u00e9es ici sur 6 pages de format 10&#215;15. Elles pourront ainsi \u00eatre imprim\u00e9es sur du papier photo magn\u00e9tique de ce format.<\/span><\/p>\n","protected":false},"excerpt":{"rendered":"<p>Ces 83 formes de base issues du jeu \u00ab\u00a0Le petit scribe\u00a0\u00bb sont pr\u00e9sent\u00e9es ici sur 6 pages de format 10&#215;15. Elles pourront ainsi \u00eatre imprim\u00e9es sur du papier photo magn\u00e9tique de ce format.<\/p>\n","protected":false},"featured_media":2973,"comment_status":"open","ping_status":"closed","template":"","meta":{"give_campaign_id":0,"om_disable_all_campaigns":false,"_monsterinsights_skip_tracking":false,"_monsterinsights_sitenote_active":false,"_monsterinsights_sitenote_note":"","_monsterinsights_sitenote_category":0,"_uf_show_specific_survey":0,"_uf_disable_surveys":false},"product_brand":[],"product_cat":[105,144,143],"product_tag":[129,112],"class_list":{"0":"post-2984","1":"product","2":"type-product","3":"status-publish","4":"has-post-thumbnail","6":"product_cat-outils","7":"product_cat-outils-pour-manipuler","8":"product_cat-outils-pour-memoriser","9":"product_tag-accompagner-le-geste-graphique","10":"product_tag-reconnaitre-et-nommer-les-lettres-dans-differentes-graphies","12":"first","13":"instock","14":"downloadable","15":"virtual","16":"purchasable","17":"product-type-simple"},"yoast_head":"<!-- This site is optimized with the Yoast SEO plugin v27.1.1 - https:\/\/yoast.com\/product\/yoast-seo-wordpress\/ -->\n<title>Formes de base pour lettres - Lire \u00e9crire compter<\/title>\n<meta name=\"description\" content=\"83 formes de base issues du jeu &quot;Le petit scribe&quot; sont pr\u00e9sent\u00e9es ici sur 6 pages de format 10x15.\" \/>\n<meta name=\"robots\" content=\"index, follow, max-snippet:-1, max-image-preview:large, max-video-preview:-1\" \/>\n<link rel=\"canonical\" href=\"https:\/\/lire-ecrire-compter.com\/?product=formes-de-base-pour-lettres\" \/>\n<meta property=\"og:locale\" content=\"fr_FR\" \/>\n<meta property=\"og:type\" content=\"article\" \/>\n<meta property=\"og:title\" content=\"Formes de base pour lettres - Lire \u00e9crire compter\" \/>\n<meta property=\"og:description\" content=\"83 formes de base issues du jeu &quot;Le petit scribe&quot; sont pr\u00e9sent\u00e9es ici sur 6 pages de format 10x15.\" \/>\n<meta property=\"og:url\" content=\"https:\/\/lire-ecrire-compter.com\/?product=formes-de-base-pour-lettres\" \/>\n<meta property=\"og:site_name\" content=\"Lire \u00e9crire compter\" \/>\n<meta property=\"article:modified_time\" content=\"2022-02-01T15:29:03+00:00\" \/>\n<meta property=\"og:image\" content=\"https:\/\/lire-ecrire-compter.com\/wp-content\/uploads\/2020\/05\/img_29971-e1589133948389.jpg\" \/>\n\t<meta property=\"og:image:width\" content=\"1200\" \/>\n\t<meta property=\"og:image:height\" content=\"1200\" \/>\n\t<meta property=\"og:image:type\" content=\"image\/jpeg\" \/>\n<meta name=\"twitter:card\" content=\"summary_large_image\" \/>\n<script type=\"application\/ld+json\" class=\"yoast-schema-graph\">{\"@context\":\"https:\/\/schema.org\",\"@graph\":[{\"@type\":\"WebPage\",\"@id\":\"https:\/\/lire-ecrire-compter.com\/?product=formes-de-base-pour-lettres\",\"url\":\"https:\/\/lire-ecrire-compter.com\/?product=formes-de-base-pour-lettres\",\"name\":\"Formes de base pour lettres - Lire \u00e9crire compter\",\"isPartOf\":{\"@id\":\"https:\/\/lire-ecrire-compter.com\/#website\"},\"primaryImageOfPage\":{\"@id\":\"https:\/\/lire-ecrire-compter.com\/?product=formes-de-base-pour-lettres#primaryimage\"},\"image\":{\"@id\":\"https:\/\/lire-ecrire-compter.com\/?product=formes-de-base-pour-lettres#primaryimage\"},\"thumbnailUrl\":\"https:\/\/lire-ecrire-compter.com\/wp-content\/uploads\/2020\/05\/img_29971-e1589133948389.jpg\",\"datePublished\":\"2020-05-12T09:31:33+00:00\",\"dateModified\":\"2022-02-01T15:29:03+00:00\",\"description\":\"83 formes de base issues du jeu \\\"Le petit scribe\\\" sont pr\u00e9sent\u00e9es ici sur 6 pages de format 10x15.\",\"breadcrumb\":{\"@id\":\"https:\/\/lire-ecrire-compter.com\/?product=formes-de-base-pour-lettres#breadcrumb\"},\"inLanguage\":\"fr-FR\",\"potentialAction\":[{\"@type\":\"ReadAction\",\"target\":[\"https:\/\/lire-ecrire-compter.com\/?product=formes-de-base-pour-lettres\"]}]},{\"@type\":\"ImageObject\",\"inLanguage\":\"fr-FR\",\"@id\":\"https:\/\/lire-ecrire-compter.com\/?product=formes-de-base-pour-lettres#primaryimage\",\"url\":\"https:\/\/lire-ecrire-compter.com\/wp-content\/uploads\/2020\/05\/img_29971-e1589133948389.jpg\",\"contentUrl\":\"https:\/\/lire-ecrire-compter.com\/wp-content\/uploads\/2020\/05\/img_29971-e1589133948389.jpg\",\"width\":1200,\"height\":1200},{\"@type\":\"BreadcrumbList\",\"@id\":\"https:\/\/lire-ecrire-compter.com\/?product=formes-de-base-pour-lettres#breadcrumb\",\"itemListElement\":[{\"@type\":\"ListItem\",\"position\":1,\"name\":\"Accueil\",\"item\":\"https:\/\/lire-ecrire-compter.com\/\"},{\"@type\":\"ListItem\",\"position\":2,\"name\":\"La bo\u00eete \u00e0 jeux\",\"item\":\"https:\/\/lire-ecrire-compter.com\/?page_id=747\"},{\"@type\":\"ListItem\",\"position\":3,\"name\":\"Formes de base pour lettres\"}]},{\"@type\":\"WebSite\",\"@id\":\"https:\/\/lire-ecrire-compter.com\/#website\",\"url\":\"https:\/\/lire-ecrire-compter.com\/\",\"name\":\"Lire \u00e9crire compter\",\"description\":\"Jouer pour apprendre\",\"potentialAction\":[{\"@type\":\"SearchAction\",\"target\":{\"@type\":\"EntryPoint\",\"urlTemplate\":\"https:\/\/lire-ecrire-compter.com\/?s={search_term_string}\"},\"query-input\":{\"@type\":\"PropertyValueSpecification\",\"valueRequired\":true,\"valueName\":\"search_term_string\"}}],\"inLanguage\":\"fr-FR\"}]}<\/script>\n<!-- \/ Yoast SEO plugin. -->","yoast_head_json":{"title":"Formes de base pour lettres - Lire \u00e9crire compter","description":"83 formes de base issues du jeu \"Le petit scribe\" sont pr\u00e9sent\u00e9es ici sur 6 pages de format 10x15.","robots":{"index":"index","follow":"follow","max-snippet":"max-snippet:-1","max-image-preview":"max-image-preview:large","max-video-preview":"max-video-preview:-1"},"canonical":"https:\/\/lire-ecrire-compter.com\/?product=formes-de-base-pour-lettres","og_locale":"fr_FR","og_type":"article","og_title":"Formes de base pour lettres - Lire \u00e9crire compter","og_description":"83 formes de base issues du jeu \"Le petit scribe\" sont pr\u00e9sent\u00e9es ici sur 6 pages de format 10x15.","og_url":"https:\/\/lire-ecrire-compter.com\/?product=formes-de-base-pour-lettres","og_site_name":"Lire \u00e9crire compter","article_modified_time":"2022-02-01T15:29:03+00:00","og_image":[{"width":1200,"height":1200,"url":"https:\/\/lire-ecrire-compter.com\/wp-content\/uploads\/2020\/05\/img_29971-e1589133948389.jpg","type":"image\/jpeg"}],"twitter_card":"summary_large_image","schema":{"@context":"https:\/\/schema.org","@graph":[{"@type":"WebPage","@id":"https:\/\/lire-ecrire-compter.com\/?product=formes-de-base-pour-lettres","url":"https:\/\/lire-ecrire-compter.com\/?product=formes-de-base-pour-lettres","name":"Formes de base pour lettres - Lire \u00e9crire compter","isPartOf":{"@id":"https:\/\/lire-ecrire-compter.com\/#website"},"primaryImageOfPage":{"@id":"https:\/\/lire-ecrire-compter.com\/?product=formes-de-base-pour-lettres#primaryimage"},"image":{"@id":"https:\/\/lire-ecrire-compter.com\/?product=formes-de-base-pour-lettres#primaryimage"},"thumbnailUrl":"https:\/\/lire-ecrire-compter.com\/wp-content\/uploads\/2020\/05\/img_29971-e1589133948389.jpg","datePublished":"2020-05-12T09:31:33+00:00","dateModified":"2022-02-01T15:29:03+00:00","description":"83 formes de base issues du jeu \"Le petit scribe\" sont pr\u00e9sent\u00e9es ici sur 6 pages de format 10x15.","breadcrumb":{"@id":"https:\/\/lire-ecrire-compter.com\/?product=formes-de-base-pour-lettres#breadcrumb"},"inLanguage":"fr-FR","potentialAction":[{"@type":"ReadAction","target":["https:\/\/lire-ecrire-compter.com\/?product=formes-de-base-pour-lettres"]}]},{"@type":"ImageObject","inLanguage":"fr-FR","@id":"https:\/\/lire-ecrire-compter.com\/?product=formes-de-base-pour-lettres#primaryimage","url":"https:\/\/lire-ecrire-compter.com\/wp-content\/uploads\/2020\/05\/img_29971-e1589133948389.jpg","contentUrl":"https:\/\/lire-ecrire-compter.com\/wp-content\/uploads\/2020\/05\/img_29971-e1589133948389.jpg","width":1200,"height":1200},{"@type":"BreadcrumbList","@id":"https:\/\/lire-ecrire-compter.com\/?product=formes-de-base-pour-lettres#breadcrumb","itemListElement":[{"@type":"ListItem","position":1,"name":"Accueil","item":"https:\/\/lire-ecrire-compter.com\/"},{"@type":"ListItem","position":2,"name":"La bo\u00eete \u00e0 jeux","item":"https:\/\/lire-ecrire-compter.com\/?page_id=747"},{"@type":"ListItem","position":3,"name":"Formes de base pour lettres"}]},{"@type":"WebSite","@id":"https:\/\/lire-ecrire-compter.com\/#website","url":"https:\/\/lire-ecrire-compter.com\/","name":"Lire \u00e9crire compter","description":"Jouer pour apprendre","potentialAction":[{"@type":"SearchAction","target":{"@type":"EntryPoint","urlTemplate":"https:\/\/lire-ecrire-compter.com\/?s={search_term_string}"},"query-input":{"@type":"PropertyValueSpecification","valueRequired":true,"valueName":"search_term_string"}}],"inLanguage":"fr-FR"}]}},"_links":{"self":[{"href":"https:\/\/lire-ecrire-compter.com\/index.php?rest_route=\/wp\/v2\/product\/2984","targetHints":{"allow":["GET"]}}],"collection":[{"href":"https:\/\/lire-ecrire-compter.com\/index.php?rest_route=\/wp\/v2\/product"}],"about":[{"href":"https:\/\/lire-ecrire-compter.com\/index.php?rest_route=\/wp\/v2\/types\/product"}],"replies":[{"embeddable":true,"href":"https:\/\/lire-ecrire-compter.com\/index.php?rest_route=%2Fwp%2Fv2%2Fcomments&post=2984"}],"wp:featuredmedia":[{"embeddable":true,"href":"https:\/\/lire-ecrire-compter.com\/index.php?rest_route=\/wp\/v2\/media\/2973"}],"wp:attachment":[{"href":"https:\/\/lire-ecrire-compter.com\/index.php?rest_route=%2Fwp%2Fv2%2Fmedia&parent=2984"}],"wp:term":[{"taxonomy":"product_brand","embeddable":true,"href":"https:\/\/lire-ecrire-compter.com\/index.php?rest_route=%2Fwp%2Fv2%2Fproduct_brand&post=2984"},{"taxonomy":"product_cat","embeddable":true,"href":"https:\/\/lire-ecrire-compter.com\/index.php?rest_route=%2Fwp%2Fv2%2Fproduct_cat&post=2984"},{"taxonomy":"product_tag","embeddable":true,"href":"https:\/\/lire-ecrire-compter.com\/index.php?rest_route=%2Fwp%2Fv2%2Fproduct_tag&post=2984"}],"curies":[{"name":"wp","href":"https:\/\/api.w.org\/{rel}","templated":true}]}}