{"id":2964,"date":"2020-05-01T14:17:43","date_gmt":"2020-05-01T12:17:43","guid":{"rendered":"https:\/\/lire-ecrire-compter.com\/?post_type=product&#038;p=2964"},"modified":"2023-02-05T00:02:53","modified_gmt":"2023-02-04T23:02:53","slug":"lynx-du-corps-humain-pour-les-plus-petits","status":"publish","type":"product","link":"https:\/\/lire-ecrire-compter.com\/?product=lynx-du-corps-humain-pour-les-plus-petits","title":{"rendered":"Lynx du corps humain (pour les plus petits)"},"content":{"rendered":"<p><span style=\"color: #92d001;\"><strong>BUT DU JEU<br \/>\n<\/strong><strong>Retrouver<\/strong> le plus rapidement possible, sur un plateau,<strong> l&rsquo;illustration d&rsquo;un mot \u00e9crit<\/strong> sur une carte. <strong>Les mots des cartes sont pr\u00e9sent\u00e9s dans trois graphies<\/strong>, en \u00e9criture majuscule d\u2019imprimerie, en scripte et en cursive. Ils concernent le<strong> vocabulaire autour du corps humain<\/strong>.<\/span><br \/>\n<span style=\"color: #92d001;\">Le premier joueur \u00e0 retrouver, sur un plateau hexagonal, le dessin correspondant au mot d&rsquo;une carte gagne celle-ci. Le joueur ayant le plus de cartes \u00e0 la fin de la partie a gagn\u00e9.<\/span><\/p>\n<p><span style=\"color: #ff5b72;\"><strong>COMPOSITION<br \/>\n<\/strong>Il se compose d&rsquo;un <strong>plateau hexagonal<\/strong> sur lequel figurent 48 dessins, de <strong>6 anneaux de s\u00e9lection<\/strong> et de <strong>48 cartes<\/strong>.<\/span><\/p>\n<p><span style=\"color: #46acbf;\"><strong>OBJECTIFS<br \/>\n<\/strong>Ce jeu de lecture vise l&rsquo;<strong>enrichissement du vocabulaire autour du corps humain<\/strong>. Il sollicite \u00e9galement le <strong>balayage visuel<\/strong>, dans le but d&rsquo;<strong>am\u00e9liorer les performances en lecture rapide et <\/strong>aide <strong>\u00e0 l&rsquo;identification des diff\u00e9rentes graphies <\/strong>d&rsquo;une m\u00eame lettre .<\/span><\/p>\n","protected":false},"excerpt":{"rendered":"<p>BUT DU JEU Retrouver le plus rapidement possible, sur un plateau, l&rsquo;illustration d&rsquo;un mot \u00e9crit sur une carte. Les mots des cartes sont pr\u00e9sent\u00e9s dans trois graphies, en \u00e9criture majuscule d\u2019imprimerie, en scripte et en cursive. Ils concernent le vocabulaire autour du corps humain. Le&#8230;<\/p>\n","protected":false},"featured_media":2957,"comment_status":"open","ping_status":"closed","template":"","meta":{"give_campaign_id":0,"om_disable_all_campaigns":false,"_monsterinsights_skip_tracking":false,"_monsterinsights_sitenote_active":false,"_monsterinsights_sitenote_note":"","_monsterinsights_sitenote_category":0,"_uf_show_specific_survey":0,"_uf_disable_surveys":false},"product_brand":[],"product_cat":[106,107,147,98],"product_tag":[114,123,112,137],"class_list":{"0":"post-2964","1":"product","2":"type-product","3":"status-publish","4":"has-post-thumbnail","6":"product_cat-cp","7":"product_cat-gs","8":"product_cat-jeux","9":"product_cat-jeux-autour-de-la-lecture","10":"product_tag-comprendre-les-relations-entre-loral-et-lecrit","11":"product_tag-enrichir-le-vocabulaire","12":"product_tag-reconnaitre-et-nommer-les-lettres-dans-differentes-graphies","13":"product_tag-travailler-le-balayage-visuel","15":"first","16":"instock","17":"downloadable","18":"virtual","19":"purchasable","20":"product-type-simple"},"yoast_head":"<!-- This site is optimized with the Yoast SEO plugin v27.1.1 - https:\/\/yoast.com\/product\/yoast-seo-wordpress\/ -->\n<title>Lynx du corps humain (pour les plus petits) - Lire \u00e9crire compter<\/title>\n<meta name=\"description\" content=\"Ce jeu de lecture vise l&#039;enrichissement du vocabulaire autour du corps humain. Il sollicite \u00e9galement le balayage visuel, dans le but d&#039;am\u00e9liorer les performances en lecture rapide et aide \u00e0 l&#039;identification des diff\u00e9rentes graphies d&#039;une m\u00eame lettre.\" \/>\n<meta name=\"robots\" content=\"index, follow, max-snippet:-1, max-image-preview:large, max-video-preview:-1\" \/>\n<link rel=\"canonical\" href=\"https:\/\/lire-ecrire-compter.com\/?product=lynx-du-corps-humain-pour-les-plus-petits\" \/>\n<meta property=\"og:locale\" content=\"fr_FR\" \/>\n<meta property=\"og:type\" content=\"article\" \/>\n<meta property=\"og:title\" content=\"Lynx du corps humain (pour les plus petits) - Lire \u00e9crire compter\" \/>\n<meta property=\"og:description\" content=\"Ce jeu de lecture vise l&#039;enrichissement du vocabulaire autour du corps humain. Il sollicite \u00e9galement le balayage visuel, dans le but d&#039;am\u00e9liorer les performances en lecture rapide et aide \u00e0 l&#039;identification des diff\u00e9rentes graphies d&#039;une m\u00eame lettre.\" \/>\n<meta property=\"og:url\" content=\"https:\/\/lire-ecrire-compter.com\/?product=lynx-du-corps-humain-pour-les-plus-petits\" \/>\n<meta property=\"og:site_name\" content=\"Lire \u00e9crire compter\" \/>\n<meta property=\"article:modified_time\" content=\"2023-02-04T23:02:53+00:00\" \/>\n<meta property=\"og:image\" content=\"https:\/\/lire-ecrire-compter.com\/wp-content\/uploads\/2020\/04\/img_2977-1-e1588160034260.jpg\" \/>\n\t<meta property=\"og:image:width\" content=\"1200\" \/>\n\t<meta property=\"og:image:height\" content=\"1200\" \/>\n\t<meta property=\"og:image:type\" content=\"image\/jpeg\" \/>\n<meta name=\"twitter:card\" content=\"summary_large_image\" \/>\n<meta name=\"twitter:label1\" content=\"Dur\u00e9e de lecture estim\u00e9e\" \/>\n\t<meta name=\"twitter:data1\" content=\"1 minute\" \/>\n<script type=\"application\/ld+json\" class=\"yoast-schema-graph\">{\"@context\":\"https:\/\/schema.org\",\"@graph\":[{\"@type\":\"WebPage\",\"@id\":\"https:\/\/lire-ecrire-compter.com\/?product=lynx-du-corps-humain-pour-les-plus-petits\",\"url\":\"https:\/\/lire-ecrire-compter.com\/?product=lynx-du-corps-humain-pour-les-plus-petits\",\"name\":\"Lynx du corps humain (pour les plus petits) - Lire \u00e9crire compter\",\"isPartOf\":{\"@id\":\"https:\/\/lire-ecrire-compter.com\/#website\"},\"primaryImageOfPage\":{\"@id\":\"https:\/\/lire-ecrire-compter.com\/?product=lynx-du-corps-humain-pour-les-plus-petits#primaryimage\"},\"image\":{\"@id\":\"https:\/\/lire-ecrire-compter.com\/?product=lynx-du-corps-humain-pour-les-plus-petits#primaryimage\"},\"thumbnailUrl\":\"https:\/\/lire-ecrire-compter.com\/wp-content\/uploads\/2020\/04\/img_2977-1-e1588160034260.jpg\",\"datePublished\":\"2020-05-01T12:17:43+00:00\",\"dateModified\":\"2023-02-04T23:02:53+00:00\",\"description\":\"Ce jeu de lecture vise l'enrichissement du vocabulaire autour du corps humain. Il sollicite \u00e9galement le balayage visuel, dans le but d'am\u00e9liorer les performances en lecture rapide et aide \u00e0 l'identification des diff\u00e9rentes graphies d'une m\u00eame lettre.\",\"breadcrumb\":{\"@id\":\"https:\/\/lire-ecrire-compter.com\/?product=lynx-du-corps-humain-pour-les-plus-petits#breadcrumb\"},\"inLanguage\":\"fr-FR\",\"potentialAction\":[{\"@type\":\"ReadAction\",\"target\":[\"https:\/\/lire-ecrire-compter.com\/?product=lynx-du-corps-humain-pour-les-plus-petits\"]}]},{\"@type\":\"ImageObject\",\"inLanguage\":\"fr-FR\",\"@id\":\"https:\/\/lire-ecrire-compter.com\/?product=lynx-du-corps-humain-pour-les-plus-petits#primaryimage\",\"url\":\"https:\/\/lire-ecrire-compter.com\/wp-content\/uploads\/2020\/04\/img_2977-1-e1588160034260.jpg\",\"contentUrl\":\"https:\/\/lire-ecrire-compter.com\/wp-content\/uploads\/2020\/04\/img_2977-1-e1588160034260.jpg\",\"width\":1200,\"height\":1200},{\"@type\":\"BreadcrumbList\",\"@id\":\"https:\/\/lire-ecrire-compter.com\/?product=lynx-du-corps-humain-pour-les-plus-petits#breadcrumb\",\"itemListElement\":[{\"@type\":\"ListItem\",\"position\":1,\"name\":\"Accueil\",\"item\":\"https:\/\/lire-ecrire-compter.com\/\"},{\"@type\":\"ListItem\",\"position\":2,\"name\":\"La bo\u00eete \u00e0 jeux\",\"item\":\"https:\/\/lire-ecrire-compter.com\/?page_id=747\"},{\"@type\":\"ListItem\",\"position\":3,\"name\":\"Lynx du corps humain (pour les plus petits)\"}]},{\"@type\":\"WebSite\",\"@id\":\"https:\/\/lire-ecrire-compter.com\/#website\",\"url\":\"https:\/\/lire-ecrire-compter.com\/\",\"name\":\"Lire \u00e9crire compter\",\"description\":\"Jouer pour apprendre\",\"potentialAction\":[{\"@type\":\"SearchAction\",\"target\":{\"@type\":\"EntryPoint\",\"urlTemplate\":\"https:\/\/lire-ecrire-compter.com\/?s={search_term_string}\"},\"query-input\":{\"@type\":\"PropertyValueSpecification\",\"valueRequired\":true,\"valueName\":\"search_term_string\"}}],\"inLanguage\":\"fr-FR\"}]}<\/script>\n<!-- \/ Yoast SEO plugin. -->","yoast_head_json":{"title":"Lynx du corps humain (pour les plus petits) - Lire \u00e9crire compter","description":"Ce jeu de lecture vise l'enrichissement du vocabulaire autour du corps humain. Il sollicite \u00e9galement le balayage visuel, dans le but d'am\u00e9liorer les performances en lecture rapide et aide \u00e0 l'identification des diff\u00e9rentes graphies d'une m\u00eame lettre.","robots":{"index":"index","follow":"follow","max-snippet":"max-snippet:-1","max-image-preview":"max-image-preview:large","max-video-preview":"max-video-preview:-1"},"canonical":"https:\/\/lire-ecrire-compter.com\/?product=lynx-du-corps-humain-pour-les-plus-petits","og_locale":"fr_FR","og_type":"article","og_title":"Lynx du corps humain (pour les plus petits) - Lire \u00e9crire compter","og_description":"Ce jeu de lecture vise l'enrichissement du vocabulaire autour du corps humain. Il sollicite \u00e9galement le balayage visuel, dans le but d'am\u00e9liorer les performances en lecture rapide et aide \u00e0 l'identification des diff\u00e9rentes graphies d'une m\u00eame lettre.","og_url":"https:\/\/lire-ecrire-compter.com\/?product=lynx-du-corps-humain-pour-les-plus-petits","og_site_name":"Lire \u00e9crire compter","article_modified_time":"2023-02-04T23:02:53+00:00","og_image":[{"width":1200,"height":1200,"url":"https:\/\/lire-ecrire-compter.com\/wp-content\/uploads\/2020\/04\/img_2977-1-e1588160034260.jpg","type":"image\/jpeg"}],"twitter_card":"summary_large_image","twitter_misc":{"Dur\u00e9e de lecture estim\u00e9e":"1 minute"},"schema":{"@context":"https:\/\/schema.org","@graph":[{"@type":"WebPage","@id":"https:\/\/lire-ecrire-compter.com\/?product=lynx-du-corps-humain-pour-les-plus-petits","url":"https:\/\/lire-ecrire-compter.com\/?product=lynx-du-corps-humain-pour-les-plus-petits","name":"Lynx du corps humain (pour les plus petits) - Lire \u00e9crire compter","isPartOf":{"@id":"https:\/\/lire-ecrire-compter.com\/#website"},"primaryImageOfPage":{"@id":"https:\/\/lire-ecrire-compter.com\/?product=lynx-du-corps-humain-pour-les-plus-petits#primaryimage"},"image":{"@id":"https:\/\/lire-ecrire-compter.com\/?product=lynx-du-corps-humain-pour-les-plus-petits#primaryimage"},"thumbnailUrl":"https:\/\/lire-ecrire-compter.com\/wp-content\/uploads\/2020\/04\/img_2977-1-e1588160034260.jpg","datePublished":"2020-05-01T12:17:43+00:00","dateModified":"2023-02-04T23:02:53+00:00","description":"Ce jeu de lecture vise l'enrichissement du vocabulaire autour du corps humain. Il sollicite \u00e9galement le balayage visuel, dans le but d'am\u00e9liorer les performances en lecture rapide et aide \u00e0 l'identification des diff\u00e9rentes graphies d'une m\u00eame lettre.","breadcrumb":{"@id":"https:\/\/lire-ecrire-compter.com\/?product=lynx-du-corps-humain-pour-les-plus-petits#breadcrumb"},"inLanguage":"fr-FR","potentialAction":[{"@type":"ReadAction","target":["https:\/\/lire-ecrire-compter.com\/?product=lynx-du-corps-humain-pour-les-plus-petits"]}]},{"@type":"ImageObject","inLanguage":"fr-FR","@id":"https:\/\/lire-ecrire-compter.com\/?product=lynx-du-corps-humain-pour-les-plus-petits#primaryimage","url":"https:\/\/lire-ecrire-compter.com\/wp-content\/uploads\/2020\/04\/img_2977-1-e1588160034260.jpg","contentUrl":"https:\/\/lire-ecrire-compter.com\/wp-content\/uploads\/2020\/04\/img_2977-1-e1588160034260.jpg","width":1200,"height":1200},{"@type":"BreadcrumbList","@id":"https:\/\/lire-ecrire-compter.com\/?product=lynx-du-corps-humain-pour-les-plus-petits#breadcrumb","itemListElement":[{"@type":"ListItem","position":1,"name":"Accueil","item":"https:\/\/lire-ecrire-compter.com\/"},{"@type":"ListItem","position":2,"name":"La bo\u00eete \u00e0 jeux","item":"https:\/\/lire-ecrire-compter.com\/?page_id=747"},{"@type":"ListItem","position":3,"name":"Lynx du corps humain (pour les plus petits)"}]},{"@type":"WebSite","@id":"https:\/\/lire-ecrire-compter.com\/#website","url":"https:\/\/lire-ecrire-compter.com\/","name":"Lire \u00e9crire compter","description":"Jouer pour apprendre","potentialAction":[{"@type":"SearchAction","target":{"@type":"EntryPoint","urlTemplate":"https:\/\/lire-ecrire-compter.com\/?s={search_term_string}"},"query-input":{"@type":"PropertyValueSpecification","valueRequired":true,"valueName":"search_term_string"}}],"inLanguage":"fr-FR"}]}},"_links":{"self":[{"href":"https:\/\/lire-ecrire-compter.com\/index.php?rest_route=\/wp\/v2\/product\/2964","targetHints":{"allow":["GET"]}}],"collection":[{"href":"https:\/\/lire-ecrire-compter.com\/index.php?rest_route=\/wp\/v2\/product"}],"about":[{"href":"https:\/\/lire-ecrire-compter.com\/index.php?rest_route=\/wp\/v2\/types\/product"}],"replies":[{"embeddable":true,"href":"https:\/\/lire-ecrire-compter.com\/index.php?rest_route=%2Fwp%2Fv2%2Fcomments&post=2964"}],"wp:featuredmedia":[{"embeddable":true,"href":"https:\/\/lire-ecrire-compter.com\/index.php?rest_route=\/wp\/v2\/media\/2957"}],"wp:attachment":[{"href":"https:\/\/lire-ecrire-compter.com\/index.php?rest_route=%2Fwp%2Fv2%2Fmedia&parent=2964"}],"wp:term":[{"taxonomy":"product_brand","embeddable":true,"href":"https:\/\/lire-ecrire-compter.com\/index.php?rest_route=%2Fwp%2Fv2%2Fproduct_brand&post=2964"},{"taxonomy":"product_cat","embeddable":true,"href":"https:\/\/lire-ecrire-compter.com\/index.php?rest_route=%2Fwp%2Fv2%2Fproduct_cat&post=2964"},{"taxonomy":"product_tag","embeddable":true,"href":"https:\/\/lire-ecrire-compter.com\/index.php?rest_route=%2Fwp%2Fv2%2Fproduct_tag&post=2964"}],"curies":[{"name":"wp","href":"https:\/\/api.w.org\/{rel}","templated":true}]}}