{"id":2945,"date":"2020-04-23T13:32:51","date_gmt":"2020-04-23T11:32:51","guid":{"rendered":"https:\/\/lire-ecrire-compter.com\/?post_type=product&#038;p=2945"},"modified":"2022-02-01T16:41:18","modified_gmt":"2022-02-01T15:41:18","slug":"lynx-du-corps-humain-version-trilingue","status":"publish","type":"product","link":"https:\/\/lire-ecrire-compter.com\/?product=lynx-du-corps-humain-version-trilingue","title":{"rendered":"Lynx du corps humain (version trilingue)"},"content":{"rendered":"<p><span style=\"color: #92d001;\"><strong>BUT DU JEU<br \/>\n<\/strong><strong>Retrouver<\/strong> le plus rapidement possible, sur un plateau,<strong> l&rsquo;illustration d&rsquo;un mot \u00e9crit<\/strong> sur une carte. Les <strong>mots<\/strong> des cartes sont \u00e9crits dans <strong>trois langues<\/strong>, le <strong>fran\u00e7ais, l&rsquo;allemand<\/strong> et l&rsquo;<strong>anglais<\/strong>. Ils concernent le<strong> vocabulaire autour du corps humain<\/strong>. <\/span><br \/>\n<span style=\"color: #92d001;\">Le premier joueur \u00e0 retrouver, sur un plateau hexagonal, le dessin correspondant au mot d&rsquo;une carte gagne celle-ci. Le joueur ayant le plus de cartes \u00e0 la fin de la partie a gagn\u00e9.<\/span><\/p>\n<p><span style=\"color: #ff5b72;\"><strong>COMPOSITION<br \/>\n<\/strong>Il se compose d&rsquo;un <strong>plateau hexagonal<\/strong> sur lequel figurent 48 dessins, de <strong>6 anneaux de s\u00e9lection<\/strong> et de <strong>48 cartes<\/strong>.<\/span><\/p>\n<p><span style=\"color: #46acbf;\"><strong>OBJECTIFS<br \/>\n<\/strong>Ce jeu de lecture vise l&rsquo;<strong>enrichissement du vocabulaire autour du corps humain dans trois langues : le fran\u00e7ais, l&rsquo;allemand et l&rsquo;anglais<\/strong>. Il sollicite \u00e9galement le <strong>balayage visuel<\/strong>, dans le but d&rsquo;<strong>am\u00e9liorer les performances en lecture rapide<\/strong>.<\/span><\/p>\n","protected":false},"excerpt":{"rendered":"<p>BUT DU JEU Retrouver le plus rapidement possible, sur un plateau, l&rsquo;illustration d&rsquo;un mot \u00e9crit sur une carte. Les mots des cartes sont \u00e9crits dans trois langues, le fran\u00e7ais, l&rsquo;allemand et l&rsquo;anglais. Ils concernent le vocabulaire autour du corps humain. Le premier joueur \u00e0 retrouver,&#8230;<\/p>\n","protected":false},"featured_media":2944,"comment_status":"open","ping_status":"closed","template":"","meta":{"give_campaign_id":0,"om_disable_all_campaigns":false,"_monsterinsights_skip_tracking":false,"_monsterinsights_sitenote_active":false,"_monsterinsights_sitenote_note":"","_monsterinsights_sitenote_category":0,"_uf_show_specific_survey":0,"_uf_disable_surveys":false},"product_brand":[],"product_cat":[116,151,152,147,98],"product_tag":[123,137,124],"class_list":{"0":"post-2945","1":"product","2":"type-product","3":"status-publish","4":"has-post-thumbnail","6":"product_cat-ce1","7":"product_cat-ce2","8":"product_cat-cm1-cm2","9":"product_cat-jeux","10":"product_cat-jeux-autour-de-la-lecture","11":"product_tag-enrichir-le-vocabulaire","12":"product_tag-travailler-le-balayage-visuel","13":"product_tag-travailler-le-maintien-en-memoire","15":"first","16":"instock","17":"downloadable","18":"virtual","19":"purchasable","20":"product-type-simple"},"yoast_head":"<!-- This site is optimized with the Yoast SEO plugin v27.1.1 - https:\/\/yoast.com\/product\/yoast-seo-wordpress\/ -->\n<title>Lynx du corps humain (version trilingue) - Lire \u00e9crire compter<\/title>\n<meta name=\"description\" content=\"Ce jeu de lecture vise l&#039;enrichissement du vocabulaire autour du corps humain dans trois langues : le fran\u00e7ais, l&#039;allemand et l&#039;anglais. Il sollicite \u00e9galement le balayage visuel, dans le but d&#039;am\u00e9liorer les performances en lecture rapide.\" \/>\n<meta name=\"robots\" content=\"index, follow, max-snippet:-1, max-image-preview:large, max-video-preview:-1\" \/>\n<link rel=\"canonical\" href=\"https:\/\/lire-ecrire-compter.com\/?product=lynx-du-corps-humain-version-trilingue\" \/>\n<meta property=\"og:locale\" content=\"fr_FR\" \/>\n<meta property=\"og:type\" content=\"article\" \/>\n<meta property=\"og:title\" content=\"Lynx du corps humain (version trilingue) - Lire \u00e9crire compter\" \/>\n<meta property=\"og:description\" content=\"Ce jeu de lecture vise l&#039;enrichissement du vocabulaire autour du corps humain dans trois langues : le fran\u00e7ais, l&#039;allemand et l&#039;anglais. Il sollicite \u00e9galement le balayage visuel, dans le but d&#039;am\u00e9liorer les performances en lecture rapide.\" \/>\n<meta property=\"og:url\" content=\"https:\/\/lire-ecrire-compter.com\/?product=lynx-du-corps-humain-version-trilingue\" \/>\n<meta property=\"og:site_name\" content=\"Lire \u00e9crire compter\" \/>\n<meta property=\"article:modified_time\" content=\"2022-02-01T15:41:18+00:00\" \/>\n<meta property=\"og:image\" content=\"https:\/\/lire-ecrire-compter.com\/wp-content\/uploads\/2020\/04\/img_29651-rotated-e1587578101601.jpg\" \/>\n\t<meta property=\"og:image:width\" content=\"1200\" \/>\n\t<meta property=\"og:image:height\" content=\"1200\" \/>\n\t<meta property=\"og:image:type\" content=\"image\/jpeg\" \/>\n<meta name=\"twitter:card\" content=\"summary_large_image\" \/>\n<meta name=\"twitter:label1\" content=\"Dur\u00e9e de lecture estim\u00e9e\" \/>\n\t<meta name=\"twitter:data1\" content=\"1 minute\" \/>\n<script type=\"application\/ld+json\" class=\"yoast-schema-graph\">{\"@context\":\"https:\/\/schema.org\",\"@graph\":[{\"@type\":\"WebPage\",\"@id\":\"https:\/\/lire-ecrire-compter.com\/?product=lynx-du-corps-humain-version-trilingue\",\"url\":\"https:\/\/lire-ecrire-compter.com\/?product=lynx-du-corps-humain-version-trilingue\",\"name\":\"Lynx du corps humain (version trilingue) - Lire \u00e9crire compter\",\"isPartOf\":{\"@id\":\"https:\/\/lire-ecrire-compter.com\/#website\"},\"primaryImageOfPage\":{\"@id\":\"https:\/\/lire-ecrire-compter.com\/?product=lynx-du-corps-humain-version-trilingue#primaryimage\"},\"image\":{\"@id\":\"https:\/\/lire-ecrire-compter.com\/?product=lynx-du-corps-humain-version-trilingue#primaryimage\"},\"thumbnailUrl\":\"https:\/\/lire-ecrire-compter.com\/wp-content\/uploads\/2020\/04\/img_29651-rotated-e1587578101601.jpg\",\"datePublished\":\"2020-04-23T11:32:51+00:00\",\"dateModified\":\"2022-02-01T15:41:18+00:00\",\"description\":\"Ce jeu de lecture vise l'enrichissement du vocabulaire autour du corps humain dans trois langues : le fran\u00e7ais, l'allemand et l'anglais. Il sollicite \u00e9galement le balayage visuel, dans le but d'am\u00e9liorer les performances en lecture rapide.\",\"breadcrumb\":{\"@id\":\"https:\/\/lire-ecrire-compter.com\/?product=lynx-du-corps-humain-version-trilingue#breadcrumb\"},\"inLanguage\":\"fr-FR\",\"potentialAction\":[{\"@type\":\"ReadAction\",\"target\":[\"https:\/\/lire-ecrire-compter.com\/?product=lynx-du-corps-humain-version-trilingue\"]}]},{\"@type\":\"ImageObject\",\"inLanguage\":\"fr-FR\",\"@id\":\"https:\/\/lire-ecrire-compter.com\/?product=lynx-du-corps-humain-version-trilingue#primaryimage\",\"url\":\"https:\/\/lire-ecrire-compter.com\/wp-content\/uploads\/2020\/04\/img_29651-rotated-e1587578101601.jpg\",\"contentUrl\":\"https:\/\/lire-ecrire-compter.com\/wp-content\/uploads\/2020\/04\/img_29651-rotated-e1587578101601.jpg\",\"width\":1200,\"height\":1200},{\"@type\":\"BreadcrumbList\",\"@id\":\"https:\/\/lire-ecrire-compter.com\/?product=lynx-du-corps-humain-version-trilingue#breadcrumb\",\"itemListElement\":[{\"@type\":\"ListItem\",\"position\":1,\"name\":\"Accueil\",\"item\":\"https:\/\/lire-ecrire-compter.com\/\"},{\"@type\":\"ListItem\",\"position\":2,\"name\":\"La bo\u00eete \u00e0 jeux\",\"item\":\"https:\/\/lire-ecrire-compter.com\/?page_id=747\"},{\"@type\":\"ListItem\",\"position\":3,\"name\":\"Lynx du corps humain (version trilingue)\"}]},{\"@type\":\"WebSite\",\"@id\":\"https:\/\/lire-ecrire-compter.com\/#website\",\"url\":\"https:\/\/lire-ecrire-compter.com\/\",\"name\":\"Lire \u00e9crire compter\",\"description\":\"Jouer pour apprendre\",\"potentialAction\":[{\"@type\":\"SearchAction\",\"target\":{\"@type\":\"EntryPoint\",\"urlTemplate\":\"https:\/\/lire-ecrire-compter.com\/?s={search_term_string}\"},\"query-input\":{\"@type\":\"PropertyValueSpecification\",\"valueRequired\":true,\"valueName\":\"search_term_string\"}}],\"inLanguage\":\"fr-FR\"}]}<\/script>\n<!-- \/ Yoast SEO plugin. -->","yoast_head_json":{"title":"Lynx du corps humain (version trilingue) - Lire \u00e9crire compter","description":"Ce jeu de lecture vise l'enrichissement du vocabulaire autour du corps humain dans trois langues : le fran\u00e7ais, l'allemand et l'anglais. Il sollicite \u00e9galement le balayage visuel, dans le but d'am\u00e9liorer les performances en lecture rapide.","robots":{"index":"index","follow":"follow","max-snippet":"max-snippet:-1","max-image-preview":"max-image-preview:large","max-video-preview":"max-video-preview:-1"},"canonical":"https:\/\/lire-ecrire-compter.com\/?product=lynx-du-corps-humain-version-trilingue","og_locale":"fr_FR","og_type":"article","og_title":"Lynx du corps humain (version trilingue) - Lire \u00e9crire compter","og_description":"Ce jeu de lecture vise l'enrichissement du vocabulaire autour du corps humain dans trois langues : le fran\u00e7ais, l'allemand et l'anglais. Il sollicite \u00e9galement le balayage visuel, dans le but d'am\u00e9liorer les performances en lecture rapide.","og_url":"https:\/\/lire-ecrire-compter.com\/?product=lynx-du-corps-humain-version-trilingue","og_site_name":"Lire \u00e9crire compter","article_modified_time":"2022-02-01T15:41:18+00:00","og_image":[{"width":1200,"height":1200,"url":"https:\/\/lire-ecrire-compter.com\/wp-content\/uploads\/2020\/04\/img_29651-rotated-e1587578101601.jpg","type":"image\/jpeg"}],"twitter_card":"summary_large_image","twitter_misc":{"Dur\u00e9e de lecture estim\u00e9e":"1 minute"},"schema":{"@context":"https:\/\/schema.org","@graph":[{"@type":"WebPage","@id":"https:\/\/lire-ecrire-compter.com\/?product=lynx-du-corps-humain-version-trilingue","url":"https:\/\/lire-ecrire-compter.com\/?product=lynx-du-corps-humain-version-trilingue","name":"Lynx du corps humain (version trilingue) - Lire \u00e9crire compter","isPartOf":{"@id":"https:\/\/lire-ecrire-compter.com\/#website"},"primaryImageOfPage":{"@id":"https:\/\/lire-ecrire-compter.com\/?product=lynx-du-corps-humain-version-trilingue#primaryimage"},"image":{"@id":"https:\/\/lire-ecrire-compter.com\/?product=lynx-du-corps-humain-version-trilingue#primaryimage"},"thumbnailUrl":"https:\/\/lire-ecrire-compter.com\/wp-content\/uploads\/2020\/04\/img_29651-rotated-e1587578101601.jpg","datePublished":"2020-04-23T11:32:51+00:00","dateModified":"2022-02-01T15:41:18+00:00","description":"Ce jeu de lecture vise l'enrichissement du vocabulaire autour du corps humain dans trois langues : le fran\u00e7ais, l'allemand et l'anglais. Il sollicite \u00e9galement le balayage visuel, dans le but d'am\u00e9liorer les performances en lecture rapide.","breadcrumb":{"@id":"https:\/\/lire-ecrire-compter.com\/?product=lynx-du-corps-humain-version-trilingue#breadcrumb"},"inLanguage":"fr-FR","potentialAction":[{"@type":"ReadAction","target":["https:\/\/lire-ecrire-compter.com\/?product=lynx-du-corps-humain-version-trilingue"]}]},{"@type":"ImageObject","inLanguage":"fr-FR","@id":"https:\/\/lire-ecrire-compter.com\/?product=lynx-du-corps-humain-version-trilingue#primaryimage","url":"https:\/\/lire-ecrire-compter.com\/wp-content\/uploads\/2020\/04\/img_29651-rotated-e1587578101601.jpg","contentUrl":"https:\/\/lire-ecrire-compter.com\/wp-content\/uploads\/2020\/04\/img_29651-rotated-e1587578101601.jpg","width":1200,"height":1200},{"@type":"BreadcrumbList","@id":"https:\/\/lire-ecrire-compter.com\/?product=lynx-du-corps-humain-version-trilingue#breadcrumb","itemListElement":[{"@type":"ListItem","position":1,"name":"Accueil","item":"https:\/\/lire-ecrire-compter.com\/"},{"@type":"ListItem","position":2,"name":"La bo\u00eete \u00e0 jeux","item":"https:\/\/lire-ecrire-compter.com\/?page_id=747"},{"@type":"ListItem","position":3,"name":"Lynx du corps humain (version trilingue)"}]},{"@type":"WebSite","@id":"https:\/\/lire-ecrire-compter.com\/#website","url":"https:\/\/lire-ecrire-compter.com\/","name":"Lire \u00e9crire compter","description":"Jouer pour apprendre","potentialAction":[{"@type":"SearchAction","target":{"@type":"EntryPoint","urlTemplate":"https:\/\/lire-ecrire-compter.com\/?s={search_term_string}"},"query-input":{"@type":"PropertyValueSpecification","valueRequired":true,"valueName":"search_term_string"}}],"inLanguage":"fr-FR"}]}},"_links":{"self":[{"href":"https:\/\/lire-ecrire-compter.com\/index.php?rest_route=\/wp\/v2\/product\/2945","targetHints":{"allow":["GET"]}}],"collection":[{"href":"https:\/\/lire-ecrire-compter.com\/index.php?rest_route=\/wp\/v2\/product"}],"about":[{"href":"https:\/\/lire-ecrire-compter.com\/index.php?rest_route=\/wp\/v2\/types\/product"}],"replies":[{"embeddable":true,"href":"https:\/\/lire-ecrire-compter.com\/index.php?rest_route=%2Fwp%2Fv2%2Fcomments&post=2945"}],"wp:featuredmedia":[{"embeddable":true,"href":"https:\/\/lire-ecrire-compter.com\/index.php?rest_route=\/wp\/v2\/media\/2944"}],"wp:attachment":[{"href":"https:\/\/lire-ecrire-compter.com\/index.php?rest_route=%2Fwp%2Fv2%2Fmedia&parent=2945"}],"wp:term":[{"taxonomy":"product_brand","embeddable":true,"href":"https:\/\/lire-ecrire-compter.com\/index.php?rest_route=%2Fwp%2Fv2%2Fproduct_brand&post=2945"},{"taxonomy":"product_cat","embeddable":true,"href":"https:\/\/lire-ecrire-compter.com\/index.php?rest_route=%2Fwp%2Fv2%2Fproduct_cat&post=2945"},{"taxonomy":"product_tag","embeddable":true,"href":"https:\/\/lire-ecrire-compter.com\/index.php?rest_route=%2Fwp%2Fv2%2Fproduct_tag&post=2945"}],"curies":[{"name":"wp","href":"https:\/\/api.w.org\/{rel}","templated":true}]}}