{"id":2890,"date":"2020-04-06T13:46:31","date_gmt":"2020-04-06T11:46:31","guid":{"rendered":"https:\/\/lire-ecrire-compter.com\/?post_type=product&#038;p=2890"},"modified":"2023-03-22T18:39:45","modified_gmt":"2023-03-22T17:39:45","slug":"1-pour-4-version-2020","status":"publish","type":"product","link":"https:\/\/lire-ecrire-compter.com\/?product=1-pour-4-version-2020","title":{"rendered":"1 pour 4 (version 2020)"},"content":{"rendered":"<p><span style=\"color: #92d001;\"><strong>BUT DU JEU<br \/>\nIl s&rsquo;agit de constituer le plus possible de familles de 5 cartes. Ces familles sont compos\u00e9es de 4 cartes\u00a0 d&rsquo;une m\u00eame cat\u00e9gorie et d&rsquo;une carte avec le nom g\u00e9n\u00e9rique de la cat\u00e9gorie.\u00a0<\/strong> Le jeu se joue sur un plateau\u00a0 permettant de poser 6 familles simultan\u00e9ment. D\u00e8s qu&rsquo;un joueur compl\u00e8te une famille, en posant la 5\u00e8me carte, il remporte toutes les cartes de la famille. Le joueur qui a pu constituer le plus de familles remporte la partie.<\/span><\/p>\n<p><span style=\"color: #ff5b72;\"><strong>COMPOSITION<\/strong><\/span><br \/>\n<span style=\"color: #ff5b72;\">Il se compose de <strong>95 cartes et <\/strong>d&rsquo;<strong>un plateau<\/strong>.<strong> Les cartes organis\u00e9es en 19 familles. Chaque famille comporte une carte avec le nom g\u00e9n\u00e9rique de la cat\u00e9gorie et 4 cartes avec un nom et un dessin d&rsquo;un \u00e9l\u00e9ment de la cat\u00e9gorie.<\/strong><\/span><\/p>\n<p><span style=\"color: #46acbf;\"><strong>OBJECTIFS<br \/>\nCe jeu aide \u00e0 d\u00e9velopper la compr\u00e9hension en lecture<\/strong>\u00a0<strong> en travaillant la cat\u00e9gorisation. <\/strong>Le joueur doit trouver des \u00e9l\u00e9ments qui se ressemblent et qui partagent des propri\u00e9t\u00e9s communes : les v\u00eatements, les fruits, les l\u00e9gumes&#8230; en faisant abstraction des diff\u00e9rences.<br \/>\nIl <strong>pr\u00e9pare aux inf\u00e9rences <\/strong>avec la mise en lien d\u2019\u00e9l\u00e9ments<strong> : \u00ab \u00e7a me fait penser \u00e0 \u2026 \u00bb.<br \/>\n<\/strong>Il permet aussi\u00a0 l&rsquo;enrichissement du vocabulaire.<\/span><br \/>\n<span style=\"color: #46acbf;\">Cette nouvelle <strong>version 2020<\/strong> introduit <strong>une composante strat\u00e9gique au jeu. <\/strong>En effet il s&rsquo;agit\u00a0 de <strong>d\u00e9terminer<\/strong> quelles sont les cartes \u00e0 garder, quelles sont les cartes \u00e0 poser et quand les poser.<\/span><\/p>\n<p>&nbsp;<\/p>\n<p>&nbsp;<\/p>\n","protected":false},"excerpt":{"rendered":"<p>BUT DU JEU Il s&rsquo;agit de constituer le plus possible de familles de 5 cartes. Ces familles sont compos\u00e9es de 4 cartes\u00a0 d&rsquo;une m\u00eame cat\u00e9gorie et d&rsquo;une carte avec le nom g\u00e9n\u00e9rique de la cat\u00e9gorie.\u00a0 Le jeu se joue sur un plateau\u00a0 permettant de poser&#8230;<\/p>\n","protected":false},"featured_media":2883,"comment_status":"open","ping_status":"closed","template":"","meta":{"give_campaign_id":0,"om_disable_all_campaigns":false,"_monsterinsights_skip_tracking":false,"_monsterinsights_sitenote_active":false,"_monsterinsights_sitenote_note":"","_monsterinsights_sitenote_category":0,"_uf_show_specific_survey":0,"_uf_disable_surveys":false},"product_brand":[],"product_cat":[116,147,98],"product_tag":[130,123,131],"class_list":{"0":"post-2890","1":"product","2":"type-product","3":"status-publish","4":"has-post-thumbnail","6":"product_cat-ce1","7":"product_cat-jeux","8":"product_cat-jeux-autour-de-la-lecture","9":"product_tag-categoriser","10":"product_tag-enrichir-le-vocabulaire","11":"product_tag-inferer-et-comprendre","13":"first","14":"instock","15":"downloadable","16":"virtual","17":"purchasable","18":"product-type-simple"},"yoast_head":"<!-- This site is optimized with the Yoast SEO plugin v27.1.1 - https:\/\/yoast.com\/product\/yoast-seo-wordpress\/ -->\n<title>1 pour 4 (version 2020) - Lire \u00e9crire compter<\/title>\n<meta name=\"description\" content=\"Ce jeu aide \u00e0 d\u00e9velopper la compr\u00e9hension en lecture\u00a0 en travaillant la cat\u00e9gorisation ; il faut trouver des \u00e9l\u00e9ments qui se ressemblent et qui partagent des propri\u00e9t\u00e9s communes : les v\u00eatements, les fruits, les l\u00e9gumes... en faisant abstraction des diff\u00e9rences. Il pr\u00e9pare aux inf\u00e9rences avec la mise en lien d\u2019\u00e9l\u00e9ments : \u00ab \u00e7a me fait penser \u00e0 \u2026 \u00bb. Il permet l&#039;enrichissement du vocabulaire.Cette nouvelle version 2020 introduit une composante strat\u00e9gique au jeu. En effet il s&#039;agit\u00a0 de d\u00e9terminer quelles sont les cartes \u00e0 garder, quelles sont les cartes \u00e0 poser et quand les poser.\" \/>\n<meta name=\"robots\" content=\"index, follow, max-snippet:-1, max-image-preview:large, max-video-preview:-1\" \/>\n<link rel=\"canonical\" href=\"https:\/\/lire-ecrire-compter.com\/?product=1-pour-4-version-2020\" \/>\n<meta property=\"og:locale\" content=\"fr_FR\" \/>\n<meta property=\"og:type\" content=\"article\" \/>\n<meta property=\"og:title\" content=\"1 pour 4 (version 2020) - Lire \u00e9crire compter\" \/>\n<meta property=\"og:description\" content=\"Ce jeu aide \u00e0 d\u00e9velopper la compr\u00e9hension en lecture\u00a0 en travaillant la cat\u00e9gorisation ; il faut trouver des \u00e9l\u00e9ments qui se ressemblent et qui partagent des propri\u00e9t\u00e9s communes : les v\u00eatements, les fruits, les l\u00e9gumes... en faisant abstraction des diff\u00e9rences. Il pr\u00e9pare aux inf\u00e9rences avec la mise en lien d\u2019\u00e9l\u00e9ments : \u00ab \u00e7a me fait penser \u00e0 \u2026 \u00bb. Il permet l&#039;enrichissement du vocabulaire.Cette nouvelle version 2020 introduit une composante strat\u00e9gique au jeu. En effet il s&#039;agit\u00a0 de d\u00e9terminer quelles sont les cartes \u00e0 garder, quelles sont les cartes \u00e0 poser et quand les poser.\" \/>\n<meta property=\"og:url\" content=\"https:\/\/lire-ecrire-compter.com\/?product=1-pour-4-version-2020\" \/>\n<meta property=\"og:site_name\" content=\"Lire \u00e9crire compter\" \/>\n<meta property=\"article:modified_time\" content=\"2023-03-22T17:39:45+00:00\" \/>\n<meta property=\"og:image\" content=\"https:\/\/lire-ecrire-compter.com\/wp-content\/uploads\/2020\/04\/1-pour-4_situation-jeu-e1586087171851.jpg\" \/>\n\t<meta property=\"og:image:width\" content=\"1200\" \/>\n\t<meta property=\"og:image:height\" content=\"1200\" \/>\n\t<meta property=\"og:image:type\" content=\"image\/jpeg\" \/>\n<meta name=\"twitter:card\" content=\"summary_large_image\" \/>\n<meta name=\"twitter:label1\" content=\"Dur\u00e9e de lecture estim\u00e9e\" \/>\n\t<meta name=\"twitter:data1\" content=\"1 minute\" \/>\n<script type=\"application\/ld+json\" class=\"yoast-schema-graph\">{\"@context\":\"https:\/\/schema.org\",\"@graph\":[{\"@type\":\"WebPage\",\"@id\":\"https:\/\/lire-ecrire-compter.com\/?product=1-pour-4-version-2020\",\"url\":\"https:\/\/lire-ecrire-compter.com\/?product=1-pour-4-version-2020\",\"name\":\"1 pour 4 (version 2020) - Lire \u00e9crire compter\",\"isPartOf\":{\"@id\":\"https:\/\/lire-ecrire-compter.com\/#website\"},\"primaryImageOfPage\":{\"@id\":\"https:\/\/lire-ecrire-compter.com\/?product=1-pour-4-version-2020#primaryimage\"},\"image\":{\"@id\":\"https:\/\/lire-ecrire-compter.com\/?product=1-pour-4-version-2020#primaryimage\"},\"thumbnailUrl\":\"https:\/\/lire-ecrire-compter.com\/wp-content\/uploads\/2020\/04\/1-pour-4_situation-jeu-e1586087171851.jpg\",\"datePublished\":\"2020-04-06T11:46:31+00:00\",\"dateModified\":\"2023-03-22T17:39:45+00:00\",\"description\":\"Ce jeu aide \u00e0 d\u00e9velopper la compr\u00e9hension en lecture\u00a0 en travaillant la cat\u00e9gorisation ; il faut trouver des \u00e9l\u00e9ments qui se ressemblent et qui partagent des propri\u00e9t\u00e9s communes : les v\u00eatements, les fruits, les l\u00e9gumes... en faisant abstraction des diff\u00e9rences. Il pr\u00e9pare aux inf\u00e9rences avec la mise en lien d\u2019\u00e9l\u00e9ments : \u00ab \u00e7a me fait penser \u00e0 \u2026 \u00bb. Il permet l'enrichissement du vocabulaire.Cette nouvelle version 2020 introduit une composante strat\u00e9gique au jeu. En effet il s'agit\u00a0 de d\u00e9terminer quelles sont les cartes \u00e0 garder, quelles sont les cartes \u00e0 poser et quand les poser.\",\"breadcrumb\":{\"@id\":\"https:\/\/lire-ecrire-compter.com\/?product=1-pour-4-version-2020#breadcrumb\"},\"inLanguage\":\"fr-FR\",\"potentialAction\":[{\"@type\":\"ReadAction\",\"target\":[\"https:\/\/lire-ecrire-compter.com\/?product=1-pour-4-version-2020\"]}]},{\"@type\":\"ImageObject\",\"inLanguage\":\"fr-FR\",\"@id\":\"https:\/\/lire-ecrire-compter.com\/?product=1-pour-4-version-2020#primaryimage\",\"url\":\"https:\/\/lire-ecrire-compter.com\/wp-content\/uploads\/2020\/04\/1-pour-4_situation-jeu-e1586087171851.jpg\",\"contentUrl\":\"https:\/\/lire-ecrire-compter.com\/wp-content\/uploads\/2020\/04\/1-pour-4_situation-jeu-e1586087171851.jpg\",\"width\":1200,\"height\":1200},{\"@type\":\"BreadcrumbList\",\"@id\":\"https:\/\/lire-ecrire-compter.com\/?product=1-pour-4-version-2020#breadcrumb\",\"itemListElement\":[{\"@type\":\"ListItem\",\"position\":1,\"name\":\"Accueil\",\"item\":\"https:\/\/lire-ecrire-compter.com\/\"},{\"@type\":\"ListItem\",\"position\":2,\"name\":\"La bo\u00eete \u00e0 jeux\",\"item\":\"https:\/\/lire-ecrire-compter.com\/?page_id=747\"},{\"@type\":\"ListItem\",\"position\":3,\"name\":\"1 pour 4 (version 2020)\"}]},{\"@type\":\"WebSite\",\"@id\":\"https:\/\/lire-ecrire-compter.com\/#website\",\"url\":\"https:\/\/lire-ecrire-compter.com\/\",\"name\":\"Lire \u00e9crire compter\",\"description\":\"Jouer pour apprendre\",\"potentialAction\":[{\"@type\":\"SearchAction\",\"target\":{\"@type\":\"EntryPoint\",\"urlTemplate\":\"https:\/\/lire-ecrire-compter.com\/?s={search_term_string}\"},\"query-input\":{\"@type\":\"PropertyValueSpecification\",\"valueRequired\":true,\"valueName\":\"search_term_string\"}}],\"inLanguage\":\"fr-FR\"}]}<\/script>\n<!-- \/ Yoast SEO plugin. -->","yoast_head_json":{"title":"1 pour 4 (version 2020) - Lire \u00e9crire compter","description":"Ce jeu aide \u00e0 d\u00e9velopper la compr\u00e9hension en lecture\u00a0 en travaillant la cat\u00e9gorisation ; il faut trouver des \u00e9l\u00e9ments qui se ressemblent et qui partagent des propri\u00e9t\u00e9s communes : les v\u00eatements, les fruits, les l\u00e9gumes... en faisant abstraction des diff\u00e9rences. Il pr\u00e9pare aux inf\u00e9rences avec la mise en lien d\u2019\u00e9l\u00e9ments : \u00ab \u00e7a me fait penser \u00e0 \u2026 \u00bb. Il permet l'enrichissement du vocabulaire.Cette nouvelle version 2020 introduit une composante strat\u00e9gique au jeu. En effet il s'agit\u00a0 de d\u00e9terminer quelles sont les cartes \u00e0 garder, quelles sont les cartes \u00e0 poser et quand les poser.","robots":{"index":"index","follow":"follow","max-snippet":"max-snippet:-1","max-image-preview":"max-image-preview:large","max-video-preview":"max-video-preview:-1"},"canonical":"https:\/\/lire-ecrire-compter.com\/?product=1-pour-4-version-2020","og_locale":"fr_FR","og_type":"article","og_title":"1 pour 4 (version 2020) - Lire \u00e9crire compter","og_description":"Ce jeu aide \u00e0 d\u00e9velopper la compr\u00e9hension en lecture\u00a0 en travaillant la cat\u00e9gorisation ; il faut trouver des \u00e9l\u00e9ments qui se ressemblent et qui partagent des propri\u00e9t\u00e9s communes : les v\u00eatements, les fruits, les l\u00e9gumes... en faisant abstraction des diff\u00e9rences. Il pr\u00e9pare aux inf\u00e9rences avec la mise en lien d\u2019\u00e9l\u00e9ments : \u00ab \u00e7a me fait penser \u00e0 \u2026 \u00bb. Il permet l'enrichissement du vocabulaire.Cette nouvelle version 2020 introduit une composante strat\u00e9gique au jeu. En effet il s'agit\u00a0 de d\u00e9terminer quelles sont les cartes \u00e0 garder, quelles sont les cartes \u00e0 poser et quand les poser.","og_url":"https:\/\/lire-ecrire-compter.com\/?product=1-pour-4-version-2020","og_site_name":"Lire \u00e9crire compter","article_modified_time":"2023-03-22T17:39:45+00:00","og_image":[{"width":1200,"height":1200,"url":"https:\/\/lire-ecrire-compter.com\/wp-content\/uploads\/2020\/04\/1-pour-4_situation-jeu-e1586087171851.jpg","type":"image\/jpeg"}],"twitter_card":"summary_large_image","twitter_misc":{"Dur\u00e9e de lecture estim\u00e9e":"1 minute"},"schema":{"@context":"https:\/\/schema.org","@graph":[{"@type":"WebPage","@id":"https:\/\/lire-ecrire-compter.com\/?product=1-pour-4-version-2020","url":"https:\/\/lire-ecrire-compter.com\/?product=1-pour-4-version-2020","name":"1 pour 4 (version 2020) - Lire \u00e9crire compter","isPartOf":{"@id":"https:\/\/lire-ecrire-compter.com\/#website"},"primaryImageOfPage":{"@id":"https:\/\/lire-ecrire-compter.com\/?product=1-pour-4-version-2020#primaryimage"},"image":{"@id":"https:\/\/lire-ecrire-compter.com\/?product=1-pour-4-version-2020#primaryimage"},"thumbnailUrl":"https:\/\/lire-ecrire-compter.com\/wp-content\/uploads\/2020\/04\/1-pour-4_situation-jeu-e1586087171851.jpg","datePublished":"2020-04-06T11:46:31+00:00","dateModified":"2023-03-22T17:39:45+00:00","description":"Ce jeu aide \u00e0 d\u00e9velopper la compr\u00e9hension en lecture\u00a0 en travaillant la cat\u00e9gorisation ; il faut trouver des \u00e9l\u00e9ments qui se ressemblent et qui partagent des propri\u00e9t\u00e9s communes : les v\u00eatements, les fruits, les l\u00e9gumes... en faisant abstraction des diff\u00e9rences. Il pr\u00e9pare aux inf\u00e9rences avec la mise en lien d\u2019\u00e9l\u00e9ments : \u00ab \u00e7a me fait penser \u00e0 \u2026 \u00bb. Il permet l'enrichissement du vocabulaire.Cette nouvelle version 2020 introduit une composante strat\u00e9gique au jeu. En effet il s'agit\u00a0 de d\u00e9terminer quelles sont les cartes \u00e0 garder, quelles sont les cartes \u00e0 poser et quand les poser.","breadcrumb":{"@id":"https:\/\/lire-ecrire-compter.com\/?product=1-pour-4-version-2020#breadcrumb"},"inLanguage":"fr-FR","potentialAction":[{"@type":"ReadAction","target":["https:\/\/lire-ecrire-compter.com\/?product=1-pour-4-version-2020"]}]},{"@type":"ImageObject","inLanguage":"fr-FR","@id":"https:\/\/lire-ecrire-compter.com\/?product=1-pour-4-version-2020#primaryimage","url":"https:\/\/lire-ecrire-compter.com\/wp-content\/uploads\/2020\/04\/1-pour-4_situation-jeu-e1586087171851.jpg","contentUrl":"https:\/\/lire-ecrire-compter.com\/wp-content\/uploads\/2020\/04\/1-pour-4_situation-jeu-e1586087171851.jpg","width":1200,"height":1200},{"@type":"BreadcrumbList","@id":"https:\/\/lire-ecrire-compter.com\/?product=1-pour-4-version-2020#breadcrumb","itemListElement":[{"@type":"ListItem","position":1,"name":"Accueil","item":"https:\/\/lire-ecrire-compter.com\/"},{"@type":"ListItem","position":2,"name":"La bo\u00eete \u00e0 jeux","item":"https:\/\/lire-ecrire-compter.com\/?page_id=747"},{"@type":"ListItem","position":3,"name":"1 pour 4 (version 2020)"}]},{"@type":"WebSite","@id":"https:\/\/lire-ecrire-compter.com\/#website","url":"https:\/\/lire-ecrire-compter.com\/","name":"Lire \u00e9crire compter","description":"Jouer pour apprendre","potentialAction":[{"@type":"SearchAction","target":{"@type":"EntryPoint","urlTemplate":"https:\/\/lire-ecrire-compter.com\/?s={search_term_string}"},"query-input":{"@type":"PropertyValueSpecification","valueRequired":true,"valueName":"search_term_string"}}],"inLanguage":"fr-FR"}]}},"_links":{"self":[{"href":"https:\/\/lire-ecrire-compter.com\/index.php?rest_route=\/wp\/v2\/product\/2890","targetHints":{"allow":["GET"]}}],"collection":[{"href":"https:\/\/lire-ecrire-compter.com\/index.php?rest_route=\/wp\/v2\/product"}],"about":[{"href":"https:\/\/lire-ecrire-compter.com\/index.php?rest_route=\/wp\/v2\/types\/product"}],"replies":[{"embeddable":true,"href":"https:\/\/lire-ecrire-compter.com\/index.php?rest_route=%2Fwp%2Fv2%2Fcomments&post=2890"}],"wp:featuredmedia":[{"embeddable":true,"href":"https:\/\/lire-ecrire-compter.com\/index.php?rest_route=\/wp\/v2\/media\/2883"}],"wp:attachment":[{"href":"https:\/\/lire-ecrire-compter.com\/index.php?rest_route=%2Fwp%2Fv2%2Fmedia&parent=2890"}],"wp:term":[{"taxonomy":"product_brand","embeddable":true,"href":"https:\/\/lire-ecrire-compter.com\/index.php?rest_route=%2Fwp%2Fv2%2Fproduct_brand&post=2890"},{"taxonomy":"product_cat","embeddable":true,"href":"https:\/\/lire-ecrire-compter.com\/index.php?rest_route=%2Fwp%2Fv2%2Fproduct_cat&post=2890"},{"taxonomy":"product_tag","embeddable":true,"href":"https:\/\/lire-ecrire-compter.com\/index.php?rest_route=%2Fwp%2Fv2%2Fproduct_tag&post=2890"}],"curies":[{"name":"wp","href":"https:\/\/api.w.org\/{rel}","templated":true}]}}