{"id":2169,"date":"2020-03-06T10:52:34","date_gmt":"2020-03-06T09:52:34","guid":{"rendered":"https:\/\/lire-ecrire-compter.com\/?product=import-placeholder-for-65324"},"modified":"2022-02-01T17:24:02","modified_gmt":"2022-02-01T16:24:02","slug":"la-grenouille-de-la-table-x9","status":"publish","type":"product","link":"https:\/\/lire-ecrire-compter.com\/?product=la-grenouille-de-la-table-x9","title":{"rendered":"La grenouille de la table x9"},"content":{"rendered":"<p><span style=\"color: #46acbf;\">Une histoire in\u00e9dite et une marionnette de doigt pour aider \u00e0 la m\u00e9morisation de la table de multiplication par 9.<\/span><\/p>\n","protected":false},"excerpt":{"rendered":"<p>Une histoire in\u00e9dite et une marionnette de doigt pour aider \u00e0 la m\u00e9morisation de la table de multiplication par 9.<\/p>\n","protected":false},"featured_media":3153,"comment_status":"open","ping_status":"closed","template":"","meta":{"give_campaign_id":0,"om_disable_all_campaigns":false,"_monsterinsights_skip_tracking":false,"_monsterinsights_sitenote_active":false,"_monsterinsights_sitenote_note":"","_monsterinsights_sitenote_category":0,"_uf_show_specific_survey":0,"_uf_disable_surveys":false},"product_brand":[],"product_cat":[105,144,143],"product_tag":[145,127],"class_list":{"0":"post-2169","1":"product","2":"type-product","3":"status-publish","4":"has-post-thumbnail","6":"product_cat-outils","7":"product_cat-outils-pour-manipuler","8":"product_cat-outils-pour-memoriser","9":"product_tag-calculer-un-produit-ou-un-quotient","10":"product_tag-memoriser-les-tables-de-multiplication","12":"first","13":"instock","14":"downloadable","15":"virtual","16":"purchasable","17":"product-type-simple"},"yoast_head":"<!-- This site is optimized with the Yoast SEO plugin v27.1.1 - https:\/\/yoast.com\/product\/yoast-seo-wordpress\/ -->\n<title>La grenouille de la table x9 - Lire \u00e9crire compter<\/title>\n<meta name=\"robots\" content=\"index, follow, max-snippet:-1, max-image-preview:large, max-video-preview:-1\" \/>\n<link rel=\"canonical\" href=\"https:\/\/lire-ecrire-compter.com\/?product=la-grenouille-de-la-table-x9\" \/>\n<meta property=\"og:locale\" content=\"fr_FR\" \/>\n<meta property=\"og:type\" content=\"article\" \/>\n<meta property=\"og:title\" content=\"La grenouille de la table x9 - Lire \u00e9crire compter\" \/>\n<meta property=\"og:description\" content=\"Une histoire in\u00e9dite et une marionnette de doigt pour aider \u00e0 la m\u00e9morisation de la table de multiplication par 9.\" \/>\n<meta property=\"og:url\" content=\"https:\/\/lire-ecrire-compter.com\/?product=la-grenouille-de-la-table-x9\" \/>\n<meta property=\"og:site_name\" content=\"Lire \u00e9crire compter\" \/>\n<meta property=\"article:modified_time\" content=\"2022-02-01T16:24:02+00:00\" \/>\n<meta property=\"og:image\" content=\"https:\/\/lire-ecrire-compter.com\/wp-content\/uploads\/2021\/02\/correction_table-des-9.jpg\" \/>\n\t<meta property=\"og:image:width\" content=\"640\" \/>\n\t<meta property=\"og:image:height\" content=\"682\" \/>\n\t<meta property=\"og:image:type\" content=\"image\/jpeg\" \/>\n<meta name=\"twitter:card\" content=\"summary_large_image\" \/>\n<script type=\"application\/ld+json\" class=\"yoast-schema-graph\">{\"@context\":\"https:\/\/schema.org\",\"@graph\":[{\"@type\":\"WebPage\",\"@id\":\"https:\/\/lire-ecrire-compter.com\/?product=la-grenouille-de-la-table-x9\",\"url\":\"https:\/\/lire-ecrire-compter.com\/?product=la-grenouille-de-la-table-x9\",\"name\":\"La grenouille de la table x9 - Lire \u00e9crire compter\",\"isPartOf\":{\"@id\":\"https:\/\/lire-ecrire-compter.com\/#website\"},\"primaryImageOfPage\":{\"@id\":\"https:\/\/lire-ecrire-compter.com\/?product=la-grenouille-de-la-table-x9#primaryimage\"},\"image\":{\"@id\":\"https:\/\/lire-ecrire-compter.com\/?product=la-grenouille-de-la-table-x9#primaryimage\"},\"thumbnailUrl\":\"https:\/\/lire-ecrire-compter.com\/wp-content\/uploads\/2021\/02\/correction_table-des-9.jpg\",\"datePublished\":\"2020-03-06T09:52:34+00:00\",\"dateModified\":\"2022-02-01T16:24:02+00:00\",\"breadcrumb\":{\"@id\":\"https:\/\/lire-ecrire-compter.com\/?product=la-grenouille-de-la-table-x9#breadcrumb\"},\"inLanguage\":\"fr-FR\",\"potentialAction\":[{\"@type\":\"ReadAction\",\"target\":[\"https:\/\/lire-ecrire-compter.com\/?product=la-grenouille-de-la-table-x9\"]}]},{\"@type\":\"ImageObject\",\"inLanguage\":\"fr-FR\",\"@id\":\"https:\/\/lire-ecrire-compter.com\/?product=la-grenouille-de-la-table-x9#primaryimage\",\"url\":\"https:\/\/lire-ecrire-compter.com\/wp-content\/uploads\/2021\/02\/correction_table-des-9.jpg\",\"contentUrl\":\"https:\/\/lire-ecrire-compter.com\/wp-content\/uploads\/2021\/02\/correction_table-des-9.jpg\",\"width\":640,\"height\":682},{\"@type\":\"BreadcrumbList\",\"@id\":\"https:\/\/lire-ecrire-compter.com\/?product=la-grenouille-de-la-table-x9#breadcrumb\",\"itemListElement\":[{\"@type\":\"ListItem\",\"position\":1,\"name\":\"Accueil\",\"item\":\"https:\/\/lire-ecrire-compter.com\/\"},{\"@type\":\"ListItem\",\"position\":2,\"name\":\"La bo\u00eete \u00e0 jeux\",\"item\":\"https:\/\/lire-ecrire-compter.com\/?page_id=747\"},{\"@type\":\"ListItem\",\"position\":3,\"name\":\"La grenouille de la table x9\"}]},{\"@type\":\"WebSite\",\"@id\":\"https:\/\/lire-ecrire-compter.com\/#website\",\"url\":\"https:\/\/lire-ecrire-compter.com\/\",\"name\":\"Lire \u00e9crire compter\",\"description\":\"Jouer pour apprendre\",\"potentialAction\":[{\"@type\":\"SearchAction\",\"target\":{\"@type\":\"EntryPoint\",\"urlTemplate\":\"https:\/\/lire-ecrire-compter.com\/?s={search_term_string}\"},\"query-input\":{\"@type\":\"PropertyValueSpecification\",\"valueRequired\":true,\"valueName\":\"search_term_string\"}}],\"inLanguage\":\"fr-FR\"}]}<\/script>\n<!-- \/ Yoast SEO plugin. -->","yoast_head_json":{"title":"La grenouille de la table x9 - Lire \u00e9crire compter","robots":{"index":"index","follow":"follow","max-snippet":"max-snippet:-1","max-image-preview":"max-image-preview:large","max-video-preview":"max-video-preview:-1"},"canonical":"https:\/\/lire-ecrire-compter.com\/?product=la-grenouille-de-la-table-x9","og_locale":"fr_FR","og_type":"article","og_title":"La grenouille de la table x9 - Lire \u00e9crire compter","og_description":"Une histoire in\u00e9dite et une marionnette de doigt pour aider \u00e0 la m\u00e9morisation de la table de multiplication par 9.","og_url":"https:\/\/lire-ecrire-compter.com\/?product=la-grenouille-de-la-table-x9","og_site_name":"Lire \u00e9crire compter","article_modified_time":"2022-02-01T16:24:02+00:00","og_image":[{"width":640,"height":682,"url":"https:\/\/lire-ecrire-compter.com\/wp-content\/uploads\/2021\/02\/correction_table-des-9.jpg","type":"image\/jpeg"}],"twitter_card":"summary_large_image","schema":{"@context":"https:\/\/schema.org","@graph":[{"@type":"WebPage","@id":"https:\/\/lire-ecrire-compter.com\/?product=la-grenouille-de-la-table-x9","url":"https:\/\/lire-ecrire-compter.com\/?product=la-grenouille-de-la-table-x9","name":"La grenouille de la table x9 - Lire \u00e9crire compter","isPartOf":{"@id":"https:\/\/lire-ecrire-compter.com\/#website"},"primaryImageOfPage":{"@id":"https:\/\/lire-ecrire-compter.com\/?product=la-grenouille-de-la-table-x9#primaryimage"},"image":{"@id":"https:\/\/lire-ecrire-compter.com\/?product=la-grenouille-de-la-table-x9#primaryimage"},"thumbnailUrl":"https:\/\/lire-ecrire-compter.com\/wp-content\/uploads\/2021\/02\/correction_table-des-9.jpg","datePublished":"2020-03-06T09:52:34+00:00","dateModified":"2022-02-01T16:24:02+00:00","breadcrumb":{"@id":"https:\/\/lire-ecrire-compter.com\/?product=la-grenouille-de-la-table-x9#breadcrumb"},"inLanguage":"fr-FR","potentialAction":[{"@type":"ReadAction","target":["https:\/\/lire-ecrire-compter.com\/?product=la-grenouille-de-la-table-x9"]}]},{"@type":"ImageObject","inLanguage":"fr-FR","@id":"https:\/\/lire-ecrire-compter.com\/?product=la-grenouille-de-la-table-x9#primaryimage","url":"https:\/\/lire-ecrire-compter.com\/wp-content\/uploads\/2021\/02\/correction_table-des-9.jpg","contentUrl":"https:\/\/lire-ecrire-compter.com\/wp-content\/uploads\/2021\/02\/correction_table-des-9.jpg","width":640,"height":682},{"@type":"BreadcrumbList","@id":"https:\/\/lire-ecrire-compter.com\/?product=la-grenouille-de-la-table-x9#breadcrumb","itemListElement":[{"@type":"ListItem","position":1,"name":"Accueil","item":"https:\/\/lire-ecrire-compter.com\/"},{"@type":"ListItem","position":2,"name":"La bo\u00eete \u00e0 jeux","item":"https:\/\/lire-ecrire-compter.com\/?page_id=747"},{"@type":"ListItem","position":3,"name":"La grenouille de la table x9"}]},{"@type":"WebSite","@id":"https:\/\/lire-ecrire-compter.com\/#website","url":"https:\/\/lire-ecrire-compter.com\/","name":"Lire \u00e9crire compter","description":"Jouer pour apprendre","potentialAction":[{"@type":"SearchAction","target":{"@type":"EntryPoint","urlTemplate":"https:\/\/lire-ecrire-compter.com\/?s={search_term_string}"},"query-input":{"@type":"PropertyValueSpecification","valueRequired":true,"valueName":"search_term_string"}}],"inLanguage":"fr-FR"}]}},"_links":{"self":[{"href":"https:\/\/lire-ecrire-compter.com\/index.php?rest_route=\/wp\/v2\/product\/2169","targetHints":{"allow":["GET"]}}],"collection":[{"href":"https:\/\/lire-ecrire-compter.com\/index.php?rest_route=\/wp\/v2\/product"}],"about":[{"href":"https:\/\/lire-ecrire-compter.com\/index.php?rest_route=\/wp\/v2\/types\/product"}],"replies":[{"embeddable":true,"href":"https:\/\/lire-ecrire-compter.com\/index.php?rest_route=%2Fwp%2Fv2%2Fcomments&post=2169"}],"wp:featuredmedia":[{"embeddable":true,"href":"https:\/\/lire-ecrire-compter.com\/index.php?rest_route=\/wp\/v2\/media\/3153"}],"wp:attachment":[{"href":"https:\/\/lire-ecrire-compter.com\/index.php?rest_route=%2Fwp%2Fv2%2Fmedia&parent=2169"}],"wp:term":[{"taxonomy":"product_brand","embeddable":true,"href":"https:\/\/lire-ecrire-compter.com\/index.php?rest_route=%2Fwp%2Fv2%2Fproduct_brand&post=2169"},{"taxonomy":"product_cat","embeddable":true,"href":"https:\/\/lire-ecrire-compter.com\/index.php?rest_route=%2Fwp%2Fv2%2Fproduct_cat&post=2169"},{"taxonomy":"product_tag","embeddable":true,"href":"https:\/\/lire-ecrire-compter.com\/index.php?rest_route=%2Fwp%2Fv2%2Fproduct_tag&post=2169"}],"curies":[{"name":"wp","href":"https:\/\/api.w.org\/{rel}","templated":true}]}}