{"id":2166,"date":"2020-03-06T10:52:34","date_gmt":"2020-03-06T09:52:34","guid":{"rendered":"https:\/\/lire-ecrire-compter.com\/?product=import-placeholder-for-65259"},"modified":"2022-10-14T20:01:44","modified_gmt":"2022-10-14T18:01:44","slug":"nombres-gigognes","status":"publish","type":"product","link":"https:\/\/lire-ecrire-compter.com\/?product=nombres-gigognes","title":{"rendered":"Nombres gigognes"},"content":{"rendered":"<p style=\"padding-left: 40px;\"><span style=\"color: #46acbf;\">Un outil con\u00e7u par \u00c9douard Seguin sous le nom \u00ab\u00a0d&rsquo;\u00e9chelles Seguin\u00a0\u00bb puis utilis\u00e9 par Maria Montessori sous le nom de \u00ab\u00a0cartes des nombres Montessori\u00a0\u00bb.<\/span><br \/>\n<span style=\"color: #46acbf;\">Il aide les enfants \u00e0 faire le lien entre l&rsquo;\u00e9criture du nombre en chiffres et la lecture de ce nombre qui est bas\u00e9e sur une num\u00e9ration de type additive et multiplicative.<\/span><br \/>\n<span style=\"color: #46acbf;\">Ce mat\u00e9riel permet \u00e9galement de m\u00e9moriser la d\u00e9composition canonique des nombres qui correspond aux mots-nombres utilis\u00e9s. Ex : 6358 = 6000 + 300 + 50 + 8<br \/>\n<\/span><\/p>\n","protected":false},"excerpt":{"rendered":"<p>Un outil con\u00e7u par \u00c9douard Seguin sous le nom \u00ab\u00a0d&rsquo;\u00e9chelles Seguin\u00a0\u00bb puis utilis\u00e9 par Maria Montessori sous le nom de \u00ab\u00a0cartes des nombres Montessori\u00a0\u00bb. Il aide les enfants \u00e0 faire le lien entre l&rsquo;\u00e9criture du nombre en chiffres et la lecture de ce nombre qui&#8230;<\/p>\n","protected":false},"featured_media":2246,"comment_status":"open","ping_status":"closed","template":"","meta":{"give_campaign_id":0,"om_disable_all_campaigns":false,"_monsterinsights_skip_tracking":false,"_monsterinsights_sitenote_active":false,"_monsterinsights_sitenote_note":"","_monsterinsights_sitenote_category":0,"_uf_show_specific_survey":0,"_uf_disable_surveys":false},"product_brand":[],"product_cat":[105,144],"product_tag":[87,45,117],"class_list":{"0":"post-2166","1":"product","2":"type-product","3":"status-publish","4":"has-post-thumbnail","6":"product_cat-outils","7":"product_cat-outils-pour-manipuler","8":"product_tag-comprendre-le-systeme-numerique","9":"product_tag-compter","10":"product_tag-lire-et-ecrire-les-nombres-en-chiffres-ou-en-lettres","12":"first","13":"instock","14":"downloadable","15":"virtual","16":"purchasable","17":"product-type-simple"},"yoast_head":"<!-- This site is optimized with the Yoast SEO plugin v27.1.1 - https:\/\/yoast.com\/product\/yoast-seo-wordpress\/ -->\n<title>Nombres gigognes - Lire \u00e9crire compter<\/title>\n<meta name=\"robots\" content=\"index, follow, max-snippet:-1, max-image-preview:large, max-video-preview:-1\" \/>\n<link rel=\"canonical\" href=\"https:\/\/lire-ecrire-compter.com\/?product=nombres-gigognes\" \/>\n<meta property=\"og:locale\" content=\"fr_FR\" \/>\n<meta property=\"og:type\" content=\"article\" \/>\n<meta property=\"og:title\" content=\"Nombres gigognes - Lire \u00e9crire compter\" \/>\n<meta property=\"og:description\" content=\"Un outil con\u00e7u par \u00c9douard Seguin sous le nom \u00ab\u00a0d&rsquo;\u00e9chelles Seguin\u00a0\u00bb puis utilis\u00e9 par Maria Montessori sous le nom de \u00ab\u00a0cartes des nombres Montessori\u00a0\u00bb. Il aide les enfants \u00e0 faire le lien entre l&rsquo;\u00e9criture du nombre en chiffres et la lecture de ce nombre qui...\" \/>\n<meta property=\"og:url\" content=\"https:\/\/lire-ecrire-compter.com\/?product=nombres-gigognes\" \/>\n<meta property=\"og:site_name\" content=\"Lire \u00e9crire compter\" \/>\n<meta property=\"article:modified_time\" content=\"2022-10-14T18:01:44+00:00\" \/>\n<meta property=\"og:image\" content=\"https:\/\/lire-ecrire-compter.com\/wp-content\/uploads\/2020\/03\/nombres-gigognes_couleur.jpg\" \/>\n\t<meta property=\"og:image:width\" content=\"539\" \/>\n\t<meta property=\"og:image:height\" content=\"539\" \/>\n\t<meta property=\"og:image:type\" content=\"image\/jpeg\" \/>\n<meta name=\"twitter:card\" content=\"summary_large_image\" \/>\n<script type=\"application\/ld+json\" class=\"yoast-schema-graph\">{\"@context\":\"https:\/\/schema.org\",\"@graph\":[{\"@type\":\"WebPage\",\"@id\":\"https:\/\/lire-ecrire-compter.com\/?product=nombres-gigognes\",\"url\":\"https:\/\/lire-ecrire-compter.com\/?product=nombres-gigognes\",\"name\":\"Nombres gigognes - Lire \u00e9crire compter\",\"isPartOf\":{\"@id\":\"https:\/\/lire-ecrire-compter.com\/#website\"},\"primaryImageOfPage\":{\"@id\":\"https:\/\/lire-ecrire-compter.com\/?product=nombres-gigognes#primaryimage\"},\"image\":{\"@id\":\"https:\/\/lire-ecrire-compter.com\/?product=nombres-gigognes#primaryimage\"},\"thumbnailUrl\":\"https:\/\/lire-ecrire-compter.com\/wp-content\/uploads\/2020\/03\/nombres-gigognes_couleur.jpg\",\"datePublished\":\"2020-03-06T09:52:34+00:00\",\"dateModified\":\"2022-10-14T18:01:44+00:00\",\"breadcrumb\":{\"@id\":\"https:\/\/lire-ecrire-compter.com\/?product=nombres-gigognes#breadcrumb\"},\"inLanguage\":\"fr-FR\",\"potentialAction\":[{\"@type\":\"ReadAction\",\"target\":[\"https:\/\/lire-ecrire-compter.com\/?product=nombres-gigognes\"]}]},{\"@type\":\"ImageObject\",\"inLanguage\":\"fr-FR\",\"@id\":\"https:\/\/lire-ecrire-compter.com\/?product=nombres-gigognes#primaryimage\",\"url\":\"https:\/\/lire-ecrire-compter.com\/wp-content\/uploads\/2020\/03\/nombres-gigognes_couleur.jpg\",\"contentUrl\":\"https:\/\/lire-ecrire-compter.com\/wp-content\/uploads\/2020\/03\/nombres-gigognes_couleur.jpg\",\"width\":539,\"height\":539},{\"@type\":\"BreadcrumbList\",\"@id\":\"https:\/\/lire-ecrire-compter.com\/?product=nombres-gigognes#breadcrumb\",\"itemListElement\":[{\"@type\":\"ListItem\",\"position\":1,\"name\":\"Accueil\",\"item\":\"https:\/\/lire-ecrire-compter.com\/\"},{\"@type\":\"ListItem\",\"position\":2,\"name\":\"La bo\u00eete \u00e0 jeux\",\"item\":\"https:\/\/lire-ecrire-compter.com\/?page_id=747\"},{\"@type\":\"ListItem\",\"position\":3,\"name\":\"Nombres gigognes\"}]},{\"@type\":\"WebSite\",\"@id\":\"https:\/\/lire-ecrire-compter.com\/#website\",\"url\":\"https:\/\/lire-ecrire-compter.com\/\",\"name\":\"Lire \u00e9crire compter\",\"description\":\"Jouer pour apprendre\",\"potentialAction\":[{\"@type\":\"SearchAction\",\"target\":{\"@type\":\"EntryPoint\",\"urlTemplate\":\"https:\/\/lire-ecrire-compter.com\/?s={search_term_string}\"},\"query-input\":{\"@type\":\"PropertyValueSpecification\",\"valueRequired\":true,\"valueName\":\"search_term_string\"}}],\"inLanguage\":\"fr-FR\"}]}<\/script>\n<!-- \/ Yoast SEO plugin. -->","yoast_head_json":{"title":"Nombres gigognes - Lire \u00e9crire compter","robots":{"index":"index","follow":"follow","max-snippet":"max-snippet:-1","max-image-preview":"max-image-preview:large","max-video-preview":"max-video-preview:-1"},"canonical":"https:\/\/lire-ecrire-compter.com\/?product=nombres-gigognes","og_locale":"fr_FR","og_type":"article","og_title":"Nombres gigognes - Lire \u00e9crire compter","og_description":"Un outil con\u00e7u par \u00c9douard Seguin sous le nom \u00ab\u00a0d&rsquo;\u00e9chelles Seguin\u00a0\u00bb puis utilis\u00e9 par Maria Montessori sous le nom de \u00ab\u00a0cartes des nombres Montessori\u00a0\u00bb. Il aide les enfants \u00e0 faire le lien entre l&rsquo;\u00e9criture du nombre en chiffres et la lecture de ce nombre qui...","og_url":"https:\/\/lire-ecrire-compter.com\/?product=nombres-gigognes","og_site_name":"Lire \u00e9crire compter","article_modified_time":"2022-10-14T18:01:44+00:00","og_image":[{"width":539,"height":539,"url":"https:\/\/lire-ecrire-compter.com\/wp-content\/uploads\/2020\/03\/nombres-gigognes_couleur.jpg","type":"image\/jpeg"}],"twitter_card":"summary_large_image","schema":{"@context":"https:\/\/schema.org","@graph":[{"@type":"WebPage","@id":"https:\/\/lire-ecrire-compter.com\/?product=nombres-gigognes","url":"https:\/\/lire-ecrire-compter.com\/?product=nombres-gigognes","name":"Nombres gigognes - Lire \u00e9crire compter","isPartOf":{"@id":"https:\/\/lire-ecrire-compter.com\/#website"},"primaryImageOfPage":{"@id":"https:\/\/lire-ecrire-compter.com\/?product=nombres-gigognes#primaryimage"},"image":{"@id":"https:\/\/lire-ecrire-compter.com\/?product=nombres-gigognes#primaryimage"},"thumbnailUrl":"https:\/\/lire-ecrire-compter.com\/wp-content\/uploads\/2020\/03\/nombres-gigognes_couleur.jpg","datePublished":"2020-03-06T09:52:34+00:00","dateModified":"2022-10-14T18:01:44+00:00","breadcrumb":{"@id":"https:\/\/lire-ecrire-compter.com\/?product=nombres-gigognes#breadcrumb"},"inLanguage":"fr-FR","potentialAction":[{"@type":"ReadAction","target":["https:\/\/lire-ecrire-compter.com\/?product=nombres-gigognes"]}]},{"@type":"ImageObject","inLanguage":"fr-FR","@id":"https:\/\/lire-ecrire-compter.com\/?product=nombres-gigognes#primaryimage","url":"https:\/\/lire-ecrire-compter.com\/wp-content\/uploads\/2020\/03\/nombres-gigognes_couleur.jpg","contentUrl":"https:\/\/lire-ecrire-compter.com\/wp-content\/uploads\/2020\/03\/nombres-gigognes_couleur.jpg","width":539,"height":539},{"@type":"BreadcrumbList","@id":"https:\/\/lire-ecrire-compter.com\/?product=nombres-gigognes#breadcrumb","itemListElement":[{"@type":"ListItem","position":1,"name":"Accueil","item":"https:\/\/lire-ecrire-compter.com\/"},{"@type":"ListItem","position":2,"name":"La bo\u00eete \u00e0 jeux","item":"https:\/\/lire-ecrire-compter.com\/?page_id=747"},{"@type":"ListItem","position":3,"name":"Nombres gigognes"}]},{"@type":"WebSite","@id":"https:\/\/lire-ecrire-compter.com\/#website","url":"https:\/\/lire-ecrire-compter.com\/","name":"Lire \u00e9crire compter","description":"Jouer pour apprendre","potentialAction":[{"@type":"SearchAction","target":{"@type":"EntryPoint","urlTemplate":"https:\/\/lire-ecrire-compter.com\/?s={search_term_string}"},"query-input":{"@type":"PropertyValueSpecification","valueRequired":true,"valueName":"search_term_string"}}],"inLanguage":"fr-FR"}]}},"_links":{"self":[{"href":"https:\/\/lire-ecrire-compter.com\/index.php?rest_route=\/wp\/v2\/product\/2166","targetHints":{"allow":["GET"]}}],"collection":[{"href":"https:\/\/lire-ecrire-compter.com\/index.php?rest_route=\/wp\/v2\/product"}],"about":[{"href":"https:\/\/lire-ecrire-compter.com\/index.php?rest_route=\/wp\/v2\/types\/product"}],"replies":[{"embeddable":true,"href":"https:\/\/lire-ecrire-compter.com\/index.php?rest_route=%2Fwp%2Fv2%2Fcomments&post=2166"}],"wp:featuredmedia":[{"embeddable":true,"href":"https:\/\/lire-ecrire-compter.com\/index.php?rest_route=\/wp\/v2\/media\/2246"}],"wp:attachment":[{"href":"https:\/\/lire-ecrire-compter.com\/index.php?rest_route=%2Fwp%2Fv2%2Fmedia&parent=2166"}],"wp:term":[{"taxonomy":"product_brand","embeddable":true,"href":"https:\/\/lire-ecrire-compter.com\/index.php?rest_route=%2Fwp%2Fv2%2Fproduct_brand&post=2166"},{"taxonomy":"product_cat","embeddable":true,"href":"https:\/\/lire-ecrire-compter.com\/index.php?rest_route=%2Fwp%2Fv2%2Fproduct_cat&post=2166"},{"taxonomy":"product_tag","embeddable":true,"href":"https:\/\/lire-ecrire-compter.com\/index.php?rest_route=%2Fwp%2Fv2%2Fproduct_tag&post=2166"}],"curies":[{"name":"wp","href":"https:\/\/api.w.org\/{rel}","templated":true}]}}