{"id":2151,"date":"2020-03-06T10:52:32","date_gmt":"2020-03-06T09:52:32","guid":{"rendered":"https:\/\/lire-ecrire-compter.com\/?product=import-placeholder-for-65089"},"modified":"2022-10-14T20:16:50","modified_gmt":"2022-10-14T18:16:50","slug":"abecedaire-a-toucher","status":"publish","type":"product","link":"https:\/\/lire-ecrire-compter.com\/?product=abecedaire-a-toucher","title":{"rendered":"Ab\u00e9c\u00e9daire \u00e0 toucher"},"content":{"rendered":"<p><span style=\"color: #46acbf;\">Un ab\u00e9c\u00e9daire \u00e0 compl\u00e9ter sous forme d&rsquo;encastrements.<\/span><br \/>\n<span style=\"color: #46acbf;\">Deux fichiers dans cet outil :<\/span><\/p>\n<ul>\n<li><span style=\"color: #46acbf;\">Une autre version de l&rsquo;ab\u00e9c\u00e9daire des animaux avec des empreintes de lettres<\/span><\/li>\n<li><span style=\"color: #46acbf;\">Des lettres \u00e0 imprimer sur du papier et \u00e0 coller soit sur du carton mousse (pour un touche moelleux) soit sur du papier de verre (pour un toucher rugueux).<\/span><\/li>\n<\/ul>\n<p><span style=\"color: #46acbf;\">Les lettres \u00e0 imprimer sont \u00e9crites en majuscules d&rsquo;imprimerie et en miroir.<\/span><\/p>\n","protected":false},"excerpt":{"rendered":"<p>Un ab\u00e9c\u00e9daire \u00e0 compl\u00e9ter sous forme d&rsquo;encastrements. Deux fichiers dans cet outil : Une autre version de l&rsquo;ab\u00e9c\u00e9daire des animaux avec des empreintes de lettres Des lettres \u00e0 imprimer sur du papier et \u00e0 coller soit sur du carton mousse (pour un touche moelleux) soit&#8230;<\/p>\n","protected":false},"featured_media":2195,"comment_status":"open","ping_status":"closed","template":"","meta":{"give_campaign_id":0,"om_disable_all_campaigns":false,"_monsterinsights_skip_tracking":false,"_monsterinsights_sitenote_active":false,"_monsterinsights_sitenote_note":"","_monsterinsights_sitenote_category":0,"_uf_show_specific_survey":0,"_uf_disable_surveys":false},"product_brand":[],"product_cat":[105,144],"product_tag":[129,113,112],"class_list":{"0":"post-2151","1":"product","2":"type-product","3":"status-publish","4":"has-post-thumbnail","6":"product_cat-outils","7":"product_cat-outils-pour-manipuler","8":"product_tag-accompagner-le-geste-graphique","9":"product_tag-memoriser-lalphabet","10":"product_tag-reconnaitre-et-nommer-les-lettres-dans-differentes-graphies","12":"first","13":"instock","14":"downloadable","15":"virtual","16":"purchasable","17":"product-type-simple"},"yoast_head":"<!-- This site is optimized with the Yoast SEO plugin v27.1.1 - https:\/\/yoast.com\/product\/yoast-seo-wordpress\/ -->\n<title>Ab\u00e9c\u00e9daire \u00e0 toucher - Lire \u00e9crire compter<\/title>\n<meta name=\"robots\" content=\"index, follow, max-snippet:-1, max-image-preview:large, max-video-preview:-1\" \/>\n<link rel=\"canonical\" href=\"https:\/\/lire-ecrire-compter.com\/?product=abecedaire-a-toucher\" \/>\n<meta property=\"og:locale\" content=\"fr_FR\" \/>\n<meta property=\"og:type\" content=\"article\" \/>\n<meta property=\"og:title\" content=\"Ab\u00e9c\u00e9daire \u00e0 toucher - Lire \u00e9crire compter\" \/>\n<meta property=\"og:description\" content=\"Un ab\u00e9c\u00e9daire \u00e0 compl\u00e9ter sous forme d&rsquo;encastrements. Deux fichiers dans cet outil : Une autre version de l&rsquo;ab\u00e9c\u00e9daire des animaux avec des empreintes de lettres Des lettres \u00e0 imprimer sur du papier et \u00e0 coller soit sur du carton mousse (pour un touche moelleux) soit...\" \/>\n<meta property=\"og:url\" content=\"https:\/\/lire-ecrire-compter.com\/?product=abecedaire-a-toucher\" \/>\n<meta property=\"og:site_name\" content=\"Lire \u00e9crire compter\" \/>\n<meta property=\"article:modified_time\" content=\"2022-10-14T18:16:50+00:00\" \/>\n<meta property=\"og:image\" content=\"https:\/\/lire-ecrire-compter.com\/wp-content\/uploads\/2020\/03\/ab\u00e9c\u00e9daire-puzzle-scaled-e1583078683297.jpg\" \/>\n\t<meta property=\"og:image:width\" content=\"1200\" \/>\n\t<meta property=\"og:image:height\" content=\"984\" \/>\n\t<meta property=\"og:image:type\" content=\"image\/jpeg\" \/>\n<meta name=\"twitter:card\" content=\"summary_large_image\" \/>\n<meta name=\"twitter:label1\" content=\"Dur\u00e9e de lecture estim\u00e9e\" \/>\n\t<meta name=\"twitter:data1\" content=\"1 minute\" \/>\n<script type=\"application\/ld+json\" class=\"yoast-schema-graph\">{\"@context\":\"https:\/\/schema.org\",\"@graph\":[{\"@type\":\"WebPage\",\"@id\":\"https:\/\/lire-ecrire-compter.com\/?product=abecedaire-a-toucher\",\"url\":\"https:\/\/lire-ecrire-compter.com\/?product=abecedaire-a-toucher\",\"name\":\"Ab\u00e9c\u00e9daire \u00e0 toucher - Lire \u00e9crire compter\",\"isPartOf\":{\"@id\":\"https:\/\/lire-ecrire-compter.com\/#website\"},\"primaryImageOfPage\":{\"@id\":\"https:\/\/lire-ecrire-compter.com\/?product=abecedaire-a-toucher#primaryimage\"},\"image\":{\"@id\":\"https:\/\/lire-ecrire-compter.com\/?product=abecedaire-a-toucher#primaryimage\"},\"thumbnailUrl\":\"https:\/\/lire-ecrire-compter.com\/wp-content\/uploads\/2020\/03\/ab\u00e9c\u00e9daire-puzzle-scaled-e1583078683297.jpg\",\"datePublished\":\"2020-03-06T09:52:32+00:00\",\"dateModified\":\"2022-10-14T18:16:50+00:00\",\"breadcrumb\":{\"@id\":\"https:\/\/lire-ecrire-compter.com\/?product=abecedaire-a-toucher#breadcrumb\"},\"inLanguage\":\"fr-FR\",\"potentialAction\":[{\"@type\":\"ReadAction\",\"target\":[\"https:\/\/lire-ecrire-compter.com\/?product=abecedaire-a-toucher\"]}]},{\"@type\":\"ImageObject\",\"inLanguage\":\"fr-FR\",\"@id\":\"https:\/\/lire-ecrire-compter.com\/?product=abecedaire-a-toucher#primaryimage\",\"url\":\"https:\/\/lire-ecrire-compter.com\/wp-content\/uploads\/2020\/03\/ab\u00e9c\u00e9daire-puzzle-scaled-e1583078683297.jpg\",\"contentUrl\":\"https:\/\/lire-ecrire-compter.com\/wp-content\/uploads\/2020\/03\/ab\u00e9c\u00e9daire-puzzle-scaled-e1583078683297.jpg\",\"width\":1200,\"height\":984},{\"@type\":\"BreadcrumbList\",\"@id\":\"https:\/\/lire-ecrire-compter.com\/?product=abecedaire-a-toucher#breadcrumb\",\"itemListElement\":[{\"@type\":\"ListItem\",\"position\":1,\"name\":\"Accueil\",\"item\":\"https:\/\/lire-ecrire-compter.com\/\"},{\"@type\":\"ListItem\",\"position\":2,\"name\":\"La bo\u00eete \u00e0 jeux\",\"item\":\"https:\/\/lire-ecrire-compter.com\/?page_id=747\"},{\"@type\":\"ListItem\",\"position\":3,\"name\":\"Ab\u00e9c\u00e9daire \u00e0 toucher\"}]},{\"@type\":\"WebSite\",\"@id\":\"https:\/\/lire-ecrire-compter.com\/#website\",\"url\":\"https:\/\/lire-ecrire-compter.com\/\",\"name\":\"Lire \u00e9crire compter\",\"description\":\"Jouer pour apprendre\",\"potentialAction\":[{\"@type\":\"SearchAction\",\"target\":{\"@type\":\"EntryPoint\",\"urlTemplate\":\"https:\/\/lire-ecrire-compter.com\/?s={search_term_string}\"},\"query-input\":{\"@type\":\"PropertyValueSpecification\",\"valueRequired\":true,\"valueName\":\"search_term_string\"}}],\"inLanguage\":\"fr-FR\"}]}<\/script>\n<!-- \/ Yoast SEO plugin. -->","yoast_head_json":{"title":"Ab\u00e9c\u00e9daire \u00e0 toucher - Lire \u00e9crire compter","robots":{"index":"index","follow":"follow","max-snippet":"max-snippet:-1","max-image-preview":"max-image-preview:large","max-video-preview":"max-video-preview:-1"},"canonical":"https:\/\/lire-ecrire-compter.com\/?product=abecedaire-a-toucher","og_locale":"fr_FR","og_type":"article","og_title":"Ab\u00e9c\u00e9daire \u00e0 toucher - Lire \u00e9crire compter","og_description":"Un ab\u00e9c\u00e9daire \u00e0 compl\u00e9ter sous forme d&rsquo;encastrements. Deux fichiers dans cet outil : Une autre version de l&rsquo;ab\u00e9c\u00e9daire des animaux avec des empreintes de lettres Des lettres \u00e0 imprimer sur du papier et \u00e0 coller soit sur du carton mousse (pour un touche moelleux) soit...","og_url":"https:\/\/lire-ecrire-compter.com\/?product=abecedaire-a-toucher","og_site_name":"Lire \u00e9crire compter","article_modified_time":"2022-10-14T18:16:50+00:00","og_image":[{"width":1200,"height":984,"url":"https:\/\/lire-ecrire-compter.com\/wp-content\/uploads\/2020\/03\/ab\u00e9c\u00e9daire-puzzle-scaled-e1583078683297.jpg","type":"image\/jpeg"}],"twitter_card":"summary_large_image","twitter_misc":{"Dur\u00e9e de lecture estim\u00e9e":"1 minute"},"schema":{"@context":"https:\/\/schema.org","@graph":[{"@type":"WebPage","@id":"https:\/\/lire-ecrire-compter.com\/?product=abecedaire-a-toucher","url":"https:\/\/lire-ecrire-compter.com\/?product=abecedaire-a-toucher","name":"Ab\u00e9c\u00e9daire \u00e0 toucher - Lire \u00e9crire compter","isPartOf":{"@id":"https:\/\/lire-ecrire-compter.com\/#website"},"primaryImageOfPage":{"@id":"https:\/\/lire-ecrire-compter.com\/?product=abecedaire-a-toucher#primaryimage"},"image":{"@id":"https:\/\/lire-ecrire-compter.com\/?product=abecedaire-a-toucher#primaryimage"},"thumbnailUrl":"https:\/\/lire-ecrire-compter.com\/wp-content\/uploads\/2020\/03\/ab\u00e9c\u00e9daire-puzzle-scaled-e1583078683297.jpg","datePublished":"2020-03-06T09:52:32+00:00","dateModified":"2022-10-14T18:16:50+00:00","breadcrumb":{"@id":"https:\/\/lire-ecrire-compter.com\/?product=abecedaire-a-toucher#breadcrumb"},"inLanguage":"fr-FR","potentialAction":[{"@type":"ReadAction","target":["https:\/\/lire-ecrire-compter.com\/?product=abecedaire-a-toucher"]}]},{"@type":"ImageObject","inLanguage":"fr-FR","@id":"https:\/\/lire-ecrire-compter.com\/?product=abecedaire-a-toucher#primaryimage","url":"https:\/\/lire-ecrire-compter.com\/wp-content\/uploads\/2020\/03\/ab\u00e9c\u00e9daire-puzzle-scaled-e1583078683297.jpg","contentUrl":"https:\/\/lire-ecrire-compter.com\/wp-content\/uploads\/2020\/03\/ab\u00e9c\u00e9daire-puzzle-scaled-e1583078683297.jpg","width":1200,"height":984},{"@type":"BreadcrumbList","@id":"https:\/\/lire-ecrire-compter.com\/?product=abecedaire-a-toucher#breadcrumb","itemListElement":[{"@type":"ListItem","position":1,"name":"Accueil","item":"https:\/\/lire-ecrire-compter.com\/"},{"@type":"ListItem","position":2,"name":"La bo\u00eete \u00e0 jeux","item":"https:\/\/lire-ecrire-compter.com\/?page_id=747"},{"@type":"ListItem","position":3,"name":"Ab\u00e9c\u00e9daire \u00e0 toucher"}]},{"@type":"WebSite","@id":"https:\/\/lire-ecrire-compter.com\/#website","url":"https:\/\/lire-ecrire-compter.com\/","name":"Lire \u00e9crire compter","description":"Jouer pour apprendre","potentialAction":[{"@type":"SearchAction","target":{"@type":"EntryPoint","urlTemplate":"https:\/\/lire-ecrire-compter.com\/?s={search_term_string}"},"query-input":{"@type":"PropertyValueSpecification","valueRequired":true,"valueName":"search_term_string"}}],"inLanguage":"fr-FR"}]}},"_links":{"self":[{"href":"https:\/\/lire-ecrire-compter.com\/index.php?rest_route=\/wp\/v2\/product\/2151","targetHints":{"allow":["GET"]}}],"collection":[{"href":"https:\/\/lire-ecrire-compter.com\/index.php?rest_route=\/wp\/v2\/product"}],"about":[{"href":"https:\/\/lire-ecrire-compter.com\/index.php?rest_route=\/wp\/v2\/types\/product"}],"replies":[{"embeddable":true,"href":"https:\/\/lire-ecrire-compter.com\/index.php?rest_route=%2Fwp%2Fv2%2Fcomments&post=2151"}],"wp:featuredmedia":[{"embeddable":true,"href":"https:\/\/lire-ecrire-compter.com\/index.php?rest_route=\/wp\/v2\/media\/2195"}],"wp:attachment":[{"href":"https:\/\/lire-ecrire-compter.com\/index.php?rest_route=%2Fwp%2Fv2%2Fmedia&parent=2151"}],"wp:term":[{"taxonomy":"product_brand","embeddable":true,"href":"https:\/\/lire-ecrire-compter.com\/index.php?rest_route=%2Fwp%2Fv2%2Fproduct_brand&post=2151"},{"taxonomy":"product_cat","embeddable":true,"href":"https:\/\/lire-ecrire-compter.com\/index.php?rest_route=%2Fwp%2Fv2%2Fproduct_cat&post=2151"},{"taxonomy":"product_tag","embeddable":true,"href":"https:\/\/lire-ecrire-compter.com\/index.php?rest_route=%2Fwp%2Fv2%2Fproduct_tag&post=2151"}],"curies":[{"name":"wp","href":"https:\/\/api.w.org\/{rel}","templated":true}]}}