{"id":2138,"date":"2020-03-06T10:52:07","date_gmt":"2020-03-06T09:52:07","guid":{"rendered":"https:\/\/lire-ecrire-compter.com\/?product=import-placeholder-for-65062"},"modified":"2024-06-09T20:42:54","modified_gmt":"2024-06-09T18:42:54","slug":"abecedaire-des-alphas","status":"publish","type":"product","link":"https:\/\/lire-ecrire-compter.com\/?product=abecedaire-des-alphas","title":{"rendered":"Ab\u00e9c\u00e9daire des alphas"},"content":{"rendered":"<p style=\"padding-left: 40px;\"><span style=\"color: #46acbf;\">Cet ab\u00e9c\u00e9daire, long de 104 cm et haut de 18 cm R\u00e9f\u00e8re \u00e0 la m\u00e9thode de lecture des Alphas et indique aussi les \u00e9critures de chaque lettre en minuscule et majuscule, en \u00e9criture scripte (police OpenDyslexic) et en cursive (police Belle Allure, proche de la police Dumont).<\/span><\/p>\n","protected":false},"excerpt":{"rendered":"<p>Cet ab\u00e9c\u00e9daire, long de 104 cm et haut de 18 cm R\u00e9f\u00e8re \u00e0 la m\u00e9thode de lecture des Alphas et indique aussi les \u00e9critures de chaque lettre en minuscule et majuscule, en \u00e9criture scripte (police OpenDyslexic) et en cursive (police Belle Allure, proche de la&#8230;<\/p>\n","protected":false},"featured_media":2182,"comment_status":"open","ping_status":"closed","template":"","meta":{"give_campaign_id":0,"om_disable_all_campaigns":false,"_monsterinsights_skip_tracking":false,"_monsterinsights_sitenote_active":false,"_monsterinsights_sitenote_note":"","_monsterinsights_sitenote_category":0,"_uf_show_specific_survey":0,"_uf_disable_surveys":false},"product_brand":[],"product_cat":[105,143],"product_tag":[141,113,112],"class_list":{"0":"post-2138","1":"product","2":"type-product","3":"status-publish","4":"has-post-thumbnail","6":"product_cat-outils","7":"product_cat-outils-pour-memoriser","8":"product_tag-differencier-voyelles-et-consonnes","9":"product_tag-memoriser-lalphabet","10":"product_tag-reconnaitre-et-nommer-les-lettres-dans-differentes-graphies","12":"first","13":"instock","14":"downloadable","15":"virtual","16":"purchasable","17":"product-type-simple"},"yoast_head":"<!-- This site is optimized with the Yoast SEO plugin v27.1.1 - https:\/\/yoast.com\/product\/yoast-seo-wordpress\/ -->\n<title>Ab\u00e9c\u00e9daire des alphas - Lire \u00e9crire compter<\/title>\n<meta name=\"robots\" content=\"index, follow, max-snippet:-1, max-image-preview:large, max-video-preview:-1\" \/>\n<link rel=\"canonical\" href=\"https:\/\/lire-ecrire-compter.com\/?product=abecedaire-des-alphas\" \/>\n<meta property=\"og:locale\" content=\"fr_FR\" \/>\n<meta property=\"og:type\" content=\"article\" \/>\n<meta property=\"og:title\" content=\"Ab\u00e9c\u00e9daire des alphas - Lire \u00e9crire compter\" \/>\n<meta property=\"og:description\" content=\"Cet ab\u00e9c\u00e9daire, long de 104 cm et haut de 18 cm R\u00e9f\u00e8re \u00e0 la m\u00e9thode de lecture des Alphas et indique aussi les \u00e9critures de chaque lettre en minuscule et majuscule, en \u00e9criture scripte (police OpenDyslexic) et en cursive (police Belle Allure, proche de la...\" \/>\n<meta property=\"og:url\" content=\"https:\/\/lire-ecrire-compter.com\/?product=abecedaire-des-alphas\" \/>\n<meta property=\"og:site_name\" content=\"Lire \u00e9crire compter\" \/>\n<meta property=\"article:modified_time\" content=\"2024-06-09T18:42:54+00:00\" \/>\n<meta property=\"og:image\" content=\"https:\/\/lire-ecrire-compter.com\/wp-content\/uploads\/2020\/03\/IMG_2809.jpg\" \/>\n\t<meta property=\"og:image:width\" content=\"1512\" \/>\n\t<meta property=\"og:image:height\" content=\"1512\" \/>\n\t<meta property=\"og:image:type\" content=\"image\/jpeg\" \/>\n<meta name=\"twitter:card\" content=\"summary_large_image\" \/>\n<script type=\"application\/ld+json\" class=\"yoast-schema-graph\">{\"@context\":\"https:\/\/schema.org\",\"@graph\":[{\"@type\":\"WebPage\",\"@id\":\"https:\/\/lire-ecrire-compter.com\/?product=abecedaire-des-alphas\",\"url\":\"https:\/\/lire-ecrire-compter.com\/?product=abecedaire-des-alphas\",\"name\":\"Ab\u00e9c\u00e9daire des alphas - Lire \u00e9crire compter\",\"isPartOf\":{\"@id\":\"https:\/\/lire-ecrire-compter.com\/#website\"},\"primaryImageOfPage\":{\"@id\":\"https:\/\/lire-ecrire-compter.com\/?product=abecedaire-des-alphas#primaryimage\"},\"image\":{\"@id\":\"https:\/\/lire-ecrire-compter.com\/?product=abecedaire-des-alphas#primaryimage\"},\"thumbnailUrl\":\"https:\/\/lire-ecrire-compter.com\/wp-content\/uploads\/2020\/03\/IMG_2809.jpg\",\"datePublished\":\"2020-03-06T09:52:07+00:00\",\"dateModified\":\"2024-06-09T18:42:54+00:00\",\"breadcrumb\":{\"@id\":\"https:\/\/lire-ecrire-compter.com\/?product=abecedaire-des-alphas#breadcrumb\"},\"inLanguage\":\"fr-FR\",\"potentialAction\":[{\"@type\":\"ReadAction\",\"target\":[\"https:\/\/lire-ecrire-compter.com\/?product=abecedaire-des-alphas\"]}]},{\"@type\":\"ImageObject\",\"inLanguage\":\"fr-FR\",\"@id\":\"https:\/\/lire-ecrire-compter.com\/?product=abecedaire-des-alphas#primaryimage\",\"url\":\"https:\/\/lire-ecrire-compter.com\/wp-content\/uploads\/2020\/03\/IMG_2809.jpg\",\"contentUrl\":\"https:\/\/lire-ecrire-compter.com\/wp-content\/uploads\/2020\/03\/IMG_2809.jpg\",\"width\":1512,\"height\":1512},{\"@type\":\"BreadcrumbList\",\"@id\":\"https:\/\/lire-ecrire-compter.com\/?product=abecedaire-des-alphas#breadcrumb\",\"itemListElement\":[{\"@type\":\"ListItem\",\"position\":1,\"name\":\"Accueil\",\"item\":\"https:\/\/lire-ecrire-compter.com\/\"},{\"@type\":\"ListItem\",\"position\":2,\"name\":\"La bo\u00eete \u00e0 jeux\",\"item\":\"https:\/\/lire-ecrire-compter.com\/?page_id=747\"},{\"@type\":\"ListItem\",\"position\":3,\"name\":\"Ab\u00e9c\u00e9daire des alphas\"}]},{\"@type\":\"WebSite\",\"@id\":\"https:\/\/lire-ecrire-compter.com\/#website\",\"url\":\"https:\/\/lire-ecrire-compter.com\/\",\"name\":\"Lire \u00e9crire compter\",\"description\":\"Jouer pour apprendre\",\"potentialAction\":[{\"@type\":\"SearchAction\",\"target\":{\"@type\":\"EntryPoint\",\"urlTemplate\":\"https:\/\/lire-ecrire-compter.com\/?s={search_term_string}\"},\"query-input\":{\"@type\":\"PropertyValueSpecification\",\"valueRequired\":true,\"valueName\":\"search_term_string\"}}],\"inLanguage\":\"fr-FR\"}]}<\/script>\n<!-- \/ Yoast SEO plugin. -->","yoast_head_json":{"title":"Ab\u00e9c\u00e9daire des alphas - Lire \u00e9crire compter","robots":{"index":"index","follow":"follow","max-snippet":"max-snippet:-1","max-image-preview":"max-image-preview:large","max-video-preview":"max-video-preview:-1"},"canonical":"https:\/\/lire-ecrire-compter.com\/?product=abecedaire-des-alphas","og_locale":"fr_FR","og_type":"article","og_title":"Ab\u00e9c\u00e9daire des alphas - Lire \u00e9crire compter","og_description":"Cet ab\u00e9c\u00e9daire, long de 104 cm et haut de 18 cm R\u00e9f\u00e8re \u00e0 la m\u00e9thode de lecture des Alphas et indique aussi les \u00e9critures de chaque lettre en minuscule et majuscule, en \u00e9criture scripte (police OpenDyslexic) et en cursive (police Belle Allure, proche de la...","og_url":"https:\/\/lire-ecrire-compter.com\/?product=abecedaire-des-alphas","og_site_name":"Lire \u00e9crire compter","article_modified_time":"2024-06-09T18:42:54+00:00","og_image":[{"width":1512,"height":1512,"url":"https:\/\/lire-ecrire-compter.com\/wp-content\/uploads\/2020\/03\/IMG_2809.jpg","type":"image\/jpeg"}],"twitter_card":"summary_large_image","schema":{"@context":"https:\/\/schema.org","@graph":[{"@type":"WebPage","@id":"https:\/\/lire-ecrire-compter.com\/?product=abecedaire-des-alphas","url":"https:\/\/lire-ecrire-compter.com\/?product=abecedaire-des-alphas","name":"Ab\u00e9c\u00e9daire des alphas - Lire \u00e9crire compter","isPartOf":{"@id":"https:\/\/lire-ecrire-compter.com\/#website"},"primaryImageOfPage":{"@id":"https:\/\/lire-ecrire-compter.com\/?product=abecedaire-des-alphas#primaryimage"},"image":{"@id":"https:\/\/lire-ecrire-compter.com\/?product=abecedaire-des-alphas#primaryimage"},"thumbnailUrl":"https:\/\/lire-ecrire-compter.com\/wp-content\/uploads\/2020\/03\/IMG_2809.jpg","datePublished":"2020-03-06T09:52:07+00:00","dateModified":"2024-06-09T18:42:54+00:00","breadcrumb":{"@id":"https:\/\/lire-ecrire-compter.com\/?product=abecedaire-des-alphas#breadcrumb"},"inLanguage":"fr-FR","potentialAction":[{"@type":"ReadAction","target":["https:\/\/lire-ecrire-compter.com\/?product=abecedaire-des-alphas"]}]},{"@type":"ImageObject","inLanguage":"fr-FR","@id":"https:\/\/lire-ecrire-compter.com\/?product=abecedaire-des-alphas#primaryimage","url":"https:\/\/lire-ecrire-compter.com\/wp-content\/uploads\/2020\/03\/IMG_2809.jpg","contentUrl":"https:\/\/lire-ecrire-compter.com\/wp-content\/uploads\/2020\/03\/IMG_2809.jpg","width":1512,"height":1512},{"@type":"BreadcrumbList","@id":"https:\/\/lire-ecrire-compter.com\/?product=abecedaire-des-alphas#breadcrumb","itemListElement":[{"@type":"ListItem","position":1,"name":"Accueil","item":"https:\/\/lire-ecrire-compter.com\/"},{"@type":"ListItem","position":2,"name":"La bo\u00eete \u00e0 jeux","item":"https:\/\/lire-ecrire-compter.com\/?page_id=747"},{"@type":"ListItem","position":3,"name":"Ab\u00e9c\u00e9daire des alphas"}]},{"@type":"WebSite","@id":"https:\/\/lire-ecrire-compter.com\/#website","url":"https:\/\/lire-ecrire-compter.com\/","name":"Lire \u00e9crire compter","description":"Jouer pour apprendre","potentialAction":[{"@type":"SearchAction","target":{"@type":"EntryPoint","urlTemplate":"https:\/\/lire-ecrire-compter.com\/?s={search_term_string}"},"query-input":{"@type":"PropertyValueSpecification","valueRequired":true,"valueName":"search_term_string"}}],"inLanguage":"fr-FR"}]}},"_links":{"self":[{"href":"https:\/\/lire-ecrire-compter.com\/index.php?rest_route=\/wp\/v2\/product\/2138","targetHints":{"allow":["GET"]}}],"collection":[{"href":"https:\/\/lire-ecrire-compter.com\/index.php?rest_route=\/wp\/v2\/product"}],"about":[{"href":"https:\/\/lire-ecrire-compter.com\/index.php?rest_route=\/wp\/v2\/types\/product"}],"replies":[{"embeddable":true,"href":"https:\/\/lire-ecrire-compter.com\/index.php?rest_route=%2Fwp%2Fv2%2Fcomments&post=2138"}],"wp:featuredmedia":[{"embeddable":true,"href":"https:\/\/lire-ecrire-compter.com\/index.php?rest_route=\/wp\/v2\/media\/2182"}],"wp:attachment":[{"href":"https:\/\/lire-ecrire-compter.com\/index.php?rest_route=%2Fwp%2Fv2%2Fmedia&parent=2138"}],"wp:term":[{"taxonomy":"product_brand","embeddable":true,"href":"https:\/\/lire-ecrire-compter.com\/index.php?rest_route=%2Fwp%2Fv2%2Fproduct_brand&post=2138"},{"taxonomy":"product_cat","embeddable":true,"href":"https:\/\/lire-ecrire-compter.com\/index.php?rest_route=%2Fwp%2Fv2%2Fproduct_cat&post=2138"},{"taxonomy":"product_tag","embeddable":true,"href":"https:\/\/lire-ecrire-compter.com\/index.php?rest_route=%2Fwp%2Fv2%2Fproduct_tag&post=2138"}],"curies":[{"name":"wp","href":"https:\/\/api.w.org\/{rel}","templated":true}]}}