{"id":2131,"date":"2020-03-06T10:52:06","date_gmt":"2020-03-06T09:52:06","guid":{"rendered":"https:\/\/lire-ecrire-compter.com\/?product=import-placeholder-for-64863"},"modified":"2024-07-09T16:50:23","modified_gmt":"2024-07-09T14:50:23","slug":"cartes-des-sons-borel-maisonny-police-open-dyslexic","status":"publish","type":"product","link":"https:\/\/lire-ecrire-compter.com\/?product=cartes-des-sons-borel-maisonny-police-open-dyslexic","title":{"rendered":"Cartes des sons Borel-Maisonny (police Open Dyslexic)"},"content":{"rendered":"<p style=\"padding-left: 40px;\"><span style=\"color: #46acbf;\">Des cartes pour aider \u00e0 la m\u00e9morisation des correspondances entre son et lettre(s).<\/span><\/p>\n<p style=\"padding-left: 40px;\"><span style=\"color: #46acbf;\">Les gestes et textes descriptifs de ces cartes sont issus de la m\u00e9thode Bien lire et Aimer lire.<\/span><\/p>\n<p>&nbsp;<\/p>\n","protected":false},"excerpt":{"rendered":"<p>Des cartes pour aider \u00e0 la m\u00e9morisation des correspondances entre son et lettre(s). Les gestes et textes descriptifs de ces cartes sont issus de la m\u00e9thode Bien lire et Aimer lire. &nbsp;<\/p>\n","protected":false},"featured_media":2148,"comment_status":"open","ping_status":"closed","template":"","meta":{"give_campaign_id":0,"om_disable_all_campaigns":false,"_monsterinsights_skip_tracking":false,"_monsterinsights_sitenote_active":false,"_monsterinsights_sitenote_note":"","_monsterinsights_sitenote_category":0,"_uf_show_specific_survey":0,"_uf_disable_surveys":false},"product_brand":[],"product_cat":[105,143],"product_tag":[135,112],"class_list":{"0":"post-2131","1":"product","2":"type-product","3":"status-publish","4":"has-post-thumbnail","6":"product_cat-outils","7":"product_cat-outils-pour-memoriser","8":"product_tag-memoriser-les-correspondances-entre-sons-et-lettres","9":"product_tag-reconnaitre-et-nommer-les-lettres-dans-differentes-graphies","11":"first","12":"instock","13":"downloadable","14":"virtual","15":"purchasable","16":"product-type-simple"},"yoast_head":"<!-- This site is optimized with the Yoast SEO plugin v27.1.1 - https:\/\/yoast.com\/product\/yoast-seo-wordpress\/ -->\n<title>Cartes des sons Borel-Maisonny (police Open Dyslexic) - Lire \u00e9crire compter<\/title>\n<meta name=\"robots\" content=\"index, follow, max-snippet:-1, max-image-preview:large, max-video-preview:-1\" \/>\n<link rel=\"canonical\" href=\"https:\/\/lire-ecrire-compter.com\/?product=cartes-des-sons-borel-maisonny-police-open-dyslexic\" \/>\n<meta property=\"og:locale\" content=\"fr_FR\" \/>\n<meta property=\"og:type\" content=\"article\" \/>\n<meta property=\"og:title\" content=\"Cartes des sons Borel-Maisonny (police Open Dyslexic) - Lire \u00e9crire compter\" \/>\n<meta property=\"og:description\" content=\"Des cartes pour aider \u00e0 la m\u00e9morisation des correspondances entre son et lettre(s). Les gestes et textes descriptifs de ces cartes sont issus de la m\u00e9thode Bien lire et Aimer lire. &nbsp;\" \/>\n<meta property=\"og:url\" content=\"https:\/\/lire-ecrire-compter.com\/?product=cartes-des-sons-borel-maisonny-police-open-dyslexic\" \/>\n<meta property=\"og:site_name\" content=\"Lire \u00e9crire compter\" \/>\n<meta property=\"article:modified_time\" content=\"2024-07-09T14:50:23+00:00\" \/>\n<meta property=\"og:image\" content=\"https:\/\/lire-ecrire-compter.com\/wp-content\/uploads\/2020\/03\/IMG_6226-e1582821623431.jpg\" \/>\n\t<meta property=\"og:image:width\" content=\"1017\" \/>\n\t<meta property=\"og:image:height\" content=\"1017\" \/>\n\t<meta property=\"og:image:type\" content=\"image\/jpeg\" \/>\n<meta name=\"twitter:card\" content=\"summary_large_image\" \/>\n<script type=\"application\/ld+json\" class=\"yoast-schema-graph\">{\"@context\":\"https:\/\/schema.org\",\"@graph\":[{\"@type\":\"WebPage\",\"@id\":\"https:\/\/lire-ecrire-compter.com\/?product=cartes-des-sons-borel-maisonny-police-open-dyslexic\",\"url\":\"https:\/\/lire-ecrire-compter.com\/?product=cartes-des-sons-borel-maisonny-police-open-dyslexic\",\"name\":\"Cartes des sons Borel-Maisonny (police Open Dyslexic) - Lire \u00e9crire compter\",\"isPartOf\":{\"@id\":\"https:\/\/lire-ecrire-compter.com\/#website\"},\"primaryImageOfPage\":{\"@id\":\"https:\/\/lire-ecrire-compter.com\/?product=cartes-des-sons-borel-maisonny-police-open-dyslexic#primaryimage\"},\"image\":{\"@id\":\"https:\/\/lire-ecrire-compter.com\/?product=cartes-des-sons-borel-maisonny-police-open-dyslexic#primaryimage\"},\"thumbnailUrl\":\"https:\/\/lire-ecrire-compter.com\/wp-content\/uploads\/2020\/03\/IMG_6226-e1582821623431.jpg\",\"datePublished\":\"2020-03-06T09:52:06+00:00\",\"dateModified\":\"2024-07-09T14:50:23+00:00\",\"breadcrumb\":{\"@id\":\"https:\/\/lire-ecrire-compter.com\/?product=cartes-des-sons-borel-maisonny-police-open-dyslexic#breadcrumb\"},\"inLanguage\":\"fr-FR\",\"potentialAction\":[{\"@type\":\"ReadAction\",\"target\":[\"https:\/\/lire-ecrire-compter.com\/?product=cartes-des-sons-borel-maisonny-police-open-dyslexic\"]}]},{\"@type\":\"ImageObject\",\"inLanguage\":\"fr-FR\",\"@id\":\"https:\/\/lire-ecrire-compter.com\/?product=cartes-des-sons-borel-maisonny-police-open-dyslexic#primaryimage\",\"url\":\"https:\/\/lire-ecrire-compter.com\/wp-content\/uploads\/2020\/03\/IMG_6226-e1582821623431.jpg\",\"contentUrl\":\"https:\/\/lire-ecrire-compter.com\/wp-content\/uploads\/2020\/03\/IMG_6226-e1582821623431.jpg\",\"width\":1017,\"height\":1017},{\"@type\":\"BreadcrumbList\",\"@id\":\"https:\/\/lire-ecrire-compter.com\/?product=cartes-des-sons-borel-maisonny-police-open-dyslexic#breadcrumb\",\"itemListElement\":[{\"@type\":\"ListItem\",\"position\":1,\"name\":\"Accueil\",\"item\":\"https:\/\/lire-ecrire-compter.com\/\"},{\"@type\":\"ListItem\",\"position\":2,\"name\":\"La bo\u00eete \u00e0 jeux\",\"item\":\"https:\/\/lire-ecrire-compter.com\/?page_id=747\"},{\"@type\":\"ListItem\",\"position\":3,\"name\":\"Cartes des sons Borel-Maisonny (police Open Dyslexic)\"}]},{\"@type\":\"WebSite\",\"@id\":\"https:\/\/lire-ecrire-compter.com\/#website\",\"url\":\"https:\/\/lire-ecrire-compter.com\/\",\"name\":\"Lire \u00e9crire compter\",\"description\":\"Jouer pour apprendre\",\"potentialAction\":[{\"@type\":\"SearchAction\",\"target\":{\"@type\":\"EntryPoint\",\"urlTemplate\":\"https:\/\/lire-ecrire-compter.com\/?s={search_term_string}\"},\"query-input\":{\"@type\":\"PropertyValueSpecification\",\"valueRequired\":true,\"valueName\":\"search_term_string\"}}],\"inLanguage\":\"fr-FR\"}]}<\/script>\n<!-- \/ Yoast SEO plugin. -->","yoast_head_json":{"title":"Cartes des sons Borel-Maisonny (police Open Dyslexic) - Lire \u00e9crire compter","robots":{"index":"index","follow":"follow","max-snippet":"max-snippet:-1","max-image-preview":"max-image-preview:large","max-video-preview":"max-video-preview:-1"},"canonical":"https:\/\/lire-ecrire-compter.com\/?product=cartes-des-sons-borel-maisonny-police-open-dyslexic","og_locale":"fr_FR","og_type":"article","og_title":"Cartes des sons Borel-Maisonny (police Open Dyslexic) - Lire \u00e9crire compter","og_description":"Des cartes pour aider \u00e0 la m\u00e9morisation des correspondances entre son et lettre(s). Les gestes et textes descriptifs de ces cartes sont issus de la m\u00e9thode Bien lire et Aimer lire. &nbsp;","og_url":"https:\/\/lire-ecrire-compter.com\/?product=cartes-des-sons-borel-maisonny-police-open-dyslexic","og_site_name":"Lire \u00e9crire compter","article_modified_time":"2024-07-09T14:50:23+00:00","og_image":[{"width":1017,"height":1017,"url":"https:\/\/lire-ecrire-compter.com\/wp-content\/uploads\/2020\/03\/IMG_6226-e1582821623431.jpg","type":"image\/jpeg"}],"twitter_card":"summary_large_image","schema":{"@context":"https:\/\/schema.org","@graph":[{"@type":"WebPage","@id":"https:\/\/lire-ecrire-compter.com\/?product=cartes-des-sons-borel-maisonny-police-open-dyslexic","url":"https:\/\/lire-ecrire-compter.com\/?product=cartes-des-sons-borel-maisonny-police-open-dyslexic","name":"Cartes des sons Borel-Maisonny (police Open Dyslexic) - Lire \u00e9crire compter","isPartOf":{"@id":"https:\/\/lire-ecrire-compter.com\/#website"},"primaryImageOfPage":{"@id":"https:\/\/lire-ecrire-compter.com\/?product=cartes-des-sons-borel-maisonny-police-open-dyslexic#primaryimage"},"image":{"@id":"https:\/\/lire-ecrire-compter.com\/?product=cartes-des-sons-borel-maisonny-police-open-dyslexic#primaryimage"},"thumbnailUrl":"https:\/\/lire-ecrire-compter.com\/wp-content\/uploads\/2020\/03\/IMG_6226-e1582821623431.jpg","datePublished":"2020-03-06T09:52:06+00:00","dateModified":"2024-07-09T14:50:23+00:00","breadcrumb":{"@id":"https:\/\/lire-ecrire-compter.com\/?product=cartes-des-sons-borel-maisonny-police-open-dyslexic#breadcrumb"},"inLanguage":"fr-FR","potentialAction":[{"@type":"ReadAction","target":["https:\/\/lire-ecrire-compter.com\/?product=cartes-des-sons-borel-maisonny-police-open-dyslexic"]}]},{"@type":"ImageObject","inLanguage":"fr-FR","@id":"https:\/\/lire-ecrire-compter.com\/?product=cartes-des-sons-borel-maisonny-police-open-dyslexic#primaryimage","url":"https:\/\/lire-ecrire-compter.com\/wp-content\/uploads\/2020\/03\/IMG_6226-e1582821623431.jpg","contentUrl":"https:\/\/lire-ecrire-compter.com\/wp-content\/uploads\/2020\/03\/IMG_6226-e1582821623431.jpg","width":1017,"height":1017},{"@type":"BreadcrumbList","@id":"https:\/\/lire-ecrire-compter.com\/?product=cartes-des-sons-borel-maisonny-police-open-dyslexic#breadcrumb","itemListElement":[{"@type":"ListItem","position":1,"name":"Accueil","item":"https:\/\/lire-ecrire-compter.com\/"},{"@type":"ListItem","position":2,"name":"La bo\u00eete \u00e0 jeux","item":"https:\/\/lire-ecrire-compter.com\/?page_id=747"},{"@type":"ListItem","position":3,"name":"Cartes des sons Borel-Maisonny (police Open Dyslexic)"}]},{"@type":"WebSite","@id":"https:\/\/lire-ecrire-compter.com\/#website","url":"https:\/\/lire-ecrire-compter.com\/","name":"Lire \u00e9crire compter","description":"Jouer pour apprendre","potentialAction":[{"@type":"SearchAction","target":{"@type":"EntryPoint","urlTemplate":"https:\/\/lire-ecrire-compter.com\/?s={search_term_string}"},"query-input":{"@type":"PropertyValueSpecification","valueRequired":true,"valueName":"search_term_string"}}],"inLanguage":"fr-FR"}]}},"_links":{"self":[{"href":"https:\/\/lire-ecrire-compter.com\/index.php?rest_route=\/wp\/v2\/product\/2131","targetHints":{"allow":["GET"]}}],"collection":[{"href":"https:\/\/lire-ecrire-compter.com\/index.php?rest_route=\/wp\/v2\/product"}],"about":[{"href":"https:\/\/lire-ecrire-compter.com\/index.php?rest_route=\/wp\/v2\/types\/product"}],"replies":[{"embeddable":true,"href":"https:\/\/lire-ecrire-compter.com\/index.php?rest_route=%2Fwp%2Fv2%2Fcomments&post=2131"}],"wp:featuredmedia":[{"embeddable":true,"href":"https:\/\/lire-ecrire-compter.com\/index.php?rest_route=\/wp\/v2\/media\/2148"}],"wp:attachment":[{"href":"https:\/\/lire-ecrire-compter.com\/index.php?rest_route=%2Fwp%2Fv2%2Fmedia&parent=2131"}],"wp:term":[{"taxonomy":"product_brand","embeddable":true,"href":"https:\/\/lire-ecrire-compter.com\/index.php?rest_route=%2Fwp%2Fv2%2Fproduct_brand&post=2131"},{"taxonomy":"product_cat","embeddable":true,"href":"https:\/\/lire-ecrire-compter.com\/index.php?rest_route=%2Fwp%2Fv2%2Fproduct_cat&post=2131"},{"taxonomy":"product_tag","embeddable":true,"href":"https:\/\/lire-ecrire-compter.com\/index.php?rest_route=%2Fwp%2Fv2%2Fproduct_tag&post=2131"}],"curies":[{"name":"wp","href":"https:\/\/api.w.org\/{rel}","templated":true}]}}