{"id":2125,"date":"2020-03-06T10:52:05","date_gmt":"2020-03-06T09:52:05","guid":{"rendered":"https:\/\/lire-ecrire-compter.com\/?product=import-placeholder-for-62545"},"modified":"2024-07-03T02:01:08","modified_gmt":"2024-07-03T00:01:08","slug":"chiffres-en-bataille","status":"publish","type":"product","link":"https:\/\/lire-ecrire-compter.com\/?product=chiffres-en-bataille","title":{"rendered":"Chiffres en bataille"},"content":{"rendered":"<p><span style=\"color: #92d001;\"><strong>BUT DU JEU :<\/strong><\/span><br \/>\n<span style=\"color: #92d001;\">Comme dans un <strong>jeu de bataille<\/strong> classique, il faut <strong>reprendre \u00e0 son partenaire toutes les cartes de son jeu<\/strong>, c&rsquo;est \u00e0 dire <strong>poss\u00e9der les 32 cartes des chiffres illustr\u00e9s avec\u00a0 des constellations d&rsquo;animaux<\/strong>.<\/span><\/p>\n<p><span style=\"color: #ff5b72;\"><strong>COMPOSITION :<\/strong><\/span><br \/>\n<span style=\"color: #ff5b72;\">Il est compos\u00e9\u00a0<strong> de 32 cartes<\/strong> sur lesquelles figurent des chiffres, illustr\u00e9s avec des constellations diff\u00e9rentes afin de mettre en avant les d\u00e9compositions du nombre et ne pas figer les repr\u00e9sentations.<\/span><\/p>\n<p><span style=\"color: #46acbf;\"><strong>OBJECTIFS :<\/strong><\/span><br \/>\n<span style=\"color: #46acbf;\">Ce jeu <strong>travaille le d\u00e9nombrement<\/strong> et la <strong>comparaison de collections inf\u00e9rieures \u00e0 10<\/strong>. Il aide aussi <strong>\u00e0\u00a0 la m\u00e9morisation des chiffres.<\/strong><\/span><\/p>\n","protected":false},"excerpt":{"rendered":"<p>BUT DU JEU : Comme dans un jeu de bataille classique, il faut reprendre \u00e0 son partenaire toutes les cartes de son jeu, c&rsquo;est \u00e0 dire poss\u00e9der les 32 cartes des chiffres illustr\u00e9s avec\u00a0 des constellations d&rsquo;animaux. COMPOSITION : Il est compos\u00e9\u00a0 de 32 cartes&#8230;<\/p>\n","protected":false},"featured_media":1186,"comment_status":"open","ping_status":"closed","template":"","meta":{"give_campaign_id":0,"om_disable_all_campaigns":false,"_monsterinsights_skip_tracking":false,"_monsterinsights_sitenote_active":false,"_monsterinsights_sitenote_note":"","_monsterinsights_sitenote_category":0,"_uf_show_specific_survey":0,"_uf_disable_surveys":false},"product_brand":[],"product_cat":[154,147,100],"product_tag":[108,117],"class_list":{"0":"post-2125","1":"product","2":"type-product","3":"status-publish","4":"has-post-thumbnail","6":"product_cat-a-partir-de-gs","7":"product_cat-jeux","8":"product_cat-jeux-autour-des-mathematiques","9":"product_tag-denombrer-et-comparer-des-collections","10":"product_tag-lire-et-ecrire-les-nombres-en-chiffres-ou-en-lettres","12":"first","13":"instock","14":"downloadable","15":"virtual","16":"purchasable","17":"product-type-simple"},"yoast_head":"<!-- This site is optimized with the Yoast SEO plugin v27.1.1 - https:\/\/yoast.com\/product\/yoast-seo-wordpress\/ -->\n<title>Chiffres en bataille - Lire \u00e9crire compter<\/title>\n<meta name=\"description\" content=\"Ce jeu travaille le d\u00e9nombrement et la comparaison de collections inf\u00e9rieures \u00e0 10. Il aide aussi \u00e0\u00a0 la m\u00e9morisation des chiffres.\" \/>\n<meta name=\"robots\" content=\"index, follow, max-snippet:-1, max-image-preview:large, max-video-preview:-1\" \/>\n<link rel=\"canonical\" href=\"https:\/\/lire-ecrire-compter.com\/?product=chiffres-en-bataille\" \/>\n<meta property=\"og:locale\" content=\"fr_FR\" \/>\n<meta property=\"og:type\" content=\"article\" \/>\n<meta property=\"og:title\" content=\"Chiffres en bataille - Lire \u00e9crire compter\" \/>\n<meta property=\"og:description\" content=\"Ce jeu travaille le d\u00e9nombrement et la comparaison de collections inf\u00e9rieures \u00e0 10. Il aide aussi \u00e0\u00a0 la m\u00e9morisation des chiffres.\" \/>\n<meta property=\"og:url\" content=\"https:\/\/lire-ecrire-compter.com\/?product=chiffres-en-bataille\" \/>\n<meta property=\"og:site_name\" content=\"Lire \u00e9crire compter\" \/>\n<meta property=\"article:modified_time\" content=\"2024-07-03T00:01:08+00:00\" \/>\n<meta property=\"og:image\" content=\"https:\/\/lire-ecrire-compter.com\/wp-content\/uploads\/2020\/02\/IMG_2561-e1579792734688.jpg\" \/>\n\t<meta property=\"og:image:width\" content=\"1200\" \/>\n\t<meta property=\"og:image:height\" content=\"1200\" \/>\n\t<meta property=\"og:image:type\" content=\"image\/jpeg\" \/>\n<meta name=\"twitter:card\" content=\"summary_large_image\" \/>\n<script type=\"application\/ld+json\" class=\"yoast-schema-graph\">{\"@context\":\"https:\/\/schema.org\",\"@graph\":[{\"@type\":\"WebPage\",\"@id\":\"https:\/\/lire-ecrire-compter.com\/?product=chiffres-en-bataille\",\"url\":\"https:\/\/lire-ecrire-compter.com\/?product=chiffres-en-bataille\",\"name\":\"Chiffres en bataille - Lire \u00e9crire compter\",\"isPartOf\":{\"@id\":\"https:\/\/lire-ecrire-compter.com\/#website\"},\"primaryImageOfPage\":{\"@id\":\"https:\/\/lire-ecrire-compter.com\/?product=chiffres-en-bataille#primaryimage\"},\"image\":{\"@id\":\"https:\/\/lire-ecrire-compter.com\/?product=chiffres-en-bataille#primaryimage\"},\"thumbnailUrl\":\"https:\/\/lire-ecrire-compter.com\/wp-content\/uploads\/2020\/02\/IMG_2561-e1579792734688.jpg\",\"datePublished\":\"2020-03-06T09:52:05+00:00\",\"dateModified\":\"2024-07-03T00:01:08+00:00\",\"description\":\"Ce jeu travaille le d\u00e9nombrement et la comparaison de collections inf\u00e9rieures \u00e0 10. Il aide aussi \u00e0\u00a0 la m\u00e9morisation des chiffres.\",\"breadcrumb\":{\"@id\":\"https:\/\/lire-ecrire-compter.com\/?product=chiffres-en-bataille#breadcrumb\"},\"inLanguage\":\"fr-FR\",\"potentialAction\":[{\"@type\":\"ReadAction\",\"target\":[\"https:\/\/lire-ecrire-compter.com\/?product=chiffres-en-bataille\"]}]},{\"@type\":\"ImageObject\",\"inLanguage\":\"fr-FR\",\"@id\":\"https:\/\/lire-ecrire-compter.com\/?product=chiffres-en-bataille#primaryimage\",\"url\":\"https:\/\/lire-ecrire-compter.com\/wp-content\/uploads\/2020\/02\/IMG_2561-e1579792734688.jpg\",\"contentUrl\":\"https:\/\/lire-ecrire-compter.com\/wp-content\/uploads\/2020\/02\/IMG_2561-e1579792734688.jpg\",\"width\":1200,\"height\":1200},{\"@type\":\"BreadcrumbList\",\"@id\":\"https:\/\/lire-ecrire-compter.com\/?product=chiffres-en-bataille#breadcrumb\",\"itemListElement\":[{\"@type\":\"ListItem\",\"position\":1,\"name\":\"Accueil\",\"item\":\"https:\/\/lire-ecrire-compter.com\/\"},{\"@type\":\"ListItem\",\"position\":2,\"name\":\"La bo\u00eete \u00e0 jeux\",\"item\":\"https:\/\/lire-ecrire-compter.com\/?page_id=747\"},{\"@type\":\"ListItem\",\"position\":3,\"name\":\"Chiffres en bataille\"}]},{\"@type\":\"WebSite\",\"@id\":\"https:\/\/lire-ecrire-compter.com\/#website\",\"url\":\"https:\/\/lire-ecrire-compter.com\/\",\"name\":\"Lire \u00e9crire compter\",\"description\":\"Jouer pour apprendre\",\"potentialAction\":[{\"@type\":\"SearchAction\",\"target\":{\"@type\":\"EntryPoint\",\"urlTemplate\":\"https:\/\/lire-ecrire-compter.com\/?s={search_term_string}\"},\"query-input\":{\"@type\":\"PropertyValueSpecification\",\"valueRequired\":true,\"valueName\":\"search_term_string\"}}],\"inLanguage\":\"fr-FR\"}]}<\/script>\n<!-- \/ Yoast SEO plugin. -->","yoast_head_json":{"title":"Chiffres en bataille - Lire \u00e9crire compter","description":"Ce jeu travaille le d\u00e9nombrement et la comparaison de collections inf\u00e9rieures \u00e0 10. Il aide aussi \u00e0\u00a0 la m\u00e9morisation des chiffres.","robots":{"index":"index","follow":"follow","max-snippet":"max-snippet:-1","max-image-preview":"max-image-preview:large","max-video-preview":"max-video-preview:-1"},"canonical":"https:\/\/lire-ecrire-compter.com\/?product=chiffres-en-bataille","og_locale":"fr_FR","og_type":"article","og_title":"Chiffres en bataille - Lire \u00e9crire compter","og_description":"Ce jeu travaille le d\u00e9nombrement et la comparaison de collections inf\u00e9rieures \u00e0 10. Il aide aussi \u00e0\u00a0 la m\u00e9morisation des chiffres.","og_url":"https:\/\/lire-ecrire-compter.com\/?product=chiffres-en-bataille","og_site_name":"Lire \u00e9crire compter","article_modified_time":"2024-07-03T00:01:08+00:00","og_image":[{"width":1200,"height":1200,"url":"https:\/\/lire-ecrire-compter.com\/wp-content\/uploads\/2020\/02\/IMG_2561-e1579792734688.jpg","type":"image\/jpeg"}],"twitter_card":"summary_large_image","schema":{"@context":"https:\/\/schema.org","@graph":[{"@type":"WebPage","@id":"https:\/\/lire-ecrire-compter.com\/?product=chiffres-en-bataille","url":"https:\/\/lire-ecrire-compter.com\/?product=chiffres-en-bataille","name":"Chiffres en bataille - Lire \u00e9crire compter","isPartOf":{"@id":"https:\/\/lire-ecrire-compter.com\/#website"},"primaryImageOfPage":{"@id":"https:\/\/lire-ecrire-compter.com\/?product=chiffres-en-bataille#primaryimage"},"image":{"@id":"https:\/\/lire-ecrire-compter.com\/?product=chiffres-en-bataille#primaryimage"},"thumbnailUrl":"https:\/\/lire-ecrire-compter.com\/wp-content\/uploads\/2020\/02\/IMG_2561-e1579792734688.jpg","datePublished":"2020-03-06T09:52:05+00:00","dateModified":"2024-07-03T00:01:08+00:00","description":"Ce jeu travaille le d\u00e9nombrement et la comparaison de collections inf\u00e9rieures \u00e0 10. Il aide aussi \u00e0\u00a0 la m\u00e9morisation des chiffres.","breadcrumb":{"@id":"https:\/\/lire-ecrire-compter.com\/?product=chiffres-en-bataille#breadcrumb"},"inLanguage":"fr-FR","potentialAction":[{"@type":"ReadAction","target":["https:\/\/lire-ecrire-compter.com\/?product=chiffres-en-bataille"]}]},{"@type":"ImageObject","inLanguage":"fr-FR","@id":"https:\/\/lire-ecrire-compter.com\/?product=chiffres-en-bataille#primaryimage","url":"https:\/\/lire-ecrire-compter.com\/wp-content\/uploads\/2020\/02\/IMG_2561-e1579792734688.jpg","contentUrl":"https:\/\/lire-ecrire-compter.com\/wp-content\/uploads\/2020\/02\/IMG_2561-e1579792734688.jpg","width":1200,"height":1200},{"@type":"BreadcrumbList","@id":"https:\/\/lire-ecrire-compter.com\/?product=chiffres-en-bataille#breadcrumb","itemListElement":[{"@type":"ListItem","position":1,"name":"Accueil","item":"https:\/\/lire-ecrire-compter.com\/"},{"@type":"ListItem","position":2,"name":"La bo\u00eete \u00e0 jeux","item":"https:\/\/lire-ecrire-compter.com\/?page_id=747"},{"@type":"ListItem","position":3,"name":"Chiffres en bataille"}]},{"@type":"WebSite","@id":"https:\/\/lire-ecrire-compter.com\/#website","url":"https:\/\/lire-ecrire-compter.com\/","name":"Lire \u00e9crire compter","description":"Jouer pour apprendre","potentialAction":[{"@type":"SearchAction","target":{"@type":"EntryPoint","urlTemplate":"https:\/\/lire-ecrire-compter.com\/?s={search_term_string}"},"query-input":{"@type":"PropertyValueSpecification","valueRequired":true,"valueName":"search_term_string"}}],"inLanguage":"fr-FR"}]}},"_links":{"self":[{"href":"https:\/\/lire-ecrire-compter.com\/index.php?rest_route=\/wp\/v2\/product\/2125","targetHints":{"allow":["GET"]}}],"collection":[{"href":"https:\/\/lire-ecrire-compter.com\/index.php?rest_route=\/wp\/v2\/product"}],"about":[{"href":"https:\/\/lire-ecrire-compter.com\/index.php?rest_route=\/wp\/v2\/types\/product"}],"replies":[{"embeddable":true,"href":"https:\/\/lire-ecrire-compter.com\/index.php?rest_route=%2Fwp%2Fv2%2Fcomments&post=2125"}],"wp:featuredmedia":[{"embeddable":true,"href":"https:\/\/lire-ecrire-compter.com\/index.php?rest_route=\/wp\/v2\/media\/1186"}],"wp:attachment":[{"href":"https:\/\/lire-ecrire-compter.com\/index.php?rest_route=%2Fwp%2Fv2%2Fmedia&parent=2125"}],"wp:term":[{"taxonomy":"product_brand","embeddable":true,"href":"https:\/\/lire-ecrire-compter.com\/index.php?rest_route=%2Fwp%2Fv2%2Fproduct_brand&post=2125"},{"taxonomy":"product_cat","embeddable":true,"href":"https:\/\/lire-ecrire-compter.com\/index.php?rest_route=%2Fwp%2Fv2%2Fproduct_cat&post=2125"},{"taxonomy":"product_tag","embeddable":true,"href":"https:\/\/lire-ecrire-compter.com\/index.php?rest_route=%2Fwp%2Fv2%2Fproduct_tag&post=2125"}],"curies":[{"name":"wp","href":"https:\/\/api.w.org\/{rel}","templated":true}]}}