{"id":2123,"date":"2020-03-06T10:52:05","date_gmt":"2020-03-06T09:52:05","guid":{"rendered":"https:\/\/lire-ecrire-compter.com\/?product=import-placeholder-for-60797"},"modified":"2022-02-01T18:18:01","modified_gmt":"2022-02-01T17:18:01","slug":"lynx-des-additions","status":"publish","type":"product","link":"https:\/\/lire-ecrire-compter.com\/?product=lynx-des-additions","title":{"rendered":"Lynx des additions"},"content":{"rendered":"<p><span style=\"color: #92d001;\"><strong>BUT DU JEU :<\/strong><\/span><br \/>\n<span style=\"color: #92d001;\">Il s&rsquo;agit de de <strong>r\u00e9unir le plus grand nombre de cartes \u00ab\u00a0somme\u00a0\u00bb en trouvant le r\u00e9sultat de cette somme \u00e9crit en lettres ou en chiffres<\/strong> sur un plateau de forme hexagonale.<\/span><\/p>\n<p><span style=\"color: #ff5b72;\"><strong>COMPOSITION :<\/strong><\/span><br \/>\n<span style=\"color: #ff5b72;\">Il est compos\u00e9 de <strong>90 cartes<\/strong> correspondant aux<strong> tables d&rsquo;additions de 1 \u00e0 10<\/strong>, de <strong>6 rectangles de s\u00e9lection<\/strong> et d&rsquo;<strong>un plateau hexagonal.<\/strong><\/span><\/p>\n<p><span style=\"color: #46acbf;\"><strong>OBJECTIFS :<br \/>\n<\/strong>Ce jeu aide les enfants \u00e0<strong> m\u00e9moriser le r\u00e9sultat de sommes de nombres <\/strong>compris entre 1 et 10 et travaille<strong> la flexibilit\u00e9 mentale<\/strong>, le <strong>balayage oculaire<\/strong> et la <strong>discrimination visuelle<\/strong>.<\/span><\/p>\n<p>&nbsp;<\/p>\n<p>&nbsp;<\/p>\n","protected":false},"excerpt":{"rendered":"<p>BUT DU JEU : Il s&rsquo;agit de de r\u00e9unir le plus grand nombre de cartes \u00ab\u00a0somme\u00a0\u00bb en trouvant le r\u00e9sultat de cette somme \u00e9crit en lettres ou en chiffres sur un plateau de forme hexagonale. COMPOSITION : Il est compos\u00e9 de 90 cartes correspondant aux&#8230;<\/p>\n","protected":false},"featured_media":1176,"comment_status":"closed","ping_status":"closed","template":"","meta":{"give_campaign_id":0,"om_disable_all_campaigns":false,"_monsterinsights_skip_tracking":false,"_monsterinsights_sitenote_active":false,"_monsterinsights_sitenote_note":"","_monsterinsights_sitenote_category":0,"_uf_show_specific_survey":0,"_uf_disable_surveys":false},"product_brand":[],"product_cat":[156,147,100],"product_tag":[84],"class_list":{"0":"post-2123","1":"product","2":"type-product","3":"status-publish","4":"has-post-thumbnail","6":"product_cat-a-partir-du-ce1","7":"product_cat-jeux","8":"product_cat-jeux-autour-des-mathematiques","9":"product_tag-calculer-une-somme-ou-une-difference","11":"first","12":"instock","13":"downloadable","14":"virtual","15":"purchasable","16":"product-type-simple"},"yoast_head":"<!-- This site is optimized with the Yoast SEO plugin v27.1.1 - https:\/\/yoast.com\/product\/yoast-seo-wordpress\/ -->\n<title>Lynx des additions - Lire \u00e9crire compter<\/title>\n<meta name=\"description\" content=\"Ce jeu autour des math\u00e9matiques aide les enfants \u00e0 m\u00e9moriser le r\u00e9sultat de sommes de nombres compris entre 1 et 10 et travaille la flexibilit\u00e9 mentale, le balayage oculaire et la discrimination visuelle.\" \/>\n<meta name=\"robots\" content=\"index, follow, max-snippet:-1, max-image-preview:large, max-video-preview:-1\" \/>\n<link rel=\"canonical\" href=\"https:\/\/lire-ecrire-compter.com\/?product=lynx-des-additions\" \/>\n<meta property=\"og:locale\" content=\"fr_FR\" \/>\n<meta property=\"og:type\" content=\"article\" \/>\n<meta property=\"og:title\" content=\"Lynx des additions - Lire \u00e9crire compter\" \/>\n<meta property=\"og:description\" content=\"Ce jeu autour des math\u00e9matiques aide les enfants \u00e0 m\u00e9moriser le r\u00e9sultat de sommes de nombres compris entre 1 et 10 et travaille la flexibilit\u00e9 mentale, le balayage oculaire et la discrimination visuelle.\" \/>\n<meta property=\"og:url\" content=\"https:\/\/lire-ecrire-compter.com\/?product=lynx-des-additions\" \/>\n<meta property=\"og:site_name\" content=\"Lire \u00e9crire compter\" \/>\n<meta property=\"article:modified_time\" content=\"2022-02-01T17:18:01+00:00\" \/>\n<meta property=\"og:image\" content=\"https:\/\/lire-ecrire-compter.com\/wp-content\/uploads\/2020\/02\/IMG_2849-rotated-e1576084627499.jpg\" \/>\n\t<meta property=\"og:image:width\" content=\"1200\" \/>\n\t<meta property=\"og:image:height\" content=\"1200\" \/>\n\t<meta property=\"og:image:type\" content=\"image\/jpeg\" \/>\n<meta name=\"twitter:card\" content=\"summary_large_image\" \/>\n<script type=\"application\/ld+json\" class=\"yoast-schema-graph\">{\"@context\":\"https:\/\/schema.org\",\"@graph\":[{\"@type\":\"WebPage\",\"@id\":\"https:\/\/lire-ecrire-compter.com\/?product=lynx-des-additions\",\"url\":\"https:\/\/lire-ecrire-compter.com\/?product=lynx-des-additions\",\"name\":\"Lynx des additions - Lire \u00e9crire compter\",\"isPartOf\":{\"@id\":\"https:\/\/lire-ecrire-compter.com\/#website\"},\"primaryImageOfPage\":{\"@id\":\"https:\/\/lire-ecrire-compter.com\/?product=lynx-des-additions#primaryimage\"},\"image\":{\"@id\":\"https:\/\/lire-ecrire-compter.com\/?product=lynx-des-additions#primaryimage\"},\"thumbnailUrl\":\"https:\/\/lire-ecrire-compter.com\/wp-content\/uploads\/2020\/02\/IMG_2849-rotated-e1576084627499.jpg\",\"datePublished\":\"2020-03-06T09:52:05+00:00\",\"dateModified\":\"2022-02-01T17:18:01+00:00\",\"description\":\"Ce jeu autour des math\u00e9matiques aide les enfants \u00e0 m\u00e9moriser le r\u00e9sultat de sommes de nombres compris entre 1 et 10 et travaille la flexibilit\u00e9 mentale, le balayage oculaire et la discrimination visuelle.\",\"breadcrumb\":{\"@id\":\"https:\/\/lire-ecrire-compter.com\/?product=lynx-des-additions#breadcrumb\"},\"inLanguage\":\"fr-FR\",\"potentialAction\":[{\"@type\":\"ReadAction\",\"target\":[\"https:\/\/lire-ecrire-compter.com\/?product=lynx-des-additions\"]}]},{\"@type\":\"ImageObject\",\"inLanguage\":\"fr-FR\",\"@id\":\"https:\/\/lire-ecrire-compter.com\/?product=lynx-des-additions#primaryimage\",\"url\":\"https:\/\/lire-ecrire-compter.com\/wp-content\/uploads\/2020\/02\/IMG_2849-rotated-e1576084627499.jpg\",\"contentUrl\":\"https:\/\/lire-ecrire-compter.com\/wp-content\/uploads\/2020\/02\/IMG_2849-rotated-e1576084627499.jpg\",\"width\":1200,\"height\":1200},{\"@type\":\"BreadcrumbList\",\"@id\":\"https:\/\/lire-ecrire-compter.com\/?product=lynx-des-additions#breadcrumb\",\"itemListElement\":[{\"@type\":\"ListItem\",\"position\":1,\"name\":\"Accueil\",\"item\":\"https:\/\/lire-ecrire-compter.com\/\"},{\"@type\":\"ListItem\",\"position\":2,\"name\":\"La bo\u00eete \u00e0 jeux\",\"item\":\"https:\/\/lire-ecrire-compter.com\/?page_id=747\"},{\"@type\":\"ListItem\",\"position\":3,\"name\":\"Lynx des additions\"}]},{\"@type\":\"WebSite\",\"@id\":\"https:\/\/lire-ecrire-compter.com\/#website\",\"url\":\"https:\/\/lire-ecrire-compter.com\/\",\"name\":\"Lire \u00e9crire compter\",\"description\":\"Jouer pour apprendre\",\"potentialAction\":[{\"@type\":\"SearchAction\",\"target\":{\"@type\":\"EntryPoint\",\"urlTemplate\":\"https:\/\/lire-ecrire-compter.com\/?s={search_term_string}\"},\"query-input\":{\"@type\":\"PropertyValueSpecification\",\"valueRequired\":true,\"valueName\":\"search_term_string\"}}],\"inLanguage\":\"fr-FR\"}]}<\/script>\n<!-- \/ Yoast SEO plugin. -->","yoast_head_json":{"title":"Lynx des additions - Lire \u00e9crire compter","description":"Ce jeu autour des math\u00e9matiques aide les enfants \u00e0 m\u00e9moriser le r\u00e9sultat de sommes de nombres compris entre 1 et 10 et travaille la flexibilit\u00e9 mentale, le balayage oculaire et la discrimination visuelle.","robots":{"index":"index","follow":"follow","max-snippet":"max-snippet:-1","max-image-preview":"max-image-preview:large","max-video-preview":"max-video-preview:-1"},"canonical":"https:\/\/lire-ecrire-compter.com\/?product=lynx-des-additions","og_locale":"fr_FR","og_type":"article","og_title":"Lynx des additions - Lire \u00e9crire compter","og_description":"Ce jeu autour des math\u00e9matiques aide les enfants \u00e0 m\u00e9moriser le r\u00e9sultat de sommes de nombres compris entre 1 et 10 et travaille la flexibilit\u00e9 mentale, le balayage oculaire et la discrimination visuelle.","og_url":"https:\/\/lire-ecrire-compter.com\/?product=lynx-des-additions","og_site_name":"Lire \u00e9crire compter","article_modified_time":"2022-02-01T17:18:01+00:00","og_image":[{"width":1200,"height":1200,"url":"https:\/\/lire-ecrire-compter.com\/wp-content\/uploads\/2020\/02\/IMG_2849-rotated-e1576084627499.jpg","type":"image\/jpeg"}],"twitter_card":"summary_large_image","schema":{"@context":"https:\/\/schema.org","@graph":[{"@type":"WebPage","@id":"https:\/\/lire-ecrire-compter.com\/?product=lynx-des-additions","url":"https:\/\/lire-ecrire-compter.com\/?product=lynx-des-additions","name":"Lynx des additions - Lire \u00e9crire compter","isPartOf":{"@id":"https:\/\/lire-ecrire-compter.com\/#website"},"primaryImageOfPage":{"@id":"https:\/\/lire-ecrire-compter.com\/?product=lynx-des-additions#primaryimage"},"image":{"@id":"https:\/\/lire-ecrire-compter.com\/?product=lynx-des-additions#primaryimage"},"thumbnailUrl":"https:\/\/lire-ecrire-compter.com\/wp-content\/uploads\/2020\/02\/IMG_2849-rotated-e1576084627499.jpg","datePublished":"2020-03-06T09:52:05+00:00","dateModified":"2022-02-01T17:18:01+00:00","description":"Ce jeu autour des math\u00e9matiques aide les enfants \u00e0 m\u00e9moriser le r\u00e9sultat de sommes de nombres compris entre 1 et 10 et travaille la flexibilit\u00e9 mentale, le balayage oculaire et la discrimination visuelle.","breadcrumb":{"@id":"https:\/\/lire-ecrire-compter.com\/?product=lynx-des-additions#breadcrumb"},"inLanguage":"fr-FR","potentialAction":[{"@type":"ReadAction","target":["https:\/\/lire-ecrire-compter.com\/?product=lynx-des-additions"]}]},{"@type":"ImageObject","inLanguage":"fr-FR","@id":"https:\/\/lire-ecrire-compter.com\/?product=lynx-des-additions#primaryimage","url":"https:\/\/lire-ecrire-compter.com\/wp-content\/uploads\/2020\/02\/IMG_2849-rotated-e1576084627499.jpg","contentUrl":"https:\/\/lire-ecrire-compter.com\/wp-content\/uploads\/2020\/02\/IMG_2849-rotated-e1576084627499.jpg","width":1200,"height":1200},{"@type":"BreadcrumbList","@id":"https:\/\/lire-ecrire-compter.com\/?product=lynx-des-additions#breadcrumb","itemListElement":[{"@type":"ListItem","position":1,"name":"Accueil","item":"https:\/\/lire-ecrire-compter.com\/"},{"@type":"ListItem","position":2,"name":"La bo\u00eete \u00e0 jeux","item":"https:\/\/lire-ecrire-compter.com\/?page_id=747"},{"@type":"ListItem","position":3,"name":"Lynx des additions"}]},{"@type":"WebSite","@id":"https:\/\/lire-ecrire-compter.com\/#website","url":"https:\/\/lire-ecrire-compter.com\/","name":"Lire \u00e9crire compter","description":"Jouer pour apprendre","potentialAction":[{"@type":"SearchAction","target":{"@type":"EntryPoint","urlTemplate":"https:\/\/lire-ecrire-compter.com\/?s={search_term_string}"},"query-input":{"@type":"PropertyValueSpecification","valueRequired":true,"valueName":"search_term_string"}}],"inLanguage":"fr-FR"}]}},"_links":{"self":[{"href":"https:\/\/lire-ecrire-compter.com\/index.php?rest_route=\/wp\/v2\/product\/2123","targetHints":{"allow":["GET"]}}],"collection":[{"href":"https:\/\/lire-ecrire-compter.com\/index.php?rest_route=\/wp\/v2\/product"}],"about":[{"href":"https:\/\/lire-ecrire-compter.com\/index.php?rest_route=\/wp\/v2\/types\/product"}],"replies":[{"embeddable":true,"href":"https:\/\/lire-ecrire-compter.com\/index.php?rest_route=%2Fwp%2Fv2%2Fcomments&post=2123"}],"wp:featuredmedia":[{"embeddable":true,"href":"https:\/\/lire-ecrire-compter.com\/index.php?rest_route=\/wp\/v2\/media\/1176"}],"wp:attachment":[{"href":"https:\/\/lire-ecrire-compter.com\/index.php?rest_route=%2Fwp%2Fv2%2Fmedia&parent=2123"}],"wp:term":[{"taxonomy":"product_brand","embeddable":true,"href":"https:\/\/lire-ecrire-compter.com\/index.php?rest_route=%2Fwp%2Fv2%2Fproduct_brand&post=2123"},{"taxonomy":"product_cat","embeddable":true,"href":"https:\/\/lire-ecrire-compter.com\/index.php?rest_route=%2Fwp%2Fv2%2Fproduct_cat&post=2123"},{"taxonomy":"product_tag","embeddable":true,"href":"https:\/\/lire-ecrire-compter.com\/index.php?rest_route=%2Fwp%2Fv2%2Fproduct_tag&post=2123"}],"curies":[{"name":"wp","href":"https:\/\/api.w.org\/{rel}","templated":true}]}}