{"id":2121,"date":"2020-03-06T10:52:05","date_gmt":"2020-03-06T09:52:05","guid":{"rendered":"https:\/\/lire-ecrire-compter.com\/?product=import-placeholder-for-58587"},"modified":"2026-04-16T01:34:59","modified_gmt":"2026-04-15T23:34:59","slug":"loto-des-lettres-nouvelle-version","status":"publish","type":"product","link":"https:\/\/lire-ecrire-compter.com\/?product=loto-des-lettres-nouvelle-version","title":{"rendered":"Loto des lettres (nouvelle version)"},"content":{"rendered":"<p><span style=\"color: #92d001;\"><strong>PR\u00c9SENTATION ET BUT DU JEU<br \/>\n<\/strong>Il s&rsquo;agit de faire correspondre, \u00e0 une lettre \u00e9crite sur une plaque, une m\u00eame lettre \u00e9crite sur un pion, dans une autre graphie, \u00e0 la mani\u00e8re d&rsquo;un loto. Le premier joueur \u00e0 avoir compl\u00e9t\u00e9 sa plaque a gagn\u00e9.<\/span><br \/>\n<span style=\"color: #92d001;\">Ce jeu se sert des connaissances de l&rsquo;enfant comme point d&rsquo;ancrage pour lui permettre d&rsquo;en acqu\u00e9rir d&rsquo;autres, \u00e0 son rythme.<\/span><br \/>\n<span style=\"color: #92d001;\"><strong>Au premier niveau<\/strong>, les plaques et les pions sont en <strong>\u00e9criture majuscule d&rsquo;imprimerie<\/strong>. La correspondance entre les deux est \u00e9tay\u00e9e par la pr\u00e9sence de dessins pour chaque lettre.<strong> Ensuite<\/strong>, les plaques sont en <strong>\u00e9criture minuscule scripte<\/strong>, alors que les pions restent en<strong> \u00e9criture majuscule d&rsquo;imprimerie<\/strong>. <strong>Et enfin<\/strong>, les plaques sont \u00e9crites avec des<strong> lettres cursives<\/strong> et les pions en <strong>\u00e9criture scripte.<\/strong><\/span><br \/>\n<span style=\"color: #92d001;\">L&rsquo;enfant se trouvera donc toujours dans une activit\u00e9 de \u00ab\u00a0signalement\u00a0\u00bb : trouver une autre graphie \u00ab\u00a0possible\u00a0\u00bb pour une lettre pr\u00e9sent\u00e9e dans une graphie connue de lui.<\/span><\/p>\n<p><span style=\"color: #ff5b72;\"><strong>COMPOSITION<\/strong><\/span><br \/>\n<span style=\"color: #ff5b72;\"><strong>Il est compos\u00e9<\/strong> de <strong>15 plaques de loto : <\/strong>5 pour chaque niveau et de<strong> 2 s\u00e9ries de 26 pions-lettres recto-verso <\/strong>: 1 s\u00e9rie en lettres majuscules d&rsquo;imprimerie et 1 s\u00e9rie en lettres minuscules scriptes.<\/span><\/p>\n<p><span style=\"color: #46acbf;\"><strong>OBJECTIFS<br \/>\n<\/strong>Ce jeu aide \u00e0 <strong>reconna\u00eetre les lettres de l&rsquo;alphabet dans 3 graphies : <\/strong>en lettres majuscules d&rsquo;imprimerie, en lettres minuscules scriptes et en lettres minuscules cursives . Il incite l&rsquo;enfant \u00e0<strong> s&rsquo;appuyer sur un mot r\u00e9f\u00e9rent pour identifier une lettre.<\/strong><\/span><\/p>\n","protected":false},"excerpt":{"rendered":"<p>PR\u00c9SENTATION ET BUT DU JEU Il s&rsquo;agit de faire correspondre, \u00e0 une lettre \u00e9crite sur une plaque, une m\u00eame lettre \u00e9crite sur un pion, dans une autre graphie, \u00e0 la mani\u00e8re d&rsquo;un loto. Le premier joueur \u00e0 avoir compl\u00e9t\u00e9 sa plaque a gagn\u00e9. Ce jeu&#8230;<\/p>\n","protected":false},"featured_media":1168,"comment_status":"open","ping_status":"closed","template":"","meta":{"give_campaign_id":0,"om_disable_all_campaigns":false,"_monsterinsights_skip_tracking":false,"_monsterinsights_sitenote_active":false,"_monsterinsights_sitenote_note":"","_monsterinsights_sitenote_category":0,"_uf_show_specific_survey":0,"_uf_disable_surveys":false},"product_brand":[],"product_cat":[106,107,98,121],"product_tag":[112],"class_list":{"0":"post-2121","1":"product","2":"type-product","3":"status-publish","4":"has-post-thumbnail","6":"product_cat-cp","7":"product_cat-gs","8":"product_cat-jeux-autour-de-la-lecture","9":"product_cat-ps-ms","10":"product_tag-reconnaitre-et-nommer-les-lettres-dans-differentes-graphies","12":"first","13":"instock","14":"downloadable","15":"virtual","16":"purchasable","17":"product-type-simple"},"yoast_head":"<!-- This site is optimized with the Yoast SEO plugin v27.1.1 - https:\/\/yoast.com\/product\/yoast-seo-wordpress\/ -->\n<title>Loto des lettres (nouvelle version) - Lire \u00e9crire compter<\/title>\n<meta name=\"description\" content=\"Ce jeu de lecture aide \u00e0 reconna\u00eetre les lettres de l&#039;alphabet dans 3 graphies : en lettres majuscules d&#039;imprimerie, en lettres minuscules scriptes et en lettres minuscules cursives . Il incite l&#039;enfant \u00e0 s&#039;appuyer sur un mot r\u00e9f\u00e9rent pour identifier une lettre.\" \/>\n<meta name=\"robots\" content=\"index, follow, max-snippet:-1, max-image-preview:large, max-video-preview:-1\" \/>\n<link rel=\"canonical\" href=\"https:\/\/lire-ecrire-compter.com\/?product=loto-des-lettres-nouvelle-version\" \/>\n<meta property=\"og:locale\" content=\"fr_FR\" \/>\n<meta property=\"og:type\" content=\"article\" \/>\n<meta property=\"og:title\" content=\"Loto des lettres (nouvelle version) - Lire \u00e9crire compter\" \/>\n<meta property=\"og:description\" content=\"Ce jeu de lecture aide \u00e0 reconna\u00eetre les lettres de l&#039;alphabet dans 3 graphies : en lettres majuscules d&#039;imprimerie, en lettres minuscules scriptes et en lettres minuscules cursives . Il incite l&#039;enfant \u00e0 s&#039;appuyer sur un mot r\u00e9f\u00e9rent pour identifier une lettre.\" \/>\n<meta property=\"og:url\" content=\"https:\/\/lire-ecrire-compter.com\/?product=loto-des-lettres-nouvelle-version\" \/>\n<meta property=\"og:site_name\" content=\"Lire \u00e9crire compter\" \/>\n<meta property=\"article:modified_time\" content=\"2026-04-15T23:34:59+00:00\" \/>\n<meta property=\"og:image\" content=\"https:\/\/lire-ecrire-compter.com\/wp-content\/uploads\/2020\/02\/jeu-entier-e1574362476963.jpg\" \/>\n\t<meta property=\"og:image:width\" content=\"1200\" \/>\n\t<meta property=\"og:image:height\" content=\"1200\" \/>\n\t<meta property=\"og:image:type\" content=\"image\/jpeg\" \/>\n<meta name=\"twitter:card\" content=\"summary_large_image\" \/>\n<meta name=\"twitter:label1\" content=\"Dur\u00e9e de lecture estim\u00e9e\" \/>\n\t<meta name=\"twitter:data1\" content=\"1 minute\" \/>\n<script type=\"application\/ld+json\" class=\"yoast-schema-graph\">{\"@context\":\"https:\/\/schema.org\",\"@graph\":[{\"@type\":\"WebPage\",\"@id\":\"https:\/\/lire-ecrire-compter.com\/?product=loto-des-lettres-nouvelle-version\",\"url\":\"https:\/\/lire-ecrire-compter.com\/?product=loto-des-lettres-nouvelle-version\",\"name\":\"Loto des lettres (nouvelle version) - Lire \u00e9crire compter\",\"isPartOf\":{\"@id\":\"https:\/\/lire-ecrire-compter.com\/#website\"},\"primaryImageOfPage\":{\"@id\":\"https:\/\/lire-ecrire-compter.com\/?product=loto-des-lettres-nouvelle-version#primaryimage\"},\"image\":{\"@id\":\"https:\/\/lire-ecrire-compter.com\/?product=loto-des-lettres-nouvelle-version#primaryimage\"},\"thumbnailUrl\":\"https:\/\/lire-ecrire-compter.com\/wp-content\/uploads\/2020\/02\/jeu-entier-e1574362476963.jpg\",\"datePublished\":\"2020-03-06T09:52:05+00:00\",\"dateModified\":\"2026-04-15T23:34:59+00:00\",\"description\":\"Ce jeu de lecture aide \u00e0 reconna\u00eetre les lettres de l'alphabet dans 3 graphies : en lettres majuscules d'imprimerie, en lettres minuscules scriptes et en lettres minuscules cursives . Il incite l'enfant \u00e0 s'appuyer sur un mot r\u00e9f\u00e9rent pour identifier une lettre.\",\"breadcrumb\":{\"@id\":\"https:\/\/lire-ecrire-compter.com\/?product=loto-des-lettres-nouvelle-version#breadcrumb\"},\"inLanguage\":\"fr-FR\",\"potentialAction\":[{\"@type\":\"ReadAction\",\"target\":[\"https:\/\/lire-ecrire-compter.com\/?product=loto-des-lettres-nouvelle-version\"]}]},{\"@type\":\"ImageObject\",\"inLanguage\":\"fr-FR\",\"@id\":\"https:\/\/lire-ecrire-compter.com\/?product=loto-des-lettres-nouvelle-version#primaryimage\",\"url\":\"https:\/\/lire-ecrire-compter.com\/wp-content\/uploads\/2020\/02\/jeu-entier-e1574362476963.jpg\",\"contentUrl\":\"https:\/\/lire-ecrire-compter.com\/wp-content\/uploads\/2020\/02\/jeu-entier-e1574362476963.jpg\",\"width\":1200,\"height\":1200},{\"@type\":\"BreadcrumbList\",\"@id\":\"https:\/\/lire-ecrire-compter.com\/?product=loto-des-lettres-nouvelle-version#breadcrumb\",\"itemListElement\":[{\"@type\":\"ListItem\",\"position\":1,\"name\":\"Accueil\",\"item\":\"https:\/\/lire-ecrire-compter.com\/\"},{\"@type\":\"ListItem\",\"position\":2,\"name\":\"La bo\u00eete \u00e0 jeux\",\"item\":\"https:\/\/lire-ecrire-compter.com\/?page_id=747\"},{\"@type\":\"ListItem\",\"position\":3,\"name\":\"Loto des lettres (nouvelle version)\"}]},{\"@type\":\"WebSite\",\"@id\":\"https:\/\/lire-ecrire-compter.com\/#website\",\"url\":\"https:\/\/lire-ecrire-compter.com\/\",\"name\":\"Lire \u00e9crire compter\",\"description\":\"Jouer pour apprendre\",\"potentialAction\":[{\"@type\":\"SearchAction\",\"target\":{\"@type\":\"EntryPoint\",\"urlTemplate\":\"https:\/\/lire-ecrire-compter.com\/?s={search_term_string}\"},\"query-input\":{\"@type\":\"PropertyValueSpecification\",\"valueRequired\":true,\"valueName\":\"search_term_string\"}}],\"inLanguage\":\"fr-FR\"}]}<\/script>\n<!-- \/ Yoast SEO plugin. -->","yoast_head_json":{"title":"Loto des lettres (nouvelle version) - Lire \u00e9crire compter","description":"Ce jeu de lecture aide \u00e0 reconna\u00eetre les lettres de l'alphabet dans 3 graphies : en lettres majuscules d'imprimerie, en lettres minuscules scriptes et en lettres minuscules cursives . Il incite l'enfant \u00e0 s'appuyer sur un mot r\u00e9f\u00e9rent pour identifier une lettre.","robots":{"index":"index","follow":"follow","max-snippet":"max-snippet:-1","max-image-preview":"max-image-preview:large","max-video-preview":"max-video-preview:-1"},"canonical":"https:\/\/lire-ecrire-compter.com\/?product=loto-des-lettres-nouvelle-version","og_locale":"fr_FR","og_type":"article","og_title":"Loto des lettres (nouvelle version) - Lire \u00e9crire compter","og_description":"Ce jeu de lecture aide \u00e0 reconna\u00eetre les lettres de l'alphabet dans 3 graphies : en lettres majuscules d'imprimerie, en lettres minuscules scriptes et en lettres minuscules cursives . Il incite l'enfant \u00e0 s'appuyer sur un mot r\u00e9f\u00e9rent pour identifier une lettre.","og_url":"https:\/\/lire-ecrire-compter.com\/?product=loto-des-lettres-nouvelle-version","og_site_name":"Lire \u00e9crire compter","article_modified_time":"2026-04-15T23:34:59+00:00","og_image":[{"width":1200,"height":1200,"url":"https:\/\/lire-ecrire-compter.com\/wp-content\/uploads\/2020\/02\/jeu-entier-e1574362476963.jpg","type":"image\/jpeg"}],"twitter_card":"summary_large_image","twitter_misc":{"Dur\u00e9e de lecture estim\u00e9e":"1 minute"},"schema":{"@context":"https:\/\/schema.org","@graph":[{"@type":"WebPage","@id":"https:\/\/lire-ecrire-compter.com\/?product=loto-des-lettres-nouvelle-version","url":"https:\/\/lire-ecrire-compter.com\/?product=loto-des-lettres-nouvelle-version","name":"Loto des lettres (nouvelle version) - Lire \u00e9crire compter","isPartOf":{"@id":"https:\/\/lire-ecrire-compter.com\/#website"},"primaryImageOfPage":{"@id":"https:\/\/lire-ecrire-compter.com\/?product=loto-des-lettres-nouvelle-version#primaryimage"},"image":{"@id":"https:\/\/lire-ecrire-compter.com\/?product=loto-des-lettres-nouvelle-version#primaryimage"},"thumbnailUrl":"https:\/\/lire-ecrire-compter.com\/wp-content\/uploads\/2020\/02\/jeu-entier-e1574362476963.jpg","datePublished":"2020-03-06T09:52:05+00:00","dateModified":"2026-04-15T23:34:59+00:00","description":"Ce jeu de lecture aide \u00e0 reconna\u00eetre les lettres de l'alphabet dans 3 graphies : en lettres majuscules d'imprimerie, en lettres minuscules scriptes et en lettres minuscules cursives . Il incite l'enfant \u00e0 s'appuyer sur un mot r\u00e9f\u00e9rent pour identifier une lettre.","breadcrumb":{"@id":"https:\/\/lire-ecrire-compter.com\/?product=loto-des-lettres-nouvelle-version#breadcrumb"},"inLanguage":"fr-FR","potentialAction":[{"@type":"ReadAction","target":["https:\/\/lire-ecrire-compter.com\/?product=loto-des-lettres-nouvelle-version"]}]},{"@type":"ImageObject","inLanguage":"fr-FR","@id":"https:\/\/lire-ecrire-compter.com\/?product=loto-des-lettres-nouvelle-version#primaryimage","url":"https:\/\/lire-ecrire-compter.com\/wp-content\/uploads\/2020\/02\/jeu-entier-e1574362476963.jpg","contentUrl":"https:\/\/lire-ecrire-compter.com\/wp-content\/uploads\/2020\/02\/jeu-entier-e1574362476963.jpg","width":1200,"height":1200},{"@type":"BreadcrumbList","@id":"https:\/\/lire-ecrire-compter.com\/?product=loto-des-lettres-nouvelle-version#breadcrumb","itemListElement":[{"@type":"ListItem","position":1,"name":"Accueil","item":"https:\/\/lire-ecrire-compter.com\/"},{"@type":"ListItem","position":2,"name":"La bo\u00eete \u00e0 jeux","item":"https:\/\/lire-ecrire-compter.com\/?page_id=747"},{"@type":"ListItem","position":3,"name":"Loto des lettres (nouvelle version)"}]},{"@type":"WebSite","@id":"https:\/\/lire-ecrire-compter.com\/#website","url":"https:\/\/lire-ecrire-compter.com\/","name":"Lire \u00e9crire compter","description":"Jouer pour apprendre","potentialAction":[{"@type":"SearchAction","target":{"@type":"EntryPoint","urlTemplate":"https:\/\/lire-ecrire-compter.com\/?s={search_term_string}"},"query-input":{"@type":"PropertyValueSpecification","valueRequired":true,"valueName":"search_term_string"}}],"inLanguage":"fr-FR"}]}},"_links":{"self":[{"href":"https:\/\/lire-ecrire-compter.com\/index.php?rest_route=\/wp\/v2\/product\/2121","targetHints":{"allow":["GET"]}}],"collection":[{"href":"https:\/\/lire-ecrire-compter.com\/index.php?rest_route=\/wp\/v2\/product"}],"about":[{"href":"https:\/\/lire-ecrire-compter.com\/index.php?rest_route=\/wp\/v2\/types\/product"}],"replies":[{"embeddable":true,"href":"https:\/\/lire-ecrire-compter.com\/index.php?rest_route=%2Fwp%2Fv2%2Fcomments&post=2121"}],"wp:featuredmedia":[{"embeddable":true,"href":"https:\/\/lire-ecrire-compter.com\/index.php?rest_route=\/wp\/v2\/media\/1168"}],"wp:attachment":[{"href":"https:\/\/lire-ecrire-compter.com\/index.php?rest_route=%2Fwp%2Fv2%2Fmedia&parent=2121"}],"wp:term":[{"taxonomy":"product_brand","embeddable":true,"href":"https:\/\/lire-ecrire-compter.com\/index.php?rest_route=%2Fwp%2Fv2%2Fproduct_brand&post=2121"},{"taxonomy":"product_cat","embeddable":true,"href":"https:\/\/lire-ecrire-compter.com\/index.php?rest_route=%2Fwp%2Fv2%2Fproduct_cat&post=2121"},{"taxonomy":"product_tag","embeddable":true,"href":"https:\/\/lire-ecrire-compter.com\/index.php?rest_route=%2Fwp%2Fv2%2Fproduct_tag&post=2121"}],"curies":[{"name":"wp","href":"https:\/\/api.w.org\/{rel}","templated":true}]}}