{"id":2118,"date":"2020-03-06T10:52:05","date_gmt":"2020-03-06T09:52:05","guid":{"rendered":"https:\/\/lire-ecrire-compter.com\/?product=import-placeholder-for-52710"},"modified":"2022-02-01T18:12:41","modified_gmt":"2022-02-01T17:12:41","slug":"7-familles-de-mots-invariables","status":"publish","type":"product","link":"https:\/\/lire-ecrire-compter.com\/?product=7-familles-de-mots-invariables","title":{"rendered":"7 familles de mots invariables"},"content":{"rendered":"<p><span style=\"color: #92d001;\"><strong>BUT DU JEU<br \/>\n<\/strong>\u00catre le joueur qui a r\u00e9ussi, \u00e0 la fin de la partie, \u00e0 <strong>r\u00e9unir le plus de familles compl\u00e8tes<\/strong>. Chaque famille est c<strong>ompos\u00e9e de 6 mots avec une particularit\u00e9 orthographique commune<\/strong>.<\/span><\/p>\n<p><span style=\"color: #ff5b72;\"><strong>COMPOSITION<\/strong><\/span><br \/>\n<span style=\"color: #ff5b72;\"><strong>Il est compos\u00e9<\/strong> de <strong>42 cartes-mots <\/strong>class\u00e9es en<strong> 7 familles de 6 mots invariables <\/strong>ayant une <strong>particularit\u00e9 commune<\/strong>. Toutes les cartes sont \u00e9crites avec la police Open Dyslexic<\/span><\/p>\n<p><span style=\"color: #46acbf;\"><strong>OBJECTIFS<br \/>\n<\/strong>Aider \u00e0 la <strong>m\u00e9morisation de mots invariables<\/strong> assez fr\u00e9quemment rencontr\u00e9s <strong>en prenant conscience de la particularit\u00e9 de chacun<\/strong>.<\/span><\/p>\n<p>&nbsp;<\/p>\n<p>&nbsp;<\/p>\n","protected":false},"excerpt":{"rendered":"<p>BUT DU JEU \u00catre le joueur qui a r\u00e9ussi, \u00e0 la fin de la partie, \u00e0 r\u00e9unir le plus de familles compl\u00e8tes. Chaque famille est compos\u00e9e de 6 mots avec une particularit\u00e9 orthographique commune. COMPOSITION Il est compos\u00e9 de 42 cartes-mots class\u00e9es en 7 familles&#8230;<\/p>\n","protected":false},"featured_media":1157,"comment_status":"closed","ping_status":"closed","template":"","meta":{"give_campaign_id":0,"om_disable_all_campaigns":false,"_monsterinsights_skip_tracking":false,"_monsterinsights_sitenote_active":false,"_monsterinsights_sitenote_note":"","_monsterinsights_sitenote_category":0,"_uf_show_specific_survey":0,"_uf_disable_surveys":false},"product_brand":[],"product_cat":[116,151,152,147,98],"product_tag":[136,139],"class_list":{"0":"post-2118","1":"product","2":"type-product","3":"status-publish","4":"has-post-thumbnail","6":"product_cat-ce1","7":"product_cat-ce2","8":"product_cat-cm1-cm2","9":"product_cat-jeux","10":"product_cat-jeux-autour-de-la-lecture","11":"product_tag-reperer-des-analogies","12":"product_tag-travailler-lorthographe","14":"first","15":"instock","16":"downloadable","17":"virtual","18":"purchasable","19":"product-type-simple"},"yoast_head":"<!-- This site is optimized with the Yoast SEO plugin v27.1.1 - https:\/\/yoast.com\/product\/yoast-seo-wordpress\/ -->\n<title>7 familles de mots invariables - Lire \u00e9crire compter<\/title>\n<meta name=\"robots\" content=\"index, follow, max-snippet:-1, max-image-preview:large, max-video-preview:-1\" \/>\n<link rel=\"canonical\" href=\"https:\/\/lire-ecrire-compter.com\/?product=7-familles-de-mots-invariables\" \/>\n<meta property=\"og:locale\" content=\"fr_FR\" \/>\n<meta property=\"og:type\" content=\"article\" \/>\n<meta property=\"og:title\" content=\"7 familles de mots invariables - Lire \u00e9crire compter\" \/>\n<meta property=\"og:description\" content=\"BUT DU JEU \u00catre le joueur qui a r\u00e9ussi, \u00e0 la fin de la partie, \u00e0 r\u00e9unir le plus de familles compl\u00e8tes. Chaque famille est compos\u00e9e de 6 mots avec une particularit\u00e9 orthographique commune. COMPOSITION Il est compos\u00e9 de 42 cartes-mots class\u00e9es en 7 familles...\" \/>\n<meta property=\"og:url\" content=\"https:\/\/lire-ecrire-compter.com\/?product=7-familles-de-mots-invariables\" \/>\n<meta property=\"og:site_name\" content=\"Lire \u00e9crire compter\" \/>\n<meta property=\"article:modified_time\" content=\"2022-02-01T17:12:41+00:00\" \/>\n<meta property=\"og:image\" content=\"https:\/\/lire-ecrire-compter.com\/wp-content\/uploads\/2020\/02\/7-familles-de-mots-invariables-1-e1574362205395.jpg\" \/>\n\t<meta property=\"og:image:width\" content=\"1200\" \/>\n\t<meta property=\"og:image:height\" content=\"1200\" \/>\n\t<meta property=\"og:image:type\" content=\"image\/jpeg\" \/>\n<meta name=\"twitter:card\" content=\"summary_large_image\" \/>\n<script type=\"application\/ld+json\" class=\"yoast-schema-graph\">{\"@context\":\"https:\/\/schema.org\",\"@graph\":[{\"@type\":\"WebPage\",\"@id\":\"https:\/\/lire-ecrire-compter.com\/?product=7-familles-de-mots-invariables\",\"url\":\"https:\/\/lire-ecrire-compter.com\/?product=7-familles-de-mots-invariables\",\"name\":\"7 familles de mots invariables - Lire \u00e9crire compter\",\"isPartOf\":{\"@id\":\"https:\/\/lire-ecrire-compter.com\/#website\"},\"primaryImageOfPage\":{\"@id\":\"https:\/\/lire-ecrire-compter.com\/?product=7-familles-de-mots-invariables#primaryimage\"},\"image\":{\"@id\":\"https:\/\/lire-ecrire-compter.com\/?product=7-familles-de-mots-invariables#primaryimage\"},\"thumbnailUrl\":\"https:\/\/lire-ecrire-compter.com\/wp-content\/uploads\/2020\/02\/7-familles-de-mots-invariables-1-e1574362205395.jpg\",\"datePublished\":\"2020-03-06T09:52:05+00:00\",\"dateModified\":\"2022-02-01T17:12:41+00:00\",\"breadcrumb\":{\"@id\":\"https:\/\/lire-ecrire-compter.com\/?product=7-familles-de-mots-invariables#breadcrumb\"},\"inLanguage\":\"fr-FR\",\"potentialAction\":[{\"@type\":\"ReadAction\",\"target\":[\"https:\/\/lire-ecrire-compter.com\/?product=7-familles-de-mots-invariables\"]}]},{\"@type\":\"ImageObject\",\"inLanguage\":\"fr-FR\",\"@id\":\"https:\/\/lire-ecrire-compter.com\/?product=7-familles-de-mots-invariables#primaryimage\",\"url\":\"https:\/\/lire-ecrire-compter.com\/wp-content\/uploads\/2020\/02\/7-familles-de-mots-invariables-1-e1574362205395.jpg\",\"contentUrl\":\"https:\/\/lire-ecrire-compter.com\/wp-content\/uploads\/2020\/02\/7-familles-de-mots-invariables-1-e1574362205395.jpg\",\"width\":1200,\"height\":1200},{\"@type\":\"BreadcrumbList\",\"@id\":\"https:\/\/lire-ecrire-compter.com\/?product=7-familles-de-mots-invariables#breadcrumb\",\"itemListElement\":[{\"@type\":\"ListItem\",\"position\":1,\"name\":\"Accueil\",\"item\":\"https:\/\/lire-ecrire-compter.com\/\"},{\"@type\":\"ListItem\",\"position\":2,\"name\":\"La bo\u00eete \u00e0 jeux\",\"item\":\"https:\/\/lire-ecrire-compter.com\/?page_id=747\"},{\"@type\":\"ListItem\",\"position\":3,\"name\":\"7 familles de mots invariables\"}]},{\"@type\":\"WebSite\",\"@id\":\"https:\/\/lire-ecrire-compter.com\/#website\",\"url\":\"https:\/\/lire-ecrire-compter.com\/\",\"name\":\"Lire \u00e9crire compter\",\"description\":\"Jouer pour apprendre\",\"potentialAction\":[{\"@type\":\"SearchAction\",\"target\":{\"@type\":\"EntryPoint\",\"urlTemplate\":\"https:\/\/lire-ecrire-compter.com\/?s={search_term_string}\"},\"query-input\":{\"@type\":\"PropertyValueSpecification\",\"valueRequired\":true,\"valueName\":\"search_term_string\"}}],\"inLanguage\":\"fr-FR\"}]}<\/script>\n<!-- \/ Yoast SEO plugin. -->","yoast_head_json":{"title":"7 familles de mots invariables - Lire \u00e9crire compter","robots":{"index":"index","follow":"follow","max-snippet":"max-snippet:-1","max-image-preview":"max-image-preview:large","max-video-preview":"max-video-preview:-1"},"canonical":"https:\/\/lire-ecrire-compter.com\/?product=7-familles-de-mots-invariables","og_locale":"fr_FR","og_type":"article","og_title":"7 familles de mots invariables - Lire \u00e9crire compter","og_description":"BUT DU JEU \u00catre le joueur qui a r\u00e9ussi, \u00e0 la fin de la partie, \u00e0 r\u00e9unir le plus de familles compl\u00e8tes. Chaque famille est compos\u00e9e de 6 mots avec une particularit\u00e9 orthographique commune. COMPOSITION Il est compos\u00e9 de 42 cartes-mots class\u00e9es en 7 familles...","og_url":"https:\/\/lire-ecrire-compter.com\/?product=7-familles-de-mots-invariables","og_site_name":"Lire \u00e9crire compter","article_modified_time":"2022-02-01T17:12:41+00:00","og_image":[{"width":1200,"height":1200,"url":"https:\/\/lire-ecrire-compter.com\/wp-content\/uploads\/2020\/02\/7-familles-de-mots-invariables-1-e1574362205395.jpg","type":"image\/jpeg"}],"twitter_card":"summary_large_image","schema":{"@context":"https:\/\/schema.org","@graph":[{"@type":"WebPage","@id":"https:\/\/lire-ecrire-compter.com\/?product=7-familles-de-mots-invariables","url":"https:\/\/lire-ecrire-compter.com\/?product=7-familles-de-mots-invariables","name":"7 familles de mots invariables - Lire \u00e9crire compter","isPartOf":{"@id":"https:\/\/lire-ecrire-compter.com\/#website"},"primaryImageOfPage":{"@id":"https:\/\/lire-ecrire-compter.com\/?product=7-familles-de-mots-invariables#primaryimage"},"image":{"@id":"https:\/\/lire-ecrire-compter.com\/?product=7-familles-de-mots-invariables#primaryimage"},"thumbnailUrl":"https:\/\/lire-ecrire-compter.com\/wp-content\/uploads\/2020\/02\/7-familles-de-mots-invariables-1-e1574362205395.jpg","datePublished":"2020-03-06T09:52:05+00:00","dateModified":"2022-02-01T17:12:41+00:00","breadcrumb":{"@id":"https:\/\/lire-ecrire-compter.com\/?product=7-familles-de-mots-invariables#breadcrumb"},"inLanguage":"fr-FR","potentialAction":[{"@type":"ReadAction","target":["https:\/\/lire-ecrire-compter.com\/?product=7-familles-de-mots-invariables"]}]},{"@type":"ImageObject","inLanguage":"fr-FR","@id":"https:\/\/lire-ecrire-compter.com\/?product=7-familles-de-mots-invariables#primaryimage","url":"https:\/\/lire-ecrire-compter.com\/wp-content\/uploads\/2020\/02\/7-familles-de-mots-invariables-1-e1574362205395.jpg","contentUrl":"https:\/\/lire-ecrire-compter.com\/wp-content\/uploads\/2020\/02\/7-familles-de-mots-invariables-1-e1574362205395.jpg","width":1200,"height":1200},{"@type":"BreadcrumbList","@id":"https:\/\/lire-ecrire-compter.com\/?product=7-familles-de-mots-invariables#breadcrumb","itemListElement":[{"@type":"ListItem","position":1,"name":"Accueil","item":"https:\/\/lire-ecrire-compter.com\/"},{"@type":"ListItem","position":2,"name":"La bo\u00eete \u00e0 jeux","item":"https:\/\/lire-ecrire-compter.com\/?page_id=747"},{"@type":"ListItem","position":3,"name":"7 familles de mots invariables"}]},{"@type":"WebSite","@id":"https:\/\/lire-ecrire-compter.com\/#website","url":"https:\/\/lire-ecrire-compter.com\/","name":"Lire \u00e9crire compter","description":"Jouer pour apprendre","potentialAction":[{"@type":"SearchAction","target":{"@type":"EntryPoint","urlTemplate":"https:\/\/lire-ecrire-compter.com\/?s={search_term_string}"},"query-input":{"@type":"PropertyValueSpecification","valueRequired":true,"valueName":"search_term_string"}}],"inLanguage":"fr-FR"}]}},"_links":{"self":[{"href":"https:\/\/lire-ecrire-compter.com\/index.php?rest_route=\/wp\/v2\/product\/2118","targetHints":{"allow":["GET"]}}],"collection":[{"href":"https:\/\/lire-ecrire-compter.com\/index.php?rest_route=\/wp\/v2\/product"}],"about":[{"href":"https:\/\/lire-ecrire-compter.com\/index.php?rest_route=\/wp\/v2\/types\/product"}],"replies":[{"embeddable":true,"href":"https:\/\/lire-ecrire-compter.com\/index.php?rest_route=%2Fwp%2Fv2%2Fcomments&post=2118"}],"wp:featuredmedia":[{"embeddable":true,"href":"https:\/\/lire-ecrire-compter.com\/index.php?rest_route=\/wp\/v2\/media\/1157"}],"wp:attachment":[{"href":"https:\/\/lire-ecrire-compter.com\/index.php?rest_route=%2Fwp%2Fv2%2Fmedia&parent=2118"}],"wp:term":[{"taxonomy":"product_brand","embeddable":true,"href":"https:\/\/lire-ecrire-compter.com\/index.php?rest_route=%2Fwp%2Fv2%2Fproduct_brand&post=2118"},{"taxonomy":"product_cat","embeddable":true,"href":"https:\/\/lire-ecrire-compter.com\/index.php?rest_route=%2Fwp%2Fv2%2Fproduct_cat&post=2118"},{"taxonomy":"product_tag","embeddable":true,"href":"https:\/\/lire-ecrire-compter.com\/index.php?rest_route=%2Fwp%2Fv2%2Fproduct_tag&post=2118"}],"curies":[{"name":"wp","href":"https:\/\/api.w.org\/{rel}","templated":true}]}}