{"id":2117,"date":"2020-03-06T10:52:04","date_gmt":"2020-03-06T09:52:04","guid":{"rendered":"https:\/\/lire-ecrire-compter.com\/?product=import-placeholder-for-52449"},"modified":"2022-02-01T19:02:48","modified_gmt":"2022-02-01T18:02:48","slug":"loto-des-rebus","status":"publish","type":"product","link":"https:\/\/lire-ecrire-compter.com\/?product=loto-des-rebus","title":{"rendered":"Loto des r\u00e9bus"},"content":{"rendered":"<p><span style=\"color: #92d001;\"><strong>BUT DU JEU<br \/>\n<\/strong>\u00c0 la mani\u00e8re d\u2019un loto, il s\u2019agit de signaler sur une plaque la case contenant <strong>les deux dessins permettant d&rsquo;\u00e9crire le r\u00e9bus<\/strong> dont la solution figure sur le jeton tir\u00e9 par le meneur de jeu. Le premier joueur \u00e0 avoir compl\u00e9t\u00e9 sa plaque, en ayant pos\u00e9 tous les jetons correctement, a gagn\u00e9.<\/span><\/p>\n<p><span style=\"color: #ff5b72;\"><strong>COMPOSITION<\/strong><\/span><br \/>\n<span style=\"color: #ff5b72;\"><strong>Il <\/strong>est compos\u00e9 de <strong>5 plaques de loto <\/strong>comportant, chacune,<strong> 7 s\u00e9ries de deux images formant un r\u00e9bus.<\/strong><\/span><\/p>\n<p><span style=\"color: #46acbf;\"><strong>OBJECTIFS<br \/>\n<\/strong>Ce jeu de <strong>phonologie<\/strong> qui travaille plus particuli\u00e8rement la <strong>conscience syllabique<\/strong> sollicite l&rsquo;identification et le rep\u00e9rage des syllabes d&rsquo;un mot.\u00a0 Il aide aussi \u00e0<strong> l&rsquo;\u00e9vocation du mot<\/strong> et favorise ainsi la cr\u00e9ation d&rsquo;images mentales.<\/span><\/p>\n","protected":false},"excerpt":{"rendered":"<p>BUT DU JEU \u00c0 la mani\u00e8re d\u2019un loto, il s\u2019agit de signaler sur une plaque la case contenant les deux dessins permettant d&rsquo;\u00e9crire le r\u00e9bus dont la solution figure sur le jeton tir\u00e9 par le meneur de jeu. Le premier joueur \u00e0 avoir compl\u00e9t\u00e9 sa&#8230;<\/p>\n","protected":false},"featured_media":2782,"comment_status":"closed","ping_status":"closed","template":"","meta":{"give_campaign_id":0,"om_disable_all_campaigns":false,"_monsterinsights_skip_tracking":false,"_monsterinsights_sitenote_active":false,"_monsterinsights_sitenote_note":"","_monsterinsights_sitenote_category":0,"_uf_show_specific_survey":0,"_uf_disable_surveys":false},"product_brand":[],"product_cat":[106,107,147,98],"product_tag":[115,136],"class_list":{"0":"post-2117","1":"product","2":"type-product","3":"status-publish","4":"has-post-thumbnail","6":"product_cat-cp","7":"product_cat-gs","8":"product_cat-jeux","9":"product_cat-jeux-autour-de-la-lecture","10":"product_tag-identifier-les-differentes-syllabes-dun-mot","11":"product_tag-reperer-des-analogies","13":"first","14":"instock","15":"downloadable","16":"virtual","17":"purchasable","18":"product-type-simple"},"yoast_head":"<!-- This site is optimized with the Yoast SEO plugin v27.1.1 - https:\/\/yoast.com\/product\/yoast-seo-wordpress\/ -->\n<title>Loto des r\u00e9bus - Lire \u00e9crire compter<\/title>\n<meta name=\"description\" content=\"Ce jeu de phonologie qui travaille plus particuli\u00e8rement la conscience syllabique sollicite l&#039;identification et le rep\u00e9rage des syllabes d&#039;un mot.\u00a0 Il aide aussi \u00e0 l&#039;\u00e9vocation du mot et favorise ainsi la cr\u00e9ation d&#039;images mentales.\" \/>\n<meta name=\"robots\" content=\"index, follow, max-snippet:-1, max-image-preview:large, max-video-preview:-1\" \/>\n<link rel=\"canonical\" href=\"https:\/\/lire-ecrire-compter.com\/?product=loto-des-rebus\" \/>\n<meta property=\"og:locale\" content=\"fr_FR\" \/>\n<meta property=\"og:type\" content=\"article\" \/>\n<meta property=\"og:title\" content=\"Loto des r\u00e9bus - Lire \u00e9crire compter\" \/>\n<meta property=\"og:description\" content=\"Ce jeu de phonologie qui travaille plus particuli\u00e8rement la conscience syllabique sollicite l&#039;identification et le rep\u00e9rage des syllabes d&#039;un mot.\u00a0 Il aide aussi \u00e0 l&#039;\u00e9vocation du mot et favorise ainsi la cr\u00e9ation d&#039;images mentales.\" \/>\n<meta property=\"og:url\" content=\"https:\/\/lire-ecrire-compter.com\/?product=loto-des-rebus\" \/>\n<meta property=\"og:site_name\" content=\"Lire \u00e9crire compter\" \/>\n<meta property=\"article:modified_time\" content=\"2022-02-01T18:02:48+00:00\" \/>\n<meta property=\"og:image\" content=\"https:\/\/lire-ecrire-compter.com\/wp-content\/uploads\/2020\/03\/loto-des-rebus-e1574354768680.jpg\" \/>\n\t<meta property=\"og:image:width\" content=\"1200\" \/>\n\t<meta property=\"og:image:height\" content=\"1200\" \/>\n\t<meta property=\"og:image:type\" content=\"image\/jpeg\" \/>\n<meta name=\"twitter:card\" content=\"summary_large_image\" \/>\n<meta name=\"twitter:label1\" content=\"Dur\u00e9e de lecture estim\u00e9e\" \/>\n\t<meta name=\"twitter:data1\" content=\"1 minute\" \/>\n<script type=\"application\/ld+json\" class=\"yoast-schema-graph\">{\"@context\":\"https:\/\/schema.org\",\"@graph\":[{\"@type\":\"WebPage\",\"@id\":\"https:\/\/lire-ecrire-compter.com\/?product=loto-des-rebus\",\"url\":\"https:\/\/lire-ecrire-compter.com\/?product=loto-des-rebus\",\"name\":\"Loto des r\u00e9bus - Lire \u00e9crire compter\",\"isPartOf\":{\"@id\":\"https:\/\/lire-ecrire-compter.com\/#website\"},\"primaryImageOfPage\":{\"@id\":\"https:\/\/lire-ecrire-compter.com\/?product=loto-des-rebus#primaryimage\"},\"image\":{\"@id\":\"https:\/\/lire-ecrire-compter.com\/?product=loto-des-rebus#primaryimage\"},\"thumbnailUrl\":\"https:\/\/lire-ecrire-compter.com\/wp-content\/uploads\/2020\/03\/loto-des-rebus-e1574354768680.jpg\",\"datePublished\":\"2020-03-06T09:52:04+00:00\",\"dateModified\":\"2022-02-01T18:02:48+00:00\",\"description\":\"Ce jeu de phonologie qui travaille plus particuli\u00e8rement la conscience syllabique sollicite l'identification et le rep\u00e9rage des syllabes d'un mot.\u00a0 Il aide aussi \u00e0 l'\u00e9vocation du mot et favorise ainsi la cr\u00e9ation d'images mentales.\",\"breadcrumb\":{\"@id\":\"https:\/\/lire-ecrire-compter.com\/?product=loto-des-rebus#breadcrumb\"},\"inLanguage\":\"fr-FR\",\"potentialAction\":[{\"@type\":\"ReadAction\",\"target\":[\"https:\/\/lire-ecrire-compter.com\/?product=loto-des-rebus\"]}]},{\"@type\":\"ImageObject\",\"inLanguage\":\"fr-FR\",\"@id\":\"https:\/\/lire-ecrire-compter.com\/?product=loto-des-rebus#primaryimage\",\"url\":\"https:\/\/lire-ecrire-compter.com\/wp-content\/uploads\/2020\/03\/loto-des-rebus-e1574354768680.jpg\",\"contentUrl\":\"https:\/\/lire-ecrire-compter.com\/wp-content\/uploads\/2020\/03\/loto-des-rebus-e1574354768680.jpg\",\"width\":1200,\"height\":1200},{\"@type\":\"BreadcrumbList\",\"@id\":\"https:\/\/lire-ecrire-compter.com\/?product=loto-des-rebus#breadcrumb\",\"itemListElement\":[{\"@type\":\"ListItem\",\"position\":1,\"name\":\"Accueil\",\"item\":\"https:\/\/lire-ecrire-compter.com\/\"},{\"@type\":\"ListItem\",\"position\":2,\"name\":\"La bo\u00eete \u00e0 jeux\",\"item\":\"https:\/\/lire-ecrire-compter.com\/?page_id=747\"},{\"@type\":\"ListItem\",\"position\":3,\"name\":\"Loto des r\u00e9bus\"}]},{\"@type\":\"WebSite\",\"@id\":\"https:\/\/lire-ecrire-compter.com\/#website\",\"url\":\"https:\/\/lire-ecrire-compter.com\/\",\"name\":\"Lire \u00e9crire compter\",\"description\":\"Jouer pour apprendre\",\"potentialAction\":[{\"@type\":\"SearchAction\",\"target\":{\"@type\":\"EntryPoint\",\"urlTemplate\":\"https:\/\/lire-ecrire-compter.com\/?s={search_term_string}\"},\"query-input\":{\"@type\":\"PropertyValueSpecification\",\"valueRequired\":true,\"valueName\":\"search_term_string\"}}],\"inLanguage\":\"fr-FR\"}]}<\/script>\n<!-- \/ Yoast SEO plugin. -->","yoast_head_json":{"title":"Loto des r\u00e9bus - Lire \u00e9crire compter","description":"Ce jeu de phonologie qui travaille plus particuli\u00e8rement la conscience syllabique sollicite l'identification et le rep\u00e9rage des syllabes d'un mot.\u00a0 Il aide aussi \u00e0 l'\u00e9vocation du mot et favorise ainsi la cr\u00e9ation d'images mentales.","robots":{"index":"index","follow":"follow","max-snippet":"max-snippet:-1","max-image-preview":"max-image-preview:large","max-video-preview":"max-video-preview:-1"},"canonical":"https:\/\/lire-ecrire-compter.com\/?product=loto-des-rebus","og_locale":"fr_FR","og_type":"article","og_title":"Loto des r\u00e9bus - Lire \u00e9crire compter","og_description":"Ce jeu de phonologie qui travaille plus particuli\u00e8rement la conscience syllabique sollicite l'identification et le rep\u00e9rage des syllabes d'un mot.\u00a0 Il aide aussi \u00e0 l'\u00e9vocation du mot et favorise ainsi la cr\u00e9ation d'images mentales.","og_url":"https:\/\/lire-ecrire-compter.com\/?product=loto-des-rebus","og_site_name":"Lire \u00e9crire compter","article_modified_time":"2022-02-01T18:02:48+00:00","og_image":[{"width":1200,"height":1200,"url":"https:\/\/lire-ecrire-compter.com\/wp-content\/uploads\/2020\/03\/loto-des-rebus-e1574354768680.jpg","type":"image\/jpeg"}],"twitter_card":"summary_large_image","twitter_misc":{"Dur\u00e9e de lecture estim\u00e9e":"1 minute"},"schema":{"@context":"https:\/\/schema.org","@graph":[{"@type":"WebPage","@id":"https:\/\/lire-ecrire-compter.com\/?product=loto-des-rebus","url":"https:\/\/lire-ecrire-compter.com\/?product=loto-des-rebus","name":"Loto des r\u00e9bus - Lire \u00e9crire compter","isPartOf":{"@id":"https:\/\/lire-ecrire-compter.com\/#website"},"primaryImageOfPage":{"@id":"https:\/\/lire-ecrire-compter.com\/?product=loto-des-rebus#primaryimage"},"image":{"@id":"https:\/\/lire-ecrire-compter.com\/?product=loto-des-rebus#primaryimage"},"thumbnailUrl":"https:\/\/lire-ecrire-compter.com\/wp-content\/uploads\/2020\/03\/loto-des-rebus-e1574354768680.jpg","datePublished":"2020-03-06T09:52:04+00:00","dateModified":"2022-02-01T18:02:48+00:00","description":"Ce jeu de phonologie qui travaille plus particuli\u00e8rement la conscience syllabique sollicite l'identification et le rep\u00e9rage des syllabes d'un mot.\u00a0 Il aide aussi \u00e0 l'\u00e9vocation du mot et favorise ainsi la cr\u00e9ation d'images mentales.","breadcrumb":{"@id":"https:\/\/lire-ecrire-compter.com\/?product=loto-des-rebus#breadcrumb"},"inLanguage":"fr-FR","potentialAction":[{"@type":"ReadAction","target":["https:\/\/lire-ecrire-compter.com\/?product=loto-des-rebus"]}]},{"@type":"ImageObject","inLanguage":"fr-FR","@id":"https:\/\/lire-ecrire-compter.com\/?product=loto-des-rebus#primaryimage","url":"https:\/\/lire-ecrire-compter.com\/wp-content\/uploads\/2020\/03\/loto-des-rebus-e1574354768680.jpg","contentUrl":"https:\/\/lire-ecrire-compter.com\/wp-content\/uploads\/2020\/03\/loto-des-rebus-e1574354768680.jpg","width":1200,"height":1200},{"@type":"BreadcrumbList","@id":"https:\/\/lire-ecrire-compter.com\/?product=loto-des-rebus#breadcrumb","itemListElement":[{"@type":"ListItem","position":1,"name":"Accueil","item":"https:\/\/lire-ecrire-compter.com\/"},{"@type":"ListItem","position":2,"name":"La bo\u00eete \u00e0 jeux","item":"https:\/\/lire-ecrire-compter.com\/?page_id=747"},{"@type":"ListItem","position":3,"name":"Loto des r\u00e9bus"}]},{"@type":"WebSite","@id":"https:\/\/lire-ecrire-compter.com\/#website","url":"https:\/\/lire-ecrire-compter.com\/","name":"Lire \u00e9crire compter","description":"Jouer pour apprendre","potentialAction":[{"@type":"SearchAction","target":{"@type":"EntryPoint","urlTemplate":"https:\/\/lire-ecrire-compter.com\/?s={search_term_string}"},"query-input":{"@type":"PropertyValueSpecification","valueRequired":true,"valueName":"search_term_string"}}],"inLanguage":"fr-FR"}]}},"_links":{"self":[{"href":"https:\/\/lire-ecrire-compter.com\/index.php?rest_route=\/wp\/v2\/product\/2117","targetHints":{"allow":["GET"]}}],"collection":[{"href":"https:\/\/lire-ecrire-compter.com\/index.php?rest_route=\/wp\/v2\/product"}],"about":[{"href":"https:\/\/lire-ecrire-compter.com\/index.php?rest_route=\/wp\/v2\/types\/product"}],"replies":[{"embeddable":true,"href":"https:\/\/lire-ecrire-compter.com\/index.php?rest_route=%2Fwp%2Fv2%2Fcomments&post=2117"}],"wp:featuredmedia":[{"embeddable":true,"href":"https:\/\/lire-ecrire-compter.com\/index.php?rest_route=\/wp\/v2\/media\/2782"}],"wp:attachment":[{"href":"https:\/\/lire-ecrire-compter.com\/index.php?rest_route=%2Fwp%2Fv2%2Fmedia&parent=2117"}],"wp:term":[{"taxonomy":"product_brand","embeddable":true,"href":"https:\/\/lire-ecrire-compter.com\/index.php?rest_route=%2Fwp%2Fv2%2Fproduct_brand&post=2117"},{"taxonomy":"product_cat","embeddable":true,"href":"https:\/\/lire-ecrire-compter.com\/index.php?rest_route=%2Fwp%2Fv2%2Fproduct_cat&post=2117"},{"taxonomy":"product_tag","embeddable":true,"href":"https:\/\/lire-ecrire-compter.com\/index.php?rest_route=%2Fwp%2Fv2%2Fproduct_tag&post=2117"}],"curies":[{"name":"wp","href":"https:\/\/api.w.org\/{rel}","templated":true}]}}