{"id":2116,"date":"2020-03-06T10:52:04","date_gmt":"2020-03-06T09:52:04","guid":{"rendered":"https:\/\/lire-ecrire-compter.com\/?product=import-placeholder-for-51265"},"modified":"2022-02-01T19:04:33","modified_gmt":"2022-02-01T18:04:33","slug":"mistigris-des-homophones","status":"publish","type":"product","link":"https:\/\/lire-ecrire-compter.com\/?product=mistigris-des-homophones","title":{"rendered":"Mistigris des homophones"},"content":{"rendered":"<p><span style=\"color: #92d001;\"><strong>BUT DU JEU :<\/strong> <\/span><br \/>\n<span style=\"color: #92d001;\">Il faut <strong>se d\u00e9barrasser de toutes ses cartes en formant des paires d&rsquo;homophones<\/strong>. Attention \u00e0 la carte du\u00a0 Mistigris : elle ne poss\u00e8de pas de paire. Le dernier \u00e0 la d\u00e9tenir aura perdu.<\/span><\/p>\n<p><span style=\"color: #ff5b72;\"><strong>COMPOSITION :<\/strong><\/span><br \/>\n<span style=\"color: #ff5b72;\">Il est compos\u00e9 de<strong>108 cartes r\u00e9parties en deux jeux\u00a0 de Mistigris<\/strong>. <strong>L&rsquo;un comprend 53 cartes de mots illustr\u00e9s<\/strong> (26 paires d&rsquo;homophones et un Mistigris). <strong>L&rsquo;autre comprend 55 cartes<\/strong> (27 paires et un Mistigris).<\/span><\/p>\n<p><span style=\"color: #46acbf;\"><strong>OBJECTIFS :<\/strong> <\/span><br \/>\n<span style=\"color: #46acbf;\">Ce jeu aide \u00e0 <strong>diff\u00e9rencier des homophones\u00a0 et \u00e0 m\u00e9moriser leur orthographe<\/strong> .<\/span><\/p>\n<p>&nbsp;<\/p>\n<p>&nbsp;<\/p>\n","protected":false},"excerpt":{"rendered":"<p>BUT DU JEU : Il faut se d\u00e9barrasser de toutes ses cartes en formant des paires d&rsquo;homophones. Attention \u00e0 la carte du\u00a0 Mistigris : elle ne poss\u00e8de pas de paire. Le dernier \u00e0 la d\u00e9tenir aura perdu. COMPOSITION : Il est compos\u00e9 de108 cartes r\u00e9parties&#8230;<\/p>\n","protected":false},"featured_media":1148,"comment_status":"closed","ping_status":"closed","template":"","meta":{"give_campaign_id":0,"om_disable_all_campaigns":false,"_monsterinsights_skip_tracking":false,"_monsterinsights_sitenote_active":false,"_monsterinsights_sitenote_note":"","_monsterinsights_sitenote_category":0,"_uf_show_specific_survey":0,"_uf_disable_surveys":false},"product_brand":[],"product_cat":[116,151,152,147,98],"product_tag":[139],"class_list":{"0":"post-2116","1":"product","2":"type-product","3":"status-publish","4":"has-post-thumbnail","6":"product_cat-ce1","7":"product_cat-ce2","8":"product_cat-cm1-cm2","9":"product_cat-jeux","10":"product_cat-jeux-autour-de-la-lecture","11":"product_tag-travailler-lorthographe","13":"first","14":"instock","15":"downloadable","16":"virtual","17":"purchasable","18":"product-type-simple"},"yoast_head":"<!-- This site is optimized with the Yoast SEO plugin v27.1.1 - https:\/\/yoast.com\/product\/yoast-seo-wordpress\/ -->\n<title>Mistigris des homophones - Lire \u00e9crire compter<\/title>\n<meta name=\"description\" content=\"Ce jeu aide \u00e0 diff\u00e9rencier des homophones\u00a0 et \u00e0 m\u00e9moriser leur orthographe .\" \/>\n<meta name=\"robots\" content=\"index, follow, max-snippet:-1, max-image-preview:large, max-video-preview:-1\" \/>\n<link rel=\"canonical\" href=\"https:\/\/lire-ecrire-compter.com\/?product=mistigris-des-homophones\" \/>\n<meta property=\"og:locale\" content=\"fr_FR\" \/>\n<meta property=\"og:type\" content=\"article\" \/>\n<meta property=\"og:title\" content=\"Mistigris des homophones - Lire \u00e9crire compter\" \/>\n<meta property=\"og:description\" content=\"Ce jeu aide \u00e0 diff\u00e9rencier des homophones\u00a0 et \u00e0 m\u00e9moriser leur orthographe .\" \/>\n<meta property=\"og:url\" content=\"https:\/\/lire-ecrire-compter.com\/?product=mistigris-des-homophones\" \/>\n<meta property=\"og:site_name\" content=\"Lire \u00e9crire compter\" \/>\n<meta property=\"article:modified_time\" content=\"2022-02-01T18:04:33+00:00\" \/>\n<meta property=\"og:image\" content=\"https:\/\/lire-ecrire-compter.com\/wp-content\/uploads\/2020\/02\/Mistigris-des-homophones_jeu-complet-e1574354688152.jpg\" \/>\n\t<meta property=\"og:image:width\" content=\"1200\" \/>\n\t<meta property=\"og:image:height\" content=\"760\" \/>\n\t<meta property=\"og:image:type\" content=\"image\/jpeg\" \/>\n<meta name=\"twitter:card\" content=\"summary_large_image\" \/>\n<script type=\"application\/ld+json\" class=\"yoast-schema-graph\">{\"@context\":\"https:\/\/schema.org\",\"@graph\":[{\"@type\":\"WebPage\",\"@id\":\"https:\/\/lire-ecrire-compter.com\/?product=mistigris-des-homophones\",\"url\":\"https:\/\/lire-ecrire-compter.com\/?product=mistigris-des-homophones\",\"name\":\"Mistigris des homophones - Lire \u00e9crire compter\",\"isPartOf\":{\"@id\":\"https:\/\/lire-ecrire-compter.com\/#website\"},\"primaryImageOfPage\":{\"@id\":\"https:\/\/lire-ecrire-compter.com\/?product=mistigris-des-homophones#primaryimage\"},\"image\":{\"@id\":\"https:\/\/lire-ecrire-compter.com\/?product=mistigris-des-homophones#primaryimage\"},\"thumbnailUrl\":\"https:\/\/lire-ecrire-compter.com\/wp-content\/uploads\/2020\/02\/Mistigris-des-homophones_jeu-complet-e1574354688152.jpg\",\"datePublished\":\"2020-03-06T09:52:04+00:00\",\"dateModified\":\"2022-02-01T18:04:33+00:00\",\"description\":\"Ce jeu aide \u00e0 diff\u00e9rencier des homophones\u00a0 et \u00e0 m\u00e9moriser leur orthographe .\",\"breadcrumb\":{\"@id\":\"https:\/\/lire-ecrire-compter.com\/?product=mistigris-des-homophones#breadcrumb\"},\"inLanguage\":\"fr-FR\",\"potentialAction\":[{\"@type\":\"ReadAction\",\"target\":[\"https:\/\/lire-ecrire-compter.com\/?product=mistigris-des-homophones\"]}]},{\"@type\":\"ImageObject\",\"inLanguage\":\"fr-FR\",\"@id\":\"https:\/\/lire-ecrire-compter.com\/?product=mistigris-des-homophones#primaryimage\",\"url\":\"https:\/\/lire-ecrire-compter.com\/wp-content\/uploads\/2020\/02\/Mistigris-des-homophones_jeu-complet-e1574354688152.jpg\",\"contentUrl\":\"https:\/\/lire-ecrire-compter.com\/wp-content\/uploads\/2020\/02\/Mistigris-des-homophones_jeu-complet-e1574354688152.jpg\",\"width\":1200,\"height\":760},{\"@type\":\"BreadcrumbList\",\"@id\":\"https:\/\/lire-ecrire-compter.com\/?product=mistigris-des-homophones#breadcrumb\",\"itemListElement\":[{\"@type\":\"ListItem\",\"position\":1,\"name\":\"Accueil\",\"item\":\"https:\/\/lire-ecrire-compter.com\/\"},{\"@type\":\"ListItem\",\"position\":2,\"name\":\"La bo\u00eete \u00e0 jeux\",\"item\":\"https:\/\/lire-ecrire-compter.com\/?page_id=747\"},{\"@type\":\"ListItem\",\"position\":3,\"name\":\"Mistigris des homophones\"}]},{\"@type\":\"WebSite\",\"@id\":\"https:\/\/lire-ecrire-compter.com\/#website\",\"url\":\"https:\/\/lire-ecrire-compter.com\/\",\"name\":\"Lire \u00e9crire compter\",\"description\":\"Jouer pour apprendre\",\"potentialAction\":[{\"@type\":\"SearchAction\",\"target\":{\"@type\":\"EntryPoint\",\"urlTemplate\":\"https:\/\/lire-ecrire-compter.com\/?s={search_term_string}\"},\"query-input\":{\"@type\":\"PropertyValueSpecification\",\"valueRequired\":true,\"valueName\":\"search_term_string\"}}],\"inLanguage\":\"fr-FR\"}]}<\/script>\n<!-- \/ Yoast SEO plugin. -->","yoast_head_json":{"title":"Mistigris des homophones - Lire \u00e9crire compter","description":"Ce jeu aide \u00e0 diff\u00e9rencier des homophones\u00a0 et \u00e0 m\u00e9moriser leur orthographe .","robots":{"index":"index","follow":"follow","max-snippet":"max-snippet:-1","max-image-preview":"max-image-preview:large","max-video-preview":"max-video-preview:-1"},"canonical":"https:\/\/lire-ecrire-compter.com\/?product=mistigris-des-homophones","og_locale":"fr_FR","og_type":"article","og_title":"Mistigris des homophones - Lire \u00e9crire compter","og_description":"Ce jeu aide \u00e0 diff\u00e9rencier des homophones\u00a0 et \u00e0 m\u00e9moriser leur orthographe .","og_url":"https:\/\/lire-ecrire-compter.com\/?product=mistigris-des-homophones","og_site_name":"Lire \u00e9crire compter","article_modified_time":"2022-02-01T18:04:33+00:00","og_image":[{"width":1200,"height":760,"url":"https:\/\/lire-ecrire-compter.com\/wp-content\/uploads\/2020\/02\/Mistigris-des-homophones_jeu-complet-e1574354688152.jpg","type":"image\/jpeg"}],"twitter_card":"summary_large_image","schema":{"@context":"https:\/\/schema.org","@graph":[{"@type":"WebPage","@id":"https:\/\/lire-ecrire-compter.com\/?product=mistigris-des-homophones","url":"https:\/\/lire-ecrire-compter.com\/?product=mistigris-des-homophones","name":"Mistigris des homophones - Lire \u00e9crire compter","isPartOf":{"@id":"https:\/\/lire-ecrire-compter.com\/#website"},"primaryImageOfPage":{"@id":"https:\/\/lire-ecrire-compter.com\/?product=mistigris-des-homophones#primaryimage"},"image":{"@id":"https:\/\/lire-ecrire-compter.com\/?product=mistigris-des-homophones#primaryimage"},"thumbnailUrl":"https:\/\/lire-ecrire-compter.com\/wp-content\/uploads\/2020\/02\/Mistigris-des-homophones_jeu-complet-e1574354688152.jpg","datePublished":"2020-03-06T09:52:04+00:00","dateModified":"2022-02-01T18:04:33+00:00","description":"Ce jeu aide \u00e0 diff\u00e9rencier des homophones\u00a0 et \u00e0 m\u00e9moriser leur orthographe .","breadcrumb":{"@id":"https:\/\/lire-ecrire-compter.com\/?product=mistigris-des-homophones#breadcrumb"},"inLanguage":"fr-FR","potentialAction":[{"@type":"ReadAction","target":["https:\/\/lire-ecrire-compter.com\/?product=mistigris-des-homophones"]}]},{"@type":"ImageObject","inLanguage":"fr-FR","@id":"https:\/\/lire-ecrire-compter.com\/?product=mistigris-des-homophones#primaryimage","url":"https:\/\/lire-ecrire-compter.com\/wp-content\/uploads\/2020\/02\/Mistigris-des-homophones_jeu-complet-e1574354688152.jpg","contentUrl":"https:\/\/lire-ecrire-compter.com\/wp-content\/uploads\/2020\/02\/Mistigris-des-homophones_jeu-complet-e1574354688152.jpg","width":1200,"height":760},{"@type":"BreadcrumbList","@id":"https:\/\/lire-ecrire-compter.com\/?product=mistigris-des-homophones#breadcrumb","itemListElement":[{"@type":"ListItem","position":1,"name":"Accueil","item":"https:\/\/lire-ecrire-compter.com\/"},{"@type":"ListItem","position":2,"name":"La bo\u00eete \u00e0 jeux","item":"https:\/\/lire-ecrire-compter.com\/?page_id=747"},{"@type":"ListItem","position":3,"name":"Mistigris des homophones"}]},{"@type":"WebSite","@id":"https:\/\/lire-ecrire-compter.com\/#website","url":"https:\/\/lire-ecrire-compter.com\/","name":"Lire \u00e9crire compter","description":"Jouer pour apprendre","potentialAction":[{"@type":"SearchAction","target":{"@type":"EntryPoint","urlTemplate":"https:\/\/lire-ecrire-compter.com\/?s={search_term_string}"},"query-input":{"@type":"PropertyValueSpecification","valueRequired":true,"valueName":"search_term_string"}}],"inLanguage":"fr-FR"}]}},"_links":{"self":[{"href":"https:\/\/lire-ecrire-compter.com\/index.php?rest_route=\/wp\/v2\/product\/2116","targetHints":{"allow":["GET"]}}],"collection":[{"href":"https:\/\/lire-ecrire-compter.com\/index.php?rest_route=\/wp\/v2\/product"}],"about":[{"href":"https:\/\/lire-ecrire-compter.com\/index.php?rest_route=\/wp\/v2\/types\/product"}],"replies":[{"embeddable":true,"href":"https:\/\/lire-ecrire-compter.com\/index.php?rest_route=%2Fwp%2Fv2%2Fcomments&post=2116"}],"wp:featuredmedia":[{"embeddable":true,"href":"https:\/\/lire-ecrire-compter.com\/index.php?rest_route=\/wp\/v2\/media\/1148"}],"wp:attachment":[{"href":"https:\/\/lire-ecrire-compter.com\/index.php?rest_route=%2Fwp%2Fv2%2Fmedia&parent=2116"}],"wp:term":[{"taxonomy":"product_brand","embeddable":true,"href":"https:\/\/lire-ecrire-compter.com\/index.php?rest_route=%2Fwp%2Fv2%2Fproduct_brand&post=2116"},{"taxonomy":"product_cat","embeddable":true,"href":"https:\/\/lire-ecrire-compter.com\/index.php?rest_route=%2Fwp%2Fv2%2Fproduct_cat&post=2116"},{"taxonomy":"product_tag","embeddable":true,"href":"https:\/\/lire-ecrire-compter.com\/index.php?rest_route=%2Fwp%2Fv2%2Fproduct_tag&post=2116"}],"curies":[{"name":"wp","href":"https:\/\/api.w.org\/{rel}","templated":true}]}}