{"id":2114,"date":"2020-03-06T10:52:04","date_gmt":"2020-03-06T09:52:04","guid":{"rendered":"https:\/\/lire-ecrire-compter.com\/?product=import-placeholder-for-49000"},"modified":"2022-02-01T19:07:44","modified_gmt":"2022-02-01T18:07:44","slug":"loto-des-rimes-syllabiques","status":"publish","type":"product","link":"https:\/\/lire-ecrire-compter.com\/?product=loto-des-rimes-syllabiques","title":{"rendered":"Loto des rimes syllabiques"},"content":{"rendered":"<p><span style=\"color: #92d001;\"><strong>BUT DU JEU<br \/>\n<\/strong>\u00c0 la mani\u00e8re d\u2019un loto, il s\u2019agit de<strong> signaler sur une plaque le mot<\/strong> (repr\u00e9sent\u00e9 par un dessin)<strong> ayant la m\u00eame syllabe finale<\/strong> que celui illustr\u00e9 sur le jeton tir\u00e9 par le meneur de jeu. Le premier joueur \u00e0 avoir compl\u00e9t\u00e9 sa plaque, en ayant pos\u00e9 tous les jetons correctement, a gagn\u00e9.<\/span><\/p>\n<p><span style=\"color: #ff5b72;\"><strong>COMPOSITION<\/strong><\/span><br \/>\n<span style=\"color: #ff5b72;\"><strong>Il <\/strong>est compos\u00e9 de <strong>9 plaques de loto <\/strong>comportant 8 images chacune et de<strong> 72 jetons.<\/strong><\/span><\/p>\n<p><span style=\"color: #46acbf;\"><strong>OBJECTIFS<br \/>\n<\/strong>Ce jeu sollicite l<strong>&lsquo;identification et le rep\u00e9rage d&rsquo;une syllabe dans un mot<\/strong>, la <strong>discrimination auditive<\/strong>, la comparaison et l&rsquo;analogie dans le but de construire la <strong>notion de rime<\/strong>.<\/span><\/p>\n","protected":false},"excerpt":{"rendered":"<p>BUT DU JEU \u00c0 la mani\u00e8re d\u2019un loto, il s\u2019agit de signaler sur une plaque le mot (repr\u00e9sent\u00e9 par un dessin) ayant la m\u00eame syllabe finale que celui illustr\u00e9 sur le jeton tir\u00e9 par le meneur de jeu. Le premier joueur \u00e0 avoir compl\u00e9t\u00e9 sa&#8230;<\/p>\n","protected":false},"featured_media":1138,"comment_status":"closed","ping_status":"closed","template":"","meta":{"give_campaign_id":0,"om_disable_all_campaigns":false,"_monsterinsights_skip_tracking":false,"_monsterinsights_sitenote_active":false,"_monsterinsights_sitenote_note":"","_monsterinsights_sitenote_category":0,"_uf_show_specific_survey":0,"_uf_disable_surveys":false},"product_brand":[],"product_cat":[106,107,147,98],"product_tag":[115],"class_list":{"0":"post-2114","1":"product","2":"type-product","3":"status-publish","4":"has-post-thumbnail","6":"product_cat-cp","7":"product_cat-gs","8":"product_cat-jeux","9":"product_cat-jeux-autour-de-la-lecture","10":"product_tag-identifier-les-differentes-syllabes-dun-mot","12":"first","13":"instock","14":"downloadable","15":"virtual","16":"purchasable","17":"product-type-simple"},"yoast_head":"<!-- This site is optimized with the Yoast SEO plugin v27.1.1 - https:\/\/yoast.com\/product\/yoast-seo-wordpress\/ -->\n<title>Loto des rimes syllabiques - Lire \u00e9crire compter<\/title>\n<meta name=\"description\" content=\"Ce jeu de phonologie sollicite l&#039;identification et le rep\u00e9rage d&#039;une syllabe dans un mot, la discrimination auditive, la comparaison et l&#039;analogie dans le but de construire la notion de rime.\" \/>\n<meta name=\"robots\" content=\"index, follow, max-snippet:-1, max-image-preview:large, max-video-preview:-1\" \/>\n<link rel=\"canonical\" href=\"https:\/\/lire-ecrire-compter.com\/?product=loto-des-rimes-syllabiques\" \/>\n<meta property=\"og:locale\" content=\"fr_FR\" \/>\n<meta property=\"og:type\" content=\"article\" \/>\n<meta property=\"og:title\" content=\"Loto des rimes syllabiques - Lire \u00e9crire compter\" \/>\n<meta property=\"og:description\" content=\"Ce jeu de phonologie sollicite l&#039;identification et le rep\u00e9rage d&#039;une syllabe dans un mot, la discrimination auditive, la comparaison et l&#039;analogie dans le but de construire la notion de rime.\" \/>\n<meta property=\"og:url\" content=\"https:\/\/lire-ecrire-compter.com\/?product=loto-des-rimes-syllabiques\" \/>\n<meta property=\"og:site_name\" content=\"Lire \u00e9crire compter\" \/>\n<meta property=\"article:modified_time\" content=\"2022-02-01T18:07:44+00:00\" \/>\n<meta property=\"og:image\" content=\"https:\/\/lire-ecrire-compter.com\/wp-content\/uploads\/2020\/02\/Jeu-complet_-e1575743427133.jpg\" \/>\n\t<meta property=\"og:image:width\" content=\"1200\" \/>\n\t<meta property=\"og:image:height\" content=\"1200\" \/>\n\t<meta property=\"og:image:type\" content=\"image\/jpeg\" \/>\n<meta name=\"twitter:card\" content=\"summary_large_image\" \/>\n<meta name=\"twitter:label1\" content=\"Dur\u00e9e de lecture estim\u00e9e\" \/>\n\t<meta name=\"twitter:data1\" content=\"1 minute\" \/>\n<script type=\"application\/ld+json\" class=\"yoast-schema-graph\">{\"@context\":\"https:\/\/schema.org\",\"@graph\":[{\"@type\":\"WebPage\",\"@id\":\"https:\/\/lire-ecrire-compter.com\/?product=loto-des-rimes-syllabiques\",\"url\":\"https:\/\/lire-ecrire-compter.com\/?product=loto-des-rimes-syllabiques\",\"name\":\"Loto des rimes syllabiques - Lire \u00e9crire compter\",\"isPartOf\":{\"@id\":\"https:\/\/lire-ecrire-compter.com\/#website\"},\"primaryImageOfPage\":{\"@id\":\"https:\/\/lire-ecrire-compter.com\/?product=loto-des-rimes-syllabiques#primaryimage\"},\"image\":{\"@id\":\"https:\/\/lire-ecrire-compter.com\/?product=loto-des-rimes-syllabiques#primaryimage\"},\"thumbnailUrl\":\"https:\/\/lire-ecrire-compter.com\/wp-content\/uploads\/2020\/02\/Jeu-complet_-e1575743427133.jpg\",\"datePublished\":\"2020-03-06T09:52:04+00:00\",\"dateModified\":\"2022-02-01T18:07:44+00:00\",\"description\":\"Ce jeu de phonologie sollicite l'identification et le rep\u00e9rage d'une syllabe dans un mot, la discrimination auditive, la comparaison et l'analogie dans le but de construire la notion de rime.\",\"breadcrumb\":{\"@id\":\"https:\/\/lire-ecrire-compter.com\/?product=loto-des-rimes-syllabiques#breadcrumb\"},\"inLanguage\":\"fr-FR\",\"potentialAction\":[{\"@type\":\"ReadAction\",\"target\":[\"https:\/\/lire-ecrire-compter.com\/?product=loto-des-rimes-syllabiques\"]}]},{\"@type\":\"ImageObject\",\"inLanguage\":\"fr-FR\",\"@id\":\"https:\/\/lire-ecrire-compter.com\/?product=loto-des-rimes-syllabiques#primaryimage\",\"url\":\"https:\/\/lire-ecrire-compter.com\/wp-content\/uploads\/2020\/02\/Jeu-complet_-e1575743427133.jpg\",\"contentUrl\":\"https:\/\/lire-ecrire-compter.com\/wp-content\/uploads\/2020\/02\/Jeu-complet_-e1575743427133.jpg\",\"width\":1200,\"height\":1200},{\"@type\":\"BreadcrumbList\",\"@id\":\"https:\/\/lire-ecrire-compter.com\/?product=loto-des-rimes-syllabiques#breadcrumb\",\"itemListElement\":[{\"@type\":\"ListItem\",\"position\":1,\"name\":\"Accueil\",\"item\":\"https:\/\/lire-ecrire-compter.com\/\"},{\"@type\":\"ListItem\",\"position\":2,\"name\":\"La bo\u00eete \u00e0 jeux\",\"item\":\"https:\/\/lire-ecrire-compter.com\/?page_id=747\"},{\"@type\":\"ListItem\",\"position\":3,\"name\":\"Loto des rimes syllabiques\"}]},{\"@type\":\"WebSite\",\"@id\":\"https:\/\/lire-ecrire-compter.com\/#website\",\"url\":\"https:\/\/lire-ecrire-compter.com\/\",\"name\":\"Lire \u00e9crire compter\",\"description\":\"Jouer pour apprendre\",\"potentialAction\":[{\"@type\":\"SearchAction\",\"target\":{\"@type\":\"EntryPoint\",\"urlTemplate\":\"https:\/\/lire-ecrire-compter.com\/?s={search_term_string}\"},\"query-input\":{\"@type\":\"PropertyValueSpecification\",\"valueRequired\":true,\"valueName\":\"search_term_string\"}}],\"inLanguage\":\"fr-FR\"}]}<\/script>\n<!-- \/ Yoast SEO plugin. -->","yoast_head_json":{"title":"Loto des rimes syllabiques - Lire \u00e9crire compter","description":"Ce jeu de phonologie sollicite l'identification et le rep\u00e9rage d'une syllabe dans un mot, la discrimination auditive, la comparaison et l'analogie dans le but de construire la notion de rime.","robots":{"index":"index","follow":"follow","max-snippet":"max-snippet:-1","max-image-preview":"max-image-preview:large","max-video-preview":"max-video-preview:-1"},"canonical":"https:\/\/lire-ecrire-compter.com\/?product=loto-des-rimes-syllabiques","og_locale":"fr_FR","og_type":"article","og_title":"Loto des rimes syllabiques - Lire \u00e9crire compter","og_description":"Ce jeu de phonologie sollicite l'identification et le rep\u00e9rage d'une syllabe dans un mot, la discrimination auditive, la comparaison et l'analogie dans le but de construire la notion de rime.","og_url":"https:\/\/lire-ecrire-compter.com\/?product=loto-des-rimes-syllabiques","og_site_name":"Lire \u00e9crire compter","article_modified_time":"2022-02-01T18:07:44+00:00","og_image":[{"width":1200,"height":1200,"url":"https:\/\/lire-ecrire-compter.com\/wp-content\/uploads\/2020\/02\/Jeu-complet_-e1575743427133.jpg","type":"image\/jpeg"}],"twitter_card":"summary_large_image","twitter_misc":{"Dur\u00e9e de lecture estim\u00e9e":"1 minute"},"schema":{"@context":"https:\/\/schema.org","@graph":[{"@type":"WebPage","@id":"https:\/\/lire-ecrire-compter.com\/?product=loto-des-rimes-syllabiques","url":"https:\/\/lire-ecrire-compter.com\/?product=loto-des-rimes-syllabiques","name":"Loto des rimes syllabiques - Lire \u00e9crire compter","isPartOf":{"@id":"https:\/\/lire-ecrire-compter.com\/#website"},"primaryImageOfPage":{"@id":"https:\/\/lire-ecrire-compter.com\/?product=loto-des-rimes-syllabiques#primaryimage"},"image":{"@id":"https:\/\/lire-ecrire-compter.com\/?product=loto-des-rimes-syllabiques#primaryimage"},"thumbnailUrl":"https:\/\/lire-ecrire-compter.com\/wp-content\/uploads\/2020\/02\/Jeu-complet_-e1575743427133.jpg","datePublished":"2020-03-06T09:52:04+00:00","dateModified":"2022-02-01T18:07:44+00:00","description":"Ce jeu de phonologie sollicite l'identification et le rep\u00e9rage d'une syllabe dans un mot, la discrimination auditive, la comparaison et l'analogie dans le but de construire la notion de rime.","breadcrumb":{"@id":"https:\/\/lire-ecrire-compter.com\/?product=loto-des-rimes-syllabiques#breadcrumb"},"inLanguage":"fr-FR","potentialAction":[{"@type":"ReadAction","target":["https:\/\/lire-ecrire-compter.com\/?product=loto-des-rimes-syllabiques"]}]},{"@type":"ImageObject","inLanguage":"fr-FR","@id":"https:\/\/lire-ecrire-compter.com\/?product=loto-des-rimes-syllabiques#primaryimage","url":"https:\/\/lire-ecrire-compter.com\/wp-content\/uploads\/2020\/02\/Jeu-complet_-e1575743427133.jpg","contentUrl":"https:\/\/lire-ecrire-compter.com\/wp-content\/uploads\/2020\/02\/Jeu-complet_-e1575743427133.jpg","width":1200,"height":1200},{"@type":"BreadcrumbList","@id":"https:\/\/lire-ecrire-compter.com\/?product=loto-des-rimes-syllabiques#breadcrumb","itemListElement":[{"@type":"ListItem","position":1,"name":"Accueil","item":"https:\/\/lire-ecrire-compter.com\/"},{"@type":"ListItem","position":2,"name":"La bo\u00eete \u00e0 jeux","item":"https:\/\/lire-ecrire-compter.com\/?page_id=747"},{"@type":"ListItem","position":3,"name":"Loto des rimes syllabiques"}]},{"@type":"WebSite","@id":"https:\/\/lire-ecrire-compter.com\/#website","url":"https:\/\/lire-ecrire-compter.com\/","name":"Lire \u00e9crire compter","description":"Jouer pour apprendre","potentialAction":[{"@type":"SearchAction","target":{"@type":"EntryPoint","urlTemplate":"https:\/\/lire-ecrire-compter.com\/?s={search_term_string}"},"query-input":{"@type":"PropertyValueSpecification","valueRequired":true,"valueName":"search_term_string"}}],"inLanguage":"fr-FR"}]}},"_links":{"self":[{"href":"https:\/\/lire-ecrire-compter.com\/index.php?rest_route=\/wp\/v2\/product\/2114","targetHints":{"allow":["GET"]}}],"collection":[{"href":"https:\/\/lire-ecrire-compter.com\/index.php?rest_route=\/wp\/v2\/product"}],"about":[{"href":"https:\/\/lire-ecrire-compter.com\/index.php?rest_route=\/wp\/v2\/types\/product"}],"replies":[{"embeddable":true,"href":"https:\/\/lire-ecrire-compter.com\/index.php?rest_route=%2Fwp%2Fv2%2Fcomments&post=2114"}],"wp:featuredmedia":[{"embeddable":true,"href":"https:\/\/lire-ecrire-compter.com\/index.php?rest_route=\/wp\/v2\/media\/1138"}],"wp:attachment":[{"href":"https:\/\/lire-ecrire-compter.com\/index.php?rest_route=%2Fwp%2Fv2%2Fmedia&parent=2114"}],"wp:term":[{"taxonomy":"product_brand","embeddable":true,"href":"https:\/\/lire-ecrire-compter.com\/index.php?rest_route=%2Fwp%2Fv2%2Fproduct_brand&post=2114"},{"taxonomy":"product_cat","embeddable":true,"href":"https:\/\/lire-ecrire-compter.com\/index.php?rest_route=%2Fwp%2Fv2%2Fproduct_cat&post=2114"},{"taxonomy":"product_tag","embeddable":true,"href":"https:\/\/lire-ecrire-compter.com\/index.php?rest_route=%2Fwp%2Fv2%2Fproduct_tag&post=2114"}],"curies":[{"name":"wp","href":"https:\/\/api.w.org\/{rel}","templated":true}]}}