{"id":2111,"date":"2020-03-06T10:52:04","date_gmt":"2020-03-06T09:52:04","guid":{"rendered":"https:\/\/lire-ecrire-compter.com\/?product=import-placeholder-for-42052"},"modified":"2026-03-22T12:10:22","modified_gmt":"2026-03-22T11:10:22","slug":"dobble-des-mots-nombres","status":"publish","type":"product","link":"https:\/\/lire-ecrire-compter.com\/?product=dobble-des-mots-nombres","title":{"rendered":"Dobble des mots-nombres"},"content":{"rendered":"<p><span style=\"color: #92d001;\"><strong>BUT DU JEU<br \/>\n<\/strong>\u00catre le premier joueur \u00e0 <strong>pouvoir se d\u00e9fausser de toutes ses cartes<\/strong> en trouvant les mots communs entre ses cartes et une carte de r\u00e9f\u00e9rence.<\/span><\/p>\n<p><span style=\"color: #ff5b72;\"><strong>COMPOSITION<\/strong><\/span><br \/>\n<span style=\"color: #ff5b72;\"><strong>Il est compos\u00e9<\/strong> de <strong>31 cartes <\/strong>sur lesquelles figurent 6 mots, avec pour r\u00e8gle : un seul mot commun entre 2 cartes.\u00a0<\/span><\/p>\n<p><span style=\"color: #46acbf;\"><strong>OBJECTIFS<br \/>\n<\/strong>Aider \u00e0 la <strong>m\u00e9morisation de l&rsquo;orthographe des mots-nombres<\/strong>, <strong>am\u00e9liorer la vitesse de lecture<\/strong> par voie directe de ces mots et travailler la discrimination visuelle.<\/span><\/p>\n<p>&nbsp;<\/p>\n","protected":false},"excerpt":{"rendered":"<p>BUT DU JEU \u00catre le premier joueur \u00e0 pouvoir se d\u00e9fausser de toutes ses cartes en trouvant les mots communs entre ses cartes et une carte de r\u00e9f\u00e9rence. COMPOSITION Il est compos\u00e9 de 31 cartes sur lesquelles figurent 6 mots, avec pour r\u00e8gle : un&#8230;<\/p>\n","protected":false},"featured_media":1127,"comment_status":"open","ping_status":"closed","template":"","meta":{"give_campaign_id":0,"om_disable_all_campaigns":false,"_monsterinsights_skip_tracking":false,"_monsterinsights_sitenote_active":false,"_monsterinsights_sitenote_note":"","_monsterinsights_sitenote_category":0,"_uf_show_specific_survey":0,"_uf_disable_surveys":false},"product_brand":[],"product_cat":[116,106,147,98],"product_tag":[140,139,137],"class_list":{"0":"post-2111","1":"product","2":"type-product","3":"status-publish","4":"has-post-thumbnail","6":"product_cat-ce1","7":"product_cat-cp","8":"product_cat-jeux","9":"product_cat-jeux-autour-de-la-lecture","10":"product_tag-automatiser-la-lecture-des-mots-les-plus-frequents","11":"product_tag-travailler-lorthographe","12":"product_tag-travailler-le-balayage-visuel","14":"first","15":"instock","16":"downloadable","17":"virtual","18":"purchasable","19":"product-type-simple"},"yoast_head":"<!-- This site is optimized with the Yoast SEO plugin v27.1.1 - https:\/\/yoast.com\/product\/yoast-seo-wordpress\/ -->\n<title>Dobble des mots-nombres - Lire \u00e9crire compter<\/title>\n<meta name=\"description\" content=\"Ce jeu aide \u00e0 m\u00e9moriser l&#039;orthographe des mots-nombres, am\u00e9liorer la vitesse de lecture par voie directe de ces mots et travailler la discrimination visuelle.\" \/>\n<meta name=\"robots\" content=\"index, follow, max-snippet:-1, max-image-preview:large, max-video-preview:-1\" \/>\n<link rel=\"canonical\" href=\"https:\/\/lire-ecrire-compter.com\/?product=dobble-des-mots-nombres\" \/>\n<meta property=\"og:locale\" content=\"fr_FR\" \/>\n<meta property=\"og:type\" content=\"article\" \/>\n<meta property=\"og:title\" content=\"Dobble des mots-nombres - Lire \u00e9crire compter\" \/>\n<meta property=\"og:description\" content=\"Ce jeu aide \u00e0 m\u00e9moriser l&#039;orthographe des mots-nombres, am\u00e9liorer la vitesse de lecture par voie directe de ces mots et travailler la discrimination visuelle.\" \/>\n<meta property=\"og:url\" content=\"https:\/\/lire-ecrire-compter.com\/?product=dobble-des-mots-nombres\" \/>\n<meta property=\"og:site_name\" content=\"Lire \u00e9crire compter\" \/>\n<meta property=\"article:modified_time\" content=\"2026-03-22T11:10:22+00:00\" \/>\n<meta property=\"og:image\" content=\"https:\/\/lire-ecrire-compter.com\/wp-content\/uploads\/2020\/02\/IMG_0206-e1576088208655.jpg\" \/>\n\t<meta property=\"og:image:width\" content=\"1200\" \/>\n\t<meta property=\"og:image:height\" content=\"1200\" \/>\n\t<meta property=\"og:image:type\" content=\"image\/jpeg\" \/>\n<meta name=\"twitter:card\" content=\"summary_large_image\" \/>\n<script type=\"application\/ld+json\" class=\"yoast-schema-graph\">{\"@context\":\"https:\/\/schema.org\",\"@graph\":[{\"@type\":\"WebPage\",\"@id\":\"https:\/\/lire-ecrire-compter.com\/?product=dobble-des-mots-nombres\",\"url\":\"https:\/\/lire-ecrire-compter.com\/?product=dobble-des-mots-nombres\",\"name\":\"Dobble des mots-nombres - Lire \u00e9crire compter\",\"isPartOf\":{\"@id\":\"https:\/\/lire-ecrire-compter.com\/#website\"},\"primaryImageOfPage\":{\"@id\":\"https:\/\/lire-ecrire-compter.com\/?product=dobble-des-mots-nombres#primaryimage\"},\"image\":{\"@id\":\"https:\/\/lire-ecrire-compter.com\/?product=dobble-des-mots-nombres#primaryimage\"},\"thumbnailUrl\":\"https:\/\/lire-ecrire-compter.com\/wp-content\/uploads\/2020\/02\/IMG_0206-e1576088208655.jpg\",\"datePublished\":\"2020-03-06T09:52:04+00:00\",\"dateModified\":\"2026-03-22T11:10:22+00:00\",\"description\":\"Ce jeu aide \u00e0 m\u00e9moriser l'orthographe des mots-nombres, am\u00e9liorer la vitesse de lecture par voie directe de ces mots et travailler la discrimination visuelle.\",\"breadcrumb\":{\"@id\":\"https:\/\/lire-ecrire-compter.com\/?product=dobble-des-mots-nombres#breadcrumb\"},\"inLanguage\":\"fr-FR\",\"potentialAction\":[{\"@type\":\"ReadAction\",\"target\":[\"https:\/\/lire-ecrire-compter.com\/?product=dobble-des-mots-nombres\"]}]},{\"@type\":\"ImageObject\",\"inLanguage\":\"fr-FR\",\"@id\":\"https:\/\/lire-ecrire-compter.com\/?product=dobble-des-mots-nombres#primaryimage\",\"url\":\"https:\/\/lire-ecrire-compter.com\/wp-content\/uploads\/2020\/02\/IMG_0206-e1576088208655.jpg\",\"contentUrl\":\"https:\/\/lire-ecrire-compter.com\/wp-content\/uploads\/2020\/02\/IMG_0206-e1576088208655.jpg\",\"width\":1200,\"height\":1200},{\"@type\":\"BreadcrumbList\",\"@id\":\"https:\/\/lire-ecrire-compter.com\/?product=dobble-des-mots-nombres#breadcrumb\",\"itemListElement\":[{\"@type\":\"ListItem\",\"position\":1,\"name\":\"Accueil\",\"item\":\"https:\/\/lire-ecrire-compter.com\/\"},{\"@type\":\"ListItem\",\"position\":2,\"name\":\"La bo\u00eete \u00e0 jeux\",\"item\":\"https:\/\/lire-ecrire-compter.com\/?page_id=747\"},{\"@type\":\"ListItem\",\"position\":3,\"name\":\"Dobble des mots-nombres\"}]},{\"@type\":\"WebSite\",\"@id\":\"https:\/\/lire-ecrire-compter.com\/#website\",\"url\":\"https:\/\/lire-ecrire-compter.com\/\",\"name\":\"Lire \u00e9crire compter\",\"description\":\"Jouer pour apprendre\",\"potentialAction\":[{\"@type\":\"SearchAction\",\"target\":{\"@type\":\"EntryPoint\",\"urlTemplate\":\"https:\/\/lire-ecrire-compter.com\/?s={search_term_string}\"},\"query-input\":{\"@type\":\"PropertyValueSpecification\",\"valueRequired\":true,\"valueName\":\"search_term_string\"}}],\"inLanguage\":\"fr-FR\"}]}<\/script>\n<!-- \/ Yoast SEO plugin. -->","yoast_head_json":{"title":"Dobble des mots-nombres - Lire \u00e9crire compter","description":"Ce jeu aide \u00e0 m\u00e9moriser l'orthographe des mots-nombres, am\u00e9liorer la vitesse de lecture par voie directe de ces mots et travailler la discrimination visuelle.","robots":{"index":"index","follow":"follow","max-snippet":"max-snippet:-1","max-image-preview":"max-image-preview:large","max-video-preview":"max-video-preview:-1"},"canonical":"https:\/\/lire-ecrire-compter.com\/?product=dobble-des-mots-nombres","og_locale":"fr_FR","og_type":"article","og_title":"Dobble des mots-nombres - Lire \u00e9crire compter","og_description":"Ce jeu aide \u00e0 m\u00e9moriser l'orthographe des mots-nombres, am\u00e9liorer la vitesse de lecture par voie directe de ces mots et travailler la discrimination visuelle.","og_url":"https:\/\/lire-ecrire-compter.com\/?product=dobble-des-mots-nombres","og_site_name":"Lire \u00e9crire compter","article_modified_time":"2026-03-22T11:10:22+00:00","og_image":[{"width":1200,"height":1200,"url":"https:\/\/lire-ecrire-compter.com\/wp-content\/uploads\/2020\/02\/IMG_0206-e1576088208655.jpg","type":"image\/jpeg"}],"twitter_card":"summary_large_image","schema":{"@context":"https:\/\/schema.org","@graph":[{"@type":"WebPage","@id":"https:\/\/lire-ecrire-compter.com\/?product=dobble-des-mots-nombres","url":"https:\/\/lire-ecrire-compter.com\/?product=dobble-des-mots-nombres","name":"Dobble des mots-nombres - Lire \u00e9crire compter","isPartOf":{"@id":"https:\/\/lire-ecrire-compter.com\/#website"},"primaryImageOfPage":{"@id":"https:\/\/lire-ecrire-compter.com\/?product=dobble-des-mots-nombres#primaryimage"},"image":{"@id":"https:\/\/lire-ecrire-compter.com\/?product=dobble-des-mots-nombres#primaryimage"},"thumbnailUrl":"https:\/\/lire-ecrire-compter.com\/wp-content\/uploads\/2020\/02\/IMG_0206-e1576088208655.jpg","datePublished":"2020-03-06T09:52:04+00:00","dateModified":"2026-03-22T11:10:22+00:00","description":"Ce jeu aide \u00e0 m\u00e9moriser l'orthographe des mots-nombres, am\u00e9liorer la vitesse de lecture par voie directe de ces mots et travailler la discrimination visuelle.","breadcrumb":{"@id":"https:\/\/lire-ecrire-compter.com\/?product=dobble-des-mots-nombres#breadcrumb"},"inLanguage":"fr-FR","potentialAction":[{"@type":"ReadAction","target":["https:\/\/lire-ecrire-compter.com\/?product=dobble-des-mots-nombres"]}]},{"@type":"ImageObject","inLanguage":"fr-FR","@id":"https:\/\/lire-ecrire-compter.com\/?product=dobble-des-mots-nombres#primaryimage","url":"https:\/\/lire-ecrire-compter.com\/wp-content\/uploads\/2020\/02\/IMG_0206-e1576088208655.jpg","contentUrl":"https:\/\/lire-ecrire-compter.com\/wp-content\/uploads\/2020\/02\/IMG_0206-e1576088208655.jpg","width":1200,"height":1200},{"@type":"BreadcrumbList","@id":"https:\/\/lire-ecrire-compter.com\/?product=dobble-des-mots-nombres#breadcrumb","itemListElement":[{"@type":"ListItem","position":1,"name":"Accueil","item":"https:\/\/lire-ecrire-compter.com\/"},{"@type":"ListItem","position":2,"name":"La bo\u00eete \u00e0 jeux","item":"https:\/\/lire-ecrire-compter.com\/?page_id=747"},{"@type":"ListItem","position":3,"name":"Dobble des mots-nombres"}]},{"@type":"WebSite","@id":"https:\/\/lire-ecrire-compter.com\/#website","url":"https:\/\/lire-ecrire-compter.com\/","name":"Lire \u00e9crire compter","description":"Jouer pour apprendre","potentialAction":[{"@type":"SearchAction","target":{"@type":"EntryPoint","urlTemplate":"https:\/\/lire-ecrire-compter.com\/?s={search_term_string}"},"query-input":{"@type":"PropertyValueSpecification","valueRequired":true,"valueName":"search_term_string"}}],"inLanguage":"fr-FR"}]}},"_links":{"self":[{"href":"https:\/\/lire-ecrire-compter.com\/index.php?rest_route=\/wp\/v2\/product\/2111","targetHints":{"allow":["GET"]}}],"collection":[{"href":"https:\/\/lire-ecrire-compter.com\/index.php?rest_route=\/wp\/v2\/product"}],"about":[{"href":"https:\/\/lire-ecrire-compter.com\/index.php?rest_route=\/wp\/v2\/types\/product"}],"replies":[{"embeddable":true,"href":"https:\/\/lire-ecrire-compter.com\/index.php?rest_route=%2Fwp%2Fv2%2Fcomments&post=2111"}],"wp:featuredmedia":[{"embeddable":true,"href":"https:\/\/lire-ecrire-compter.com\/index.php?rest_route=\/wp\/v2\/media\/1127"}],"wp:attachment":[{"href":"https:\/\/lire-ecrire-compter.com\/index.php?rest_route=%2Fwp%2Fv2%2Fmedia&parent=2111"}],"wp:term":[{"taxonomy":"product_brand","embeddable":true,"href":"https:\/\/lire-ecrire-compter.com\/index.php?rest_route=%2Fwp%2Fv2%2Fproduct_brand&post=2111"},{"taxonomy":"product_cat","embeddable":true,"href":"https:\/\/lire-ecrire-compter.com\/index.php?rest_route=%2Fwp%2Fv2%2Fproduct_cat&post=2111"},{"taxonomy":"product_tag","embeddable":true,"href":"https:\/\/lire-ecrire-compter.com\/index.php?rest_route=%2Fwp%2Fv2%2Fproduct_tag&post=2111"}],"curies":[{"name":"wp","href":"https:\/\/api.w.org\/{rel}","templated":true}]}}