{"id":2110,"date":"2020-03-06T10:51:53","date_gmt":"2020-03-06T09:51:53","guid":{"rendered":"https:\/\/lire-ecrire-compter.com\/?product=import-placeholder-for-40568"},"modified":"2023-11-27T01:10:01","modified_gmt":"2023-11-27T00:10:01","slug":"animadj","status":"publish","type":"product","link":"https:\/\/lire-ecrire-compter.com\/?product=animadj","title":{"rendered":"Anim&rsquo;Adj"},"content":{"rendered":"<p><span style=\"color: #92d001;\"><strong>BUT DU JEU<br \/>\n<\/strong>IL faut \u00eatre le premier \u00e0 pouvoir<strong> poser 5 paires de cartes en associant le nom d&rsquo;un animal \u00e0 un adjectif<\/strong> de mani\u00e8re \u00e0 <strong>reconstituer une expression du quotidien<\/strong> en mettant en avant une comparaison, une analogie.<\/span><\/p>\n<p><span style=\"color: #ff5b72;\">\u00a0<strong>COMPOSITION<\/strong><\/span><br \/>\n<span style=\"color: #ff5b72;\"><strong>Il est compos\u00e9<\/strong> de <strong>72 cartes <\/strong>r\u00e9parties <strong>en 36 paires<\/strong>. Sur chacune\u00a0 des 36 cartes vertes figure une comparaison initi\u00e9e par un adjectif ; sur chacune des 36 cartes bleues figure le nom de l&rsquo;animal associ\u00e9.<\/span><\/p>\n<p><span style=\"color: #46acbf;\"><strong>OBJECTIFS<br \/>\n<\/strong>Ce jeu vise \u00e0 faire<strong> apprendre et comprendre des analogies et des comparaisons utilis\u00e9es dans des expressions du quotidien<\/strong> dans le but de <strong>d\u00e9velopper la compr\u00e9hension en lecture<\/strong>. Il permet l<strong>&lsquo;enrichissement de la culture et du vocabulaire<\/strong> pr\u00e9parant ainsi \u00e0 la <strong>compr\u00e9hension d&rsquo;inf\u00e9rences<\/strong>.<\/span><\/p>\n<p>&nbsp;<\/p>\n<p>&nbsp;<\/p>\n","protected":false},"excerpt":{"rendered":"<p>BUT DU JEU IL faut \u00eatre le premier \u00e0 pouvoir poser 5 paires de cartes en associant le nom d&rsquo;un animal \u00e0 un adjectif de mani\u00e8re \u00e0 reconstituer une expression du quotidien en mettant en avant une comparaison, une analogie. \u00a0COMPOSITION Il est compos\u00e9 de&#8230;<\/p>\n","protected":false},"featured_media":1123,"comment_status":"open","ping_status":"closed","template":"","meta":{"give_campaign_id":0,"om_disable_all_campaigns":false,"_monsterinsights_skip_tracking":false,"_monsterinsights_sitenote_active":false,"_monsterinsights_sitenote_note":"","_monsterinsights_sitenote_category":0,"_uf_show_specific_survey":0,"_uf_disable_surveys":false},"product_brand":[],"product_cat":[116,151,152,147,98],"product_tag":[130,123,131,124],"class_list":{"0":"post-2110","1":"product","2":"type-product","3":"status-publish","4":"has-post-thumbnail","6":"product_cat-ce1","7":"product_cat-ce2","8":"product_cat-cm1-cm2","9":"product_cat-jeux","10":"product_cat-jeux-autour-de-la-lecture","11":"product_tag-categoriser","12":"product_tag-enrichir-le-vocabulaire","13":"product_tag-inferer-et-comprendre","14":"product_tag-travailler-le-maintien-en-memoire","16":"first","17":"instock","18":"downloadable","19":"virtual","20":"purchasable","21":"product-type-simple"},"yoast_head":"<!-- This site is optimized with the Yoast SEO plugin v27.1.1 - https:\/\/yoast.com\/product\/yoast-seo-wordpress\/ -->\n<title>Anim&#039;Adj - Lire \u00e9crire compter<\/title>\n<meta name=\"description\" content=\"Ce jeu vise \u00e0 faire apprendre et comprendre des analogies et des comparaisons utilis\u00e9es dans des expressions du quotidien dans le but de d\u00e9velopper la compr\u00e9hension en lecture. Il permet l&#039;enrichissement de la culture et du vocabulaire pr\u00e9parant ainsi \u00e0 la compr\u00e9hension d&#039;inf\u00e9rences.\" \/>\n<meta name=\"robots\" content=\"index, follow, max-snippet:-1, max-image-preview:large, max-video-preview:-1\" \/>\n<link rel=\"canonical\" href=\"https:\/\/lire-ecrire-compter.com\/?product=animadj\" \/>\n<meta property=\"og:locale\" content=\"fr_FR\" \/>\n<meta property=\"og:type\" content=\"article\" \/>\n<meta property=\"og:title\" content=\"Anim&#039;Adj - Lire \u00e9crire compter\" \/>\n<meta property=\"og:description\" content=\"Ce jeu vise \u00e0 faire apprendre et comprendre des analogies et des comparaisons utilis\u00e9es dans des expressions du quotidien dans le but de d\u00e9velopper la compr\u00e9hension en lecture. Il permet l&#039;enrichissement de la culture et du vocabulaire pr\u00e9parant ainsi \u00e0 la compr\u00e9hension d&#039;inf\u00e9rences.\" \/>\n<meta property=\"og:url\" content=\"https:\/\/lire-ecrire-compter.com\/?product=animadj\" \/>\n<meta property=\"og:site_name\" content=\"Lire \u00e9crire compter\" \/>\n<meta property=\"article:modified_time\" content=\"2023-11-27T00:10:01+00:00\" \/>\n<meta property=\"og:image\" content=\"https:\/\/lire-ecrire-compter.com\/wp-content\/uploads\/2020\/02\/associations.jpg\" \/>\n\t<meta property=\"og:image:width\" content=\"1203\" \/>\n\t<meta property=\"og:image:height\" content=\"1269\" \/>\n\t<meta property=\"og:image:type\" content=\"image\/jpeg\" \/>\n<meta name=\"twitter:card\" content=\"summary_large_image\" \/>\n<meta name=\"twitter:label1\" content=\"Dur\u00e9e de lecture estim\u00e9e\" \/>\n\t<meta name=\"twitter:data1\" content=\"1 minute\" \/>\n<script type=\"application\/ld+json\" class=\"yoast-schema-graph\">{\"@context\":\"https:\/\/schema.org\",\"@graph\":[{\"@type\":\"WebPage\",\"@id\":\"https:\/\/lire-ecrire-compter.com\/?product=animadj\",\"url\":\"https:\/\/lire-ecrire-compter.com\/?product=animadj\",\"name\":\"Anim'Adj - Lire \u00e9crire compter\",\"isPartOf\":{\"@id\":\"https:\/\/lire-ecrire-compter.com\/#website\"},\"primaryImageOfPage\":{\"@id\":\"https:\/\/lire-ecrire-compter.com\/?product=animadj#primaryimage\"},\"image\":{\"@id\":\"https:\/\/lire-ecrire-compter.com\/?product=animadj#primaryimage\"},\"thumbnailUrl\":\"https:\/\/lire-ecrire-compter.com\/wp-content\/uploads\/2020\/02\/associations.jpg\",\"datePublished\":\"2020-03-06T09:51:53+00:00\",\"dateModified\":\"2023-11-27T00:10:01+00:00\",\"description\":\"Ce jeu vise \u00e0 faire apprendre et comprendre des analogies et des comparaisons utilis\u00e9es dans des expressions du quotidien dans le but de d\u00e9velopper la compr\u00e9hension en lecture. Il permet l'enrichissement de la culture et du vocabulaire pr\u00e9parant ainsi \u00e0 la compr\u00e9hension d'inf\u00e9rences.\",\"breadcrumb\":{\"@id\":\"https:\/\/lire-ecrire-compter.com\/?product=animadj#breadcrumb\"},\"inLanguage\":\"fr-FR\",\"potentialAction\":[{\"@type\":\"ReadAction\",\"target\":[\"https:\/\/lire-ecrire-compter.com\/?product=animadj\"]}]},{\"@type\":\"ImageObject\",\"inLanguage\":\"fr-FR\",\"@id\":\"https:\/\/lire-ecrire-compter.com\/?product=animadj#primaryimage\",\"url\":\"https:\/\/lire-ecrire-compter.com\/wp-content\/uploads\/2020\/02\/associations.jpg\",\"contentUrl\":\"https:\/\/lire-ecrire-compter.com\/wp-content\/uploads\/2020\/02\/associations.jpg\",\"width\":1203,\"height\":1269},{\"@type\":\"BreadcrumbList\",\"@id\":\"https:\/\/lire-ecrire-compter.com\/?product=animadj#breadcrumb\",\"itemListElement\":[{\"@type\":\"ListItem\",\"position\":1,\"name\":\"Accueil\",\"item\":\"https:\/\/lire-ecrire-compter.com\/\"},{\"@type\":\"ListItem\",\"position\":2,\"name\":\"La bo\u00eete \u00e0 jeux\",\"item\":\"https:\/\/lire-ecrire-compter.com\/?page_id=747\"},{\"@type\":\"ListItem\",\"position\":3,\"name\":\"Anim&rsquo;Adj\"}]},{\"@type\":\"WebSite\",\"@id\":\"https:\/\/lire-ecrire-compter.com\/#website\",\"url\":\"https:\/\/lire-ecrire-compter.com\/\",\"name\":\"Lire \u00e9crire compter\",\"description\":\"Jouer pour apprendre\",\"potentialAction\":[{\"@type\":\"SearchAction\",\"target\":{\"@type\":\"EntryPoint\",\"urlTemplate\":\"https:\/\/lire-ecrire-compter.com\/?s={search_term_string}\"},\"query-input\":{\"@type\":\"PropertyValueSpecification\",\"valueRequired\":true,\"valueName\":\"search_term_string\"}}],\"inLanguage\":\"fr-FR\"}]}<\/script>\n<!-- \/ Yoast SEO plugin. -->","yoast_head_json":{"title":"Anim'Adj - Lire \u00e9crire compter","description":"Ce jeu vise \u00e0 faire apprendre et comprendre des analogies et des comparaisons utilis\u00e9es dans des expressions du quotidien dans le but de d\u00e9velopper la compr\u00e9hension en lecture. Il permet l'enrichissement de la culture et du vocabulaire pr\u00e9parant ainsi \u00e0 la compr\u00e9hension d'inf\u00e9rences.","robots":{"index":"index","follow":"follow","max-snippet":"max-snippet:-1","max-image-preview":"max-image-preview:large","max-video-preview":"max-video-preview:-1"},"canonical":"https:\/\/lire-ecrire-compter.com\/?product=animadj","og_locale":"fr_FR","og_type":"article","og_title":"Anim'Adj - Lire \u00e9crire compter","og_description":"Ce jeu vise \u00e0 faire apprendre et comprendre des analogies et des comparaisons utilis\u00e9es dans des expressions du quotidien dans le but de d\u00e9velopper la compr\u00e9hension en lecture. Il permet l'enrichissement de la culture et du vocabulaire pr\u00e9parant ainsi \u00e0 la compr\u00e9hension d'inf\u00e9rences.","og_url":"https:\/\/lire-ecrire-compter.com\/?product=animadj","og_site_name":"Lire \u00e9crire compter","article_modified_time":"2023-11-27T00:10:01+00:00","og_image":[{"width":1203,"height":1269,"url":"https:\/\/lire-ecrire-compter.com\/wp-content\/uploads\/2020\/02\/associations.jpg","type":"image\/jpeg"}],"twitter_card":"summary_large_image","twitter_misc":{"Dur\u00e9e de lecture estim\u00e9e":"1 minute"},"schema":{"@context":"https:\/\/schema.org","@graph":[{"@type":"WebPage","@id":"https:\/\/lire-ecrire-compter.com\/?product=animadj","url":"https:\/\/lire-ecrire-compter.com\/?product=animadj","name":"Anim'Adj - Lire \u00e9crire compter","isPartOf":{"@id":"https:\/\/lire-ecrire-compter.com\/#website"},"primaryImageOfPage":{"@id":"https:\/\/lire-ecrire-compter.com\/?product=animadj#primaryimage"},"image":{"@id":"https:\/\/lire-ecrire-compter.com\/?product=animadj#primaryimage"},"thumbnailUrl":"https:\/\/lire-ecrire-compter.com\/wp-content\/uploads\/2020\/02\/associations.jpg","datePublished":"2020-03-06T09:51:53+00:00","dateModified":"2023-11-27T00:10:01+00:00","description":"Ce jeu vise \u00e0 faire apprendre et comprendre des analogies et des comparaisons utilis\u00e9es dans des expressions du quotidien dans le but de d\u00e9velopper la compr\u00e9hension en lecture. Il permet l'enrichissement de la culture et du vocabulaire pr\u00e9parant ainsi \u00e0 la compr\u00e9hension d'inf\u00e9rences.","breadcrumb":{"@id":"https:\/\/lire-ecrire-compter.com\/?product=animadj#breadcrumb"},"inLanguage":"fr-FR","potentialAction":[{"@type":"ReadAction","target":["https:\/\/lire-ecrire-compter.com\/?product=animadj"]}]},{"@type":"ImageObject","inLanguage":"fr-FR","@id":"https:\/\/lire-ecrire-compter.com\/?product=animadj#primaryimage","url":"https:\/\/lire-ecrire-compter.com\/wp-content\/uploads\/2020\/02\/associations.jpg","contentUrl":"https:\/\/lire-ecrire-compter.com\/wp-content\/uploads\/2020\/02\/associations.jpg","width":1203,"height":1269},{"@type":"BreadcrumbList","@id":"https:\/\/lire-ecrire-compter.com\/?product=animadj#breadcrumb","itemListElement":[{"@type":"ListItem","position":1,"name":"Accueil","item":"https:\/\/lire-ecrire-compter.com\/"},{"@type":"ListItem","position":2,"name":"La bo\u00eete \u00e0 jeux","item":"https:\/\/lire-ecrire-compter.com\/?page_id=747"},{"@type":"ListItem","position":3,"name":"Anim&rsquo;Adj"}]},{"@type":"WebSite","@id":"https:\/\/lire-ecrire-compter.com\/#website","url":"https:\/\/lire-ecrire-compter.com\/","name":"Lire \u00e9crire compter","description":"Jouer pour apprendre","potentialAction":[{"@type":"SearchAction","target":{"@type":"EntryPoint","urlTemplate":"https:\/\/lire-ecrire-compter.com\/?s={search_term_string}"},"query-input":{"@type":"PropertyValueSpecification","valueRequired":true,"valueName":"search_term_string"}}],"inLanguage":"fr-FR"}]}},"_links":{"self":[{"href":"https:\/\/lire-ecrire-compter.com\/index.php?rest_route=\/wp\/v2\/product\/2110","targetHints":{"allow":["GET"]}}],"collection":[{"href":"https:\/\/lire-ecrire-compter.com\/index.php?rest_route=\/wp\/v2\/product"}],"about":[{"href":"https:\/\/lire-ecrire-compter.com\/index.php?rest_route=\/wp\/v2\/types\/product"}],"replies":[{"embeddable":true,"href":"https:\/\/lire-ecrire-compter.com\/index.php?rest_route=%2Fwp%2Fv2%2Fcomments&post=2110"}],"wp:featuredmedia":[{"embeddable":true,"href":"https:\/\/lire-ecrire-compter.com\/index.php?rest_route=\/wp\/v2\/media\/1123"}],"wp:attachment":[{"href":"https:\/\/lire-ecrire-compter.com\/index.php?rest_route=%2Fwp%2Fv2%2Fmedia&parent=2110"}],"wp:term":[{"taxonomy":"product_brand","embeddable":true,"href":"https:\/\/lire-ecrire-compter.com\/index.php?rest_route=%2Fwp%2Fv2%2Fproduct_brand&post=2110"},{"taxonomy":"product_cat","embeddable":true,"href":"https:\/\/lire-ecrire-compter.com\/index.php?rest_route=%2Fwp%2Fv2%2Fproduct_cat&post=2110"},{"taxonomy":"product_tag","embeddable":true,"href":"https:\/\/lire-ecrire-compter.com\/index.php?rest_route=%2Fwp%2Fv2%2Fproduct_tag&post=2110"}],"curies":[{"name":"wp","href":"https:\/\/api.w.org\/{rel}","templated":true}]}}