{"id":2107,"date":"2020-03-06T10:51:53","date_gmt":"2020-03-06T09:51:53","guid":{"rendered":"https:\/\/lire-ecrire-compter.com\/?product=import-placeholder-for-37431"},"modified":"2026-01-23T10:42:03","modified_gmt":"2026-01-23T09:42:03","slug":"la-grotte-aux-324-pierres-precieuses","status":"publish","type":"product","link":"https:\/\/lire-ecrire-compter.com\/?product=la-grotte-aux-324-pierres-precieuses","title":{"rendered":"La grotte aux 324 pierres pr\u00e9cieuses"},"content":{"rendered":"<p><span style=\"color: #92d001;\"><strong>BUT DU JEU :<\/strong><\/span><br \/>\n<span style=\"color: #92d001;\">Dans ce <strong>jeu coop\u00e9ratif<\/strong>, <strong>les joueurs cherchent \u00e0 r\u00e9cup\u00e9rer les pierres pr\u00e9cieuses d&rsquo;un tr\u00e9sor cach\u00e9 dans une grotte gard\u00e9e par un dragon<\/strong>. Il faudra pour cela charger les pierres, de mani\u00e8re \u00e9quitable, dans cinq sacs, quatre brouettes ou trois wagonnets pour les acheminer vers a sortie et y arriver avant que le dragon ne bloque celle-ci ! Il devra toujours y avoir la <strong>m\u00eame quantit\u00e9 de pierres pr\u00e9cieuses dans chaque sac<\/strong>, la <strong>m\u00eame quantit\u00e9 dans chaque brouette<\/strong> et la <strong>m\u00eame quantit\u00e9 dans chaque wagonnet<\/strong>. Attention ! le chemin est sem\u00e9 d&#8217;emb\u00fbches : il faudra parfois rendre des pierres pr\u00e9cieuses ou les r\u00e9partir autrement.<\/span><\/p>\n<p><span style=\"color: #ff5b72;\"><strong>COMPOSITION :<\/strong><\/span><br \/>\n<span style=\"color: #ff5b72;\">Il est compos\u00e9 d&rsquo;un<strong> plateau de jeu<\/strong> \u00e0 reconstituer sur lequel figurent 9 types de cases, de <strong>3 s\u00e9ries de \u00ab\u00a0contenants\u00a0\u00bb<\/strong> \u00e0 assembler(1 s\u00e9rie de 5 sacs, 1 s\u00e9rie de 4 brouettes, 1 s\u00e9rie de 3 wagonnets), de<strong> 42 cartes \u00ab\u00a0pierres pr\u00e9cieuses\u00a0\u00bb<\/strong>, de <strong>18 cartes \u00ab\u00a0\u00e9v\u00e8nements\u00a0\u00bb<\/strong>, de <strong>324 pierres pr\u00e9cieuses<\/strong> et d&rsquo;<strong>une feuille de calcul<\/strong><em>.<\/em><\/span><\/p>\n<p><span style=\"color: #46acbf;\"><strong>OBJECTIFS :<br \/>\n<\/strong>Ce jeu <strong>aide <\/strong>\u00e0 la<strong> conceptualisation de la division. <\/strong>Il travaille sur <strong>la notion de multiple <\/strong>et pr\u00e9pare \u00e0<strong> la technique op\u00e9ratoire de la division <\/strong>.<\/span><\/p>\n<p>&nbsp;<\/p>\n<p>&nbsp;<\/p>\n","protected":false},"excerpt":{"rendered":"<p>BUT DU JEU : Dans ce jeu coop\u00e9ratif, les joueurs cherchent \u00e0 r\u00e9cup\u00e9rer les pierres pr\u00e9cieuses d&rsquo;un tr\u00e9sor cach\u00e9 dans une grotte gard\u00e9e par un dragon. Il faudra pour cela charger les pierres, de mani\u00e8re \u00e9quitable, dans cinq sacs, quatre brouettes ou trois wagonnets pour&#8230;<\/p>\n","protected":false},"featured_media":1106,"comment_status":"open","ping_status":"closed","template":"","meta":{"give_campaign_id":0,"om_disable_all_campaigns":false,"_monsterinsights_skip_tracking":false,"_monsterinsights_sitenote_active":false,"_monsterinsights_sitenote_note":"","_monsterinsights_sitenote_category":0,"_uf_show_specific_survey":0,"_uf_disable_surveys":false},"product_brand":[],"product_cat":[138,147,100],"product_tag":[97,126],"class_list":{"0":"post-2107","1":"product","2":"type-product","3":"status-publish","4":"has-post-thumbnail","6":"product_cat-a-partir-du-cm1","7":"product_cat-jeux","8":"product_cat-jeux-autour-des-mathematiques","9":"product_tag-conceptualiser-la-division","10":"product_tag-conceptualiser-la-multiplication","12":"first","13":"instock","14":"downloadable","15":"virtual","16":"purchasable","17":"product-type-simple"},"yoast_head":"<!-- This site is optimized with the Yoast SEO plugin v27.1.1 - https:\/\/yoast.com\/product\/yoast-seo-wordpress\/ -->\n<title>La grotte aux 324 pierres pr\u00e9cieuses - Lire \u00e9crire compter<\/title>\n<meta name=\"description\" content=\"Ce jeu aide \u00e0 la conceptualisation de la division. Il travaille sur la notion de multiple et pr\u00e9pare \u00e0 la technique op\u00e9ratoire de la division .\" \/>\n<meta name=\"robots\" content=\"index, follow, max-snippet:-1, max-image-preview:large, max-video-preview:-1\" \/>\n<link rel=\"canonical\" href=\"https:\/\/lire-ecrire-compter.com\/?product=la-grotte-aux-324-pierres-precieuses\" \/>\n<meta property=\"og:locale\" content=\"fr_FR\" \/>\n<meta property=\"og:type\" content=\"article\" \/>\n<meta property=\"og:title\" content=\"La grotte aux 324 pierres pr\u00e9cieuses - Lire \u00e9crire compter\" \/>\n<meta property=\"og:description\" content=\"Ce jeu aide \u00e0 la conceptualisation de la division. Il travaille sur la notion de multiple et pr\u00e9pare \u00e0 la technique op\u00e9ratoire de la division .\" \/>\n<meta property=\"og:url\" content=\"https:\/\/lire-ecrire-compter.com\/?product=la-grotte-aux-324-pierres-precieuses\" \/>\n<meta property=\"og:site_name\" content=\"Lire \u00e9crire compter\" \/>\n<meta property=\"article:modified_time\" content=\"2026-01-23T09:42:03+00:00\" \/>\n<meta property=\"og:image\" content=\"https:\/\/lire-ecrire-compter.com\/wp-content\/uploads\/2020\/02\/IMG_8977-e1574332352968.jpg\" \/>\n\t<meta property=\"og:image:width\" content=\"1200\" \/>\n\t<meta property=\"og:image:height\" content=\"908\" \/>\n\t<meta property=\"og:image:type\" content=\"image\/jpeg\" \/>\n<meta name=\"twitter:card\" content=\"summary_large_image\" \/>\n<meta name=\"twitter:label1\" content=\"Dur\u00e9e de lecture estim\u00e9e\" \/>\n\t<meta name=\"twitter:data1\" content=\"1 minute\" \/>\n<script type=\"application\/ld+json\" class=\"yoast-schema-graph\">{\"@context\":\"https:\/\/schema.org\",\"@graph\":[{\"@type\":\"WebPage\",\"@id\":\"https:\/\/lire-ecrire-compter.com\/?product=la-grotte-aux-324-pierres-precieuses\",\"url\":\"https:\/\/lire-ecrire-compter.com\/?product=la-grotte-aux-324-pierres-precieuses\",\"name\":\"La grotte aux 324 pierres pr\u00e9cieuses - Lire \u00e9crire compter\",\"isPartOf\":{\"@id\":\"https:\/\/lire-ecrire-compter.com\/#website\"},\"primaryImageOfPage\":{\"@id\":\"https:\/\/lire-ecrire-compter.com\/?product=la-grotte-aux-324-pierres-precieuses#primaryimage\"},\"image\":{\"@id\":\"https:\/\/lire-ecrire-compter.com\/?product=la-grotte-aux-324-pierres-precieuses#primaryimage\"},\"thumbnailUrl\":\"https:\/\/lire-ecrire-compter.com\/wp-content\/uploads\/2020\/02\/IMG_8977-e1574332352968.jpg\",\"datePublished\":\"2020-03-06T09:51:53+00:00\",\"dateModified\":\"2026-01-23T09:42:03+00:00\",\"description\":\"Ce jeu aide \u00e0 la conceptualisation de la division. Il travaille sur la notion de multiple et pr\u00e9pare \u00e0 la technique op\u00e9ratoire de la division .\",\"breadcrumb\":{\"@id\":\"https:\/\/lire-ecrire-compter.com\/?product=la-grotte-aux-324-pierres-precieuses#breadcrumb\"},\"inLanguage\":\"fr-FR\",\"potentialAction\":[{\"@type\":\"ReadAction\",\"target\":[\"https:\/\/lire-ecrire-compter.com\/?product=la-grotte-aux-324-pierres-precieuses\"]}]},{\"@type\":\"ImageObject\",\"inLanguage\":\"fr-FR\",\"@id\":\"https:\/\/lire-ecrire-compter.com\/?product=la-grotte-aux-324-pierres-precieuses#primaryimage\",\"url\":\"https:\/\/lire-ecrire-compter.com\/wp-content\/uploads\/2020\/02\/IMG_8977-e1574332352968.jpg\",\"contentUrl\":\"https:\/\/lire-ecrire-compter.com\/wp-content\/uploads\/2020\/02\/IMG_8977-e1574332352968.jpg\",\"width\":1200,\"height\":908},{\"@type\":\"BreadcrumbList\",\"@id\":\"https:\/\/lire-ecrire-compter.com\/?product=la-grotte-aux-324-pierres-precieuses#breadcrumb\",\"itemListElement\":[{\"@type\":\"ListItem\",\"position\":1,\"name\":\"Accueil\",\"item\":\"https:\/\/lire-ecrire-compter.com\/\"},{\"@type\":\"ListItem\",\"position\":2,\"name\":\"La bo\u00eete \u00e0 jeux\",\"item\":\"https:\/\/lire-ecrire-compter.com\/?page_id=747\"},{\"@type\":\"ListItem\",\"position\":3,\"name\":\"La grotte aux 324 pierres pr\u00e9cieuses\"}]},{\"@type\":\"WebSite\",\"@id\":\"https:\/\/lire-ecrire-compter.com\/#website\",\"url\":\"https:\/\/lire-ecrire-compter.com\/\",\"name\":\"Lire \u00e9crire compter\",\"description\":\"Jouer pour apprendre\",\"potentialAction\":[{\"@type\":\"SearchAction\",\"target\":{\"@type\":\"EntryPoint\",\"urlTemplate\":\"https:\/\/lire-ecrire-compter.com\/?s={search_term_string}\"},\"query-input\":{\"@type\":\"PropertyValueSpecification\",\"valueRequired\":true,\"valueName\":\"search_term_string\"}}],\"inLanguage\":\"fr-FR\"}]}<\/script>\n<!-- \/ Yoast SEO plugin. -->","yoast_head_json":{"title":"La grotte aux 324 pierres pr\u00e9cieuses - Lire \u00e9crire compter","description":"Ce jeu aide \u00e0 la conceptualisation de la division. Il travaille sur la notion de multiple et pr\u00e9pare \u00e0 la technique op\u00e9ratoire de la division .","robots":{"index":"index","follow":"follow","max-snippet":"max-snippet:-1","max-image-preview":"max-image-preview:large","max-video-preview":"max-video-preview:-1"},"canonical":"https:\/\/lire-ecrire-compter.com\/?product=la-grotte-aux-324-pierres-precieuses","og_locale":"fr_FR","og_type":"article","og_title":"La grotte aux 324 pierres pr\u00e9cieuses - Lire \u00e9crire compter","og_description":"Ce jeu aide \u00e0 la conceptualisation de la division. Il travaille sur la notion de multiple et pr\u00e9pare \u00e0 la technique op\u00e9ratoire de la division .","og_url":"https:\/\/lire-ecrire-compter.com\/?product=la-grotte-aux-324-pierres-precieuses","og_site_name":"Lire \u00e9crire compter","article_modified_time":"2026-01-23T09:42:03+00:00","og_image":[{"width":1200,"height":908,"url":"https:\/\/lire-ecrire-compter.com\/wp-content\/uploads\/2020\/02\/IMG_8977-e1574332352968.jpg","type":"image\/jpeg"}],"twitter_card":"summary_large_image","twitter_misc":{"Dur\u00e9e de lecture estim\u00e9e":"1 minute"},"schema":{"@context":"https:\/\/schema.org","@graph":[{"@type":"WebPage","@id":"https:\/\/lire-ecrire-compter.com\/?product=la-grotte-aux-324-pierres-precieuses","url":"https:\/\/lire-ecrire-compter.com\/?product=la-grotte-aux-324-pierres-precieuses","name":"La grotte aux 324 pierres pr\u00e9cieuses - Lire \u00e9crire compter","isPartOf":{"@id":"https:\/\/lire-ecrire-compter.com\/#website"},"primaryImageOfPage":{"@id":"https:\/\/lire-ecrire-compter.com\/?product=la-grotte-aux-324-pierres-precieuses#primaryimage"},"image":{"@id":"https:\/\/lire-ecrire-compter.com\/?product=la-grotte-aux-324-pierres-precieuses#primaryimage"},"thumbnailUrl":"https:\/\/lire-ecrire-compter.com\/wp-content\/uploads\/2020\/02\/IMG_8977-e1574332352968.jpg","datePublished":"2020-03-06T09:51:53+00:00","dateModified":"2026-01-23T09:42:03+00:00","description":"Ce jeu aide \u00e0 la conceptualisation de la division. Il travaille sur la notion de multiple et pr\u00e9pare \u00e0 la technique op\u00e9ratoire de la division .","breadcrumb":{"@id":"https:\/\/lire-ecrire-compter.com\/?product=la-grotte-aux-324-pierres-precieuses#breadcrumb"},"inLanguage":"fr-FR","potentialAction":[{"@type":"ReadAction","target":["https:\/\/lire-ecrire-compter.com\/?product=la-grotte-aux-324-pierres-precieuses"]}]},{"@type":"ImageObject","inLanguage":"fr-FR","@id":"https:\/\/lire-ecrire-compter.com\/?product=la-grotte-aux-324-pierres-precieuses#primaryimage","url":"https:\/\/lire-ecrire-compter.com\/wp-content\/uploads\/2020\/02\/IMG_8977-e1574332352968.jpg","contentUrl":"https:\/\/lire-ecrire-compter.com\/wp-content\/uploads\/2020\/02\/IMG_8977-e1574332352968.jpg","width":1200,"height":908},{"@type":"BreadcrumbList","@id":"https:\/\/lire-ecrire-compter.com\/?product=la-grotte-aux-324-pierres-precieuses#breadcrumb","itemListElement":[{"@type":"ListItem","position":1,"name":"Accueil","item":"https:\/\/lire-ecrire-compter.com\/"},{"@type":"ListItem","position":2,"name":"La bo\u00eete \u00e0 jeux","item":"https:\/\/lire-ecrire-compter.com\/?page_id=747"},{"@type":"ListItem","position":3,"name":"La grotte aux 324 pierres pr\u00e9cieuses"}]},{"@type":"WebSite","@id":"https:\/\/lire-ecrire-compter.com\/#website","url":"https:\/\/lire-ecrire-compter.com\/","name":"Lire \u00e9crire compter","description":"Jouer pour apprendre","potentialAction":[{"@type":"SearchAction","target":{"@type":"EntryPoint","urlTemplate":"https:\/\/lire-ecrire-compter.com\/?s={search_term_string}"},"query-input":{"@type":"PropertyValueSpecification","valueRequired":true,"valueName":"search_term_string"}}],"inLanguage":"fr-FR"}]}},"_links":{"self":[{"href":"https:\/\/lire-ecrire-compter.com\/index.php?rest_route=\/wp\/v2\/product\/2107","targetHints":{"allow":["GET"]}}],"collection":[{"href":"https:\/\/lire-ecrire-compter.com\/index.php?rest_route=\/wp\/v2\/product"}],"about":[{"href":"https:\/\/lire-ecrire-compter.com\/index.php?rest_route=\/wp\/v2\/types\/product"}],"replies":[{"embeddable":true,"href":"https:\/\/lire-ecrire-compter.com\/index.php?rest_route=%2Fwp%2Fv2%2Fcomments&post=2107"}],"wp:featuredmedia":[{"embeddable":true,"href":"https:\/\/lire-ecrire-compter.com\/index.php?rest_route=\/wp\/v2\/media\/1106"}],"wp:attachment":[{"href":"https:\/\/lire-ecrire-compter.com\/index.php?rest_route=%2Fwp%2Fv2%2Fmedia&parent=2107"}],"wp:term":[{"taxonomy":"product_brand","embeddable":true,"href":"https:\/\/lire-ecrire-compter.com\/index.php?rest_route=%2Fwp%2Fv2%2Fproduct_brand&post=2107"},{"taxonomy":"product_cat","embeddable":true,"href":"https:\/\/lire-ecrire-compter.com\/index.php?rest_route=%2Fwp%2Fv2%2Fproduct_cat&post=2107"},{"taxonomy":"product_tag","embeddable":true,"href":"https:\/\/lire-ecrire-compter.com\/index.php?rest_route=%2Fwp%2Fv2%2Fproduct_tag&post=2107"}],"curies":[{"name":"wp","href":"https:\/\/api.w.org\/{rel}","templated":true}]}}