{"id":2106,"date":"2020-03-06T10:51:53","date_gmt":"2020-03-06T09:51:53","guid":{"rendered":"https:\/\/lire-ecrire-compter.com\/?product=import-placeholder-for-37026"},"modified":"2020-04-03T12:50:01","modified_gmt":"2020-04-03T10:50:01","slug":"loto-des-divisions","status":"publish","type":"product","link":"https:\/\/lire-ecrire-compter.com\/?product=loto-des-divisions","title":{"rendered":"Loto des divisions"},"content":{"rendered":"<p><span style=\"color: #92d001;\"><strong>BUT DU JEU :<\/strong><\/span><br \/>\n<span style=\"color: #92d001;\">\u00c0 la mani\u00e8re d&rsquo;<strong>un loto<\/strong>, il s&rsquo;agit de <strong>signaler<\/strong> sur une plaque <strong>le nombre correspondant au quotient d&rsquo;une division<\/strong> \u00e9crite sur une carte en y posant un jeton. La validation peut se faire en s&rsquo;appuyant sur une repr\u00e9sentation imag\u00e9e du tout et des parties du tout. <strong>Le premier \u00e0 avoir compl\u00e9t\u00e9 sa plaque a gagn\u00e9<\/strong>.<\/span><\/p>\n<p><span style=\"color: #ff5b72;\">\u00a0<strong>COMPOSITION :<\/strong><\/span><br \/>\n<span style=\"color: #ff5b72;\">Il est compos\u00e9 <em>de <\/em><strong>72 cartes<\/strong> \u00ab\u00a0division\u00a0\u00bb, de <strong>24 plaques de loto<\/strong> r\u00e9parties en 6 couleurs et de <strong>6 s\u00e9ries de 6 jetons<\/strong><em>.<\/em><\/span><\/p>\n<p><span style=\"color: #46acbf;\"><strong>OBJECTIFS :<br \/>\n<\/strong>Ce jeu <strong>aide <\/strong>\u00e0 la<strong> comprendre la relation d&rsquo;op\u00e9ration inverse entre la multiplication et la division <\/strong>en s&rsquo;appuyant sur une image et<strong> \u00e0 automatiser la restitution des tables de multiplication.<\/strong><\/span><\/p>\n<p>&nbsp;<\/p>\n<p>&nbsp;<\/p>\n","protected":false},"excerpt":{"rendered":"<p>BUT DU JEU : \u00c0 la mani\u00e8re d&rsquo;un loto, il s&rsquo;agit de signaler sur une plaque le nombre correspondant au quotient d&rsquo;une division \u00e9crite sur une carte en y posant un jeton. La validation peut se faire en s&rsquo;appuyant sur une repr\u00e9sentation imag\u00e9e du tout&#8230;<\/p>\n","protected":false},"featured_media":1104,"comment_status":"open","ping_status":"closed","template":"","meta":{"give_campaign_id":0,"om_disable_all_campaigns":false,"_monsterinsights_skip_tracking":false,"_monsterinsights_sitenote_active":false,"_monsterinsights_sitenote_note":"","_monsterinsights_sitenote_category":0,"_uf_show_specific_survey":0,"_uf_disable_surveys":false},"product_brand":[],"product_cat":[128,138,100],"product_tag":[97,126,127],"class_list":{"0":"post-2106","1":"product","2":"type-product","3":"status-publish","4":"has-post-thumbnail","6":"product_cat-a-partir-du-ce2","7":"product_cat-a-partir-du-cm1","8":"product_cat-jeux-autour-des-mathematiques","9":"product_tag-conceptualiser-la-division","10":"product_tag-conceptualiser-la-multiplication","11":"product_tag-memoriser-les-tables-de-multiplication","13":"first","14":"instock","15":"downloadable","16":"virtual","17":"purchasable","18":"product-type-simple"},"yoast_head":"<!-- This site is optimized with the Yoast SEO plugin v27.1.1 - https:\/\/yoast.com\/product\/yoast-seo-wordpress\/ -->\n<title>Loto des divisions - Lire \u00e9crire compter<\/title>\n<meta name=\"description\" content=\"Ce jeu math\u00e9matique aide \u00e0 la comprendre la relation d&#039;op\u00e9ration inverse entre la multiplication et la division en s&#039;appuyant sur une image et \u00e0 automatiser la restitution des tables de multiplication.\" \/>\n<meta name=\"robots\" content=\"index, follow, max-snippet:-1, max-image-preview:large, max-video-preview:-1\" \/>\n<link rel=\"canonical\" href=\"https:\/\/lire-ecrire-compter.com\/?product=loto-des-divisions\" \/>\n<meta property=\"og:locale\" content=\"fr_FR\" \/>\n<meta property=\"og:type\" content=\"article\" \/>\n<meta property=\"og:title\" content=\"Loto des divisions - Lire \u00e9crire compter\" \/>\n<meta property=\"og:description\" content=\"Ce jeu math\u00e9matique aide \u00e0 la comprendre la relation d&#039;op\u00e9ration inverse entre la multiplication et la division en s&#039;appuyant sur une image et \u00e0 automatiser la restitution des tables de multiplication.\" \/>\n<meta property=\"og:url\" content=\"https:\/\/lire-ecrire-compter.com\/?product=loto-des-divisions\" \/>\n<meta property=\"og:site_name\" content=\"Lire \u00e9crire compter\" \/>\n<meta property=\"article:modified_time\" content=\"2020-04-03T10:50:01+00:00\" \/>\n<meta property=\"og:image\" content=\"https:\/\/lire-ecrire-compter.com\/wp-content\/uploads\/2020\/02\/image_loto-des-divisions.jpg\" \/>\n\t<meta property=\"og:image:width\" content=\"1224\" \/>\n\t<meta property=\"og:image:height\" content=\"919\" \/>\n\t<meta property=\"og:image:type\" content=\"image\/jpeg\" \/>\n<meta name=\"twitter:card\" content=\"summary_large_image\" \/>\n<meta name=\"twitter:label1\" content=\"Dur\u00e9e de lecture estim\u00e9e\" \/>\n\t<meta name=\"twitter:data1\" content=\"1 minute\" \/>\n<script type=\"application\/ld+json\" class=\"yoast-schema-graph\">{\"@context\":\"https:\/\/schema.org\",\"@graph\":[{\"@type\":\"WebPage\",\"@id\":\"https:\/\/lire-ecrire-compter.com\/?product=loto-des-divisions\",\"url\":\"https:\/\/lire-ecrire-compter.com\/?product=loto-des-divisions\",\"name\":\"Loto des divisions - Lire \u00e9crire compter\",\"isPartOf\":{\"@id\":\"https:\/\/lire-ecrire-compter.com\/#website\"},\"primaryImageOfPage\":{\"@id\":\"https:\/\/lire-ecrire-compter.com\/?product=loto-des-divisions#primaryimage\"},\"image\":{\"@id\":\"https:\/\/lire-ecrire-compter.com\/?product=loto-des-divisions#primaryimage\"},\"thumbnailUrl\":\"https:\/\/lire-ecrire-compter.com\/wp-content\/uploads\/2020\/02\/image_loto-des-divisions.jpg\",\"datePublished\":\"2020-03-06T09:51:53+00:00\",\"dateModified\":\"2020-04-03T10:50:01+00:00\",\"description\":\"Ce jeu math\u00e9matique aide \u00e0 la comprendre la relation d'op\u00e9ration inverse entre la multiplication et la division en s'appuyant sur une image et \u00e0 automatiser la restitution des tables de multiplication.\",\"breadcrumb\":{\"@id\":\"https:\/\/lire-ecrire-compter.com\/?product=loto-des-divisions#breadcrumb\"},\"inLanguage\":\"fr-FR\",\"potentialAction\":[{\"@type\":\"ReadAction\",\"target\":[\"https:\/\/lire-ecrire-compter.com\/?product=loto-des-divisions\"]}]},{\"@type\":\"ImageObject\",\"inLanguage\":\"fr-FR\",\"@id\":\"https:\/\/lire-ecrire-compter.com\/?product=loto-des-divisions#primaryimage\",\"url\":\"https:\/\/lire-ecrire-compter.com\/wp-content\/uploads\/2020\/02\/image_loto-des-divisions.jpg\",\"contentUrl\":\"https:\/\/lire-ecrire-compter.com\/wp-content\/uploads\/2020\/02\/image_loto-des-divisions.jpg\",\"width\":1224,\"height\":919},{\"@type\":\"BreadcrumbList\",\"@id\":\"https:\/\/lire-ecrire-compter.com\/?product=loto-des-divisions#breadcrumb\",\"itemListElement\":[{\"@type\":\"ListItem\",\"position\":1,\"name\":\"Accueil\",\"item\":\"https:\/\/lire-ecrire-compter.com\/\"},{\"@type\":\"ListItem\",\"position\":2,\"name\":\"La bo\u00eete \u00e0 jeux\",\"item\":\"https:\/\/lire-ecrire-compter.com\/?page_id=747\"},{\"@type\":\"ListItem\",\"position\":3,\"name\":\"Loto des divisions\"}]},{\"@type\":\"WebSite\",\"@id\":\"https:\/\/lire-ecrire-compter.com\/#website\",\"url\":\"https:\/\/lire-ecrire-compter.com\/\",\"name\":\"Lire \u00e9crire compter\",\"description\":\"Jouer pour apprendre\",\"potentialAction\":[{\"@type\":\"SearchAction\",\"target\":{\"@type\":\"EntryPoint\",\"urlTemplate\":\"https:\/\/lire-ecrire-compter.com\/?s={search_term_string}\"},\"query-input\":{\"@type\":\"PropertyValueSpecification\",\"valueRequired\":true,\"valueName\":\"search_term_string\"}}],\"inLanguage\":\"fr-FR\"}]}<\/script>\n<!-- \/ Yoast SEO plugin. -->","yoast_head_json":{"title":"Loto des divisions - Lire \u00e9crire compter","description":"Ce jeu math\u00e9matique aide \u00e0 la comprendre la relation d'op\u00e9ration inverse entre la multiplication et la division en s'appuyant sur une image et \u00e0 automatiser la restitution des tables de multiplication.","robots":{"index":"index","follow":"follow","max-snippet":"max-snippet:-1","max-image-preview":"max-image-preview:large","max-video-preview":"max-video-preview:-1"},"canonical":"https:\/\/lire-ecrire-compter.com\/?product=loto-des-divisions","og_locale":"fr_FR","og_type":"article","og_title":"Loto des divisions - Lire \u00e9crire compter","og_description":"Ce jeu math\u00e9matique aide \u00e0 la comprendre la relation d'op\u00e9ration inverse entre la multiplication et la division en s'appuyant sur une image et \u00e0 automatiser la restitution des tables de multiplication.","og_url":"https:\/\/lire-ecrire-compter.com\/?product=loto-des-divisions","og_site_name":"Lire \u00e9crire compter","article_modified_time":"2020-04-03T10:50:01+00:00","og_image":[{"width":1224,"height":919,"url":"https:\/\/lire-ecrire-compter.com\/wp-content\/uploads\/2020\/02\/image_loto-des-divisions.jpg","type":"image\/jpeg"}],"twitter_card":"summary_large_image","twitter_misc":{"Dur\u00e9e de lecture estim\u00e9e":"1 minute"},"schema":{"@context":"https:\/\/schema.org","@graph":[{"@type":"WebPage","@id":"https:\/\/lire-ecrire-compter.com\/?product=loto-des-divisions","url":"https:\/\/lire-ecrire-compter.com\/?product=loto-des-divisions","name":"Loto des divisions - Lire \u00e9crire compter","isPartOf":{"@id":"https:\/\/lire-ecrire-compter.com\/#website"},"primaryImageOfPage":{"@id":"https:\/\/lire-ecrire-compter.com\/?product=loto-des-divisions#primaryimage"},"image":{"@id":"https:\/\/lire-ecrire-compter.com\/?product=loto-des-divisions#primaryimage"},"thumbnailUrl":"https:\/\/lire-ecrire-compter.com\/wp-content\/uploads\/2020\/02\/image_loto-des-divisions.jpg","datePublished":"2020-03-06T09:51:53+00:00","dateModified":"2020-04-03T10:50:01+00:00","description":"Ce jeu math\u00e9matique aide \u00e0 la comprendre la relation d'op\u00e9ration inverse entre la multiplication et la division en s'appuyant sur une image et \u00e0 automatiser la restitution des tables de multiplication.","breadcrumb":{"@id":"https:\/\/lire-ecrire-compter.com\/?product=loto-des-divisions#breadcrumb"},"inLanguage":"fr-FR","potentialAction":[{"@type":"ReadAction","target":["https:\/\/lire-ecrire-compter.com\/?product=loto-des-divisions"]}]},{"@type":"ImageObject","inLanguage":"fr-FR","@id":"https:\/\/lire-ecrire-compter.com\/?product=loto-des-divisions#primaryimage","url":"https:\/\/lire-ecrire-compter.com\/wp-content\/uploads\/2020\/02\/image_loto-des-divisions.jpg","contentUrl":"https:\/\/lire-ecrire-compter.com\/wp-content\/uploads\/2020\/02\/image_loto-des-divisions.jpg","width":1224,"height":919},{"@type":"BreadcrumbList","@id":"https:\/\/lire-ecrire-compter.com\/?product=loto-des-divisions#breadcrumb","itemListElement":[{"@type":"ListItem","position":1,"name":"Accueil","item":"https:\/\/lire-ecrire-compter.com\/"},{"@type":"ListItem","position":2,"name":"La bo\u00eete \u00e0 jeux","item":"https:\/\/lire-ecrire-compter.com\/?page_id=747"},{"@type":"ListItem","position":3,"name":"Loto des divisions"}]},{"@type":"WebSite","@id":"https:\/\/lire-ecrire-compter.com\/#website","url":"https:\/\/lire-ecrire-compter.com\/","name":"Lire \u00e9crire compter","description":"Jouer pour apprendre","potentialAction":[{"@type":"SearchAction","target":{"@type":"EntryPoint","urlTemplate":"https:\/\/lire-ecrire-compter.com\/?s={search_term_string}"},"query-input":{"@type":"PropertyValueSpecification","valueRequired":true,"valueName":"search_term_string"}}],"inLanguage":"fr-FR"}]}},"_links":{"self":[{"href":"https:\/\/lire-ecrire-compter.com\/index.php?rest_route=\/wp\/v2\/product\/2106","targetHints":{"allow":["GET"]}}],"collection":[{"href":"https:\/\/lire-ecrire-compter.com\/index.php?rest_route=\/wp\/v2\/product"}],"about":[{"href":"https:\/\/lire-ecrire-compter.com\/index.php?rest_route=\/wp\/v2\/types\/product"}],"replies":[{"embeddable":true,"href":"https:\/\/lire-ecrire-compter.com\/index.php?rest_route=%2Fwp%2Fv2%2Fcomments&post=2106"}],"wp:featuredmedia":[{"embeddable":true,"href":"https:\/\/lire-ecrire-compter.com\/index.php?rest_route=\/wp\/v2\/media\/1104"}],"wp:attachment":[{"href":"https:\/\/lire-ecrire-compter.com\/index.php?rest_route=%2Fwp%2Fv2%2Fmedia&parent=2106"}],"wp:term":[{"taxonomy":"product_brand","embeddable":true,"href":"https:\/\/lire-ecrire-compter.com\/index.php?rest_route=%2Fwp%2Fv2%2Fproduct_brand&post=2106"},{"taxonomy":"product_cat","embeddable":true,"href":"https:\/\/lire-ecrire-compter.com\/index.php?rest_route=%2Fwp%2Fv2%2Fproduct_cat&post=2106"},{"taxonomy":"product_tag","embeddable":true,"href":"https:\/\/lire-ecrire-compter.com\/index.php?rest_route=%2Fwp%2Fv2%2Fproduct_tag&post=2106"}],"curies":[{"name":"wp","href":"https:\/\/api.w.org\/{rel}","templated":true}]}}