{"id":2105,"date":"2020-03-06T10:51:53","date_gmt":"2020-03-06T09:51:53","guid":{"rendered":"https:\/\/lire-ecrire-compter.com\/?product=import-placeholder-for-36362"},"modified":"2025-10-05T21:55:38","modified_gmt":"2025-10-05T19:55:38","slug":"dobble-des-mots-frequents_nouvelle-version","status":"publish","type":"product","link":"https:\/\/lire-ecrire-compter.com\/?product=dobble-des-mots-frequents_nouvelle-version","title":{"rendered":"Dobble des mots fr\u00e9quents_nouvelle version"},"content":{"rendered":"<p><span style=\"color: #92d001;\"><strong>BUT DU JEU<br \/>\n<\/strong>\u00catre le premier joueur \u00e0 pouvoir <strong>se d\u00e9fausser de toutes ses cartes. Il s&rsquo;agit de trouver les mots communs<\/strong> entre ses cartes et une carte de r\u00e9f\u00e9rence.<\/span><\/p>\n<p><span style=\"color: #ff5b72;\"><strong>COMPOSITION<\/strong><\/span><br \/>\n<span style=\"color: #ff5b72;\"><strong>Il est compos\u00e9<\/strong> de <strong>31 cartes <\/strong>sur lesquelles figurent 6 mots, avec pour r\u00e8gle : un seul mot commun entre 2 cartes. <em><strong>Les 31 mots pr\u00e9sent\u00e9s figurent parmi les 50 mots les plus rencontr\u00e9s<\/strong> et dont il convient d&rsquo;<strong>automatiser la lecture<\/strong>.<br \/>\nUn jeu est \u00e0 imprimer avec un fond de couleur, l&rsquo;autre sans fond afin de pouvoir \u00eatre imprim\u00e9 directement sur du carton de couleur.<\/em> <\/span><\/p>\n<p><span style=\"color: #46acbf;\"><strong>OBJECTIFS<br \/>\nAm\u00e9liorer la vitesse de lecture par voie directe<\/strong> des mots les plus fr\u00e9quents et travailler la <strong>discrimination visuelle<\/strong>.<\/span><\/p>\n<p>&nbsp;<\/p>\n<p>&nbsp;<\/p>\n<p>&nbsp;<\/p>\n","protected":false},"excerpt":{"rendered":"<p>BUT DU JEU \u00catre le premier joueur \u00e0 pouvoir se d\u00e9fausser de toutes ses cartes. Il s&rsquo;agit de trouver les mots communs entre ses cartes et une carte de r\u00e9f\u00e9rence. COMPOSITION Il est compos\u00e9 de 31 cartes sur lesquelles figurent 6 mots, avec pour r\u00e8gle&#8230;<\/p>\n","protected":false},"featured_media":1101,"comment_status":"open","ping_status":"closed","template":"","meta":{"give_campaign_id":0,"om_disable_all_campaigns":false,"_monsterinsights_skip_tracking":false,"_monsterinsights_sitenote_active":false,"_monsterinsights_sitenote_note":"","_monsterinsights_sitenote_category":0,"_uf_show_specific_survey":0,"_uf_disable_surveys":false},"product_brand":[],"product_cat":[116,106,147,98],"product_tag":[140,139,137],"class_list":{"0":"post-2105","1":"product","2":"type-product","3":"status-publish","4":"has-post-thumbnail","6":"product_cat-ce1","7":"product_cat-cp","8":"product_cat-jeux","9":"product_cat-jeux-autour-de-la-lecture","10":"product_tag-automatiser-la-lecture-des-mots-les-plus-frequents","11":"product_tag-travailler-lorthographe","12":"product_tag-travailler-le-balayage-visuel","14":"first","15":"instock","16":"downloadable","17":"virtual","18":"purchasable","19":"product-type-simple"},"yoast_head":"<!-- This site is optimized with the Yoast SEO plugin v27.1.1 - https:\/\/yoast.com\/product\/yoast-seo-wordpress\/ -->\n<title>Dobble des mots fr\u00e9quents_nouvelle version - Lire \u00e9crire compter<\/title>\n<meta name=\"description\" content=\"Ce jeu aide \u00e0 am\u00e9liorer la vitesse de lecture par voie directe des mots les plus fr\u00e9quents et travaille la discrimination visuelle.\" \/>\n<meta name=\"robots\" content=\"index, follow, max-snippet:-1, max-image-preview:large, max-video-preview:-1\" \/>\n<link rel=\"canonical\" href=\"https:\/\/lire-ecrire-compter.com\/?product=dobble-des-mots-frequents_nouvelle-version\" \/>\n<meta property=\"og:locale\" content=\"fr_FR\" \/>\n<meta property=\"og:type\" content=\"article\" \/>\n<meta property=\"og:title\" content=\"Dobble des mots fr\u00e9quents_nouvelle version - Lire \u00e9crire compter\" \/>\n<meta property=\"og:description\" content=\"Ce jeu aide \u00e0 am\u00e9liorer la vitesse de lecture par voie directe des mots les plus fr\u00e9quents et travaille la discrimination visuelle.\" \/>\n<meta property=\"og:url\" content=\"https:\/\/lire-ecrire-compter.com\/?product=dobble-des-mots-frequents_nouvelle-version\" \/>\n<meta property=\"og:site_name\" content=\"Lire \u00e9crire compter\" \/>\n<meta property=\"article:modified_time\" content=\"2025-10-05T19:55:38+00:00\" \/>\n<meta property=\"og:image\" content=\"https:\/\/lire-ecrire-compter.com\/wp-content\/uploads\/2020\/02\/Dobble_2-versions-e1574332242701.jpg\" \/>\n\t<meta property=\"og:image:width\" content=\"860\" \/>\n\t<meta property=\"og:image:height\" content=\"1200\" \/>\n\t<meta property=\"og:image:type\" content=\"image\/jpeg\" \/>\n<meta name=\"twitter:card\" content=\"summary_large_image\" \/>\n<meta name=\"twitter:label1\" content=\"Dur\u00e9e de lecture estim\u00e9e\" \/>\n\t<meta name=\"twitter:data1\" content=\"1 minute\" \/>\n<script type=\"application\/ld+json\" class=\"yoast-schema-graph\">{\"@context\":\"https:\/\/schema.org\",\"@graph\":[{\"@type\":\"WebPage\",\"@id\":\"https:\/\/lire-ecrire-compter.com\/?product=dobble-des-mots-frequents_nouvelle-version\",\"url\":\"https:\/\/lire-ecrire-compter.com\/?product=dobble-des-mots-frequents_nouvelle-version\",\"name\":\"Dobble des mots fr\u00e9quents_nouvelle version - Lire \u00e9crire compter\",\"isPartOf\":{\"@id\":\"https:\/\/lire-ecrire-compter.com\/#website\"},\"primaryImageOfPage\":{\"@id\":\"https:\/\/lire-ecrire-compter.com\/?product=dobble-des-mots-frequents_nouvelle-version#primaryimage\"},\"image\":{\"@id\":\"https:\/\/lire-ecrire-compter.com\/?product=dobble-des-mots-frequents_nouvelle-version#primaryimage\"},\"thumbnailUrl\":\"https:\/\/lire-ecrire-compter.com\/wp-content\/uploads\/2020\/02\/Dobble_2-versions-e1574332242701.jpg\",\"datePublished\":\"2020-03-06T09:51:53+00:00\",\"dateModified\":\"2025-10-05T19:55:38+00:00\",\"description\":\"Ce jeu aide \u00e0 am\u00e9liorer la vitesse de lecture par voie directe des mots les plus fr\u00e9quents et travaille la discrimination visuelle.\",\"breadcrumb\":{\"@id\":\"https:\/\/lire-ecrire-compter.com\/?product=dobble-des-mots-frequents_nouvelle-version#breadcrumb\"},\"inLanguage\":\"fr-FR\",\"potentialAction\":[{\"@type\":\"ReadAction\",\"target\":[\"https:\/\/lire-ecrire-compter.com\/?product=dobble-des-mots-frequents_nouvelle-version\"]}]},{\"@type\":\"ImageObject\",\"inLanguage\":\"fr-FR\",\"@id\":\"https:\/\/lire-ecrire-compter.com\/?product=dobble-des-mots-frequents_nouvelle-version#primaryimage\",\"url\":\"https:\/\/lire-ecrire-compter.com\/wp-content\/uploads\/2020\/02\/Dobble_2-versions-e1574332242701.jpg\",\"contentUrl\":\"https:\/\/lire-ecrire-compter.com\/wp-content\/uploads\/2020\/02\/Dobble_2-versions-e1574332242701.jpg\",\"width\":860,\"height\":1200},{\"@type\":\"BreadcrumbList\",\"@id\":\"https:\/\/lire-ecrire-compter.com\/?product=dobble-des-mots-frequents_nouvelle-version#breadcrumb\",\"itemListElement\":[{\"@type\":\"ListItem\",\"position\":1,\"name\":\"Accueil\",\"item\":\"https:\/\/lire-ecrire-compter.com\/\"},{\"@type\":\"ListItem\",\"position\":2,\"name\":\"La bo\u00eete \u00e0 jeux\",\"item\":\"https:\/\/lire-ecrire-compter.com\/?page_id=747\"},{\"@type\":\"ListItem\",\"position\":3,\"name\":\"Dobble des mots fr\u00e9quents_nouvelle version\"}]},{\"@type\":\"WebSite\",\"@id\":\"https:\/\/lire-ecrire-compter.com\/#website\",\"url\":\"https:\/\/lire-ecrire-compter.com\/\",\"name\":\"Lire \u00e9crire compter\",\"description\":\"Jouer pour apprendre\",\"potentialAction\":[{\"@type\":\"SearchAction\",\"target\":{\"@type\":\"EntryPoint\",\"urlTemplate\":\"https:\/\/lire-ecrire-compter.com\/?s={search_term_string}\"},\"query-input\":{\"@type\":\"PropertyValueSpecification\",\"valueRequired\":true,\"valueName\":\"search_term_string\"}}],\"inLanguage\":\"fr-FR\"}]}<\/script>\n<!-- \/ Yoast SEO plugin. -->","yoast_head_json":{"title":"Dobble des mots fr\u00e9quents_nouvelle version - Lire \u00e9crire compter","description":"Ce jeu aide \u00e0 am\u00e9liorer la vitesse de lecture par voie directe des mots les plus fr\u00e9quents et travaille la discrimination visuelle.","robots":{"index":"index","follow":"follow","max-snippet":"max-snippet:-1","max-image-preview":"max-image-preview:large","max-video-preview":"max-video-preview:-1"},"canonical":"https:\/\/lire-ecrire-compter.com\/?product=dobble-des-mots-frequents_nouvelle-version","og_locale":"fr_FR","og_type":"article","og_title":"Dobble des mots fr\u00e9quents_nouvelle version - Lire \u00e9crire compter","og_description":"Ce jeu aide \u00e0 am\u00e9liorer la vitesse de lecture par voie directe des mots les plus fr\u00e9quents et travaille la discrimination visuelle.","og_url":"https:\/\/lire-ecrire-compter.com\/?product=dobble-des-mots-frequents_nouvelle-version","og_site_name":"Lire \u00e9crire compter","article_modified_time":"2025-10-05T19:55:38+00:00","og_image":[{"width":860,"height":1200,"url":"https:\/\/lire-ecrire-compter.com\/wp-content\/uploads\/2020\/02\/Dobble_2-versions-e1574332242701.jpg","type":"image\/jpeg"}],"twitter_card":"summary_large_image","twitter_misc":{"Dur\u00e9e de lecture estim\u00e9e":"1 minute"},"schema":{"@context":"https:\/\/schema.org","@graph":[{"@type":"WebPage","@id":"https:\/\/lire-ecrire-compter.com\/?product=dobble-des-mots-frequents_nouvelle-version","url":"https:\/\/lire-ecrire-compter.com\/?product=dobble-des-mots-frequents_nouvelle-version","name":"Dobble des mots fr\u00e9quents_nouvelle version - Lire \u00e9crire compter","isPartOf":{"@id":"https:\/\/lire-ecrire-compter.com\/#website"},"primaryImageOfPage":{"@id":"https:\/\/lire-ecrire-compter.com\/?product=dobble-des-mots-frequents_nouvelle-version#primaryimage"},"image":{"@id":"https:\/\/lire-ecrire-compter.com\/?product=dobble-des-mots-frequents_nouvelle-version#primaryimage"},"thumbnailUrl":"https:\/\/lire-ecrire-compter.com\/wp-content\/uploads\/2020\/02\/Dobble_2-versions-e1574332242701.jpg","datePublished":"2020-03-06T09:51:53+00:00","dateModified":"2025-10-05T19:55:38+00:00","description":"Ce jeu aide \u00e0 am\u00e9liorer la vitesse de lecture par voie directe des mots les plus fr\u00e9quents et travaille la discrimination visuelle.","breadcrumb":{"@id":"https:\/\/lire-ecrire-compter.com\/?product=dobble-des-mots-frequents_nouvelle-version#breadcrumb"},"inLanguage":"fr-FR","potentialAction":[{"@type":"ReadAction","target":["https:\/\/lire-ecrire-compter.com\/?product=dobble-des-mots-frequents_nouvelle-version"]}]},{"@type":"ImageObject","inLanguage":"fr-FR","@id":"https:\/\/lire-ecrire-compter.com\/?product=dobble-des-mots-frequents_nouvelle-version#primaryimage","url":"https:\/\/lire-ecrire-compter.com\/wp-content\/uploads\/2020\/02\/Dobble_2-versions-e1574332242701.jpg","contentUrl":"https:\/\/lire-ecrire-compter.com\/wp-content\/uploads\/2020\/02\/Dobble_2-versions-e1574332242701.jpg","width":860,"height":1200},{"@type":"BreadcrumbList","@id":"https:\/\/lire-ecrire-compter.com\/?product=dobble-des-mots-frequents_nouvelle-version#breadcrumb","itemListElement":[{"@type":"ListItem","position":1,"name":"Accueil","item":"https:\/\/lire-ecrire-compter.com\/"},{"@type":"ListItem","position":2,"name":"La bo\u00eete \u00e0 jeux","item":"https:\/\/lire-ecrire-compter.com\/?page_id=747"},{"@type":"ListItem","position":3,"name":"Dobble des mots fr\u00e9quents_nouvelle version"}]},{"@type":"WebSite","@id":"https:\/\/lire-ecrire-compter.com\/#website","url":"https:\/\/lire-ecrire-compter.com\/","name":"Lire \u00e9crire compter","description":"Jouer pour apprendre","potentialAction":[{"@type":"SearchAction","target":{"@type":"EntryPoint","urlTemplate":"https:\/\/lire-ecrire-compter.com\/?s={search_term_string}"},"query-input":{"@type":"PropertyValueSpecification","valueRequired":true,"valueName":"search_term_string"}}],"inLanguage":"fr-FR"}]}},"_links":{"self":[{"href":"https:\/\/lire-ecrire-compter.com\/index.php?rest_route=\/wp\/v2\/product\/2105","targetHints":{"allow":["GET"]}}],"collection":[{"href":"https:\/\/lire-ecrire-compter.com\/index.php?rest_route=\/wp\/v2\/product"}],"about":[{"href":"https:\/\/lire-ecrire-compter.com\/index.php?rest_route=\/wp\/v2\/types\/product"}],"replies":[{"embeddable":true,"href":"https:\/\/lire-ecrire-compter.com\/index.php?rest_route=%2Fwp%2Fv2%2Fcomments&post=2105"}],"wp:featuredmedia":[{"embeddable":true,"href":"https:\/\/lire-ecrire-compter.com\/index.php?rest_route=\/wp\/v2\/media\/1101"}],"wp:attachment":[{"href":"https:\/\/lire-ecrire-compter.com\/index.php?rest_route=%2Fwp%2Fv2%2Fmedia&parent=2105"}],"wp:term":[{"taxonomy":"product_brand","embeddable":true,"href":"https:\/\/lire-ecrire-compter.com\/index.php?rest_route=%2Fwp%2Fv2%2Fproduct_brand&post=2105"},{"taxonomy":"product_cat","embeddable":true,"href":"https:\/\/lire-ecrire-compter.com\/index.php?rest_route=%2Fwp%2Fv2%2Fproduct_cat&post=2105"},{"taxonomy":"product_tag","embeddable":true,"href":"https:\/\/lire-ecrire-compter.com\/index.php?rest_route=%2Fwp%2Fv2%2Fproduct_tag&post=2105"}],"curies":[{"name":"wp","href":"https:\/\/api.w.org\/{rel}","templated":true}]}}