{"id":2103,"date":"2020-03-06T10:51:52","date_gmt":"2020-03-06T09:51:52","guid":{"rendered":"https:\/\/lire-ecrire-compter.com\/?product=import-placeholder-for-35209"},"modified":"2022-02-03T12:02:55","modified_gmt":"2022-02-03T11:02:55","slug":"categolynx","status":"publish","type":"product","link":"https:\/\/lire-ecrire-compter.com\/?product=categolynx","title":{"rendered":"Cat\u00e9golynx"},"content":{"rendered":"<p><span style=\"color: #92d001;\"><strong>BUT DU JEU<br \/>\n<\/strong>\u00catre le premier \u00e0 <strong>trouver<\/strong>, sur un plateau de forme hexagonale, <strong>un mot identique \u00e0 celui figurant sur une carte illustr\u00e9e ou un mot \u00e9voqu\u00e9 par une image<\/strong> (selon le type de cartes choisi) et r\u00e9unir ainsi le plus grand nombre cartes. <\/span><br \/>\n<span style=\"color: #92d001;\">Sur le plateau, <strong>les noms sont class\u00e9s par cat\u00e9gorie<\/strong> : noms de m\u00e9tiers, d&rsquo;instruments de musique, d&rsquo;outils, d&rsquo;habits, de meubles et de v\u00e9hicules. Apr\u00e8s avoir identifi\u00e9 le mot illustr\u00e9 ou figurant sur la carte, <strong>l&rsquo;enfant devra faire appel \u00e0 ses capacit\u00e9s de cat\u00e9gorisation pour cibler la partie du plateau o\u00f9 s&rsquo;effectuera sa recherche<\/strong>.<\/span><\/p>\n<p><span style=\"color: #ff5b72;\"><strong>COMPOSITION<\/strong><\/span><br \/>\n<span style=\"color: #ff5b72;\"><strong>Il est compos\u00e9<\/strong> d<strong>&lsquo;un plateau<\/strong> <strong>hexagonal<\/strong> sur lequel figurent <strong>60 mots regroup\u00e9s en 6 cat\u00e9gories<\/strong>, de 2 s\u00e9ries de <strong>60 cartes-mots <\/strong>(une s\u00e9rie de cartes sur lesquelles ne figure que l&rsquo;illustration d&rsquo;un mot et une s\u00e9rie o\u00f9 le mot accompagne l&rsquo;illustration) et de<strong> 6 anneaux de s\u00e9lection<\/strong>.<\/span><\/p>\n<p><span style=\"color: #46acbf;\"><strong>OBJECTIFS<br \/>\n<\/strong>Ce jeu de lecture incite l&rsquo;enfant \u00e0 <strong>utiliser ses capacit\u00e9s de cat\u00e9gorisation pour identifier et signaler un mot<\/strong>. Il stimule l&rsquo;acc\u00e8s au lexique mental en travaillant l&rsquo;<strong>\u00e9vocation du nom<\/strong> et favorise <strong>la<\/strong> <strong>discrimination et le balayage visuels<\/strong>.<\/span><\/p>\n","protected":false},"excerpt":{"rendered":"<p>BUT DU JEU \u00catre le premier \u00e0 trouver, sur un plateau de forme hexagonale, un mot identique \u00e0 celui figurant sur une carte illustr\u00e9e ou un mot \u00e9voqu\u00e9 par une image (selon le type de cartes choisi) et r\u00e9unir ainsi le plus grand nombre cartes&#8230;.<\/p>\n","protected":false},"featured_media":1089,"comment_status":"open","ping_status":"closed","template":"","meta":{"give_campaign_id":0,"om_disable_all_campaigns":false,"_monsterinsights_skip_tracking":false,"_monsterinsights_sitenote_active":false,"_monsterinsights_sitenote_note":"","_monsterinsights_sitenote_category":0,"_uf_show_specific_survey":0,"_uf_disable_surveys":false},"product_brand":[],"product_cat":[106,147,98],"product_tag":[130,133,131,137],"class_list":{"0":"post-2103","1":"product","2":"type-product","3":"status-publish","4":"has-post-thumbnail","6":"product_cat-cp","7":"product_cat-jeux","8":"product_cat-jeux-autour-de-la-lecture","9":"product_tag-categoriser","10":"product_tag-discriminer-les-lettres-visuellement-proches","11":"product_tag-inferer-et-comprendre","12":"product_tag-travailler-le-balayage-visuel","14":"first","15":"instock","16":"downloadable","17":"virtual","18":"purchasable","19":"product-type-simple"},"yoast_head":"<!-- This site is optimized with the Yoast SEO plugin v27.1.1 - https:\/\/yoast.com\/product\/yoast-seo-wordpress\/ -->\n<title>Cat\u00e9golynx - Lire \u00e9crire compter<\/title>\n<meta name=\"description\" content=\"Ce jeu de lecture incite l&#039;enfant \u00e0 utiliser ses capacit\u00e9s de cat\u00e9gorisation pour identifier et signaler un mot. Il stimule l&#039;acc\u00e8s au lexique mental en travaillant l&#039;\u00e9vocation du nom et favorise la discrimination et le balayage visuels.\" \/>\n<meta name=\"robots\" content=\"index, follow, max-snippet:-1, max-image-preview:large, max-video-preview:-1\" \/>\n<link rel=\"canonical\" href=\"https:\/\/lire-ecrire-compter.com\/?product=categolynx\" \/>\n<meta property=\"og:locale\" content=\"fr_FR\" \/>\n<meta property=\"og:type\" content=\"article\" \/>\n<meta property=\"og:title\" content=\"Cat\u00e9golynx - Lire \u00e9crire compter\" \/>\n<meta property=\"og:description\" content=\"Ce jeu de lecture incite l&#039;enfant \u00e0 utiliser ses capacit\u00e9s de cat\u00e9gorisation pour identifier et signaler un mot. Il stimule l&#039;acc\u00e8s au lexique mental en travaillant l&#039;\u00e9vocation du nom et favorise la discrimination et le balayage visuels.\" \/>\n<meta property=\"og:url\" content=\"https:\/\/lire-ecrire-compter.com\/?product=categolynx\" \/>\n<meta property=\"og:site_name\" content=\"Lire \u00e9crire compter\" \/>\n<meta property=\"article:modified_time\" content=\"2022-02-03T11:02:55+00:00\" \/>\n<meta property=\"og:image\" content=\"https:\/\/lire-ecrire-compter.com\/wp-content\/uploads\/2020\/02\/jeu-complet-e1574332102202.jpg\" \/>\n\t<meta property=\"og:image:width\" content=\"1200\" \/>\n\t<meta property=\"og:image:height\" content=\"807\" \/>\n\t<meta property=\"og:image:type\" content=\"image\/jpeg\" \/>\n<meta name=\"twitter:card\" content=\"summary_large_image\" \/>\n<meta name=\"twitter:label1\" content=\"Dur\u00e9e de lecture estim\u00e9e\" \/>\n\t<meta name=\"twitter:data1\" content=\"1 minute\" \/>\n<script type=\"application\/ld+json\" class=\"yoast-schema-graph\">{\"@context\":\"https:\/\/schema.org\",\"@graph\":[{\"@type\":\"WebPage\",\"@id\":\"https:\/\/lire-ecrire-compter.com\/?product=categolynx\",\"url\":\"https:\/\/lire-ecrire-compter.com\/?product=categolynx\",\"name\":\"Cat\u00e9golynx - Lire \u00e9crire compter\",\"isPartOf\":{\"@id\":\"https:\/\/lire-ecrire-compter.com\/#website\"},\"primaryImageOfPage\":{\"@id\":\"https:\/\/lire-ecrire-compter.com\/?product=categolynx#primaryimage\"},\"image\":{\"@id\":\"https:\/\/lire-ecrire-compter.com\/?product=categolynx#primaryimage\"},\"thumbnailUrl\":\"https:\/\/lire-ecrire-compter.com\/wp-content\/uploads\/2020\/02\/jeu-complet-e1574332102202.jpg\",\"datePublished\":\"2020-03-06T09:51:52+00:00\",\"dateModified\":\"2022-02-03T11:02:55+00:00\",\"description\":\"Ce jeu de lecture incite l'enfant \u00e0 utiliser ses capacit\u00e9s de cat\u00e9gorisation pour identifier et signaler un mot. Il stimule l'acc\u00e8s au lexique mental en travaillant l'\u00e9vocation du nom et favorise la discrimination et le balayage visuels.\",\"breadcrumb\":{\"@id\":\"https:\/\/lire-ecrire-compter.com\/?product=categolynx#breadcrumb\"},\"inLanguage\":\"fr-FR\",\"potentialAction\":[{\"@type\":\"ReadAction\",\"target\":[\"https:\/\/lire-ecrire-compter.com\/?product=categolynx\"]}]},{\"@type\":\"ImageObject\",\"inLanguage\":\"fr-FR\",\"@id\":\"https:\/\/lire-ecrire-compter.com\/?product=categolynx#primaryimage\",\"url\":\"https:\/\/lire-ecrire-compter.com\/wp-content\/uploads\/2020\/02\/jeu-complet-e1574332102202.jpg\",\"contentUrl\":\"https:\/\/lire-ecrire-compter.com\/wp-content\/uploads\/2020\/02\/jeu-complet-e1574332102202.jpg\",\"width\":1200,\"height\":807},{\"@type\":\"BreadcrumbList\",\"@id\":\"https:\/\/lire-ecrire-compter.com\/?product=categolynx#breadcrumb\",\"itemListElement\":[{\"@type\":\"ListItem\",\"position\":1,\"name\":\"Accueil\",\"item\":\"https:\/\/lire-ecrire-compter.com\/\"},{\"@type\":\"ListItem\",\"position\":2,\"name\":\"La bo\u00eete \u00e0 jeux\",\"item\":\"https:\/\/lire-ecrire-compter.com\/?page_id=747\"},{\"@type\":\"ListItem\",\"position\":3,\"name\":\"Cat\u00e9golynx\"}]},{\"@type\":\"WebSite\",\"@id\":\"https:\/\/lire-ecrire-compter.com\/#website\",\"url\":\"https:\/\/lire-ecrire-compter.com\/\",\"name\":\"Lire \u00e9crire compter\",\"description\":\"Jouer pour apprendre\",\"potentialAction\":[{\"@type\":\"SearchAction\",\"target\":{\"@type\":\"EntryPoint\",\"urlTemplate\":\"https:\/\/lire-ecrire-compter.com\/?s={search_term_string}\"},\"query-input\":{\"@type\":\"PropertyValueSpecification\",\"valueRequired\":true,\"valueName\":\"search_term_string\"}}],\"inLanguage\":\"fr-FR\"}]}<\/script>\n<!-- \/ Yoast SEO plugin. -->","yoast_head_json":{"title":"Cat\u00e9golynx - Lire \u00e9crire compter","description":"Ce jeu de lecture incite l'enfant \u00e0 utiliser ses capacit\u00e9s de cat\u00e9gorisation pour identifier et signaler un mot. Il stimule l'acc\u00e8s au lexique mental en travaillant l'\u00e9vocation du nom et favorise la discrimination et le balayage visuels.","robots":{"index":"index","follow":"follow","max-snippet":"max-snippet:-1","max-image-preview":"max-image-preview:large","max-video-preview":"max-video-preview:-1"},"canonical":"https:\/\/lire-ecrire-compter.com\/?product=categolynx","og_locale":"fr_FR","og_type":"article","og_title":"Cat\u00e9golynx - Lire \u00e9crire compter","og_description":"Ce jeu de lecture incite l'enfant \u00e0 utiliser ses capacit\u00e9s de cat\u00e9gorisation pour identifier et signaler un mot. Il stimule l'acc\u00e8s au lexique mental en travaillant l'\u00e9vocation du nom et favorise la discrimination et le balayage visuels.","og_url":"https:\/\/lire-ecrire-compter.com\/?product=categolynx","og_site_name":"Lire \u00e9crire compter","article_modified_time":"2022-02-03T11:02:55+00:00","og_image":[{"width":1200,"height":807,"url":"https:\/\/lire-ecrire-compter.com\/wp-content\/uploads\/2020\/02\/jeu-complet-e1574332102202.jpg","type":"image\/jpeg"}],"twitter_card":"summary_large_image","twitter_misc":{"Dur\u00e9e de lecture estim\u00e9e":"1 minute"},"schema":{"@context":"https:\/\/schema.org","@graph":[{"@type":"WebPage","@id":"https:\/\/lire-ecrire-compter.com\/?product=categolynx","url":"https:\/\/lire-ecrire-compter.com\/?product=categolynx","name":"Cat\u00e9golynx - Lire \u00e9crire compter","isPartOf":{"@id":"https:\/\/lire-ecrire-compter.com\/#website"},"primaryImageOfPage":{"@id":"https:\/\/lire-ecrire-compter.com\/?product=categolynx#primaryimage"},"image":{"@id":"https:\/\/lire-ecrire-compter.com\/?product=categolynx#primaryimage"},"thumbnailUrl":"https:\/\/lire-ecrire-compter.com\/wp-content\/uploads\/2020\/02\/jeu-complet-e1574332102202.jpg","datePublished":"2020-03-06T09:51:52+00:00","dateModified":"2022-02-03T11:02:55+00:00","description":"Ce jeu de lecture incite l'enfant \u00e0 utiliser ses capacit\u00e9s de cat\u00e9gorisation pour identifier et signaler un mot. Il stimule l'acc\u00e8s au lexique mental en travaillant l'\u00e9vocation du nom et favorise la discrimination et le balayage visuels.","breadcrumb":{"@id":"https:\/\/lire-ecrire-compter.com\/?product=categolynx#breadcrumb"},"inLanguage":"fr-FR","potentialAction":[{"@type":"ReadAction","target":["https:\/\/lire-ecrire-compter.com\/?product=categolynx"]}]},{"@type":"ImageObject","inLanguage":"fr-FR","@id":"https:\/\/lire-ecrire-compter.com\/?product=categolynx#primaryimage","url":"https:\/\/lire-ecrire-compter.com\/wp-content\/uploads\/2020\/02\/jeu-complet-e1574332102202.jpg","contentUrl":"https:\/\/lire-ecrire-compter.com\/wp-content\/uploads\/2020\/02\/jeu-complet-e1574332102202.jpg","width":1200,"height":807},{"@type":"BreadcrumbList","@id":"https:\/\/lire-ecrire-compter.com\/?product=categolynx#breadcrumb","itemListElement":[{"@type":"ListItem","position":1,"name":"Accueil","item":"https:\/\/lire-ecrire-compter.com\/"},{"@type":"ListItem","position":2,"name":"La bo\u00eete \u00e0 jeux","item":"https:\/\/lire-ecrire-compter.com\/?page_id=747"},{"@type":"ListItem","position":3,"name":"Cat\u00e9golynx"}]},{"@type":"WebSite","@id":"https:\/\/lire-ecrire-compter.com\/#website","url":"https:\/\/lire-ecrire-compter.com\/","name":"Lire \u00e9crire compter","description":"Jouer pour apprendre","potentialAction":[{"@type":"SearchAction","target":{"@type":"EntryPoint","urlTemplate":"https:\/\/lire-ecrire-compter.com\/?s={search_term_string}"},"query-input":{"@type":"PropertyValueSpecification","valueRequired":true,"valueName":"search_term_string"}}],"inLanguage":"fr-FR"}]}},"_links":{"self":[{"href":"https:\/\/lire-ecrire-compter.com\/index.php?rest_route=\/wp\/v2\/product\/2103","targetHints":{"allow":["GET"]}}],"collection":[{"href":"https:\/\/lire-ecrire-compter.com\/index.php?rest_route=\/wp\/v2\/product"}],"about":[{"href":"https:\/\/lire-ecrire-compter.com\/index.php?rest_route=\/wp\/v2\/types\/product"}],"replies":[{"embeddable":true,"href":"https:\/\/lire-ecrire-compter.com\/index.php?rest_route=%2Fwp%2Fv2%2Fcomments&post=2103"}],"wp:featuredmedia":[{"embeddable":true,"href":"https:\/\/lire-ecrire-compter.com\/index.php?rest_route=\/wp\/v2\/media\/1089"}],"wp:attachment":[{"href":"https:\/\/lire-ecrire-compter.com\/index.php?rest_route=%2Fwp%2Fv2%2Fmedia&parent=2103"}],"wp:term":[{"taxonomy":"product_brand","embeddable":true,"href":"https:\/\/lire-ecrire-compter.com\/index.php?rest_route=%2Fwp%2Fv2%2Fproduct_brand&post=2103"},{"taxonomy":"product_cat","embeddable":true,"href":"https:\/\/lire-ecrire-compter.com\/index.php?rest_route=%2Fwp%2Fv2%2Fproduct_cat&post=2103"},{"taxonomy":"product_tag","embeddable":true,"href":"https:\/\/lire-ecrire-compter.com\/index.php?rest_route=%2Fwp%2Fv2%2Fproduct_tag&post=2103"}],"curies":[{"name":"wp","href":"https:\/\/api.w.org\/{rel}","templated":true}]}}