{"id":2100,"date":"2020-03-06T10:51:52","date_gmt":"2020-03-06T09:51:52","guid":{"rendered":"https:\/\/lire-ecrire-compter.com\/?product=import-placeholder-for-33548"},"modified":"2024-09-03T17:02:51","modified_gmt":"2024-09-03T15:02:51","slug":"au-pied-de-la-lettre","status":"publish","type":"product","link":"https:\/\/lire-ecrire-compter.com\/?product=au-pied-de-la-lettre","title":{"rendered":"Au pied de la lettre"},"content":{"rendered":"<p><span style=\"color: #92d001;\"><strong>BUT DU JEU :<\/strong> <\/span><br \/>\n<span style=\"color: #92d001;\">Il s&rsquo;agit d&rsquo;\u00eatre le premier joueur \u00e0 pouvoir <strong>constituer un trio form\u00e9 d&rsquo;une expression, de sa repr\u00e9sentation imag\u00e9e et de sa d\u00e9finition<\/strong>.<\/span><\/p>\n<p><span style=\"color: #ff5b72;\"><strong>COMPOSITION :<\/strong><\/span><br \/>\n<span style=\"color: #ff5b72;\">Il est compos\u00e9 d&rsquo;un <strong>plateau de jeu<\/strong> sur le pourtour duquel figurent des <strong>paires de mots employ\u00e9s dans les expressions<\/strong> (en toutes lettres ou imag\u00e9s), de <strong>6 pions<\/strong>, d&rsquo;<strong>un d\u00e9<\/strong>, de<strong> 3 s\u00e9ries de 57 cartes<\/strong> \u00ab\u00a0expressions\u00a0\u00bb et de <strong>18 cartes \u00ab\u00a0Jokers\u00a0\u00bb<\/strong>.<\/span><\/p>\n<p><span style=\"color: #46acbf;\"><strong>OBJECTIFS :<\/strong> <\/span><br \/>\n<span style=\"color: #46acbf;\">Ce jeu aide \u00e0 la <strong>compr\u00e9hension<\/strong> et \u00e0 la <strong>m\u00e9morisation de m\u00e9taphores<\/strong>. Il travaille sur l&rsquo;<strong>anticipation<\/strong>, les <strong>inf\u00e9rences<\/strong> et le <strong>maintien en m\u00e9moire d&rsquo;informations<\/strong>. Il permet en outre un<strong> enrichissement du vocabulaire.<\/strong><\/span><\/p>\n","protected":false},"excerpt":{"rendered":"<p>BUT DU JEU : Il s&rsquo;agit d&rsquo;\u00eatre le premier joueur \u00e0 pouvoir constituer un trio form\u00e9 d&rsquo;une expression, de sa repr\u00e9sentation imag\u00e9e et de sa d\u00e9finition. COMPOSITION : Il est compos\u00e9 d&rsquo;un plateau de jeu sur le pourtour duquel figurent des paires de mots employ\u00e9s&#8230;<\/p>\n","protected":false},"featured_media":1074,"comment_status":"open","ping_status":"closed","template":"","meta":{"give_campaign_id":0,"om_disable_all_campaigns":false,"_monsterinsights_skip_tracking":false,"_monsterinsights_sitenote_active":false,"_monsterinsights_sitenote_note":"","_monsterinsights_sitenote_category":0,"_uf_show_specific_survey":0,"_uf_disable_surveys":false},"product_brand":[],"product_cat":[152,147,98],"product_tag":[122,123,124],"class_list":{"0":"post-2100","1":"product","2":"type-product","3":"status-publish","4":"has-post-thumbnail","6":"product_cat-cm1-cm2","7":"product_cat-jeux","8":"product_cat-jeux-autour-de-la-lecture","9":"product_tag-anticiper-inferer-et-comprendre","10":"product_tag-enrichir-le-vocabulaire","11":"product_tag-travailler-le-maintien-en-memoire","13":"first","14":"instock","15":"downloadable","16":"virtual","17":"purchasable","18":"product-type-simple"},"yoast_head":"<!-- This site is optimized with the Yoast SEO plugin v27.1.1 - https:\/\/yoast.com\/product\/yoast-seo-wordpress\/ -->\n<title>Au pied de la lettre - Lire \u00e9crire compter<\/title>\n<meta name=\"description\" content=\"Ce jeu aide \u00e0 la compr\u00e9hension et \u00e0 la m\u00e9morisation de m\u00e9taphores. Il travaille sur l&#039;anticipation, les inf\u00e9rences et le maintien en m\u00e9moire d&#039;informations. Il permet en outre un enrichissement du vocabulaire.\" \/>\n<meta name=\"robots\" content=\"index, follow, max-snippet:-1, max-image-preview:large, max-video-preview:-1\" \/>\n<link rel=\"canonical\" href=\"https:\/\/lire-ecrire-compter.com\/?product=au-pied-de-la-lettre\" \/>\n<meta property=\"og:locale\" content=\"fr_FR\" \/>\n<meta property=\"og:type\" content=\"article\" \/>\n<meta property=\"og:title\" content=\"Au pied de la lettre - Lire \u00e9crire compter\" \/>\n<meta property=\"og:description\" content=\"Ce jeu aide \u00e0 la compr\u00e9hension et \u00e0 la m\u00e9morisation de m\u00e9taphores. Il travaille sur l&#039;anticipation, les inf\u00e9rences et le maintien en m\u00e9moire d&#039;informations. Il permet en outre un enrichissement du vocabulaire.\" \/>\n<meta property=\"og:url\" content=\"https:\/\/lire-ecrire-compter.com\/?product=au-pied-de-la-lettre\" \/>\n<meta property=\"og:site_name\" content=\"Lire \u00e9crire compter\" \/>\n<meta property=\"article:modified_time\" content=\"2024-09-03T15:02:51+00:00\" \/>\n<meta property=\"og:image\" content=\"https:\/\/lire-ecrire-compter.com\/wp-content\/uploads\/2020\/02\/Au-pied-de-la-lettre_Jeu-complet-e1574275370986.jpg\" \/>\n\t<meta property=\"og:image:width\" content=\"1200\" \/>\n\t<meta property=\"og:image:height\" content=\"1200\" \/>\n\t<meta property=\"og:image:type\" content=\"image\/jpeg\" \/>\n<meta name=\"twitter:card\" content=\"summary_large_image\" \/>\n<meta name=\"twitter:label1\" content=\"Dur\u00e9e de lecture estim\u00e9e\" \/>\n\t<meta name=\"twitter:data1\" content=\"1 minute\" \/>\n<script type=\"application\/ld+json\" class=\"yoast-schema-graph\">{\"@context\":\"https:\/\/schema.org\",\"@graph\":[{\"@type\":\"WebPage\",\"@id\":\"https:\/\/lire-ecrire-compter.com\/?product=au-pied-de-la-lettre\",\"url\":\"https:\/\/lire-ecrire-compter.com\/?product=au-pied-de-la-lettre\",\"name\":\"Au pied de la lettre - Lire \u00e9crire compter\",\"isPartOf\":{\"@id\":\"https:\/\/lire-ecrire-compter.com\/#website\"},\"primaryImageOfPage\":{\"@id\":\"https:\/\/lire-ecrire-compter.com\/?product=au-pied-de-la-lettre#primaryimage\"},\"image\":{\"@id\":\"https:\/\/lire-ecrire-compter.com\/?product=au-pied-de-la-lettre#primaryimage\"},\"thumbnailUrl\":\"https:\/\/lire-ecrire-compter.com\/wp-content\/uploads\/2020\/02\/Au-pied-de-la-lettre_Jeu-complet-e1574275370986.jpg\",\"datePublished\":\"2020-03-06T09:51:52+00:00\",\"dateModified\":\"2024-09-03T15:02:51+00:00\",\"description\":\"Ce jeu aide \u00e0 la compr\u00e9hension et \u00e0 la m\u00e9morisation de m\u00e9taphores. Il travaille sur l'anticipation, les inf\u00e9rences et le maintien en m\u00e9moire d'informations. Il permet en outre un enrichissement du vocabulaire.\",\"breadcrumb\":{\"@id\":\"https:\/\/lire-ecrire-compter.com\/?product=au-pied-de-la-lettre#breadcrumb\"},\"inLanguage\":\"fr-FR\",\"potentialAction\":[{\"@type\":\"ReadAction\",\"target\":[\"https:\/\/lire-ecrire-compter.com\/?product=au-pied-de-la-lettre\"]}]},{\"@type\":\"ImageObject\",\"inLanguage\":\"fr-FR\",\"@id\":\"https:\/\/lire-ecrire-compter.com\/?product=au-pied-de-la-lettre#primaryimage\",\"url\":\"https:\/\/lire-ecrire-compter.com\/wp-content\/uploads\/2020\/02\/Au-pied-de-la-lettre_Jeu-complet-e1574275370986.jpg\",\"contentUrl\":\"https:\/\/lire-ecrire-compter.com\/wp-content\/uploads\/2020\/02\/Au-pied-de-la-lettre_Jeu-complet-e1574275370986.jpg\",\"width\":1200,\"height\":1200},{\"@type\":\"BreadcrumbList\",\"@id\":\"https:\/\/lire-ecrire-compter.com\/?product=au-pied-de-la-lettre#breadcrumb\",\"itemListElement\":[{\"@type\":\"ListItem\",\"position\":1,\"name\":\"Accueil\",\"item\":\"https:\/\/lire-ecrire-compter.com\/\"},{\"@type\":\"ListItem\",\"position\":2,\"name\":\"La bo\u00eete \u00e0 jeux\",\"item\":\"https:\/\/lire-ecrire-compter.com\/?page_id=747\"},{\"@type\":\"ListItem\",\"position\":3,\"name\":\"Au pied de la lettre\"}]},{\"@type\":\"WebSite\",\"@id\":\"https:\/\/lire-ecrire-compter.com\/#website\",\"url\":\"https:\/\/lire-ecrire-compter.com\/\",\"name\":\"Lire \u00e9crire compter\",\"description\":\"Jouer pour apprendre\",\"potentialAction\":[{\"@type\":\"SearchAction\",\"target\":{\"@type\":\"EntryPoint\",\"urlTemplate\":\"https:\/\/lire-ecrire-compter.com\/?s={search_term_string}\"},\"query-input\":{\"@type\":\"PropertyValueSpecification\",\"valueRequired\":true,\"valueName\":\"search_term_string\"}}],\"inLanguage\":\"fr-FR\"}]}<\/script>\n<!-- \/ Yoast SEO plugin. -->","yoast_head_json":{"title":"Au pied de la lettre - Lire \u00e9crire compter","description":"Ce jeu aide \u00e0 la compr\u00e9hension et \u00e0 la m\u00e9morisation de m\u00e9taphores. Il travaille sur l'anticipation, les inf\u00e9rences et le maintien en m\u00e9moire d'informations. Il permet en outre un enrichissement du vocabulaire.","robots":{"index":"index","follow":"follow","max-snippet":"max-snippet:-1","max-image-preview":"max-image-preview:large","max-video-preview":"max-video-preview:-1"},"canonical":"https:\/\/lire-ecrire-compter.com\/?product=au-pied-de-la-lettre","og_locale":"fr_FR","og_type":"article","og_title":"Au pied de la lettre - Lire \u00e9crire compter","og_description":"Ce jeu aide \u00e0 la compr\u00e9hension et \u00e0 la m\u00e9morisation de m\u00e9taphores. Il travaille sur l'anticipation, les inf\u00e9rences et le maintien en m\u00e9moire d'informations. Il permet en outre un enrichissement du vocabulaire.","og_url":"https:\/\/lire-ecrire-compter.com\/?product=au-pied-de-la-lettre","og_site_name":"Lire \u00e9crire compter","article_modified_time":"2024-09-03T15:02:51+00:00","og_image":[{"width":1200,"height":1200,"url":"https:\/\/lire-ecrire-compter.com\/wp-content\/uploads\/2020\/02\/Au-pied-de-la-lettre_Jeu-complet-e1574275370986.jpg","type":"image\/jpeg"}],"twitter_card":"summary_large_image","twitter_misc":{"Dur\u00e9e de lecture estim\u00e9e":"1 minute"},"schema":{"@context":"https:\/\/schema.org","@graph":[{"@type":"WebPage","@id":"https:\/\/lire-ecrire-compter.com\/?product=au-pied-de-la-lettre","url":"https:\/\/lire-ecrire-compter.com\/?product=au-pied-de-la-lettre","name":"Au pied de la lettre - Lire \u00e9crire compter","isPartOf":{"@id":"https:\/\/lire-ecrire-compter.com\/#website"},"primaryImageOfPage":{"@id":"https:\/\/lire-ecrire-compter.com\/?product=au-pied-de-la-lettre#primaryimage"},"image":{"@id":"https:\/\/lire-ecrire-compter.com\/?product=au-pied-de-la-lettre#primaryimage"},"thumbnailUrl":"https:\/\/lire-ecrire-compter.com\/wp-content\/uploads\/2020\/02\/Au-pied-de-la-lettre_Jeu-complet-e1574275370986.jpg","datePublished":"2020-03-06T09:51:52+00:00","dateModified":"2024-09-03T15:02:51+00:00","description":"Ce jeu aide \u00e0 la compr\u00e9hension et \u00e0 la m\u00e9morisation de m\u00e9taphores. Il travaille sur l'anticipation, les inf\u00e9rences et le maintien en m\u00e9moire d'informations. Il permet en outre un enrichissement du vocabulaire.","breadcrumb":{"@id":"https:\/\/lire-ecrire-compter.com\/?product=au-pied-de-la-lettre#breadcrumb"},"inLanguage":"fr-FR","potentialAction":[{"@type":"ReadAction","target":["https:\/\/lire-ecrire-compter.com\/?product=au-pied-de-la-lettre"]}]},{"@type":"ImageObject","inLanguage":"fr-FR","@id":"https:\/\/lire-ecrire-compter.com\/?product=au-pied-de-la-lettre#primaryimage","url":"https:\/\/lire-ecrire-compter.com\/wp-content\/uploads\/2020\/02\/Au-pied-de-la-lettre_Jeu-complet-e1574275370986.jpg","contentUrl":"https:\/\/lire-ecrire-compter.com\/wp-content\/uploads\/2020\/02\/Au-pied-de-la-lettre_Jeu-complet-e1574275370986.jpg","width":1200,"height":1200},{"@type":"BreadcrumbList","@id":"https:\/\/lire-ecrire-compter.com\/?product=au-pied-de-la-lettre#breadcrumb","itemListElement":[{"@type":"ListItem","position":1,"name":"Accueil","item":"https:\/\/lire-ecrire-compter.com\/"},{"@type":"ListItem","position":2,"name":"La bo\u00eete \u00e0 jeux","item":"https:\/\/lire-ecrire-compter.com\/?page_id=747"},{"@type":"ListItem","position":3,"name":"Au pied de la lettre"}]},{"@type":"WebSite","@id":"https:\/\/lire-ecrire-compter.com\/#website","url":"https:\/\/lire-ecrire-compter.com\/","name":"Lire \u00e9crire compter","description":"Jouer pour apprendre","potentialAction":[{"@type":"SearchAction","target":{"@type":"EntryPoint","urlTemplate":"https:\/\/lire-ecrire-compter.com\/?s={search_term_string}"},"query-input":{"@type":"PropertyValueSpecification","valueRequired":true,"valueName":"search_term_string"}}],"inLanguage":"fr-FR"}]}},"_links":{"self":[{"href":"https:\/\/lire-ecrire-compter.com\/index.php?rest_route=\/wp\/v2\/product\/2100","targetHints":{"allow":["GET"]}}],"collection":[{"href":"https:\/\/lire-ecrire-compter.com\/index.php?rest_route=\/wp\/v2\/product"}],"about":[{"href":"https:\/\/lire-ecrire-compter.com\/index.php?rest_route=\/wp\/v2\/types\/product"}],"replies":[{"embeddable":true,"href":"https:\/\/lire-ecrire-compter.com\/index.php?rest_route=%2Fwp%2Fv2%2Fcomments&post=2100"}],"wp:featuredmedia":[{"embeddable":true,"href":"https:\/\/lire-ecrire-compter.com\/index.php?rest_route=\/wp\/v2\/media\/1074"}],"wp:attachment":[{"href":"https:\/\/lire-ecrire-compter.com\/index.php?rest_route=%2Fwp%2Fv2%2Fmedia&parent=2100"}],"wp:term":[{"taxonomy":"product_brand","embeddable":true,"href":"https:\/\/lire-ecrire-compter.com\/index.php?rest_route=%2Fwp%2Fv2%2Fproduct_brand&post=2100"},{"taxonomy":"product_cat","embeddable":true,"href":"https:\/\/lire-ecrire-compter.com\/index.php?rest_route=%2Fwp%2Fv2%2Fproduct_cat&post=2100"},{"taxonomy":"product_tag","embeddable":true,"href":"https:\/\/lire-ecrire-compter.com\/index.php?rest_route=%2Fwp%2Fv2%2Fproduct_tag&post=2100"}],"curies":[{"name":"wp","href":"https:\/\/api.w.org\/{rel}","templated":true}]}}