{"id":2098,"date":"2020-03-06T10:51:52","date_gmt":"2020-03-06T09:51:52","guid":{"rendered":"https:\/\/lire-ecrire-compter.com\/?product=import-placeholder-for-31369"},"modified":"2022-09-21T03:00:08","modified_gmt":"2022-09-21T01:00:08","slug":"la-peche-aux-syllabes","status":"publish","type":"product","link":"https:\/\/lire-ecrire-compter.com\/?product=la-peche-aux-syllabes","title":{"rendered":"La p\u00eache aux syllabes"},"content":{"rendered":"<p><span style=\"color: #92d001;\"><strong>BUT DU JEU<br \/>\n\u00catre le premier \u00e0 r\u00e9cup\u00e9rer 5 cartes parmi celles pr\u00e9sent\u00e9es sur le plateau de jeu.<\/strong><\/span><br \/>\n<span style=\"color: #92d001;\">Pour s\u2019emparer d\u2019une carte, le joueur doit <strong>former une syllabe de type C+V<\/strong> apr\u00e8s avoir lanc\u00e9 successivement les deux d\u00e9s (le d\u00e9 consonne est lanc\u00e9 en premier). Une carte est r\u00e9cup\u00e9r\u00e9e si elle affiche la syllabe ainsi form\u00e9e dans le mot r\u00e9f\u00e9rence et dans le rectangle de couleur. Le joueur ne peut prendre qu\u2019une seule carte \u00e0 chaque tour de jeu (m\u00eame si plusieurs cartes peuvent convenir).<\/span><\/p>\n<p><span style=\"color: #ff5b72;\"><strong>COMPOSITION<\/strong><\/span><br \/>\n<span style=\"color: #ff5b72;\"><strong>Il est compos\u00e9 d&rsquo;un plateau <\/strong>\u00e0 reconstituer, de<strong> 2 d\u00e9s<\/strong>\u00a0: l\u2019un avec les voyelles et l\u2019autre avec les consonnes (une ligne de pointill\u00e9s signale l\u2019orientation de chaque face pour l\u2019identification de la lettre concern\u00e9e), de <strong>180<\/strong> <strong>cartes<\/strong> <strong>\u00ab\u00a0syllabes\u00a0\u00bb<\/strong>\u00a0de type C+V\u00a0: <strong>30 cartes <\/strong>avec <strong>\u00ab\u00a0m\u00a0\u00bb, 30 <\/strong>avec <strong>\u00ab\u00a0l\u00a0\u00bb, 30 <\/strong>avec <strong>\u00ab\u00a0s\u00a0\u00bb, 30 <\/strong>avec <strong>\u00ab\u00a0r\u00a0\u00bb, 30 <\/strong>avec <strong>\u00ab\u00a0n\u00a0\u00bb et 30 <\/strong>avec <strong>\u00ab\u00a0ch\u00a0\u00bb<\/strong>. Sur chaque carte, dans un rectangle de couleur, figure une syllabe extraite d\u2019un mot de r\u00e9f\u00e9rence, illustr\u00e9.<\/span><\/p>\n<p><span style=\"color: #46acbf;\"><strong>OBJECTIFS<br \/>\n<\/strong>Ce jeu travaille la<strong> compr\u00e9hension du principe alphab\u00e9tique et l\u2019encodage des syllabes simples de type C+V<\/strong> ainsi que le rep\u00e9rage et la discrimination visuelle. Il aide \u00e0 \u00e9tablir du lien entre l\u2019oral et l\u2019\u00e9crit et enrichit le vocabulaire.<\/span><\/p>\n","protected":false},"excerpt":{"rendered":"<p>BUT DU JEU \u00catre le premier \u00e0 r\u00e9cup\u00e9rer 5 cartes parmi celles pr\u00e9sent\u00e9es sur le plateau de jeu. Pour s\u2019emparer d\u2019une carte, le joueur doit former une syllabe de type C+V apr\u00e8s avoir lanc\u00e9 successivement les deux d\u00e9s (le d\u00e9 consonne est lanc\u00e9 en premier)&#8230;.<\/p>\n","protected":false},"featured_media":1064,"comment_status":"open","ping_status":"closed","template":"","meta":{"give_campaign_id":0,"om_disable_all_campaigns":false,"_monsterinsights_skip_tracking":false,"_monsterinsights_sitenote_active":false,"_monsterinsights_sitenote_note":"","_monsterinsights_sitenote_category":0,"_uf_show_specific_survey":0,"_uf_disable_surveys":false},"product_brand":[],"product_cat":[106,147,98],"product_tag":[114,110,134,111,123],"class_list":{"0":"post-2098","1":"product","2":"type-product","3":"status-publish","4":"has-post-thumbnail","6":"product_cat-cp","7":"product_cat-jeux","8":"product_cat-jeux-autour-de-la-lecture","9":"product_tag-comprendre-les-relations-entre-loral-et-lecrit","10":"product_tag-construire-le-principe-alphabetique","11":"product_tag-discriminer-les-sons-proches","12":"product_tag-encoder-et-decoder-des-syllabes-ou-des-mots","13":"product_tag-enrichir-le-vocabulaire","15":"first","16":"instock","17":"downloadable","18":"virtual","19":"purchasable","20":"product-type-simple"},"yoast_head":"<!-- This site is optimized with the Yoast SEO plugin v27.1.1 - https:\/\/yoast.com\/product\/yoast-seo-wordpress\/ -->\n<title>La p\u00eache aux syllabes - Lire \u00e9crire compter<\/title>\n<meta name=\"description\" content=\"Un jeu pour travailler la compr\u00e9hension du principe alphab\u00e9tique et l\u2019encodage des syllabes simples de type C+V ainsi que le rep\u00e9rage et la discrimination visuelle. Il aide \u00e0 mieux comprendre le lien entre l\u2019oral et l\u2019\u00e9crit et permet aussi d&#039;enrichir le vocabulaire.\" \/>\n<meta name=\"robots\" content=\"index, follow, max-snippet:-1, max-image-preview:large, max-video-preview:-1\" \/>\n<link rel=\"canonical\" href=\"https:\/\/lire-ecrire-compter.com\/?product=la-peche-aux-syllabes\" \/>\n<meta property=\"og:locale\" content=\"fr_FR\" \/>\n<meta property=\"og:type\" content=\"article\" \/>\n<meta property=\"og:title\" content=\"La p\u00eache aux syllabes - Lire \u00e9crire compter\" \/>\n<meta property=\"og:description\" content=\"Un jeu pour travailler la compr\u00e9hension du principe alphab\u00e9tique et l\u2019encodage des syllabes simples de type C+V ainsi que le rep\u00e9rage et la discrimination visuelle. Il aide \u00e0 mieux comprendre le lien entre l\u2019oral et l\u2019\u00e9crit et permet aussi d&#039;enrichir le vocabulaire.\" \/>\n<meta property=\"og:url\" content=\"https:\/\/lire-ecrire-compter.com\/?product=la-peche-aux-syllabes\" \/>\n<meta property=\"og:site_name\" content=\"Lire \u00e9crire compter\" \/>\n<meta property=\"article:modified_time\" content=\"2022-09-21T01:00:08+00:00\" \/>\n<meta property=\"og:image\" content=\"https:\/\/lire-ecrire-compter.com\/wp-content\/uploads\/2020\/02\/La-p\u00eache-aux-syllabes-4-e1574274861298.jpg\" \/>\n\t<meta property=\"og:image:width\" content=\"1200\" \/>\n\t<meta property=\"og:image:height\" content=\"1200\" \/>\n\t<meta property=\"og:image:type\" content=\"image\/jpeg\" \/>\n<meta name=\"twitter:card\" content=\"summary_large_image\" \/>\n<meta name=\"twitter:label1\" content=\"Dur\u00e9e de lecture estim\u00e9e\" \/>\n\t<meta name=\"twitter:data1\" content=\"1 minute\" \/>\n<script type=\"application\/ld+json\" class=\"yoast-schema-graph\">{\"@context\":\"https:\/\/schema.org\",\"@graph\":[{\"@type\":\"WebPage\",\"@id\":\"https:\/\/lire-ecrire-compter.com\/?product=la-peche-aux-syllabes\",\"url\":\"https:\/\/lire-ecrire-compter.com\/?product=la-peche-aux-syllabes\",\"name\":\"La p\u00eache aux syllabes - Lire \u00e9crire compter\",\"isPartOf\":{\"@id\":\"https:\/\/lire-ecrire-compter.com\/#website\"},\"primaryImageOfPage\":{\"@id\":\"https:\/\/lire-ecrire-compter.com\/?product=la-peche-aux-syllabes#primaryimage\"},\"image\":{\"@id\":\"https:\/\/lire-ecrire-compter.com\/?product=la-peche-aux-syllabes#primaryimage\"},\"thumbnailUrl\":\"https:\/\/lire-ecrire-compter.com\/wp-content\/uploads\/2020\/02\/La-p\u00eache-aux-syllabes-4-e1574274861298.jpg\",\"datePublished\":\"2020-03-06T09:51:52+00:00\",\"dateModified\":\"2022-09-21T01:00:08+00:00\",\"description\":\"Un jeu pour travailler la compr\u00e9hension du principe alphab\u00e9tique et l\u2019encodage des syllabes simples de type C+V ainsi que le rep\u00e9rage et la discrimination visuelle. Il aide \u00e0 mieux comprendre le lien entre l\u2019oral et l\u2019\u00e9crit et permet aussi d'enrichir le vocabulaire.\",\"breadcrumb\":{\"@id\":\"https:\/\/lire-ecrire-compter.com\/?product=la-peche-aux-syllabes#breadcrumb\"},\"inLanguage\":\"fr-FR\",\"potentialAction\":[{\"@type\":\"ReadAction\",\"target\":[\"https:\/\/lire-ecrire-compter.com\/?product=la-peche-aux-syllabes\"]}]},{\"@type\":\"ImageObject\",\"inLanguage\":\"fr-FR\",\"@id\":\"https:\/\/lire-ecrire-compter.com\/?product=la-peche-aux-syllabes#primaryimage\",\"url\":\"https:\/\/lire-ecrire-compter.com\/wp-content\/uploads\/2020\/02\/La-p\u00eache-aux-syllabes-4-e1574274861298.jpg\",\"contentUrl\":\"https:\/\/lire-ecrire-compter.com\/wp-content\/uploads\/2020\/02\/La-p\u00eache-aux-syllabes-4-e1574274861298.jpg\",\"width\":1200,\"height\":1200},{\"@type\":\"BreadcrumbList\",\"@id\":\"https:\/\/lire-ecrire-compter.com\/?product=la-peche-aux-syllabes#breadcrumb\",\"itemListElement\":[{\"@type\":\"ListItem\",\"position\":1,\"name\":\"Accueil\",\"item\":\"https:\/\/lire-ecrire-compter.com\/\"},{\"@type\":\"ListItem\",\"position\":2,\"name\":\"La bo\u00eete \u00e0 jeux\",\"item\":\"https:\/\/lire-ecrire-compter.com\/?page_id=747\"},{\"@type\":\"ListItem\",\"position\":3,\"name\":\"La p\u00eache aux syllabes\"}]},{\"@type\":\"WebSite\",\"@id\":\"https:\/\/lire-ecrire-compter.com\/#website\",\"url\":\"https:\/\/lire-ecrire-compter.com\/\",\"name\":\"Lire \u00e9crire compter\",\"description\":\"Jouer pour apprendre\",\"potentialAction\":[{\"@type\":\"SearchAction\",\"target\":{\"@type\":\"EntryPoint\",\"urlTemplate\":\"https:\/\/lire-ecrire-compter.com\/?s={search_term_string}\"},\"query-input\":{\"@type\":\"PropertyValueSpecification\",\"valueRequired\":true,\"valueName\":\"search_term_string\"}}],\"inLanguage\":\"fr-FR\"}]}<\/script>\n<!-- \/ Yoast SEO plugin. -->","yoast_head_json":{"title":"La p\u00eache aux syllabes - Lire \u00e9crire compter","description":"Un jeu pour travailler la compr\u00e9hension du principe alphab\u00e9tique et l\u2019encodage des syllabes simples de type C+V ainsi que le rep\u00e9rage et la discrimination visuelle. Il aide \u00e0 mieux comprendre le lien entre l\u2019oral et l\u2019\u00e9crit et permet aussi d'enrichir le vocabulaire.","robots":{"index":"index","follow":"follow","max-snippet":"max-snippet:-1","max-image-preview":"max-image-preview:large","max-video-preview":"max-video-preview:-1"},"canonical":"https:\/\/lire-ecrire-compter.com\/?product=la-peche-aux-syllabes","og_locale":"fr_FR","og_type":"article","og_title":"La p\u00eache aux syllabes - Lire \u00e9crire compter","og_description":"Un jeu pour travailler la compr\u00e9hension du principe alphab\u00e9tique et l\u2019encodage des syllabes simples de type C+V ainsi que le rep\u00e9rage et la discrimination visuelle. Il aide \u00e0 mieux comprendre le lien entre l\u2019oral et l\u2019\u00e9crit et permet aussi d'enrichir le vocabulaire.","og_url":"https:\/\/lire-ecrire-compter.com\/?product=la-peche-aux-syllabes","og_site_name":"Lire \u00e9crire compter","article_modified_time":"2022-09-21T01:00:08+00:00","og_image":[{"width":1200,"height":1200,"url":"https:\/\/lire-ecrire-compter.com\/wp-content\/uploads\/2020\/02\/La-p\u00eache-aux-syllabes-4-e1574274861298.jpg","type":"image\/jpeg"}],"twitter_card":"summary_large_image","twitter_misc":{"Dur\u00e9e de lecture estim\u00e9e":"1 minute"},"schema":{"@context":"https:\/\/schema.org","@graph":[{"@type":"WebPage","@id":"https:\/\/lire-ecrire-compter.com\/?product=la-peche-aux-syllabes","url":"https:\/\/lire-ecrire-compter.com\/?product=la-peche-aux-syllabes","name":"La p\u00eache aux syllabes - Lire \u00e9crire compter","isPartOf":{"@id":"https:\/\/lire-ecrire-compter.com\/#website"},"primaryImageOfPage":{"@id":"https:\/\/lire-ecrire-compter.com\/?product=la-peche-aux-syllabes#primaryimage"},"image":{"@id":"https:\/\/lire-ecrire-compter.com\/?product=la-peche-aux-syllabes#primaryimage"},"thumbnailUrl":"https:\/\/lire-ecrire-compter.com\/wp-content\/uploads\/2020\/02\/La-p\u00eache-aux-syllabes-4-e1574274861298.jpg","datePublished":"2020-03-06T09:51:52+00:00","dateModified":"2022-09-21T01:00:08+00:00","description":"Un jeu pour travailler la compr\u00e9hension du principe alphab\u00e9tique et l\u2019encodage des syllabes simples de type C+V ainsi que le rep\u00e9rage et la discrimination visuelle. Il aide \u00e0 mieux comprendre le lien entre l\u2019oral et l\u2019\u00e9crit et permet aussi d'enrichir le vocabulaire.","breadcrumb":{"@id":"https:\/\/lire-ecrire-compter.com\/?product=la-peche-aux-syllabes#breadcrumb"},"inLanguage":"fr-FR","potentialAction":[{"@type":"ReadAction","target":["https:\/\/lire-ecrire-compter.com\/?product=la-peche-aux-syllabes"]}]},{"@type":"ImageObject","inLanguage":"fr-FR","@id":"https:\/\/lire-ecrire-compter.com\/?product=la-peche-aux-syllabes#primaryimage","url":"https:\/\/lire-ecrire-compter.com\/wp-content\/uploads\/2020\/02\/La-p\u00eache-aux-syllabes-4-e1574274861298.jpg","contentUrl":"https:\/\/lire-ecrire-compter.com\/wp-content\/uploads\/2020\/02\/La-p\u00eache-aux-syllabes-4-e1574274861298.jpg","width":1200,"height":1200},{"@type":"BreadcrumbList","@id":"https:\/\/lire-ecrire-compter.com\/?product=la-peche-aux-syllabes#breadcrumb","itemListElement":[{"@type":"ListItem","position":1,"name":"Accueil","item":"https:\/\/lire-ecrire-compter.com\/"},{"@type":"ListItem","position":2,"name":"La bo\u00eete \u00e0 jeux","item":"https:\/\/lire-ecrire-compter.com\/?page_id=747"},{"@type":"ListItem","position":3,"name":"La p\u00eache aux syllabes"}]},{"@type":"WebSite","@id":"https:\/\/lire-ecrire-compter.com\/#website","url":"https:\/\/lire-ecrire-compter.com\/","name":"Lire \u00e9crire compter","description":"Jouer pour apprendre","potentialAction":[{"@type":"SearchAction","target":{"@type":"EntryPoint","urlTemplate":"https:\/\/lire-ecrire-compter.com\/?s={search_term_string}"},"query-input":{"@type":"PropertyValueSpecification","valueRequired":true,"valueName":"search_term_string"}}],"inLanguage":"fr-FR"}]}},"_links":{"self":[{"href":"https:\/\/lire-ecrire-compter.com\/index.php?rest_route=\/wp\/v2\/product\/2098","targetHints":{"allow":["GET"]}}],"collection":[{"href":"https:\/\/lire-ecrire-compter.com\/index.php?rest_route=\/wp\/v2\/product"}],"about":[{"href":"https:\/\/lire-ecrire-compter.com\/index.php?rest_route=\/wp\/v2\/types\/product"}],"replies":[{"embeddable":true,"href":"https:\/\/lire-ecrire-compter.com\/index.php?rest_route=%2Fwp%2Fv2%2Fcomments&post=2098"}],"wp:featuredmedia":[{"embeddable":true,"href":"https:\/\/lire-ecrire-compter.com\/index.php?rest_route=\/wp\/v2\/media\/1064"}],"wp:attachment":[{"href":"https:\/\/lire-ecrire-compter.com\/index.php?rest_route=%2Fwp%2Fv2%2Fmedia&parent=2098"}],"wp:term":[{"taxonomy":"product_brand","embeddable":true,"href":"https:\/\/lire-ecrire-compter.com\/index.php?rest_route=%2Fwp%2Fv2%2Fproduct_brand&post=2098"},{"taxonomy":"product_cat","embeddable":true,"href":"https:\/\/lire-ecrire-compter.com\/index.php?rest_route=%2Fwp%2Fv2%2Fproduct_cat&post=2098"},{"taxonomy":"product_tag","embeddable":true,"href":"https:\/\/lire-ecrire-compter.com\/index.php?rest_route=%2Fwp%2Fv2%2Fproduct_tag&post=2098"}],"curies":[{"name":"wp","href":"https:\/\/api.w.org\/{rel}","templated":true}]}}