{"id":2097,"date":"2020-03-06T10:51:52","date_gmt":"2020-03-06T09:51:52","guid":{"rendered":"https:\/\/lire-ecrire-compter.com\/?product=import-placeholder-for-28161"},"modified":"2023-07-09T20:13:45","modified_gmt":"2023-07-09T18:13:45","slug":"la-course-aux-100","status":"publish","type":"product","link":"https:\/\/lire-ecrire-compter.com\/?product=la-course-aux-100","title":{"rendered":"La course aux 100"},"content":{"rendered":"<p style=\"padding-left: 40px;\"><em>(une version simplifi\u00e9e et adapt\u00e9e du jeu de 1000 bornes)<\/em><strong><br \/>\n<\/strong><\/p>\n<p><span style=\"color: #92d001;\"><strong>BUT DU JEU :<\/strong><\/span><br \/>\n<span style=\"color: #92d001;\">\u00catre le premier joueur \u00e0<strong> pouvoir totaliser exactement 100 kilom\u00e8tres<\/strong>.<\/span><\/p>\n<p><span style=\"color: #ff5b72;\"><strong>COMPOSITION :<\/strong><\/span><br \/>\n<span style=\"color: #ff5b72;\">Il est compos\u00e9 de <strong>144 cartes<\/strong> r\u00e9parties ainsi\u00a0:<\/span><br \/>\n<span style=\"color: #ff5b72;\">54 <strong>cartes \u00ab\u00a0Vitesse\u00a0\u00bb<\/strong> (5kms, 10kms, 15kms, 20kms et 25kms)<\/span><br \/>\n<span style=\"color: #ff5b72;\">Elles permettent d\u2019avancer. Une fois pos\u00e9es sur le jeu d\u2019un joueur, elles indiquent le nombre de kilom\u00e8tres parcourus.<\/span><br \/>\n<span style=\"color: #ff5b72;\">18 <strong>cartes \u00ab\u00a0P\u00e9nalit\u00e9\u00a0\u00bb<\/strong> (Stop, accident, crevaison, limitation de vitesse et panne d\u2019essence)<\/span><br \/>\n<span style=\"color: #ff5b72;\">Ces cartes servent \u00e0 bloquer ou retarder ses partenaires de jeu. Chaque joueur subissant une p\u00e9nalit\u00e9 devra l\u2019annuler en posant sa carte contraire. (\u00c0 la diff\u00e9rence du 1000 bornes, le joueur ne posera une carte \u00ab\u00a0En route\u00a0\u00bb que pour annuler la carte \u00ab\u00a0Stop\u00a0\u00bb et non pas apr\u00e8s chaque attaque.)<\/span><br \/>\n<span style=\"color: #ff5b72;\">42 <strong>cartes \u00abAnnulation de p\u00e9nalit\u00e9\u00a0\u00bb<\/strong> (fin de limitation de vitesse, r\u00e9parations, essence, roue de secours et 14 cartes \u00ab\u00a0En route\u00a0!\u00a0\u00bb).<\/span><br \/>\n<span style=\"color: #ff5b72;\">Ces cartes doivent \u00eatre pos\u00e9es sur les cartes \u00ab\u00a0p\u00e9nalit\u00e9\u00a0\u00bb pour en annuler les effets.<\/span><br \/>\n<span style=\"color: #ff5b72;\">4 <strong>cartes \u00ab\u00a0Avantages\u00a0\u00bb<\/strong> (increvable, v\u00e9hicule prioritaire, as du volant et bidon d\u2019essence).<\/span><br \/>\n<span style=\"color: #ff5b72;\">Ces cartes rendent inop\u00e9rantes toutes les p\u00e9nalit\u00e9s mais ne rapportent pas de points suppl\u00e9mentaires comme dans le jeu classique.<\/span><\/p>\n<p><span style=\"color: #46acbf;\"><strong>OBJECTIFS :<br \/>\n<\/strong>Ce jeu permet de travailler les<strong> compl\u00e9ments \u00e0 100<\/strong> ainsi la <strong>d\u00e9composition additive<\/strong>.<\/span><\/p>\n<p>&nbsp;<\/p>\n<p>&nbsp;<\/p>\n","protected":false},"excerpt":{"rendered":"<p>(une version simplifi\u00e9e et adapt\u00e9e du jeu de 1000 bornes) BUT DU JEU : \u00catre le premier joueur \u00e0 pouvoir totaliser exactement 100 kilom\u00e8tres. COMPOSITION : Il est compos\u00e9 de 144 cartes r\u00e9parties ainsi\u00a0: 54 cartes \u00ab\u00a0Vitesse\u00a0\u00bb (5kms, 10kms, 15kms, 20kms et 25kms) Elles permettent&#8230;<\/p>\n","protected":false},"featured_media":1059,"comment_status":"open","ping_status":"closed","template":"","meta":{"give_campaign_id":0,"om_disable_all_campaigns":false,"_monsterinsights_skip_tracking":false,"_monsterinsights_sitenote_active":false,"_monsterinsights_sitenote_note":"","_monsterinsights_sitenote_category":0,"_uf_show_specific_survey":0,"_uf_disable_surveys":false},"product_brand":[],"product_cat":[156,147,100],"product_tag":[84,119],"class_list":{"0":"post-2097","1":"product","2":"type-product","3":"status-publish","4":"has-post-thumbnail","6":"product_cat-a-partir-du-ce1","7":"product_cat-jeux","8":"product_cat-jeux-autour-des-mathematiques","9":"product_tag-calculer-une-somme-ou-une-difference","10":"product_tag-memoriser-les-complements-a-10","12":"first","13":"instock","14":"downloadable","15":"virtual","16":"purchasable","17":"product-type-simple"},"yoast_head":"<!-- This site is optimized with the Yoast SEO plugin v27.1.1 - https:\/\/yoast.com\/product\/yoast-seo-wordpress\/ -->\n<title>La course aux 100 - Lire \u00e9crire compter<\/title>\n<meta name=\"description\" content=\"Ce jeu autour des math\u00e9matiques permet de travailler les compl\u00e9ments \u00e0 100 ainsi la d\u00e9composition additive.\" \/>\n<meta name=\"robots\" content=\"index, follow, max-snippet:-1, max-image-preview:large, max-video-preview:-1\" \/>\n<link rel=\"canonical\" href=\"https:\/\/lire-ecrire-compter.com\/?product=la-course-aux-100\" \/>\n<meta property=\"og:locale\" content=\"fr_FR\" \/>\n<meta property=\"og:type\" content=\"article\" \/>\n<meta property=\"og:title\" content=\"La course aux 100 - Lire \u00e9crire compter\" \/>\n<meta property=\"og:description\" content=\"Ce jeu autour des math\u00e9matiques permet de travailler les compl\u00e9ments \u00e0 100 ainsi la d\u00e9composition additive.\" \/>\n<meta property=\"og:url\" content=\"https:\/\/lire-ecrire-compter.com\/?product=la-course-aux-100\" \/>\n<meta property=\"og:site_name\" content=\"Lire \u00e9crire compter\" \/>\n<meta property=\"article:modified_time\" content=\"2023-07-09T18:13:45+00:00\" \/>\n<meta property=\"og:image\" content=\"https:\/\/lire-ecrire-compter.com\/wp-content\/uploads\/2020\/02\/La-course-aux-100-1.jpg\" \/>\n\t<meta property=\"og:image:width\" content=\"841\" \/>\n\t<meta property=\"og:image:height\" content=\"841\" \/>\n\t<meta property=\"og:image:type\" content=\"image\/jpeg\" \/>\n<meta name=\"twitter:card\" content=\"summary_large_image\" \/>\n<meta name=\"twitter:label1\" content=\"Dur\u00e9e de lecture estim\u00e9e\" \/>\n\t<meta name=\"twitter:data1\" content=\"1 minute\" \/>\n<script type=\"application\/ld+json\" class=\"yoast-schema-graph\">{\"@context\":\"https:\/\/schema.org\",\"@graph\":[{\"@type\":\"WebPage\",\"@id\":\"https:\/\/lire-ecrire-compter.com\/?product=la-course-aux-100\",\"url\":\"https:\/\/lire-ecrire-compter.com\/?product=la-course-aux-100\",\"name\":\"La course aux 100 - Lire \u00e9crire compter\",\"isPartOf\":{\"@id\":\"https:\/\/lire-ecrire-compter.com\/#website\"},\"primaryImageOfPage\":{\"@id\":\"https:\/\/lire-ecrire-compter.com\/?product=la-course-aux-100#primaryimage\"},\"image\":{\"@id\":\"https:\/\/lire-ecrire-compter.com\/?product=la-course-aux-100#primaryimage\"},\"thumbnailUrl\":\"https:\/\/lire-ecrire-compter.com\/wp-content\/uploads\/2020\/02\/La-course-aux-100-1.jpg\",\"datePublished\":\"2020-03-06T09:51:52+00:00\",\"dateModified\":\"2023-07-09T18:13:45+00:00\",\"description\":\"Ce jeu autour des math\u00e9matiques permet de travailler les compl\u00e9ments \u00e0 100 ainsi la d\u00e9composition additive.\",\"breadcrumb\":{\"@id\":\"https:\/\/lire-ecrire-compter.com\/?product=la-course-aux-100#breadcrumb\"},\"inLanguage\":\"fr-FR\",\"potentialAction\":[{\"@type\":\"ReadAction\",\"target\":[\"https:\/\/lire-ecrire-compter.com\/?product=la-course-aux-100\"]}]},{\"@type\":\"ImageObject\",\"inLanguage\":\"fr-FR\",\"@id\":\"https:\/\/lire-ecrire-compter.com\/?product=la-course-aux-100#primaryimage\",\"url\":\"https:\/\/lire-ecrire-compter.com\/wp-content\/uploads\/2020\/02\/La-course-aux-100-1.jpg\",\"contentUrl\":\"https:\/\/lire-ecrire-compter.com\/wp-content\/uploads\/2020\/02\/La-course-aux-100-1.jpg\",\"width\":841,\"height\":841},{\"@type\":\"BreadcrumbList\",\"@id\":\"https:\/\/lire-ecrire-compter.com\/?product=la-course-aux-100#breadcrumb\",\"itemListElement\":[{\"@type\":\"ListItem\",\"position\":1,\"name\":\"Accueil\",\"item\":\"https:\/\/lire-ecrire-compter.com\/\"},{\"@type\":\"ListItem\",\"position\":2,\"name\":\"La bo\u00eete \u00e0 jeux\",\"item\":\"https:\/\/lire-ecrire-compter.com\/?page_id=747\"},{\"@type\":\"ListItem\",\"position\":3,\"name\":\"La course aux 100\"}]},{\"@type\":\"WebSite\",\"@id\":\"https:\/\/lire-ecrire-compter.com\/#website\",\"url\":\"https:\/\/lire-ecrire-compter.com\/\",\"name\":\"Lire \u00e9crire compter\",\"description\":\"Jouer pour apprendre\",\"potentialAction\":[{\"@type\":\"SearchAction\",\"target\":{\"@type\":\"EntryPoint\",\"urlTemplate\":\"https:\/\/lire-ecrire-compter.com\/?s={search_term_string}\"},\"query-input\":{\"@type\":\"PropertyValueSpecification\",\"valueRequired\":true,\"valueName\":\"search_term_string\"}}],\"inLanguage\":\"fr-FR\"}]}<\/script>\n<!-- \/ Yoast SEO plugin. -->","yoast_head_json":{"title":"La course aux 100 - Lire \u00e9crire compter","description":"Ce jeu autour des math\u00e9matiques permet de travailler les compl\u00e9ments \u00e0 100 ainsi la d\u00e9composition additive.","robots":{"index":"index","follow":"follow","max-snippet":"max-snippet:-1","max-image-preview":"max-image-preview:large","max-video-preview":"max-video-preview:-1"},"canonical":"https:\/\/lire-ecrire-compter.com\/?product=la-course-aux-100","og_locale":"fr_FR","og_type":"article","og_title":"La course aux 100 - Lire \u00e9crire compter","og_description":"Ce jeu autour des math\u00e9matiques permet de travailler les compl\u00e9ments \u00e0 100 ainsi la d\u00e9composition additive.","og_url":"https:\/\/lire-ecrire-compter.com\/?product=la-course-aux-100","og_site_name":"Lire \u00e9crire compter","article_modified_time":"2023-07-09T18:13:45+00:00","og_image":[{"width":841,"height":841,"url":"https:\/\/lire-ecrire-compter.com\/wp-content\/uploads\/2020\/02\/La-course-aux-100-1.jpg","type":"image\/jpeg"}],"twitter_card":"summary_large_image","twitter_misc":{"Dur\u00e9e de lecture estim\u00e9e":"1 minute"},"schema":{"@context":"https:\/\/schema.org","@graph":[{"@type":"WebPage","@id":"https:\/\/lire-ecrire-compter.com\/?product=la-course-aux-100","url":"https:\/\/lire-ecrire-compter.com\/?product=la-course-aux-100","name":"La course aux 100 - Lire \u00e9crire compter","isPartOf":{"@id":"https:\/\/lire-ecrire-compter.com\/#website"},"primaryImageOfPage":{"@id":"https:\/\/lire-ecrire-compter.com\/?product=la-course-aux-100#primaryimage"},"image":{"@id":"https:\/\/lire-ecrire-compter.com\/?product=la-course-aux-100#primaryimage"},"thumbnailUrl":"https:\/\/lire-ecrire-compter.com\/wp-content\/uploads\/2020\/02\/La-course-aux-100-1.jpg","datePublished":"2020-03-06T09:51:52+00:00","dateModified":"2023-07-09T18:13:45+00:00","description":"Ce jeu autour des math\u00e9matiques permet de travailler les compl\u00e9ments \u00e0 100 ainsi la d\u00e9composition additive.","breadcrumb":{"@id":"https:\/\/lire-ecrire-compter.com\/?product=la-course-aux-100#breadcrumb"},"inLanguage":"fr-FR","potentialAction":[{"@type":"ReadAction","target":["https:\/\/lire-ecrire-compter.com\/?product=la-course-aux-100"]}]},{"@type":"ImageObject","inLanguage":"fr-FR","@id":"https:\/\/lire-ecrire-compter.com\/?product=la-course-aux-100#primaryimage","url":"https:\/\/lire-ecrire-compter.com\/wp-content\/uploads\/2020\/02\/La-course-aux-100-1.jpg","contentUrl":"https:\/\/lire-ecrire-compter.com\/wp-content\/uploads\/2020\/02\/La-course-aux-100-1.jpg","width":841,"height":841},{"@type":"BreadcrumbList","@id":"https:\/\/lire-ecrire-compter.com\/?product=la-course-aux-100#breadcrumb","itemListElement":[{"@type":"ListItem","position":1,"name":"Accueil","item":"https:\/\/lire-ecrire-compter.com\/"},{"@type":"ListItem","position":2,"name":"La bo\u00eete \u00e0 jeux","item":"https:\/\/lire-ecrire-compter.com\/?page_id=747"},{"@type":"ListItem","position":3,"name":"La course aux 100"}]},{"@type":"WebSite","@id":"https:\/\/lire-ecrire-compter.com\/#website","url":"https:\/\/lire-ecrire-compter.com\/","name":"Lire \u00e9crire compter","description":"Jouer pour apprendre","potentialAction":[{"@type":"SearchAction","target":{"@type":"EntryPoint","urlTemplate":"https:\/\/lire-ecrire-compter.com\/?s={search_term_string}"},"query-input":{"@type":"PropertyValueSpecification","valueRequired":true,"valueName":"search_term_string"}}],"inLanguage":"fr-FR"}]}},"_links":{"self":[{"href":"https:\/\/lire-ecrire-compter.com\/index.php?rest_route=\/wp\/v2\/product\/2097","targetHints":{"allow":["GET"]}}],"collection":[{"href":"https:\/\/lire-ecrire-compter.com\/index.php?rest_route=\/wp\/v2\/product"}],"about":[{"href":"https:\/\/lire-ecrire-compter.com\/index.php?rest_route=\/wp\/v2\/types\/product"}],"replies":[{"embeddable":true,"href":"https:\/\/lire-ecrire-compter.com\/index.php?rest_route=%2Fwp%2Fv2%2Fcomments&post=2097"}],"wp:featuredmedia":[{"embeddable":true,"href":"https:\/\/lire-ecrire-compter.com\/index.php?rest_route=\/wp\/v2\/media\/1059"}],"wp:attachment":[{"href":"https:\/\/lire-ecrire-compter.com\/index.php?rest_route=%2Fwp%2Fv2%2Fmedia&parent=2097"}],"wp:term":[{"taxonomy":"product_brand","embeddable":true,"href":"https:\/\/lire-ecrire-compter.com\/index.php?rest_route=%2Fwp%2Fv2%2Fproduct_brand&post=2097"},{"taxonomy":"product_cat","embeddable":true,"href":"https:\/\/lire-ecrire-compter.com\/index.php?rest_route=%2Fwp%2Fv2%2Fproduct_cat&post=2097"},{"taxonomy":"product_tag","embeddable":true,"href":"https:\/\/lire-ecrire-compter.com\/index.php?rest_route=%2Fwp%2Fv2%2Fproduct_tag&post=2097"}],"curies":[{"name":"wp","href":"https:\/\/api.w.org\/{rel}","templated":true}]}}