{"id":2096,"date":"2020-03-06T10:51:52","date_gmt":"2020-03-06T09:51:52","guid":{"rendered":"https:\/\/lire-ecrire-compter.com\/?product=import-placeholder-for-26792"},"modified":"2024-07-23T19:05:25","modified_gmt":"2024-07-23T17:05:25","slug":"7-familles-de-sons-en-couleur-version-2018","status":"publish","type":"product","link":"https:\/\/lire-ecrire-compter.com\/?product=7-familles-de-sons-en-couleur-version-2018","title":{"rendered":"7 familles de sons en couleur (version 2018)"},"content":{"rendered":"<p><span style=\"color: #92d001;\"><strong>BUT DU JEU<br \/>\n<\/strong>\u00catre le joueur qui a r\u00e9ussi, \u00e0 la fin de la partie, \u00e0<strong> r\u00e9unir le plus de familles compl\u00e8tes<\/strong>. Chaque famille est compos\u00e9e de <strong>5 mots contenant le m\u00eame phon\u00e8me mais avec des graphies parfois diff\u00e9rentes<\/strong>.<\/span><\/p>\n<p><span style=\"color: #ff5b72;\"><strong>COMPOSITION<\/strong><\/span><br \/>\n<span style=\"color: #ff5b72;\"><strong>Il est compos\u00e9<\/strong> de <strong>42 cartes-mots <\/strong>class\u00e9es en<strong> 7 familles de sons<\/strong>. Chaque famille est compos\u00e9e de 6 mots contenant le m\u00eame phon\u00e8me mais avec des graphies parfois diff\u00e9rentes. Toutes les cartes sont \u00e9crites avec la police Open Dyslexic.<\/span><\/p>\n<p><span style=\"color: #46acbf;\"><strong>OBJECTIFS<br \/>\nM\u00e9moriser les graphies de 7 phon\u00e8mes<\/strong> en s&rsquo;appuyant sur une couleur dont le nom contient le son. Exemple : \u00ab\u00a0<strong>ou<\/strong>\u00a0\u00bb comme dans \u00ab\u00a0r<strong>ou<\/strong>ge\u00a0\u00bb, \u00ab\u00a0<strong>eu<\/strong>\u00a0\u00bb comme dans \u00ab\u00a0bl<strong>eu<\/strong>\u00ab\u00a0, \u00ab\u00a0<strong>au<\/strong>\u00a0\u00bb comme dans \u00ab\u00a0j<strong>au<\/strong>ne\u00a0\u00bb&#8230;<\/span><\/p>\n<p>&nbsp;<\/p>\n<p>&nbsp;<\/p>\n","protected":false},"excerpt":{"rendered":"<p>BUT DU JEU \u00catre le joueur qui a r\u00e9ussi, \u00e0 la fin de la partie, \u00e0 r\u00e9unir le plus de familles compl\u00e8tes. Chaque famille est compos\u00e9e de 5 mots contenant le m\u00eame phon\u00e8me mais avec des graphies parfois diff\u00e9rentes. COMPOSITION Il est compos\u00e9 de 42&#8230;<\/p>\n","protected":false},"featured_media":1047,"comment_status":"open","ping_status":"closed","template":"","meta":{"give_campaign_id":0,"om_disable_all_campaigns":false,"_monsterinsights_skip_tracking":false,"_monsterinsights_sitenote_active":false,"_monsterinsights_sitenote_note":"","_monsterinsights_sitenote_category":0,"_uf_show_specific_survey":0,"_uf_disable_surveys":false},"product_brand":[],"product_cat":[116,106,147,98],"product_tag":[135,136],"class_list":{"0":"post-2096","1":"product","2":"type-product","3":"status-publish","4":"has-post-thumbnail","6":"product_cat-ce1","7":"product_cat-cp","8":"product_cat-jeux","9":"product_cat-jeux-autour-de-la-lecture","10":"product_tag-memoriser-les-correspondances-entre-sons-et-lettres","11":"product_tag-reperer-des-analogies","13":"first","14":"instock","15":"downloadable","16":"virtual","17":"purchasable","18":"product-type-simple"},"yoast_head":"<!-- This site is optimized with the Yoast SEO plugin v27.1.1 - https:\/\/yoast.com\/product\/yoast-seo-wordpress\/ -->\n<title>7 familles de sons en couleur (version 2018) - Lire \u00e9crire compter<\/title>\n<meta name=\"robots\" content=\"index, follow, max-snippet:-1, max-image-preview:large, max-video-preview:-1\" \/>\n<link rel=\"canonical\" href=\"https:\/\/lire-ecrire-compter.com\/?product=7-familles-de-sons-en-couleur-version-2018\" \/>\n<meta property=\"og:locale\" content=\"fr_FR\" \/>\n<meta property=\"og:type\" content=\"article\" \/>\n<meta property=\"og:title\" content=\"7 familles de sons en couleur (version 2018) - Lire \u00e9crire compter\" \/>\n<meta property=\"og:description\" content=\"BUT DU JEU \u00catre le joueur qui a r\u00e9ussi, \u00e0 la fin de la partie, \u00e0 r\u00e9unir le plus de familles compl\u00e8tes. Chaque famille est compos\u00e9e de 5 mots contenant le m\u00eame phon\u00e8me mais avec des graphies parfois diff\u00e9rentes. COMPOSITION Il est compos\u00e9 de 42...\" \/>\n<meta property=\"og:url\" content=\"https:\/\/lire-ecrire-compter.com\/?product=7-familles-de-sons-en-couleur-version-2018\" \/>\n<meta property=\"og:site_name\" content=\"Lire \u00e9crire compter\" \/>\n<meta property=\"article:modified_time\" content=\"2024-07-23T17:05:25+00:00\" \/>\n<meta property=\"og:image\" content=\"https:\/\/lire-ecrire-compter.com\/wp-content\/uploads\/2020\/02\/IMG_9073-e1574352773257.jpg\" \/>\n\t<meta property=\"og:image:width\" content=\"1200\" \/>\n\t<meta property=\"og:image:height\" content=\"900\" \/>\n\t<meta property=\"og:image:type\" content=\"image\/jpeg\" \/>\n<meta name=\"twitter:card\" content=\"summary_large_image\" \/>\n<meta name=\"twitter:label1\" content=\"Dur\u00e9e de lecture estim\u00e9e\" \/>\n\t<meta name=\"twitter:data1\" content=\"1 minute\" \/>\n<script type=\"application\/ld+json\" class=\"yoast-schema-graph\">{\"@context\":\"https:\/\/schema.org\",\"@graph\":[{\"@type\":\"WebPage\",\"@id\":\"https:\/\/lire-ecrire-compter.com\/?product=7-familles-de-sons-en-couleur-version-2018\",\"url\":\"https:\/\/lire-ecrire-compter.com\/?product=7-familles-de-sons-en-couleur-version-2018\",\"name\":\"7 familles de sons en couleur (version 2018) - Lire \u00e9crire compter\",\"isPartOf\":{\"@id\":\"https:\/\/lire-ecrire-compter.com\/#website\"},\"primaryImageOfPage\":{\"@id\":\"https:\/\/lire-ecrire-compter.com\/?product=7-familles-de-sons-en-couleur-version-2018#primaryimage\"},\"image\":{\"@id\":\"https:\/\/lire-ecrire-compter.com\/?product=7-familles-de-sons-en-couleur-version-2018#primaryimage\"},\"thumbnailUrl\":\"https:\/\/lire-ecrire-compter.com\/wp-content\/uploads\/2020\/02\/IMG_9073-e1574352773257.jpg\",\"datePublished\":\"2020-03-06T09:51:52+00:00\",\"dateModified\":\"2024-07-23T17:05:25+00:00\",\"breadcrumb\":{\"@id\":\"https:\/\/lire-ecrire-compter.com\/?product=7-familles-de-sons-en-couleur-version-2018#breadcrumb\"},\"inLanguage\":\"fr-FR\",\"potentialAction\":[{\"@type\":\"ReadAction\",\"target\":[\"https:\/\/lire-ecrire-compter.com\/?product=7-familles-de-sons-en-couleur-version-2018\"]}]},{\"@type\":\"ImageObject\",\"inLanguage\":\"fr-FR\",\"@id\":\"https:\/\/lire-ecrire-compter.com\/?product=7-familles-de-sons-en-couleur-version-2018#primaryimage\",\"url\":\"https:\/\/lire-ecrire-compter.com\/wp-content\/uploads\/2020\/02\/IMG_9073-e1574352773257.jpg\",\"contentUrl\":\"https:\/\/lire-ecrire-compter.com\/wp-content\/uploads\/2020\/02\/IMG_9073-e1574352773257.jpg\",\"width\":1200,\"height\":900},{\"@type\":\"BreadcrumbList\",\"@id\":\"https:\/\/lire-ecrire-compter.com\/?product=7-familles-de-sons-en-couleur-version-2018#breadcrumb\",\"itemListElement\":[{\"@type\":\"ListItem\",\"position\":1,\"name\":\"Accueil\",\"item\":\"https:\/\/lire-ecrire-compter.com\/\"},{\"@type\":\"ListItem\",\"position\":2,\"name\":\"La bo\u00eete \u00e0 jeux\",\"item\":\"https:\/\/lire-ecrire-compter.com\/?page_id=747\"},{\"@type\":\"ListItem\",\"position\":3,\"name\":\"7 familles de sons en couleur (version 2018)\"}]},{\"@type\":\"WebSite\",\"@id\":\"https:\/\/lire-ecrire-compter.com\/#website\",\"url\":\"https:\/\/lire-ecrire-compter.com\/\",\"name\":\"Lire \u00e9crire compter\",\"description\":\"Jouer pour apprendre\",\"potentialAction\":[{\"@type\":\"SearchAction\",\"target\":{\"@type\":\"EntryPoint\",\"urlTemplate\":\"https:\/\/lire-ecrire-compter.com\/?s={search_term_string}\"},\"query-input\":{\"@type\":\"PropertyValueSpecification\",\"valueRequired\":true,\"valueName\":\"search_term_string\"}}],\"inLanguage\":\"fr-FR\"}]}<\/script>\n<!-- \/ Yoast SEO plugin. -->","yoast_head_json":{"title":"7 familles de sons en couleur (version 2018) - Lire \u00e9crire compter","robots":{"index":"index","follow":"follow","max-snippet":"max-snippet:-1","max-image-preview":"max-image-preview:large","max-video-preview":"max-video-preview:-1"},"canonical":"https:\/\/lire-ecrire-compter.com\/?product=7-familles-de-sons-en-couleur-version-2018","og_locale":"fr_FR","og_type":"article","og_title":"7 familles de sons en couleur (version 2018) - Lire \u00e9crire compter","og_description":"BUT DU JEU \u00catre le joueur qui a r\u00e9ussi, \u00e0 la fin de la partie, \u00e0 r\u00e9unir le plus de familles compl\u00e8tes. Chaque famille est compos\u00e9e de 5 mots contenant le m\u00eame phon\u00e8me mais avec des graphies parfois diff\u00e9rentes. COMPOSITION Il est compos\u00e9 de 42...","og_url":"https:\/\/lire-ecrire-compter.com\/?product=7-familles-de-sons-en-couleur-version-2018","og_site_name":"Lire \u00e9crire compter","article_modified_time":"2024-07-23T17:05:25+00:00","og_image":[{"width":1200,"height":900,"url":"https:\/\/lire-ecrire-compter.com\/wp-content\/uploads\/2020\/02\/IMG_9073-e1574352773257.jpg","type":"image\/jpeg"}],"twitter_card":"summary_large_image","twitter_misc":{"Dur\u00e9e de lecture estim\u00e9e":"1 minute"},"schema":{"@context":"https:\/\/schema.org","@graph":[{"@type":"WebPage","@id":"https:\/\/lire-ecrire-compter.com\/?product=7-familles-de-sons-en-couleur-version-2018","url":"https:\/\/lire-ecrire-compter.com\/?product=7-familles-de-sons-en-couleur-version-2018","name":"7 familles de sons en couleur (version 2018) - Lire \u00e9crire compter","isPartOf":{"@id":"https:\/\/lire-ecrire-compter.com\/#website"},"primaryImageOfPage":{"@id":"https:\/\/lire-ecrire-compter.com\/?product=7-familles-de-sons-en-couleur-version-2018#primaryimage"},"image":{"@id":"https:\/\/lire-ecrire-compter.com\/?product=7-familles-de-sons-en-couleur-version-2018#primaryimage"},"thumbnailUrl":"https:\/\/lire-ecrire-compter.com\/wp-content\/uploads\/2020\/02\/IMG_9073-e1574352773257.jpg","datePublished":"2020-03-06T09:51:52+00:00","dateModified":"2024-07-23T17:05:25+00:00","breadcrumb":{"@id":"https:\/\/lire-ecrire-compter.com\/?product=7-familles-de-sons-en-couleur-version-2018#breadcrumb"},"inLanguage":"fr-FR","potentialAction":[{"@type":"ReadAction","target":["https:\/\/lire-ecrire-compter.com\/?product=7-familles-de-sons-en-couleur-version-2018"]}]},{"@type":"ImageObject","inLanguage":"fr-FR","@id":"https:\/\/lire-ecrire-compter.com\/?product=7-familles-de-sons-en-couleur-version-2018#primaryimage","url":"https:\/\/lire-ecrire-compter.com\/wp-content\/uploads\/2020\/02\/IMG_9073-e1574352773257.jpg","contentUrl":"https:\/\/lire-ecrire-compter.com\/wp-content\/uploads\/2020\/02\/IMG_9073-e1574352773257.jpg","width":1200,"height":900},{"@type":"BreadcrumbList","@id":"https:\/\/lire-ecrire-compter.com\/?product=7-familles-de-sons-en-couleur-version-2018#breadcrumb","itemListElement":[{"@type":"ListItem","position":1,"name":"Accueil","item":"https:\/\/lire-ecrire-compter.com\/"},{"@type":"ListItem","position":2,"name":"La bo\u00eete \u00e0 jeux","item":"https:\/\/lire-ecrire-compter.com\/?page_id=747"},{"@type":"ListItem","position":3,"name":"7 familles de sons en couleur (version 2018)"}]},{"@type":"WebSite","@id":"https:\/\/lire-ecrire-compter.com\/#website","url":"https:\/\/lire-ecrire-compter.com\/","name":"Lire \u00e9crire compter","description":"Jouer pour apprendre","potentialAction":[{"@type":"SearchAction","target":{"@type":"EntryPoint","urlTemplate":"https:\/\/lire-ecrire-compter.com\/?s={search_term_string}"},"query-input":{"@type":"PropertyValueSpecification","valueRequired":true,"valueName":"search_term_string"}}],"inLanguage":"fr-FR"}]}},"_links":{"self":[{"href":"https:\/\/lire-ecrire-compter.com\/index.php?rest_route=\/wp\/v2\/product\/2096","targetHints":{"allow":["GET"]}}],"collection":[{"href":"https:\/\/lire-ecrire-compter.com\/index.php?rest_route=\/wp\/v2\/product"}],"about":[{"href":"https:\/\/lire-ecrire-compter.com\/index.php?rest_route=\/wp\/v2\/types\/product"}],"replies":[{"embeddable":true,"href":"https:\/\/lire-ecrire-compter.com\/index.php?rest_route=%2Fwp%2Fv2%2Fcomments&post=2096"}],"wp:featuredmedia":[{"embeddable":true,"href":"https:\/\/lire-ecrire-compter.com\/index.php?rest_route=\/wp\/v2\/media\/1047"}],"wp:attachment":[{"href":"https:\/\/lire-ecrire-compter.com\/index.php?rest_route=%2Fwp%2Fv2%2Fmedia&parent=2096"}],"wp:term":[{"taxonomy":"product_brand","embeddable":true,"href":"https:\/\/lire-ecrire-compter.com\/index.php?rest_route=%2Fwp%2Fv2%2Fproduct_brand&post=2096"},{"taxonomy":"product_cat","embeddable":true,"href":"https:\/\/lire-ecrire-compter.com\/index.php?rest_route=%2Fwp%2Fv2%2Fproduct_cat&post=2096"},{"taxonomy":"product_tag","embeddable":true,"href":"https:\/\/lire-ecrire-compter.com\/index.php?rest_route=%2Fwp%2Fv2%2Fproduct_tag&post=2096"}],"curies":[{"name":"wp","href":"https:\/\/api.w.org\/{rel}","templated":true}]}}