{"id":2093,"date":"2020-03-06T10:51:51","date_gmt":"2020-03-06T09:51:51","guid":{"rendered":"https:\/\/lire-ecrire-compter.com\/?product=import-placeholder-for-24959"},"modified":"2022-02-03T13:11:05","modified_gmt":"2022-02-03T12:11:05","slug":"moitie-moitie","status":"publish","type":"product","link":"https:\/\/lire-ecrire-compter.com\/?product=moitie-moitie","title":{"rendered":"Moiti\u00e9-Moiti\u00e9"},"content":{"rendered":"<p><span style=\"color: #92d001;\"><strong>BUT DU JEU<br \/>\n<\/strong>Comme dans un jeu de Mistigris, il faut <strong>former des paires<\/strong> afin de <strong>reconstituer un mot compos\u00e9<\/strong> et ainsi se d\u00e9barrasser de toutes ses cartes. Le dernier des joueurs \u00e0 d\u00e9tenir la carte \u00ab\u00a0moit\u00e9-moiti\u00e9\u00a0\u00bb a perdu.<\/span><\/p>\n<p><span style=\"color: #ff5b72;\"><strong>COMPOSITION<\/strong><\/span><br \/>\n<span style=\"color: #ff5b72;\"><strong>Il se compose<\/strong> de <strong>85 cartes : 42 paires<\/strong> et <strong>une carte isol\u00e9e \u00ab\u00a0Moiti\u00e9-Moiti\u00e9\u00a0\u00bb<\/strong>. Sur chaque carte figure <strong>la moiti\u00e9 d&rsquo;un mot compos\u00e9<\/strong> illustr\u00e9 par la moiti\u00e9 d&rsquo;une image.<\/span><\/p>\n<p><span style=\"color: #46acbf;\"><strong>OBJECTIFS<br \/>\nD\u00e9velopper la compr\u00e9hension en lecture<\/strong> en travaillant l<strong>&lsquo;anticipation de la fin d&rsquo;un mot<\/strong>, le <strong>maintien en m\u00e9moire d&rsquo;informations<\/strong> et\u00a0 l<strong>&lsquo;enrichissement du vocabulaire<\/strong>. Ce jeu aide \u00e0 la prise de conscience de m\u00e9canismes de lecture.<\/span><\/p>\n<p>&nbsp;<\/p>\n<p>&nbsp;<\/p>\n","protected":false},"excerpt":{"rendered":"<p>BUT DU JEU Comme dans un jeu de Mistigris, il faut former des paires afin de reconstituer un mot compos\u00e9 et ainsi se d\u00e9barrasser de toutes ses cartes. Le dernier des joueurs \u00e0 d\u00e9tenir la carte \u00ab\u00a0moit\u00e9-moiti\u00e9\u00a0\u00bb a perdu. COMPOSITION Il se compose de 85&#8230;<\/p>\n","protected":false},"featured_media":1033,"comment_status":"open","ping_status":"closed","template":"","meta":{"give_campaign_id":0,"om_disable_all_campaigns":false,"_monsterinsights_skip_tracking":false,"_monsterinsights_sitenote_active":false,"_monsterinsights_sitenote_note":"","_monsterinsights_sitenote_category":0,"_uf_show_specific_survey":0,"_uf_disable_surveys":false},"product_brand":[],"product_cat":[116,147,98],"product_tag":[123,131,124],"class_list":{"0":"post-2093","1":"product","2":"type-product","3":"status-publish","4":"has-post-thumbnail","6":"product_cat-ce1","7":"product_cat-jeux","8":"product_cat-jeux-autour-de-la-lecture","9":"product_tag-enrichir-le-vocabulaire","10":"product_tag-inferer-et-comprendre","11":"product_tag-travailler-le-maintien-en-memoire","13":"first","14":"instock","15":"downloadable","16":"virtual","17":"purchasable","18":"product-type-simple"},"yoast_head":"<!-- This site is optimized with the Yoast SEO plugin v27.1.1 - https:\/\/yoast.com\/product\/yoast-seo-wordpress\/ -->\n<title>Moiti\u00e9-Moiti\u00e9 - Lire \u00e9crire compter<\/title>\n<meta name=\"description\" content=\"Ce jeu aide \u00e0 d\u00e9velopper la compr\u00e9hension en lecture en travaillant l&#039;anticipation de la fin d&#039;un mot, le maintien en m\u00e9moire d&#039;informations et\u00a0 l&#039;enrichissement du vocabulaire. Il aide \u00e0 la prise de conscience de m\u00e9canismes de lecture.\" \/>\n<meta name=\"robots\" content=\"index, follow, max-snippet:-1, max-image-preview:large, max-video-preview:-1\" \/>\n<link rel=\"canonical\" href=\"https:\/\/lire-ecrire-compter.com\/?product=moitie-moitie\" \/>\n<meta property=\"og:locale\" content=\"fr_FR\" \/>\n<meta property=\"og:type\" content=\"article\" \/>\n<meta property=\"og:title\" content=\"Moiti\u00e9-Moiti\u00e9 - Lire \u00e9crire compter\" \/>\n<meta property=\"og:description\" content=\"Ce jeu aide \u00e0 d\u00e9velopper la compr\u00e9hension en lecture en travaillant l&#039;anticipation de la fin d&#039;un mot, le maintien en m\u00e9moire d&#039;informations et\u00a0 l&#039;enrichissement du vocabulaire. Il aide \u00e0 la prise de conscience de m\u00e9canismes de lecture.\" \/>\n<meta property=\"og:url\" content=\"https:\/\/lire-ecrire-compter.com\/?product=moitie-moitie\" \/>\n<meta property=\"og:site_name\" content=\"Lire \u00e9crire compter\" \/>\n<meta property=\"article:modified_time\" content=\"2022-02-03T12:11:05+00:00\" \/>\n<meta property=\"og:image\" content=\"https:\/\/lire-ecrire-compter.com\/wp-content\/uploads\/2020\/02\/jeu-complet-scaled-e1576673058364.jpg\" \/>\n\t<meta property=\"og:image:width\" content=\"1200\" \/>\n\t<meta property=\"og:image:height\" content=\"1200\" \/>\n\t<meta property=\"og:image:type\" content=\"image\/jpeg\" \/>\n<meta name=\"twitter:card\" content=\"summary_large_image\" \/>\n<meta name=\"twitter:label1\" content=\"Dur\u00e9e de lecture estim\u00e9e\" \/>\n\t<meta name=\"twitter:data1\" content=\"1 minute\" \/>\n<script type=\"application\/ld+json\" class=\"yoast-schema-graph\">{\"@context\":\"https:\/\/schema.org\",\"@graph\":[{\"@type\":\"WebPage\",\"@id\":\"https:\/\/lire-ecrire-compter.com\/?product=moitie-moitie\",\"url\":\"https:\/\/lire-ecrire-compter.com\/?product=moitie-moitie\",\"name\":\"Moiti\u00e9-Moiti\u00e9 - Lire \u00e9crire compter\",\"isPartOf\":{\"@id\":\"https:\/\/lire-ecrire-compter.com\/#website\"},\"primaryImageOfPage\":{\"@id\":\"https:\/\/lire-ecrire-compter.com\/?product=moitie-moitie#primaryimage\"},\"image\":{\"@id\":\"https:\/\/lire-ecrire-compter.com\/?product=moitie-moitie#primaryimage\"},\"thumbnailUrl\":\"https:\/\/lire-ecrire-compter.com\/wp-content\/uploads\/2020\/02\/jeu-complet-scaled-e1576673058364.jpg\",\"datePublished\":\"2020-03-06T09:51:51+00:00\",\"dateModified\":\"2022-02-03T12:11:05+00:00\",\"description\":\"Ce jeu aide \u00e0 d\u00e9velopper la compr\u00e9hension en lecture en travaillant l'anticipation de la fin d'un mot, le maintien en m\u00e9moire d'informations et\u00a0 l'enrichissement du vocabulaire. Il aide \u00e0 la prise de conscience de m\u00e9canismes de lecture.\",\"breadcrumb\":{\"@id\":\"https:\/\/lire-ecrire-compter.com\/?product=moitie-moitie#breadcrumb\"},\"inLanguage\":\"fr-FR\",\"potentialAction\":[{\"@type\":\"ReadAction\",\"target\":[\"https:\/\/lire-ecrire-compter.com\/?product=moitie-moitie\"]}]},{\"@type\":\"ImageObject\",\"inLanguage\":\"fr-FR\",\"@id\":\"https:\/\/lire-ecrire-compter.com\/?product=moitie-moitie#primaryimage\",\"url\":\"https:\/\/lire-ecrire-compter.com\/wp-content\/uploads\/2020\/02\/jeu-complet-scaled-e1576673058364.jpg\",\"contentUrl\":\"https:\/\/lire-ecrire-compter.com\/wp-content\/uploads\/2020\/02\/jeu-complet-scaled-e1576673058364.jpg\",\"width\":1200,\"height\":1200},{\"@type\":\"BreadcrumbList\",\"@id\":\"https:\/\/lire-ecrire-compter.com\/?product=moitie-moitie#breadcrumb\",\"itemListElement\":[{\"@type\":\"ListItem\",\"position\":1,\"name\":\"Accueil\",\"item\":\"https:\/\/lire-ecrire-compter.com\/\"},{\"@type\":\"ListItem\",\"position\":2,\"name\":\"La bo\u00eete \u00e0 jeux\",\"item\":\"https:\/\/lire-ecrire-compter.com\/?page_id=747\"},{\"@type\":\"ListItem\",\"position\":3,\"name\":\"Moiti\u00e9-Moiti\u00e9\"}]},{\"@type\":\"WebSite\",\"@id\":\"https:\/\/lire-ecrire-compter.com\/#website\",\"url\":\"https:\/\/lire-ecrire-compter.com\/\",\"name\":\"Lire \u00e9crire compter\",\"description\":\"Jouer pour apprendre\",\"potentialAction\":[{\"@type\":\"SearchAction\",\"target\":{\"@type\":\"EntryPoint\",\"urlTemplate\":\"https:\/\/lire-ecrire-compter.com\/?s={search_term_string}\"},\"query-input\":{\"@type\":\"PropertyValueSpecification\",\"valueRequired\":true,\"valueName\":\"search_term_string\"}}],\"inLanguage\":\"fr-FR\"}]}<\/script>\n<!-- \/ Yoast SEO plugin. -->","yoast_head_json":{"title":"Moiti\u00e9-Moiti\u00e9 - Lire \u00e9crire compter","description":"Ce jeu aide \u00e0 d\u00e9velopper la compr\u00e9hension en lecture en travaillant l'anticipation de la fin d'un mot, le maintien en m\u00e9moire d'informations et\u00a0 l'enrichissement du vocabulaire. Il aide \u00e0 la prise de conscience de m\u00e9canismes de lecture.","robots":{"index":"index","follow":"follow","max-snippet":"max-snippet:-1","max-image-preview":"max-image-preview:large","max-video-preview":"max-video-preview:-1"},"canonical":"https:\/\/lire-ecrire-compter.com\/?product=moitie-moitie","og_locale":"fr_FR","og_type":"article","og_title":"Moiti\u00e9-Moiti\u00e9 - Lire \u00e9crire compter","og_description":"Ce jeu aide \u00e0 d\u00e9velopper la compr\u00e9hension en lecture en travaillant l'anticipation de la fin d'un mot, le maintien en m\u00e9moire d'informations et\u00a0 l'enrichissement du vocabulaire. Il aide \u00e0 la prise de conscience de m\u00e9canismes de lecture.","og_url":"https:\/\/lire-ecrire-compter.com\/?product=moitie-moitie","og_site_name":"Lire \u00e9crire compter","article_modified_time":"2022-02-03T12:11:05+00:00","og_image":[{"width":1200,"height":1200,"url":"https:\/\/lire-ecrire-compter.com\/wp-content\/uploads\/2020\/02\/jeu-complet-scaled-e1576673058364.jpg","type":"image\/jpeg"}],"twitter_card":"summary_large_image","twitter_misc":{"Dur\u00e9e de lecture estim\u00e9e":"1 minute"},"schema":{"@context":"https:\/\/schema.org","@graph":[{"@type":"WebPage","@id":"https:\/\/lire-ecrire-compter.com\/?product=moitie-moitie","url":"https:\/\/lire-ecrire-compter.com\/?product=moitie-moitie","name":"Moiti\u00e9-Moiti\u00e9 - Lire \u00e9crire compter","isPartOf":{"@id":"https:\/\/lire-ecrire-compter.com\/#website"},"primaryImageOfPage":{"@id":"https:\/\/lire-ecrire-compter.com\/?product=moitie-moitie#primaryimage"},"image":{"@id":"https:\/\/lire-ecrire-compter.com\/?product=moitie-moitie#primaryimage"},"thumbnailUrl":"https:\/\/lire-ecrire-compter.com\/wp-content\/uploads\/2020\/02\/jeu-complet-scaled-e1576673058364.jpg","datePublished":"2020-03-06T09:51:51+00:00","dateModified":"2022-02-03T12:11:05+00:00","description":"Ce jeu aide \u00e0 d\u00e9velopper la compr\u00e9hension en lecture en travaillant l'anticipation de la fin d'un mot, le maintien en m\u00e9moire d'informations et\u00a0 l'enrichissement du vocabulaire. Il aide \u00e0 la prise de conscience de m\u00e9canismes de lecture.","breadcrumb":{"@id":"https:\/\/lire-ecrire-compter.com\/?product=moitie-moitie#breadcrumb"},"inLanguage":"fr-FR","potentialAction":[{"@type":"ReadAction","target":["https:\/\/lire-ecrire-compter.com\/?product=moitie-moitie"]}]},{"@type":"ImageObject","inLanguage":"fr-FR","@id":"https:\/\/lire-ecrire-compter.com\/?product=moitie-moitie#primaryimage","url":"https:\/\/lire-ecrire-compter.com\/wp-content\/uploads\/2020\/02\/jeu-complet-scaled-e1576673058364.jpg","contentUrl":"https:\/\/lire-ecrire-compter.com\/wp-content\/uploads\/2020\/02\/jeu-complet-scaled-e1576673058364.jpg","width":1200,"height":1200},{"@type":"BreadcrumbList","@id":"https:\/\/lire-ecrire-compter.com\/?product=moitie-moitie#breadcrumb","itemListElement":[{"@type":"ListItem","position":1,"name":"Accueil","item":"https:\/\/lire-ecrire-compter.com\/"},{"@type":"ListItem","position":2,"name":"La bo\u00eete \u00e0 jeux","item":"https:\/\/lire-ecrire-compter.com\/?page_id=747"},{"@type":"ListItem","position":3,"name":"Moiti\u00e9-Moiti\u00e9"}]},{"@type":"WebSite","@id":"https:\/\/lire-ecrire-compter.com\/#website","url":"https:\/\/lire-ecrire-compter.com\/","name":"Lire \u00e9crire compter","description":"Jouer pour apprendre","potentialAction":[{"@type":"SearchAction","target":{"@type":"EntryPoint","urlTemplate":"https:\/\/lire-ecrire-compter.com\/?s={search_term_string}"},"query-input":{"@type":"PropertyValueSpecification","valueRequired":true,"valueName":"search_term_string"}}],"inLanguage":"fr-FR"}]}},"_links":{"self":[{"href":"https:\/\/lire-ecrire-compter.com\/index.php?rest_route=\/wp\/v2\/product\/2093","targetHints":{"allow":["GET"]}}],"collection":[{"href":"https:\/\/lire-ecrire-compter.com\/index.php?rest_route=\/wp\/v2\/product"}],"about":[{"href":"https:\/\/lire-ecrire-compter.com\/index.php?rest_route=\/wp\/v2\/types\/product"}],"replies":[{"embeddable":true,"href":"https:\/\/lire-ecrire-compter.com\/index.php?rest_route=%2Fwp%2Fv2%2Fcomments&post=2093"}],"wp:featuredmedia":[{"embeddable":true,"href":"https:\/\/lire-ecrire-compter.com\/index.php?rest_route=\/wp\/v2\/media\/1033"}],"wp:attachment":[{"href":"https:\/\/lire-ecrire-compter.com\/index.php?rest_route=%2Fwp%2Fv2%2Fmedia&parent=2093"}],"wp:term":[{"taxonomy":"product_brand","embeddable":true,"href":"https:\/\/lire-ecrire-compter.com\/index.php?rest_route=%2Fwp%2Fv2%2Fproduct_brand&post=2093"},{"taxonomy":"product_cat","embeddable":true,"href":"https:\/\/lire-ecrire-compter.com\/index.php?rest_route=%2Fwp%2Fv2%2Fproduct_cat&post=2093"},{"taxonomy":"product_tag","embeddable":true,"href":"https:\/\/lire-ecrire-compter.com\/index.php?rest_route=%2Fwp%2Fv2%2Fproduct_tag&post=2093"}],"curies":[{"name":"wp","href":"https:\/\/api.w.org\/{rel}","templated":true}]}}