{"id":2092,"date":"2020-03-06T10:51:51","date_gmt":"2020-03-06T09:51:51","guid":{"rendered":"https:\/\/lire-ecrire-compter.com\/?product=import-placeholder-for-22429"},"modified":"2025-05-13T02:38:30","modified_gmt":"2025-05-13T00:38:30","slug":"le-crabe-aux-100-pattes","status":"publish","type":"product","link":"https:\/\/lire-ecrire-compter.com\/?product=le-crabe-aux-100-pattes","title":{"rendered":"LE CRABE AUX 100 PATTES"},"content":{"rendered":"<p><span style=\"color: #92d001;\"><strong>BUT DU JEU :<\/strong><\/span><br \/>\n<span style=\"color: #92d001;\">Dans ce jeu,<strong> apr\u00e8s avoir compt\u00e9 les empreintes de pas laiss\u00e9es sur le sable<\/strong> par l\u2019escargot (1 pied), l\u2019oiseau (2 pattes), le chien (4 pattes), la gu\u00eape (6 pattes) et l\u2019araign\u00e9e (8 pattes) il va falloir, <strong>troquer, \u00e9changer pour s\u2019emparer de 10 crabes \u00e0 10 pattes<\/strong> dont les empreintes m\u00e8nent \u00e0 la cachette du fameux \u00ab\u00a0crabe aux 100 pattes\u00a0\u00bb. Il n\u2019y en a qu\u2019un\u00a0: il faudra \u00eatre le premier pour gagner.<\/span><br \/>\n<span style=\"color: #92d001;\">Parfois, de bonnes surprises\u00a0: de nouvelles traces de pas d\u00e9couvertes derri\u00e8re un rocher\u00a0! Mais attention \u00e0 la mer qui en efface certaines\u2026.<\/span><\/p>\n<p><span style=\"color: #ff5b72;\"><strong>COMPOSITION :<\/strong><\/span><br \/>\n<span style=\"color: #ff5b72;\">Il est compos\u00e9 d&rsquo;un <strong>plateau de jeu<\/strong> , de <strong>3 d\u00e9s<\/strong> (1 d\u00e9 \u00ab\u00a0avancer\u00a0\u00bb, 1 d\u00e9 \u00ab\u00a0gain de traces de pattes\u00a0\u00bb, 1 d\u00e9 \u00ab\u00a0pertes de traces de pattes\u00a0\u00bb\u00a0, de <strong>6 pions<\/strong>, et de<strong> 196 cartes<\/strong>.<\/span><\/p>\n<p><span style=\"color: #46acbf;\"><strong>OBJECTIFS :<\/strong><\/span><br \/>\n<span style=\"color: #46acbf;\">Ce jeu aide \u00e0 la<strong> compr\u00e9hension du syst\u00e8me num\u00e9rique<\/strong>. Il travaille sur<strong> la dizaine<\/strong> et place l&rsquo;enfant dans des s<strong>ituations de groupements puis d&rsquo;\u00e9changes<\/strong>. Il sollicite<strong> le calcul de sommes et de diff\u00e9rences.<\/strong><\/span><\/p>\n","protected":false},"excerpt":{"rendered":"<p>BUT DU JEU : Dans ce jeu, apr\u00e8s avoir compt\u00e9 les empreintes de pas laiss\u00e9es sur le sable par l\u2019escargot (1 pied), l\u2019oiseau (2 pattes), le chien (4 pattes), la gu\u00eape (6 pattes) et l\u2019araign\u00e9e (8 pattes) il va falloir, troquer, \u00e9changer pour s\u2019emparer de&#8230;<\/p>\n","protected":false},"featured_media":2776,"comment_status":"open","ping_status":"closed","template":"","meta":{"give_campaign_id":0,"om_disable_all_campaigns":false,"_monsterinsights_skip_tracking":false,"_monsterinsights_sitenote_active":false,"_monsterinsights_sitenote_note":"","_monsterinsights_sitenote_category":0,"_uf_show_specific_survey":0,"_uf_disable_surveys":false},"product_brand":[],"product_cat":[156,147,100],"product_tag":[87,45,88],"class_list":{"0":"post-2092","1":"product","2":"type-product","3":"status-publish","4":"has-post-thumbnail","6":"product_cat-a-partir-du-ce1","7":"product_cat-jeux","8":"product_cat-jeux-autour-des-mathematiques","9":"product_tag-comprendre-le-systeme-numerique","10":"product_tag-compter","11":"product_tag-conceptualiser-la-dizaine","13":"first","14":"instock","15":"downloadable","16":"virtual","17":"purchasable","18":"product-type-simple"},"yoast_head":"<!-- This site is optimized with the Yoast SEO plugin v27.1.1 - https:\/\/yoast.com\/product\/yoast-seo-wordpress\/ -->\n<title>LE CRABE AUX 100 PATTES - Lire \u00e9crire compter<\/title>\n<meta name=\"description\" content=\"Ce jeu aide \u00e0 la compr\u00e9hension du syst\u00e8me num\u00e9rique. Il travaille sur la dizaine et place l&#039;enfant dans des situations de groupements puis d&#039;\u00e9changes. Il sollicite le calcul de sommes et de diff\u00e9rences.\" \/>\n<meta name=\"robots\" content=\"index, follow, max-snippet:-1, max-image-preview:large, max-video-preview:-1\" \/>\n<link rel=\"canonical\" href=\"https:\/\/lire-ecrire-compter.com\/?product=le-crabe-aux-100-pattes\" \/>\n<meta property=\"og:locale\" content=\"fr_FR\" \/>\n<meta property=\"og:type\" content=\"article\" \/>\n<meta property=\"og:title\" content=\"LE CRABE AUX 100 PATTES - Lire \u00e9crire compter\" \/>\n<meta property=\"og:description\" content=\"Ce jeu aide \u00e0 la compr\u00e9hension du syst\u00e8me num\u00e9rique. Il travaille sur la dizaine et place l&#039;enfant dans des situations de groupements puis d&#039;\u00e9changes. Il sollicite le calcul de sommes et de diff\u00e9rences.\" \/>\n<meta property=\"og:url\" content=\"https:\/\/lire-ecrire-compter.com\/?product=le-crabe-aux-100-pattes\" \/>\n<meta property=\"og:site_name\" content=\"Lire \u00e9crire compter\" \/>\n<meta property=\"article:modified_time\" content=\"2025-05-13T00:38:30+00:00\" \/>\n<meta property=\"og:image\" content=\"https:\/\/lire-ecrire-compter.com\/wp-content\/uploads\/2020\/03\/situation_jeu-e1574169412697-600x600-1.jpg\" \/>\n\t<meta property=\"og:image:width\" content=\"600\" \/>\n\t<meta property=\"og:image:height\" content=\"600\" \/>\n\t<meta property=\"og:image:type\" content=\"image\/jpeg\" \/>\n<meta name=\"twitter:card\" content=\"summary_large_image\" \/>\n<meta name=\"twitter:label1\" content=\"Dur\u00e9e de lecture estim\u00e9e\" \/>\n\t<meta name=\"twitter:data1\" content=\"1 minute\" \/>\n<script type=\"application\/ld+json\" class=\"yoast-schema-graph\">{\"@context\":\"https:\/\/schema.org\",\"@graph\":[{\"@type\":\"WebPage\",\"@id\":\"https:\/\/lire-ecrire-compter.com\/?product=le-crabe-aux-100-pattes\",\"url\":\"https:\/\/lire-ecrire-compter.com\/?product=le-crabe-aux-100-pattes\",\"name\":\"LE CRABE AUX 100 PATTES - Lire \u00e9crire compter\",\"isPartOf\":{\"@id\":\"https:\/\/lire-ecrire-compter.com\/#website\"},\"primaryImageOfPage\":{\"@id\":\"https:\/\/lire-ecrire-compter.com\/?product=le-crabe-aux-100-pattes#primaryimage\"},\"image\":{\"@id\":\"https:\/\/lire-ecrire-compter.com\/?product=le-crabe-aux-100-pattes#primaryimage\"},\"thumbnailUrl\":\"https:\/\/lire-ecrire-compter.com\/wp-content\/uploads\/2020\/03\/situation_jeu-e1574169412697-600x600-1.jpg\",\"datePublished\":\"2020-03-06T09:51:51+00:00\",\"dateModified\":\"2025-05-13T00:38:30+00:00\",\"description\":\"Ce jeu aide \u00e0 la compr\u00e9hension du syst\u00e8me num\u00e9rique. Il travaille sur la dizaine et place l'enfant dans des situations de groupements puis d'\u00e9changes. Il sollicite le calcul de sommes et de diff\u00e9rences.\",\"breadcrumb\":{\"@id\":\"https:\/\/lire-ecrire-compter.com\/?product=le-crabe-aux-100-pattes#breadcrumb\"},\"inLanguage\":\"fr-FR\",\"potentialAction\":[{\"@type\":\"ReadAction\",\"target\":[\"https:\/\/lire-ecrire-compter.com\/?product=le-crabe-aux-100-pattes\"]}]},{\"@type\":\"ImageObject\",\"inLanguage\":\"fr-FR\",\"@id\":\"https:\/\/lire-ecrire-compter.com\/?product=le-crabe-aux-100-pattes#primaryimage\",\"url\":\"https:\/\/lire-ecrire-compter.com\/wp-content\/uploads\/2020\/03\/situation_jeu-e1574169412697-600x600-1.jpg\",\"contentUrl\":\"https:\/\/lire-ecrire-compter.com\/wp-content\/uploads\/2020\/03\/situation_jeu-e1574169412697-600x600-1.jpg\",\"width\":600,\"height\":600},{\"@type\":\"BreadcrumbList\",\"@id\":\"https:\/\/lire-ecrire-compter.com\/?product=le-crabe-aux-100-pattes#breadcrumb\",\"itemListElement\":[{\"@type\":\"ListItem\",\"position\":1,\"name\":\"Accueil\",\"item\":\"https:\/\/lire-ecrire-compter.com\/\"},{\"@type\":\"ListItem\",\"position\":2,\"name\":\"La bo\u00eete \u00e0 jeux\",\"item\":\"https:\/\/lire-ecrire-compter.com\/?page_id=747\"},{\"@type\":\"ListItem\",\"position\":3,\"name\":\"LE CRABE AUX 100 PATTES\"}]},{\"@type\":\"WebSite\",\"@id\":\"https:\/\/lire-ecrire-compter.com\/#website\",\"url\":\"https:\/\/lire-ecrire-compter.com\/\",\"name\":\"Lire \u00e9crire compter\",\"description\":\"Jouer pour apprendre\",\"potentialAction\":[{\"@type\":\"SearchAction\",\"target\":{\"@type\":\"EntryPoint\",\"urlTemplate\":\"https:\/\/lire-ecrire-compter.com\/?s={search_term_string}\"},\"query-input\":{\"@type\":\"PropertyValueSpecification\",\"valueRequired\":true,\"valueName\":\"search_term_string\"}}],\"inLanguage\":\"fr-FR\"}]}<\/script>\n<!-- \/ Yoast SEO plugin. -->","yoast_head_json":{"title":"LE CRABE AUX 100 PATTES - Lire \u00e9crire compter","description":"Ce jeu aide \u00e0 la compr\u00e9hension du syst\u00e8me num\u00e9rique. Il travaille sur la dizaine et place l'enfant dans des situations de groupements puis d'\u00e9changes. Il sollicite le calcul de sommes et de diff\u00e9rences.","robots":{"index":"index","follow":"follow","max-snippet":"max-snippet:-1","max-image-preview":"max-image-preview:large","max-video-preview":"max-video-preview:-1"},"canonical":"https:\/\/lire-ecrire-compter.com\/?product=le-crabe-aux-100-pattes","og_locale":"fr_FR","og_type":"article","og_title":"LE CRABE AUX 100 PATTES - Lire \u00e9crire compter","og_description":"Ce jeu aide \u00e0 la compr\u00e9hension du syst\u00e8me num\u00e9rique. Il travaille sur la dizaine et place l'enfant dans des situations de groupements puis d'\u00e9changes. Il sollicite le calcul de sommes et de diff\u00e9rences.","og_url":"https:\/\/lire-ecrire-compter.com\/?product=le-crabe-aux-100-pattes","og_site_name":"Lire \u00e9crire compter","article_modified_time":"2025-05-13T00:38:30+00:00","og_image":[{"width":600,"height":600,"url":"https:\/\/lire-ecrire-compter.com\/wp-content\/uploads\/2020\/03\/situation_jeu-e1574169412697-600x600-1.jpg","type":"image\/jpeg"}],"twitter_card":"summary_large_image","twitter_misc":{"Dur\u00e9e de lecture estim\u00e9e":"1 minute"},"schema":{"@context":"https:\/\/schema.org","@graph":[{"@type":"WebPage","@id":"https:\/\/lire-ecrire-compter.com\/?product=le-crabe-aux-100-pattes","url":"https:\/\/lire-ecrire-compter.com\/?product=le-crabe-aux-100-pattes","name":"LE CRABE AUX 100 PATTES - Lire \u00e9crire compter","isPartOf":{"@id":"https:\/\/lire-ecrire-compter.com\/#website"},"primaryImageOfPage":{"@id":"https:\/\/lire-ecrire-compter.com\/?product=le-crabe-aux-100-pattes#primaryimage"},"image":{"@id":"https:\/\/lire-ecrire-compter.com\/?product=le-crabe-aux-100-pattes#primaryimage"},"thumbnailUrl":"https:\/\/lire-ecrire-compter.com\/wp-content\/uploads\/2020\/03\/situation_jeu-e1574169412697-600x600-1.jpg","datePublished":"2020-03-06T09:51:51+00:00","dateModified":"2025-05-13T00:38:30+00:00","description":"Ce jeu aide \u00e0 la compr\u00e9hension du syst\u00e8me num\u00e9rique. Il travaille sur la dizaine et place l'enfant dans des situations de groupements puis d'\u00e9changes. Il sollicite le calcul de sommes et de diff\u00e9rences.","breadcrumb":{"@id":"https:\/\/lire-ecrire-compter.com\/?product=le-crabe-aux-100-pattes#breadcrumb"},"inLanguage":"fr-FR","potentialAction":[{"@type":"ReadAction","target":["https:\/\/lire-ecrire-compter.com\/?product=le-crabe-aux-100-pattes"]}]},{"@type":"ImageObject","inLanguage":"fr-FR","@id":"https:\/\/lire-ecrire-compter.com\/?product=le-crabe-aux-100-pattes#primaryimage","url":"https:\/\/lire-ecrire-compter.com\/wp-content\/uploads\/2020\/03\/situation_jeu-e1574169412697-600x600-1.jpg","contentUrl":"https:\/\/lire-ecrire-compter.com\/wp-content\/uploads\/2020\/03\/situation_jeu-e1574169412697-600x600-1.jpg","width":600,"height":600},{"@type":"BreadcrumbList","@id":"https:\/\/lire-ecrire-compter.com\/?product=le-crabe-aux-100-pattes#breadcrumb","itemListElement":[{"@type":"ListItem","position":1,"name":"Accueil","item":"https:\/\/lire-ecrire-compter.com\/"},{"@type":"ListItem","position":2,"name":"La bo\u00eete \u00e0 jeux","item":"https:\/\/lire-ecrire-compter.com\/?page_id=747"},{"@type":"ListItem","position":3,"name":"LE CRABE AUX 100 PATTES"}]},{"@type":"WebSite","@id":"https:\/\/lire-ecrire-compter.com\/#website","url":"https:\/\/lire-ecrire-compter.com\/","name":"Lire \u00e9crire compter","description":"Jouer pour apprendre","potentialAction":[{"@type":"SearchAction","target":{"@type":"EntryPoint","urlTemplate":"https:\/\/lire-ecrire-compter.com\/?s={search_term_string}"},"query-input":{"@type":"PropertyValueSpecification","valueRequired":true,"valueName":"search_term_string"}}],"inLanguage":"fr-FR"}]}},"_links":{"self":[{"href":"https:\/\/lire-ecrire-compter.com\/index.php?rest_route=\/wp\/v2\/product\/2092","targetHints":{"allow":["GET"]}}],"collection":[{"href":"https:\/\/lire-ecrire-compter.com\/index.php?rest_route=\/wp\/v2\/product"}],"about":[{"href":"https:\/\/lire-ecrire-compter.com\/index.php?rest_route=\/wp\/v2\/types\/product"}],"replies":[{"embeddable":true,"href":"https:\/\/lire-ecrire-compter.com\/index.php?rest_route=%2Fwp%2Fv2%2Fcomments&post=2092"}],"wp:featuredmedia":[{"embeddable":true,"href":"https:\/\/lire-ecrire-compter.com\/index.php?rest_route=\/wp\/v2\/media\/2776"}],"wp:attachment":[{"href":"https:\/\/lire-ecrire-compter.com\/index.php?rest_route=%2Fwp%2Fv2%2Fmedia&parent=2092"}],"wp:term":[{"taxonomy":"product_brand","embeddable":true,"href":"https:\/\/lire-ecrire-compter.com\/index.php?rest_route=%2Fwp%2Fv2%2Fproduct_brand&post=2092"},{"taxonomy":"product_cat","embeddable":true,"href":"https:\/\/lire-ecrire-compter.com\/index.php?rest_route=%2Fwp%2Fv2%2Fproduct_cat&post=2092"},{"taxonomy":"product_tag","embeddable":true,"href":"https:\/\/lire-ecrire-compter.com\/index.php?rest_route=%2Fwp%2Fv2%2Fproduct_tag&post=2092"}],"curies":[{"name":"wp","href":"https:\/\/api.w.org\/{rel}","templated":true}]}}