{"id":2091,"date":"2020-03-06T10:51:51","date_gmt":"2020-03-06T09:51:51","guid":{"rendered":"https:\/\/lire-ecrire-compter.com\/?product=import-placeholder-for-21074"},"modified":"2022-02-03T12:41:03","modified_gmt":"2022-02-03T11:41:03","slug":"en-3-coups","status":"publish","type":"product","link":"https:\/\/lire-ecrire-compter.com\/?product=en-3-coups","title":{"rendered":"En 3 coups !"},"content":{"rendered":"<p><span style=\"color: #92d001;\"><strong>BUT DU JEU<br \/>\n\u00c0 l&rsquo;aide de 3 d\u00e9s<\/strong> \u00ab\u00a0voyelles, consonnes, consonnes\u00a0\u00bb,\u00a0 <strong>former 5 syllabes de 3 lettres<\/strong> correspondant \u00e0 celles mises en \u00e9vidence dans 5 mots \u00e9crits sur des cartes. Chaque fois qu&rsquo;un joueur peut \u00e9crire une syllabe avec ses d\u00e9s, il peut se d\u00e9fausser de la \u00ab\u00a0carte-mot\u00a0\u00bb lui correspondant. Le premier joueur \u00e0 s&rsquo;\u00eatre d\u00e9barrass\u00e9 de ses 5 cartes a gagn\u00e9.<\/span><\/p>\n<p><span style=\"color: #ff5b72;\"><strong>COMPOSITION<\/strong><\/span><br \/>\n<span style=\"color: #ff5b72;\"><strong>Il est compos\u00e9 <\/strong>de <strong>136 cartes-mots :\u00a0<\/strong><strong>9<\/strong> avec la syllabe <strong>car<\/strong>, <strong>3<\/strong> avec <strong>cra<\/strong>, <strong>2<\/strong> avec <strong>arc<\/strong>, <strong>13<\/strong> avec <strong>cor<\/strong>, <strong>7<\/strong> avec <strong>cro<\/strong>, <strong>7<\/strong> avec <strong>cal<\/strong>, <strong>7<\/strong> avec <strong>cla<\/strong>, <strong>1<\/strong> avec <strong>lac<\/strong>, <strong>2<\/strong> avec <strong>col<\/strong>, <strong>2<\/strong> avec <strong>clo<\/strong>, <strong>10<\/strong> avec <strong>par<\/strong>, <strong>10<\/strong> avec <strong>por<\/strong>, <strong>7<\/strong> avec <strong>pro<\/strong>, <strong>3<\/strong> avec <strong>plo<\/strong>, <strong>11<\/strong> avec <strong>pla<\/strong>, <strong>2<\/strong> avec <strong>pal<\/strong>, <strong>7<\/strong> avec <strong>tar<\/strong>, <strong>8<\/strong> avec <strong>tra<\/strong>, <strong>10<\/strong> avec <strong>tor<\/strong>, <strong>9<\/strong> avec <strong>tro<\/strong> et <strong>6<\/strong> avec <strong>tal<\/strong> et<strong> 3 d\u00e9s : <\/strong>l\u2019un avec<strong> les consonnes \u00ab\u00a0c, t, p\u00a0\u00bb, <\/strong>l\u2019autre avec<strong> les consonnes \u00ab\u00a0r, l\u00a0\u00bb <\/strong>et le troisi\u00e8me avec<strong> les voyelles \u00ab\u00a0a, o\u00a0\u00bb. <\/strong>Une ligne de pointill\u00e9s signale l\u2019orientation de chaque face pour l\u2019identification de la lettre concern\u00e9e.<\/span><\/p>\n<p><span style=\"color: #46acbf;\"><strong>OBJECTIFS<br \/>\n<\/strong>Ce jeu travaille l<strong>&lsquo;encodage des syllabes complexes<\/strong> et les<strong> inversions dans les groupes consonantiques en l et r<\/strong>. Il aide \u00e0 <strong>diff\u00e9rencier les syllabes<\/strong> prolong\u00e9es C+V+C des syllabes pr\u00e9c\u00e9d\u00e9es C+C+V. Le grand nombre de cartes illustr\u00e9es permet un <strong>enrichissement du vocabulaire<\/strong> et \u00e9vite la redondance dans les situations de jeu.<\/span><\/p>\n<p>&nbsp;<\/p>\n","protected":false},"excerpt":{"rendered":"<p>BUT DU JEU \u00c0 l&rsquo;aide de 3 d\u00e9s \u00ab\u00a0voyelles, consonnes, consonnes\u00a0\u00bb,\u00a0 former 5 syllabes de 3 lettres correspondant \u00e0 celles mises en \u00e9vidence dans 5 mots \u00e9crits sur des cartes. Chaque fois qu&rsquo;un joueur peut \u00e9crire une syllabe avec ses d\u00e9s, il peut se d\u00e9fausser&#8230;<\/p>\n","protected":false},"featured_media":1019,"comment_status":"open","ping_status":"closed","template":"","meta":{"give_campaign_id":0,"om_disable_all_campaigns":false,"_monsterinsights_skip_tracking":false,"_monsterinsights_sitenote_active":false,"_monsterinsights_sitenote_note":"","_monsterinsights_sitenote_category":0,"_uf_show_specific_survey":0,"_uf_disable_surveys":false},"product_brand":[],"product_cat":[116,106,147,98],"product_tag":[110,133,134,111,123],"class_list":{"0":"post-2091","1":"product","2":"type-product","3":"status-publish","4":"has-post-thumbnail","6":"product_cat-ce1","7":"product_cat-cp","8":"product_cat-jeux","9":"product_cat-jeux-autour-de-la-lecture","10":"product_tag-construire-le-principe-alphabetique","11":"product_tag-discriminer-les-lettres-visuellement-proches","12":"product_tag-discriminer-les-sons-proches","13":"product_tag-encoder-et-decoder-des-syllabes-ou-des-mots","14":"product_tag-enrichir-le-vocabulaire","16":"first","17":"instock","18":"downloadable","19":"virtual","20":"purchasable","21":"product-type-simple"},"yoast_head":"<!-- This site is optimized with the Yoast SEO plugin v27.1.1 - https:\/\/yoast.com\/product\/yoast-seo-wordpress\/ -->\n<title>En 3 coups ! - Lire \u00e9crire compter<\/title>\n<meta name=\"description\" content=\"Ce jeu travaille l&#039;encodage des syllabes complexes et les inversions dans les groupes consonantiques en l et r. Il aide \u00e0 diff\u00e9rencier les syllabes prolong\u00e9es C+V+C des syllabes pr\u00e9c\u00e9d\u00e9es C+C+V. Le grand nombre de cartes illustr\u00e9es permet un enrichissement du vocabulaire et \u00e9vite la redondance dans les situations de jeu.\" \/>\n<meta name=\"robots\" content=\"index, follow, max-snippet:-1, max-image-preview:large, max-video-preview:-1\" \/>\n<link rel=\"canonical\" href=\"https:\/\/lire-ecrire-compter.com\/?product=en-3-coups\" \/>\n<meta property=\"og:locale\" content=\"fr_FR\" \/>\n<meta property=\"og:type\" content=\"article\" \/>\n<meta property=\"og:title\" content=\"En 3 coups ! - Lire \u00e9crire compter\" \/>\n<meta property=\"og:description\" content=\"Ce jeu travaille l&#039;encodage des syllabes complexes et les inversions dans les groupes consonantiques en l et r. Il aide \u00e0 diff\u00e9rencier les syllabes prolong\u00e9es C+V+C des syllabes pr\u00e9c\u00e9d\u00e9es C+C+V. Le grand nombre de cartes illustr\u00e9es permet un enrichissement du vocabulaire et \u00e9vite la redondance dans les situations de jeu.\" \/>\n<meta property=\"og:url\" content=\"https:\/\/lire-ecrire-compter.com\/?product=en-3-coups\" \/>\n<meta property=\"og:site_name\" content=\"Lire \u00e9crire compter\" \/>\n<meta property=\"article:modified_time\" content=\"2022-02-03T11:41:03+00:00\" \/>\n<meta property=\"og:image\" content=\"https:\/\/lire-ecrire-compter.com\/wp-content\/uploads\/2020\/02\/jeu-complet-e1574169199752.jpg\" \/>\n\t<meta property=\"og:image:width\" content=\"1400\" \/>\n\t<meta property=\"og:image:height\" content=\"1050\" \/>\n\t<meta property=\"og:image:type\" content=\"image\/jpeg\" \/>\n<meta name=\"twitter:card\" content=\"summary_large_image\" \/>\n<meta name=\"twitter:label1\" content=\"Dur\u00e9e de lecture estim\u00e9e\" \/>\n\t<meta name=\"twitter:data1\" content=\"1 minute\" \/>\n<script type=\"application\/ld+json\" class=\"yoast-schema-graph\">{\"@context\":\"https:\/\/schema.org\",\"@graph\":[{\"@type\":\"WebPage\",\"@id\":\"https:\/\/lire-ecrire-compter.com\/?product=en-3-coups\",\"url\":\"https:\/\/lire-ecrire-compter.com\/?product=en-3-coups\",\"name\":\"En 3 coups ! - Lire \u00e9crire compter\",\"isPartOf\":{\"@id\":\"https:\/\/lire-ecrire-compter.com\/#website\"},\"primaryImageOfPage\":{\"@id\":\"https:\/\/lire-ecrire-compter.com\/?product=en-3-coups#primaryimage\"},\"image\":{\"@id\":\"https:\/\/lire-ecrire-compter.com\/?product=en-3-coups#primaryimage\"},\"thumbnailUrl\":\"https:\/\/lire-ecrire-compter.com\/wp-content\/uploads\/2020\/02\/jeu-complet-e1574169199752.jpg\",\"datePublished\":\"2020-03-06T09:51:51+00:00\",\"dateModified\":\"2022-02-03T11:41:03+00:00\",\"description\":\"Ce jeu travaille l'encodage des syllabes complexes et les inversions dans les groupes consonantiques en l et r. Il aide \u00e0 diff\u00e9rencier les syllabes prolong\u00e9es C+V+C des syllabes pr\u00e9c\u00e9d\u00e9es C+C+V. Le grand nombre de cartes illustr\u00e9es permet un enrichissement du vocabulaire et \u00e9vite la redondance dans les situations de jeu.\",\"breadcrumb\":{\"@id\":\"https:\/\/lire-ecrire-compter.com\/?product=en-3-coups#breadcrumb\"},\"inLanguage\":\"fr-FR\",\"potentialAction\":[{\"@type\":\"ReadAction\",\"target\":[\"https:\/\/lire-ecrire-compter.com\/?product=en-3-coups\"]}]},{\"@type\":\"ImageObject\",\"inLanguage\":\"fr-FR\",\"@id\":\"https:\/\/lire-ecrire-compter.com\/?product=en-3-coups#primaryimage\",\"url\":\"https:\/\/lire-ecrire-compter.com\/wp-content\/uploads\/2020\/02\/jeu-complet-e1574169199752.jpg\",\"contentUrl\":\"https:\/\/lire-ecrire-compter.com\/wp-content\/uploads\/2020\/02\/jeu-complet-e1574169199752.jpg\",\"width\":1400,\"height\":1050},{\"@type\":\"BreadcrumbList\",\"@id\":\"https:\/\/lire-ecrire-compter.com\/?product=en-3-coups#breadcrumb\",\"itemListElement\":[{\"@type\":\"ListItem\",\"position\":1,\"name\":\"Accueil\",\"item\":\"https:\/\/lire-ecrire-compter.com\/\"},{\"@type\":\"ListItem\",\"position\":2,\"name\":\"La bo\u00eete \u00e0 jeux\",\"item\":\"https:\/\/lire-ecrire-compter.com\/?page_id=747\"},{\"@type\":\"ListItem\",\"position\":3,\"name\":\"En 3 coups !\"}]},{\"@type\":\"WebSite\",\"@id\":\"https:\/\/lire-ecrire-compter.com\/#website\",\"url\":\"https:\/\/lire-ecrire-compter.com\/\",\"name\":\"Lire \u00e9crire compter\",\"description\":\"Jouer pour apprendre\",\"potentialAction\":[{\"@type\":\"SearchAction\",\"target\":{\"@type\":\"EntryPoint\",\"urlTemplate\":\"https:\/\/lire-ecrire-compter.com\/?s={search_term_string}\"},\"query-input\":{\"@type\":\"PropertyValueSpecification\",\"valueRequired\":true,\"valueName\":\"search_term_string\"}}],\"inLanguage\":\"fr-FR\"}]}<\/script>\n<!-- \/ Yoast SEO plugin. -->","yoast_head_json":{"title":"En 3 coups ! - Lire \u00e9crire compter","description":"Ce jeu travaille l'encodage des syllabes complexes et les inversions dans les groupes consonantiques en l et r. Il aide \u00e0 diff\u00e9rencier les syllabes prolong\u00e9es C+V+C des syllabes pr\u00e9c\u00e9d\u00e9es C+C+V. Le grand nombre de cartes illustr\u00e9es permet un enrichissement du vocabulaire et \u00e9vite la redondance dans les situations de jeu.","robots":{"index":"index","follow":"follow","max-snippet":"max-snippet:-1","max-image-preview":"max-image-preview:large","max-video-preview":"max-video-preview:-1"},"canonical":"https:\/\/lire-ecrire-compter.com\/?product=en-3-coups","og_locale":"fr_FR","og_type":"article","og_title":"En 3 coups ! - Lire \u00e9crire compter","og_description":"Ce jeu travaille l'encodage des syllabes complexes et les inversions dans les groupes consonantiques en l et r. Il aide \u00e0 diff\u00e9rencier les syllabes prolong\u00e9es C+V+C des syllabes pr\u00e9c\u00e9d\u00e9es C+C+V. Le grand nombre de cartes illustr\u00e9es permet un enrichissement du vocabulaire et \u00e9vite la redondance dans les situations de jeu.","og_url":"https:\/\/lire-ecrire-compter.com\/?product=en-3-coups","og_site_name":"Lire \u00e9crire compter","article_modified_time":"2022-02-03T11:41:03+00:00","og_image":[{"width":1400,"height":1050,"url":"https:\/\/lire-ecrire-compter.com\/wp-content\/uploads\/2020\/02\/jeu-complet-e1574169199752.jpg","type":"image\/jpeg"}],"twitter_card":"summary_large_image","twitter_misc":{"Dur\u00e9e de lecture estim\u00e9e":"1 minute"},"schema":{"@context":"https:\/\/schema.org","@graph":[{"@type":"WebPage","@id":"https:\/\/lire-ecrire-compter.com\/?product=en-3-coups","url":"https:\/\/lire-ecrire-compter.com\/?product=en-3-coups","name":"En 3 coups ! - Lire \u00e9crire compter","isPartOf":{"@id":"https:\/\/lire-ecrire-compter.com\/#website"},"primaryImageOfPage":{"@id":"https:\/\/lire-ecrire-compter.com\/?product=en-3-coups#primaryimage"},"image":{"@id":"https:\/\/lire-ecrire-compter.com\/?product=en-3-coups#primaryimage"},"thumbnailUrl":"https:\/\/lire-ecrire-compter.com\/wp-content\/uploads\/2020\/02\/jeu-complet-e1574169199752.jpg","datePublished":"2020-03-06T09:51:51+00:00","dateModified":"2022-02-03T11:41:03+00:00","description":"Ce jeu travaille l'encodage des syllabes complexes et les inversions dans les groupes consonantiques en l et r. Il aide \u00e0 diff\u00e9rencier les syllabes prolong\u00e9es C+V+C des syllabes pr\u00e9c\u00e9d\u00e9es C+C+V. Le grand nombre de cartes illustr\u00e9es permet un enrichissement du vocabulaire et \u00e9vite la redondance dans les situations de jeu.","breadcrumb":{"@id":"https:\/\/lire-ecrire-compter.com\/?product=en-3-coups#breadcrumb"},"inLanguage":"fr-FR","potentialAction":[{"@type":"ReadAction","target":["https:\/\/lire-ecrire-compter.com\/?product=en-3-coups"]}]},{"@type":"ImageObject","inLanguage":"fr-FR","@id":"https:\/\/lire-ecrire-compter.com\/?product=en-3-coups#primaryimage","url":"https:\/\/lire-ecrire-compter.com\/wp-content\/uploads\/2020\/02\/jeu-complet-e1574169199752.jpg","contentUrl":"https:\/\/lire-ecrire-compter.com\/wp-content\/uploads\/2020\/02\/jeu-complet-e1574169199752.jpg","width":1400,"height":1050},{"@type":"BreadcrumbList","@id":"https:\/\/lire-ecrire-compter.com\/?product=en-3-coups#breadcrumb","itemListElement":[{"@type":"ListItem","position":1,"name":"Accueil","item":"https:\/\/lire-ecrire-compter.com\/"},{"@type":"ListItem","position":2,"name":"La bo\u00eete \u00e0 jeux","item":"https:\/\/lire-ecrire-compter.com\/?page_id=747"},{"@type":"ListItem","position":3,"name":"En 3 coups !"}]},{"@type":"WebSite","@id":"https:\/\/lire-ecrire-compter.com\/#website","url":"https:\/\/lire-ecrire-compter.com\/","name":"Lire \u00e9crire compter","description":"Jouer pour apprendre","potentialAction":[{"@type":"SearchAction","target":{"@type":"EntryPoint","urlTemplate":"https:\/\/lire-ecrire-compter.com\/?s={search_term_string}"},"query-input":{"@type":"PropertyValueSpecification","valueRequired":true,"valueName":"search_term_string"}}],"inLanguage":"fr-FR"}]}},"_links":{"self":[{"href":"https:\/\/lire-ecrire-compter.com\/index.php?rest_route=\/wp\/v2\/product\/2091","targetHints":{"allow":["GET"]}}],"collection":[{"href":"https:\/\/lire-ecrire-compter.com\/index.php?rest_route=\/wp\/v2\/product"}],"about":[{"href":"https:\/\/lire-ecrire-compter.com\/index.php?rest_route=\/wp\/v2\/types\/product"}],"replies":[{"embeddable":true,"href":"https:\/\/lire-ecrire-compter.com\/index.php?rest_route=%2Fwp%2Fv2%2Fcomments&post=2091"}],"wp:featuredmedia":[{"embeddable":true,"href":"https:\/\/lire-ecrire-compter.com\/index.php?rest_route=\/wp\/v2\/media\/1019"}],"wp:attachment":[{"href":"https:\/\/lire-ecrire-compter.com\/index.php?rest_route=%2Fwp%2Fv2%2Fmedia&parent=2091"}],"wp:term":[{"taxonomy":"product_brand","embeddable":true,"href":"https:\/\/lire-ecrire-compter.com\/index.php?rest_route=%2Fwp%2Fv2%2Fproduct_brand&post=2091"},{"taxonomy":"product_cat","embeddable":true,"href":"https:\/\/lire-ecrire-compter.com\/index.php?rest_route=%2Fwp%2Fv2%2Fproduct_cat&post=2091"},{"taxonomy":"product_tag","embeddable":true,"href":"https:\/\/lire-ecrire-compter.com\/index.php?rest_route=%2Fwp%2Fv2%2Fproduct_tag&post=2091"}],"curies":[{"name":"wp","href":"https:\/\/api.w.org\/{rel}","templated":true}]}}