{"id":2090,"date":"2020-03-06T10:51:51","date_gmt":"2020-03-06T09:51:51","guid":{"rendered":"https:\/\/lire-ecrire-compter.com\/?product=import-placeholder-for-19423"},"modified":"2022-06-20T08:53:40","modified_gmt":"2022-06-20T06:53:40","slug":"dominos-des-10-et-des-15","status":"publish","type":"product","link":"https:\/\/lire-ecrire-compter.com\/?product=dominos-des-10-et-des-15","title":{"rendered":"Dominos des 10 et des 15"},"content":{"rendered":"<p><span style=\"color: #92d001;\"><strong>BUT DU JEU :<\/strong><\/span><br \/>\n<span style=\"color: #92d001;\"><strong>\u00catre le premier \u00e0 avoir pos\u00e9 tous ses dominos<\/strong>. Il s&rsquo;agit d&rsquo;<strong>associer deux nombres<\/strong> dont la <strong>somme<\/strong> est <strong>\u00e9gale \u00e0 10 ou \u00e0 15<\/strong>.<br \/>\n<\/span><\/p>\n<p><span style=\"color: #ff5b72;\"><strong>COMPOSITION :<\/strong><\/span><br \/>\n<span style=\"color: #ff5b72;\">Il est compos\u00e9 de <strong>2 s\u00e9ries <\/strong>de<strong> 35 dominos<\/strong><em> : une s\u00e9rie \u00ab\u00a0faire 10\u00a0\u00bb et une s\u00e9rie \u00ab\u00a0faire 15\u00a0\u00bb.<\/em><\/span><\/p>\n<p><span style=\"color: #46acbf;\"><strong>OBJECTIFS :<br \/>\n<\/strong>Travailler les <strong>d\u00e9compositions additive<\/strong>s et les <strong>compl\u00e9ments \u00e0 10 et 15<\/strong>.<\/span><\/p>\n<p>&nbsp;<\/p>\n<p>&nbsp;<\/p>\n","protected":false},"excerpt":{"rendered":"<p>BUT DU JEU : \u00catre le premier \u00e0 avoir pos\u00e9 tous ses dominos. Il s&rsquo;agit d&rsquo;associer deux nombres dont la somme est \u00e9gale \u00e0 10 ou \u00e0 15. COMPOSITION : Il est compos\u00e9 de 2 s\u00e9ries de 35 dominos : une s\u00e9rie \u00ab\u00a0faire 10\u00a0\u00bb et&#8230;<\/p>\n","protected":false},"featured_media":1015,"comment_status":"open","ping_status":"closed","template":"","meta":{"give_campaign_id":0,"om_disable_all_campaigns":false,"_monsterinsights_skip_tracking":false,"_monsterinsights_sitenote_active":false,"_monsterinsights_sitenote_note":"","_monsterinsights_sitenote_category":0,"_uf_show_specific_survey":0,"_uf_disable_surveys":false},"product_brand":[],"product_cat":[156,155,147,100],"product_tag":[84,119],"class_list":{"0":"post-2090","1":"product","2":"type-product","3":"status-publish","4":"has-post-thumbnail","6":"product_cat-a-partir-du-ce1","7":"product_cat-a-partir-du-cp","8":"product_cat-jeux","9":"product_cat-jeux-autour-des-mathematiques","10":"product_tag-calculer-une-somme-ou-une-difference","11":"product_tag-memoriser-les-complements-a-10","13":"first","14":"instock","15":"downloadable","16":"virtual","17":"purchasable","18":"product-type-simple"},"yoast_head":"<!-- This site is optimized with the Yoast SEO plugin v27.1.1 - https:\/\/yoast.com\/product\/yoast-seo-wordpress\/ -->\n<title>Dominos des 10 et des 15 - Lire \u00e9crire compter<\/title>\n<meta name=\"description\" content=\"Un jeu de dominos pour travailler les d\u00e9compositions additives et les compl\u00e9ments \u00e0 10 et 15.\" \/>\n<meta name=\"robots\" content=\"index, follow, max-snippet:-1, max-image-preview:large, max-video-preview:-1\" \/>\n<link rel=\"canonical\" href=\"https:\/\/lire-ecrire-compter.com\/?product=dominos-des-10-et-des-15\" \/>\n<meta property=\"og:locale\" content=\"fr_FR\" \/>\n<meta property=\"og:type\" content=\"article\" \/>\n<meta property=\"og:title\" content=\"Dominos des 10 et des 15 - Lire \u00e9crire compter\" \/>\n<meta property=\"og:description\" content=\"Un jeu de dominos pour travailler les d\u00e9compositions additives et les compl\u00e9ments \u00e0 10 et 15.\" \/>\n<meta property=\"og:url\" content=\"https:\/\/lire-ecrire-compter.com\/?product=dominos-des-10-et-des-15\" \/>\n<meta property=\"og:site_name\" content=\"Lire \u00e9crire compter\" \/>\n<meta property=\"article:modified_time\" content=\"2022-06-20T06:53:40+00:00\" \/>\n<meta property=\"og:image\" content=\"https:\/\/lire-ecrire-compter.com\/wp-content\/uploads\/2020\/02\/IMG_5466-e1574169087416.jpg\" \/>\n\t<meta property=\"og:image:width\" content=\"1200\" \/>\n\t<meta property=\"og:image:height\" content=\"804\" \/>\n\t<meta property=\"og:image:type\" content=\"image\/jpeg\" \/>\n<meta name=\"twitter:card\" content=\"summary_large_image\" \/>\n<script type=\"application\/ld+json\" class=\"yoast-schema-graph\">{\"@context\":\"https:\/\/schema.org\",\"@graph\":[{\"@type\":\"WebPage\",\"@id\":\"https:\/\/lire-ecrire-compter.com\/?product=dominos-des-10-et-des-15\",\"url\":\"https:\/\/lire-ecrire-compter.com\/?product=dominos-des-10-et-des-15\",\"name\":\"Dominos des 10 et des 15 - Lire \u00e9crire compter\",\"isPartOf\":{\"@id\":\"https:\/\/lire-ecrire-compter.com\/#website\"},\"primaryImageOfPage\":{\"@id\":\"https:\/\/lire-ecrire-compter.com\/?product=dominos-des-10-et-des-15#primaryimage\"},\"image\":{\"@id\":\"https:\/\/lire-ecrire-compter.com\/?product=dominos-des-10-et-des-15#primaryimage\"},\"thumbnailUrl\":\"https:\/\/lire-ecrire-compter.com\/wp-content\/uploads\/2020\/02\/IMG_5466-e1574169087416.jpg\",\"datePublished\":\"2020-03-06T09:51:51+00:00\",\"dateModified\":\"2022-06-20T06:53:40+00:00\",\"description\":\"Un jeu de dominos pour travailler les d\u00e9compositions additives et les compl\u00e9ments \u00e0 10 et 15.\",\"breadcrumb\":{\"@id\":\"https:\/\/lire-ecrire-compter.com\/?product=dominos-des-10-et-des-15#breadcrumb\"},\"inLanguage\":\"fr-FR\",\"potentialAction\":[{\"@type\":\"ReadAction\",\"target\":[\"https:\/\/lire-ecrire-compter.com\/?product=dominos-des-10-et-des-15\"]}]},{\"@type\":\"ImageObject\",\"inLanguage\":\"fr-FR\",\"@id\":\"https:\/\/lire-ecrire-compter.com\/?product=dominos-des-10-et-des-15#primaryimage\",\"url\":\"https:\/\/lire-ecrire-compter.com\/wp-content\/uploads\/2020\/02\/IMG_5466-e1574169087416.jpg\",\"contentUrl\":\"https:\/\/lire-ecrire-compter.com\/wp-content\/uploads\/2020\/02\/IMG_5466-e1574169087416.jpg\",\"width\":1200,\"height\":804},{\"@type\":\"BreadcrumbList\",\"@id\":\"https:\/\/lire-ecrire-compter.com\/?product=dominos-des-10-et-des-15#breadcrumb\",\"itemListElement\":[{\"@type\":\"ListItem\",\"position\":1,\"name\":\"Accueil\",\"item\":\"https:\/\/lire-ecrire-compter.com\/\"},{\"@type\":\"ListItem\",\"position\":2,\"name\":\"La bo\u00eete \u00e0 jeux\",\"item\":\"https:\/\/lire-ecrire-compter.com\/?page_id=747\"},{\"@type\":\"ListItem\",\"position\":3,\"name\":\"Dominos des 10 et des 15\"}]},{\"@type\":\"WebSite\",\"@id\":\"https:\/\/lire-ecrire-compter.com\/#website\",\"url\":\"https:\/\/lire-ecrire-compter.com\/\",\"name\":\"Lire \u00e9crire compter\",\"description\":\"Jouer pour apprendre\",\"potentialAction\":[{\"@type\":\"SearchAction\",\"target\":{\"@type\":\"EntryPoint\",\"urlTemplate\":\"https:\/\/lire-ecrire-compter.com\/?s={search_term_string}\"},\"query-input\":{\"@type\":\"PropertyValueSpecification\",\"valueRequired\":true,\"valueName\":\"search_term_string\"}}],\"inLanguage\":\"fr-FR\"}]}<\/script>\n<!-- \/ Yoast SEO plugin. -->","yoast_head_json":{"title":"Dominos des 10 et des 15 - Lire \u00e9crire compter","description":"Un jeu de dominos pour travailler les d\u00e9compositions additives et les compl\u00e9ments \u00e0 10 et 15.","robots":{"index":"index","follow":"follow","max-snippet":"max-snippet:-1","max-image-preview":"max-image-preview:large","max-video-preview":"max-video-preview:-1"},"canonical":"https:\/\/lire-ecrire-compter.com\/?product=dominos-des-10-et-des-15","og_locale":"fr_FR","og_type":"article","og_title":"Dominos des 10 et des 15 - Lire \u00e9crire compter","og_description":"Un jeu de dominos pour travailler les d\u00e9compositions additives et les compl\u00e9ments \u00e0 10 et 15.","og_url":"https:\/\/lire-ecrire-compter.com\/?product=dominos-des-10-et-des-15","og_site_name":"Lire \u00e9crire compter","article_modified_time":"2022-06-20T06:53:40+00:00","og_image":[{"width":1200,"height":804,"url":"https:\/\/lire-ecrire-compter.com\/wp-content\/uploads\/2020\/02\/IMG_5466-e1574169087416.jpg","type":"image\/jpeg"}],"twitter_card":"summary_large_image","schema":{"@context":"https:\/\/schema.org","@graph":[{"@type":"WebPage","@id":"https:\/\/lire-ecrire-compter.com\/?product=dominos-des-10-et-des-15","url":"https:\/\/lire-ecrire-compter.com\/?product=dominos-des-10-et-des-15","name":"Dominos des 10 et des 15 - Lire \u00e9crire compter","isPartOf":{"@id":"https:\/\/lire-ecrire-compter.com\/#website"},"primaryImageOfPage":{"@id":"https:\/\/lire-ecrire-compter.com\/?product=dominos-des-10-et-des-15#primaryimage"},"image":{"@id":"https:\/\/lire-ecrire-compter.com\/?product=dominos-des-10-et-des-15#primaryimage"},"thumbnailUrl":"https:\/\/lire-ecrire-compter.com\/wp-content\/uploads\/2020\/02\/IMG_5466-e1574169087416.jpg","datePublished":"2020-03-06T09:51:51+00:00","dateModified":"2022-06-20T06:53:40+00:00","description":"Un jeu de dominos pour travailler les d\u00e9compositions additives et les compl\u00e9ments \u00e0 10 et 15.","breadcrumb":{"@id":"https:\/\/lire-ecrire-compter.com\/?product=dominos-des-10-et-des-15#breadcrumb"},"inLanguage":"fr-FR","potentialAction":[{"@type":"ReadAction","target":["https:\/\/lire-ecrire-compter.com\/?product=dominos-des-10-et-des-15"]}]},{"@type":"ImageObject","inLanguage":"fr-FR","@id":"https:\/\/lire-ecrire-compter.com\/?product=dominos-des-10-et-des-15#primaryimage","url":"https:\/\/lire-ecrire-compter.com\/wp-content\/uploads\/2020\/02\/IMG_5466-e1574169087416.jpg","contentUrl":"https:\/\/lire-ecrire-compter.com\/wp-content\/uploads\/2020\/02\/IMG_5466-e1574169087416.jpg","width":1200,"height":804},{"@type":"BreadcrumbList","@id":"https:\/\/lire-ecrire-compter.com\/?product=dominos-des-10-et-des-15#breadcrumb","itemListElement":[{"@type":"ListItem","position":1,"name":"Accueil","item":"https:\/\/lire-ecrire-compter.com\/"},{"@type":"ListItem","position":2,"name":"La bo\u00eete \u00e0 jeux","item":"https:\/\/lire-ecrire-compter.com\/?page_id=747"},{"@type":"ListItem","position":3,"name":"Dominos des 10 et des 15"}]},{"@type":"WebSite","@id":"https:\/\/lire-ecrire-compter.com\/#website","url":"https:\/\/lire-ecrire-compter.com\/","name":"Lire \u00e9crire compter","description":"Jouer pour apprendre","potentialAction":[{"@type":"SearchAction","target":{"@type":"EntryPoint","urlTemplate":"https:\/\/lire-ecrire-compter.com\/?s={search_term_string}"},"query-input":{"@type":"PropertyValueSpecification","valueRequired":true,"valueName":"search_term_string"}}],"inLanguage":"fr-FR"}]}},"_links":{"self":[{"href":"https:\/\/lire-ecrire-compter.com\/index.php?rest_route=\/wp\/v2\/product\/2090","targetHints":{"allow":["GET"]}}],"collection":[{"href":"https:\/\/lire-ecrire-compter.com\/index.php?rest_route=\/wp\/v2\/product"}],"about":[{"href":"https:\/\/lire-ecrire-compter.com\/index.php?rest_route=\/wp\/v2\/types\/product"}],"replies":[{"embeddable":true,"href":"https:\/\/lire-ecrire-compter.com\/index.php?rest_route=%2Fwp%2Fv2%2Fcomments&post=2090"}],"wp:featuredmedia":[{"embeddable":true,"href":"https:\/\/lire-ecrire-compter.com\/index.php?rest_route=\/wp\/v2\/media\/1015"}],"wp:attachment":[{"href":"https:\/\/lire-ecrire-compter.com\/index.php?rest_route=%2Fwp%2Fv2%2Fmedia&parent=2090"}],"wp:term":[{"taxonomy":"product_brand","embeddable":true,"href":"https:\/\/lire-ecrire-compter.com\/index.php?rest_route=%2Fwp%2Fv2%2Fproduct_brand&post=2090"},{"taxonomy":"product_cat","embeddable":true,"href":"https:\/\/lire-ecrire-compter.com\/index.php?rest_route=%2Fwp%2Fv2%2Fproduct_cat&post=2090"},{"taxonomy":"product_tag","embeddable":true,"href":"https:\/\/lire-ecrire-compter.com\/index.php?rest_route=%2Fwp%2Fv2%2Fproduct_tag&post=2090"}],"curies":[{"name":"wp","href":"https:\/\/api.w.org\/{rel}","templated":true}]}}