{"id":2089,"date":"2020-03-06T10:51:51","date_gmt":"2020-03-06T09:51:51","guid":{"rendered":"https:\/\/lire-ecrire-compter.com\/?product=import-placeholder-for-18794"},"modified":"2022-02-03T12:34:39","modified_gmt":"2022-02-03T11:34:39","slug":"deux-pour-un","status":"publish","type":"product","link":"https:\/\/lire-ecrire-compter.com\/?product=deux-pour-un","title":{"rendered":"Deux pour Un"},"content":{"rendered":"<p><span style=\"color: #92d001;\"><strong>BUT DU JEU :<\/strong> <\/span><br \/>\n<span style=\"color: #92d001;\">\u00catre le ou la premier(i\u00e8re) \u00e0 remplir la mission suivante :<\/span><br \/>\n<span style=\"color: #92d001;\"><strong>Former des pseudo-mots en associant deux mots ayant une syllabe phon\u00e9tiquement identique<\/strong> : la syllabe finale pour le premier et la syllabe initiale pour le second. Puis,<strong> trouver sur des cartes la d\u00e9finition de chacun de ces pseudo-mots.<\/strong><\/span><\/p>\n<p><span style=\"color: #ff5b72;\"><strong>COMPOSITION :<\/strong><\/span><br \/>\n<span style=\"color: #ff5b72;\">Il est compos\u00e9 de <strong>41&#215;3<\/strong><strong> cartes : 41 cartes-mots <\/strong>de la<strong> s\u00e9rie 1<\/strong> (cartes avec languette)<strong>, 41 cartes-mots <\/strong>de la<strong> s\u00e9rie 2<\/strong> (cartes avec fente)<strong> 41 cartes-textes vertes <\/strong>avec la <strong>d\u00e9finition des pseudo-mots\u00a0 , d&rsquo;un plateau de jeu <\/strong>de forme hexagonale, de<strong> 20 jetons, <\/strong>de<strong> 4 pions<\/strong>, d&rsquo;un <strong>d\u00e9<\/strong> et d&rsquo;<strong>un m\u00e9mento des solutions<\/strong>.<\/span><\/p>\n<p><span style=\"color: #46acbf;\"><strong>OBJECTIFS :<\/strong> <\/span><br \/>\n<span style=\"color: #46acbf;\">Ce jeu permet de travailler la<strong> compr\u00e9hension de l&rsquo;implicite<\/strong>, les<strong> inf\u00e9rences<\/strong> ainsi que les<strong> associations s\u00e9mantiques<\/strong>. Il sollicite aussi\u00a0 la <strong>concentration<\/strong>, le <strong>rep\u00e9rage de similitudes phonologiques<\/strong> entre deux mots, le <strong>balayage visuel et l&rsquo;organisation spatiale<\/strong>. Il permet aussi d&rsquo;<strong>enrichir le vocabulaire<\/strong>.<\/span><\/p>\n<p>&nbsp;<\/p>\n","protected":false},"excerpt":{"rendered":"<p>BUT DU JEU : \u00catre le ou la premier(i\u00e8re) \u00e0 remplir la mission suivante : Former des pseudo-mots en associant deux mots ayant une syllabe phon\u00e9tiquement identique : la syllabe finale pour le premier et la syllabe initiale pour le second. Puis, trouver sur des&#8230;<\/p>\n","protected":false},"featured_media":2771,"comment_status":"open","ping_status":"closed","template":"","meta":{"give_campaign_id":0,"om_disable_all_campaigns":false,"_monsterinsights_skip_tracking":false,"_monsterinsights_sitenote_active":false,"_monsterinsights_sitenote_note":"","_monsterinsights_sitenote_category":0,"_uf_show_specific_survey":0,"_uf_disable_surveys":false},"product_brand":[],"product_cat":[152,147,98],"product_tag":[122,130,123,136,137,124],"class_list":{"0":"post-2089","1":"product","2":"type-product","3":"status-publish","4":"has-post-thumbnail","6":"product_cat-cm1-cm2","7":"product_cat-jeux","8":"product_cat-jeux-autour-de-la-lecture","9":"product_tag-anticiper-inferer-et-comprendre","10":"product_tag-categoriser","11":"product_tag-enrichir-le-vocabulaire","12":"product_tag-reperer-des-analogies","13":"product_tag-travailler-le-balayage-visuel","14":"product_tag-travailler-le-maintien-en-memoire","16":"first","17":"instock","18":"downloadable","19":"virtual","20":"purchasable","21":"product-type-simple"},"yoast_head":"<!-- This site is optimized with the Yoast SEO plugin v27.1.1 - https:\/\/yoast.com\/product\/yoast-seo-wordpress\/ -->\n<title>Deux pour Un - Lire \u00e9crire compter<\/title>\n<meta name=\"description\" content=\"Ce jeu permet de travailler la compr\u00e9hension de l&#039;implicite, les inf\u00e9rences ainsi que les associations s\u00e9mantiques. Il sollicite aussi\u00a0 la concentration, le rep\u00e9rage de similitudes phonologiques entre deux mots, le balayage visuel et l&#039;organisation spatiale. Il permet aussi d&#039;enrichir le vocabulaire.\" \/>\n<meta name=\"robots\" content=\"index, follow, max-snippet:-1, max-image-preview:large, max-video-preview:-1\" \/>\n<link rel=\"canonical\" href=\"https:\/\/lire-ecrire-compter.com\/?product=deux-pour-un\" \/>\n<meta property=\"og:locale\" content=\"fr_FR\" \/>\n<meta property=\"og:type\" content=\"article\" \/>\n<meta property=\"og:title\" content=\"Deux pour Un - Lire \u00e9crire compter\" \/>\n<meta property=\"og:description\" content=\"Ce jeu permet de travailler la compr\u00e9hension de l&#039;implicite, les inf\u00e9rences ainsi que les associations s\u00e9mantiques. Il sollicite aussi\u00a0 la concentration, le rep\u00e9rage de similitudes phonologiques entre deux mots, le balayage visuel et l&#039;organisation spatiale. Il permet aussi d&#039;enrichir le vocabulaire.\" \/>\n<meta property=\"og:url\" content=\"https:\/\/lire-ecrire-compter.com\/?product=deux-pour-un\" \/>\n<meta property=\"og:site_name\" content=\"Lire \u00e9crire compter\" \/>\n<meta property=\"article:modified_time\" content=\"2022-02-03T11:34:39+00:00\" \/>\n<meta property=\"og:image\" content=\"https:\/\/lire-ecrire-compter.com\/wp-content\/uploads\/2020\/03\/situation-jeu4-e1574168924671.jpg\" \/>\n\t<meta property=\"og:image:width\" content=\"900\" \/>\n\t<meta property=\"og:image:height\" content=\"1200\" \/>\n\t<meta property=\"og:image:type\" content=\"image\/jpeg\" \/>\n<meta name=\"twitter:card\" content=\"summary_large_image\" \/>\n<meta name=\"twitter:label1\" content=\"Dur\u00e9e de lecture estim\u00e9e\" \/>\n\t<meta name=\"twitter:data1\" content=\"1 minute\" \/>\n<script type=\"application\/ld+json\" class=\"yoast-schema-graph\">{\"@context\":\"https:\/\/schema.org\",\"@graph\":[{\"@type\":\"WebPage\",\"@id\":\"https:\/\/lire-ecrire-compter.com\/?product=deux-pour-un\",\"url\":\"https:\/\/lire-ecrire-compter.com\/?product=deux-pour-un\",\"name\":\"Deux pour Un - Lire \u00e9crire compter\",\"isPartOf\":{\"@id\":\"https:\/\/lire-ecrire-compter.com\/#website\"},\"primaryImageOfPage\":{\"@id\":\"https:\/\/lire-ecrire-compter.com\/?product=deux-pour-un#primaryimage\"},\"image\":{\"@id\":\"https:\/\/lire-ecrire-compter.com\/?product=deux-pour-un#primaryimage\"},\"thumbnailUrl\":\"https:\/\/lire-ecrire-compter.com\/wp-content\/uploads\/2020\/03\/situation-jeu4-e1574168924671.jpg\",\"datePublished\":\"2020-03-06T09:51:51+00:00\",\"dateModified\":\"2022-02-03T11:34:39+00:00\",\"description\":\"Ce jeu permet de travailler la compr\u00e9hension de l'implicite, les inf\u00e9rences ainsi que les associations s\u00e9mantiques. Il sollicite aussi\u00a0 la concentration, le rep\u00e9rage de similitudes phonologiques entre deux mots, le balayage visuel et l'organisation spatiale. Il permet aussi d'enrichir le vocabulaire.\",\"breadcrumb\":{\"@id\":\"https:\/\/lire-ecrire-compter.com\/?product=deux-pour-un#breadcrumb\"},\"inLanguage\":\"fr-FR\",\"potentialAction\":[{\"@type\":\"ReadAction\",\"target\":[\"https:\/\/lire-ecrire-compter.com\/?product=deux-pour-un\"]}]},{\"@type\":\"ImageObject\",\"inLanguage\":\"fr-FR\",\"@id\":\"https:\/\/lire-ecrire-compter.com\/?product=deux-pour-un#primaryimage\",\"url\":\"https:\/\/lire-ecrire-compter.com\/wp-content\/uploads\/2020\/03\/situation-jeu4-e1574168924671.jpg\",\"contentUrl\":\"https:\/\/lire-ecrire-compter.com\/wp-content\/uploads\/2020\/03\/situation-jeu4-e1574168924671.jpg\",\"width\":900,\"height\":1200},{\"@type\":\"BreadcrumbList\",\"@id\":\"https:\/\/lire-ecrire-compter.com\/?product=deux-pour-un#breadcrumb\",\"itemListElement\":[{\"@type\":\"ListItem\",\"position\":1,\"name\":\"Accueil\",\"item\":\"https:\/\/lire-ecrire-compter.com\/\"},{\"@type\":\"ListItem\",\"position\":2,\"name\":\"La bo\u00eete \u00e0 jeux\",\"item\":\"https:\/\/lire-ecrire-compter.com\/?page_id=747\"},{\"@type\":\"ListItem\",\"position\":3,\"name\":\"Deux pour Un\"}]},{\"@type\":\"WebSite\",\"@id\":\"https:\/\/lire-ecrire-compter.com\/#website\",\"url\":\"https:\/\/lire-ecrire-compter.com\/\",\"name\":\"Lire \u00e9crire compter\",\"description\":\"Jouer pour apprendre\",\"potentialAction\":[{\"@type\":\"SearchAction\",\"target\":{\"@type\":\"EntryPoint\",\"urlTemplate\":\"https:\/\/lire-ecrire-compter.com\/?s={search_term_string}\"},\"query-input\":{\"@type\":\"PropertyValueSpecification\",\"valueRequired\":true,\"valueName\":\"search_term_string\"}}],\"inLanguage\":\"fr-FR\"}]}<\/script>\n<!-- \/ Yoast SEO plugin. -->","yoast_head_json":{"title":"Deux pour Un - Lire \u00e9crire compter","description":"Ce jeu permet de travailler la compr\u00e9hension de l'implicite, les inf\u00e9rences ainsi que les associations s\u00e9mantiques. Il sollicite aussi\u00a0 la concentration, le rep\u00e9rage de similitudes phonologiques entre deux mots, le balayage visuel et l'organisation spatiale. Il permet aussi d'enrichir le vocabulaire.","robots":{"index":"index","follow":"follow","max-snippet":"max-snippet:-1","max-image-preview":"max-image-preview:large","max-video-preview":"max-video-preview:-1"},"canonical":"https:\/\/lire-ecrire-compter.com\/?product=deux-pour-un","og_locale":"fr_FR","og_type":"article","og_title":"Deux pour Un - Lire \u00e9crire compter","og_description":"Ce jeu permet de travailler la compr\u00e9hension de l'implicite, les inf\u00e9rences ainsi que les associations s\u00e9mantiques. Il sollicite aussi\u00a0 la concentration, le rep\u00e9rage de similitudes phonologiques entre deux mots, le balayage visuel et l'organisation spatiale. Il permet aussi d'enrichir le vocabulaire.","og_url":"https:\/\/lire-ecrire-compter.com\/?product=deux-pour-un","og_site_name":"Lire \u00e9crire compter","article_modified_time":"2022-02-03T11:34:39+00:00","og_image":[{"width":900,"height":1200,"url":"https:\/\/lire-ecrire-compter.com\/wp-content\/uploads\/2020\/03\/situation-jeu4-e1574168924671.jpg","type":"image\/jpeg"}],"twitter_card":"summary_large_image","twitter_misc":{"Dur\u00e9e de lecture estim\u00e9e":"1 minute"},"schema":{"@context":"https:\/\/schema.org","@graph":[{"@type":"WebPage","@id":"https:\/\/lire-ecrire-compter.com\/?product=deux-pour-un","url":"https:\/\/lire-ecrire-compter.com\/?product=deux-pour-un","name":"Deux pour Un - Lire \u00e9crire compter","isPartOf":{"@id":"https:\/\/lire-ecrire-compter.com\/#website"},"primaryImageOfPage":{"@id":"https:\/\/lire-ecrire-compter.com\/?product=deux-pour-un#primaryimage"},"image":{"@id":"https:\/\/lire-ecrire-compter.com\/?product=deux-pour-un#primaryimage"},"thumbnailUrl":"https:\/\/lire-ecrire-compter.com\/wp-content\/uploads\/2020\/03\/situation-jeu4-e1574168924671.jpg","datePublished":"2020-03-06T09:51:51+00:00","dateModified":"2022-02-03T11:34:39+00:00","description":"Ce jeu permet de travailler la compr\u00e9hension de l'implicite, les inf\u00e9rences ainsi que les associations s\u00e9mantiques. Il sollicite aussi\u00a0 la concentration, le rep\u00e9rage de similitudes phonologiques entre deux mots, le balayage visuel et l'organisation spatiale. Il permet aussi d'enrichir le vocabulaire.","breadcrumb":{"@id":"https:\/\/lire-ecrire-compter.com\/?product=deux-pour-un#breadcrumb"},"inLanguage":"fr-FR","potentialAction":[{"@type":"ReadAction","target":["https:\/\/lire-ecrire-compter.com\/?product=deux-pour-un"]}]},{"@type":"ImageObject","inLanguage":"fr-FR","@id":"https:\/\/lire-ecrire-compter.com\/?product=deux-pour-un#primaryimage","url":"https:\/\/lire-ecrire-compter.com\/wp-content\/uploads\/2020\/03\/situation-jeu4-e1574168924671.jpg","contentUrl":"https:\/\/lire-ecrire-compter.com\/wp-content\/uploads\/2020\/03\/situation-jeu4-e1574168924671.jpg","width":900,"height":1200},{"@type":"BreadcrumbList","@id":"https:\/\/lire-ecrire-compter.com\/?product=deux-pour-un#breadcrumb","itemListElement":[{"@type":"ListItem","position":1,"name":"Accueil","item":"https:\/\/lire-ecrire-compter.com\/"},{"@type":"ListItem","position":2,"name":"La bo\u00eete \u00e0 jeux","item":"https:\/\/lire-ecrire-compter.com\/?page_id=747"},{"@type":"ListItem","position":3,"name":"Deux pour Un"}]},{"@type":"WebSite","@id":"https:\/\/lire-ecrire-compter.com\/#website","url":"https:\/\/lire-ecrire-compter.com\/","name":"Lire \u00e9crire compter","description":"Jouer pour apprendre","potentialAction":[{"@type":"SearchAction","target":{"@type":"EntryPoint","urlTemplate":"https:\/\/lire-ecrire-compter.com\/?s={search_term_string}"},"query-input":{"@type":"PropertyValueSpecification","valueRequired":true,"valueName":"search_term_string"}}],"inLanguage":"fr-FR"}]}},"_links":{"self":[{"href":"https:\/\/lire-ecrire-compter.com\/index.php?rest_route=\/wp\/v2\/product\/2089","targetHints":{"allow":["GET"]}}],"collection":[{"href":"https:\/\/lire-ecrire-compter.com\/index.php?rest_route=\/wp\/v2\/product"}],"about":[{"href":"https:\/\/lire-ecrire-compter.com\/index.php?rest_route=\/wp\/v2\/types\/product"}],"replies":[{"embeddable":true,"href":"https:\/\/lire-ecrire-compter.com\/index.php?rest_route=%2Fwp%2Fv2%2Fcomments&post=2089"}],"wp:featuredmedia":[{"embeddable":true,"href":"https:\/\/lire-ecrire-compter.com\/index.php?rest_route=\/wp\/v2\/media\/2771"}],"wp:attachment":[{"href":"https:\/\/lire-ecrire-compter.com\/index.php?rest_route=%2Fwp%2Fv2%2Fmedia&parent=2089"}],"wp:term":[{"taxonomy":"product_brand","embeddable":true,"href":"https:\/\/lire-ecrire-compter.com\/index.php?rest_route=%2Fwp%2Fv2%2Fproduct_brand&post=2089"},{"taxonomy":"product_cat","embeddable":true,"href":"https:\/\/lire-ecrire-compter.com\/index.php?rest_route=%2Fwp%2Fv2%2Fproduct_cat&post=2089"},{"taxonomy":"product_tag","embeddable":true,"href":"https:\/\/lire-ecrire-compter.com\/index.php?rest_route=%2Fwp%2Fv2%2Fproduct_tag&post=2089"}],"curies":[{"name":"wp","href":"https:\/\/api.w.org\/{rel}","templated":true}]}}