{"id":2088,"date":"2020-03-06T10:51:51","date_gmt":"2020-03-06T09:51:51","guid":{"rendered":"https:\/\/lire-ecrire-compter.com\/?product=import-placeholder-for-17045"},"modified":"2022-10-14T20:03:00","modified_gmt":"2022-10-14T18:03:00","slug":"le-fin-limier","status":"publish","type":"product","link":"https:\/\/lire-ecrire-compter.com\/?product=le-fin-limier","title":{"rendered":"Le fin limier"},"content":{"rendered":"<p><span style=\"color: #92d001;\"><strong>BUT DU JEU :<\/strong> <\/span><br \/>\n<span style=\"color: #92d001;\">Ce jeu se joue de deux mani\u00e8res diff\u00e9rentes selon le degr\u00e9 de difficult\u00e9 souhait\u00e9 :<\/span><br \/>\n<span style=\"color: #92d001;\"><strong>Au niveau 1<\/strong>, il s&rsquo;agit de <strong>trouver<\/strong> le plus rapidement possible, <strong>le plus grand nombre de r\u00e9ponses<\/strong>, sous forme de dessins,<strong> \u00e0 des devinettes<\/strong> \u00e9crites sur des cartes. <\/span><br \/>\n<span style=\"color: #92d001;\"><strong>Au niveau 2<\/strong> , il faut<strong> reconna\u00eetre les devinettes<\/strong> <strong>correspondant \u00e0 des dessins<\/strong> pr\u00e9alablement choisis sur le plateau de jeu.<\/span><\/p>\n<p><span style=\"color: #ff5b72;\"><strong>COMPOSITION :<\/strong><\/span><br \/>\n<span style=\"color: #ff5b72;\">Il est compos\u00e9 de <strong>48&#215;2<\/strong><strong> cartes <\/strong>(48 cartes bleues niveau 1 et 48 cartes jaunes niveau 2)<strong>, d&rsquo;un plateau de jeu <\/strong>de forme hexagonale, de<strong> 6 jetons, <\/strong>de<strong> 20 anneaux <\/strong>de s\u00e9lection et d&rsquo;<strong>un m\u00e9mento des solutions<\/strong>.<\/span><\/p>\n<p><span style=\"color: #46acbf;\"><strong>OBJECTIFS :<\/strong> <\/span><br \/>\n<span style=\"color: #46acbf;\">Ce jeu qui peut prendre\u00a0 <strong>deux formes de difficult\u00e9s diff\u00e9rentes<\/strong> travaille la <strong>compr\u00e9hension en lecture avec deux niveaux de textes<\/strong> : il s&rsquo;agit d&rsquo;<strong>extraire des informations<\/strong>, de les <strong>maintenir en m\u00e9moire<\/strong> (pour la 2\u00e8me forme de jeu) de <strong>rep\u00e9rer des indices<\/strong>, d&rsquo;<strong>inf\u00e9rer<\/strong>. Les cartes de niveau 2 faisant beaucoup plus appel \u00e0 l<strong>&lsquo;implicite<\/strong>. Il permet aussi d&rsquo;enrichir le vocabulaire et de solliciter le balayage visuel.<\/span><\/p>\n","protected":false},"excerpt":{"rendered":"<p>BUT DU JEU : Ce jeu se joue de deux mani\u00e8res diff\u00e9rentes selon le degr\u00e9 de difficult\u00e9 souhait\u00e9 : Au niveau 1, il s&rsquo;agit de trouver le plus rapidement possible, le plus grand nombre de r\u00e9ponses, sous forme de dessins, \u00e0 des devinettes \u00e9crites sur&#8230;<\/p>\n","protected":false},"featured_media":999,"comment_status":"open","ping_status":"closed","template":"","meta":{"give_campaign_id":0,"om_disable_all_campaigns":false,"_monsterinsights_skip_tracking":false,"_monsterinsights_sitenote_active":false,"_monsterinsights_sitenote_note":"","_monsterinsights_sitenote_category":0,"_uf_show_specific_survey":0,"_uf_disable_surveys":false},"product_brand":[],"product_cat":[116,151,152,147,98],"product_tag":[122,123,137,124],"class_list":{"0":"post-2088","1":"product","2":"type-product","3":"status-publish","4":"has-post-thumbnail","6":"product_cat-ce1","7":"product_cat-ce2","8":"product_cat-cm1-cm2","9":"product_cat-jeux","10":"product_cat-jeux-autour-de-la-lecture","11":"product_tag-anticiper-inferer-et-comprendre","12":"product_tag-enrichir-le-vocabulaire","13":"product_tag-travailler-le-balayage-visuel","14":"product_tag-travailler-le-maintien-en-memoire","16":"first","17":"instock","18":"downloadable","19":"virtual","20":"purchasable","21":"product-type-simple"},"yoast_head":"<!-- This site is optimized with the Yoast SEO plugin v27.1.1 - https:\/\/yoast.com\/product\/yoast-seo-wordpress\/ -->\n<title>Le fin limier - Lire \u00e9crire compter<\/title>\n<meta name=\"description\" content=\"Ce jeu qui peut prendre\u00a0 deux formes de difficult\u00e9s diff\u00e9rentes travaille la compr\u00e9hension en lecture avec deux niveaux de textes : il s&#039;agit d&#039;extraire des informations, de les maintenir en m\u00e9moire (pour la 2\u00e8me forme de jeu) de rep\u00e9rer des indices, d&#039;inf\u00e9rer. Les cartes de niveau 2 faisant beaucoup plus appel \u00e0 l&#039;implicite. Il permet aussi d&#039;enrichir le vocabulaire et de solliciter le balayage visuel.\" \/>\n<meta name=\"robots\" content=\"index, follow, max-snippet:-1, max-image-preview:large, max-video-preview:-1\" \/>\n<link rel=\"canonical\" href=\"https:\/\/lire-ecrire-compter.com\/?product=le-fin-limier\" \/>\n<meta property=\"og:locale\" content=\"fr_FR\" \/>\n<meta property=\"og:type\" content=\"article\" \/>\n<meta property=\"og:title\" content=\"Le fin limier - Lire \u00e9crire compter\" \/>\n<meta property=\"og:description\" content=\"Ce jeu qui peut prendre\u00a0 deux formes de difficult\u00e9s diff\u00e9rentes travaille la compr\u00e9hension en lecture avec deux niveaux de textes : il s&#039;agit d&#039;extraire des informations, de les maintenir en m\u00e9moire (pour la 2\u00e8me forme de jeu) de rep\u00e9rer des indices, d&#039;inf\u00e9rer. Les cartes de niveau 2 faisant beaucoup plus appel \u00e0 l&#039;implicite. Il permet aussi d&#039;enrichir le vocabulaire et de solliciter le balayage visuel.\" \/>\n<meta property=\"og:url\" content=\"https:\/\/lire-ecrire-compter.com\/?product=le-fin-limier\" \/>\n<meta property=\"og:site_name\" content=\"Lire \u00e9crire compter\" \/>\n<meta property=\"article:modified_time\" content=\"2022-10-14T18:03:00+00:00\" \/>\n<meta property=\"og:image\" content=\"https:\/\/lire-ecrire-compter.com\/wp-content\/uploads\/2020\/02\/jeu-complet-1-rotated-e1576673794137.jpg\" \/>\n\t<meta property=\"og:image:width\" content=\"1200\" \/>\n\t<meta property=\"og:image:height\" content=\"1136\" \/>\n\t<meta property=\"og:image:type\" content=\"image\/jpeg\" \/>\n<meta name=\"twitter:card\" content=\"summary_large_image\" \/>\n<meta name=\"twitter:label1\" content=\"Dur\u00e9e de lecture estim\u00e9e\" \/>\n\t<meta name=\"twitter:data1\" content=\"1 minute\" \/>\n<script type=\"application\/ld+json\" class=\"yoast-schema-graph\">{\"@context\":\"https:\/\/schema.org\",\"@graph\":[{\"@type\":\"WebPage\",\"@id\":\"https:\/\/lire-ecrire-compter.com\/?product=le-fin-limier\",\"url\":\"https:\/\/lire-ecrire-compter.com\/?product=le-fin-limier\",\"name\":\"Le fin limier - Lire \u00e9crire compter\",\"isPartOf\":{\"@id\":\"https:\/\/lire-ecrire-compter.com\/#website\"},\"primaryImageOfPage\":{\"@id\":\"https:\/\/lire-ecrire-compter.com\/?product=le-fin-limier#primaryimage\"},\"image\":{\"@id\":\"https:\/\/lire-ecrire-compter.com\/?product=le-fin-limier#primaryimage\"},\"thumbnailUrl\":\"https:\/\/lire-ecrire-compter.com\/wp-content\/uploads\/2020\/02\/jeu-complet-1-rotated-e1576673794137.jpg\",\"datePublished\":\"2020-03-06T09:51:51+00:00\",\"dateModified\":\"2022-10-14T18:03:00+00:00\",\"description\":\"Ce jeu qui peut prendre\u00a0 deux formes de difficult\u00e9s diff\u00e9rentes travaille la compr\u00e9hension en lecture avec deux niveaux de textes : il s'agit d'extraire des informations, de les maintenir en m\u00e9moire (pour la 2\u00e8me forme de jeu) de rep\u00e9rer des indices, d'inf\u00e9rer. Les cartes de niveau 2 faisant beaucoup plus appel \u00e0 l'implicite. Il permet aussi d'enrichir le vocabulaire et de solliciter le balayage visuel.\",\"breadcrumb\":{\"@id\":\"https:\/\/lire-ecrire-compter.com\/?product=le-fin-limier#breadcrumb\"},\"inLanguage\":\"fr-FR\",\"potentialAction\":[{\"@type\":\"ReadAction\",\"target\":[\"https:\/\/lire-ecrire-compter.com\/?product=le-fin-limier\"]}]},{\"@type\":\"ImageObject\",\"inLanguage\":\"fr-FR\",\"@id\":\"https:\/\/lire-ecrire-compter.com\/?product=le-fin-limier#primaryimage\",\"url\":\"https:\/\/lire-ecrire-compter.com\/wp-content\/uploads\/2020\/02\/jeu-complet-1-rotated-e1576673794137.jpg\",\"contentUrl\":\"https:\/\/lire-ecrire-compter.com\/wp-content\/uploads\/2020\/02\/jeu-complet-1-rotated-e1576673794137.jpg\",\"width\":1200,\"height\":1136},{\"@type\":\"BreadcrumbList\",\"@id\":\"https:\/\/lire-ecrire-compter.com\/?product=le-fin-limier#breadcrumb\",\"itemListElement\":[{\"@type\":\"ListItem\",\"position\":1,\"name\":\"Accueil\",\"item\":\"https:\/\/lire-ecrire-compter.com\/\"},{\"@type\":\"ListItem\",\"position\":2,\"name\":\"La bo\u00eete \u00e0 jeux\",\"item\":\"https:\/\/lire-ecrire-compter.com\/?page_id=747\"},{\"@type\":\"ListItem\",\"position\":3,\"name\":\"Le fin limier\"}]},{\"@type\":\"WebSite\",\"@id\":\"https:\/\/lire-ecrire-compter.com\/#website\",\"url\":\"https:\/\/lire-ecrire-compter.com\/\",\"name\":\"Lire \u00e9crire compter\",\"description\":\"Jouer pour apprendre\",\"potentialAction\":[{\"@type\":\"SearchAction\",\"target\":{\"@type\":\"EntryPoint\",\"urlTemplate\":\"https:\/\/lire-ecrire-compter.com\/?s={search_term_string}\"},\"query-input\":{\"@type\":\"PropertyValueSpecification\",\"valueRequired\":true,\"valueName\":\"search_term_string\"}}],\"inLanguage\":\"fr-FR\"}]}<\/script>\n<!-- \/ Yoast SEO plugin. -->","yoast_head_json":{"title":"Le fin limier - Lire \u00e9crire compter","description":"Ce jeu qui peut prendre\u00a0 deux formes de difficult\u00e9s diff\u00e9rentes travaille la compr\u00e9hension en lecture avec deux niveaux de textes : il s'agit d'extraire des informations, de les maintenir en m\u00e9moire (pour la 2\u00e8me forme de jeu) de rep\u00e9rer des indices, d'inf\u00e9rer. Les cartes de niveau 2 faisant beaucoup plus appel \u00e0 l'implicite. Il permet aussi d'enrichir le vocabulaire et de solliciter le balayage visuel.","robots":{"index":"index","follow":"follow","max-snippet":"max-snippet:-1","max-image-preview":"max-image-preview:large","max-video-preview":"max-video-preview:-1"},"canonical":"https:\/\/lire-ecrire-compter.com\/?product=le-fin-limier","og_locale":"fr_FR","og_type":"article","og_title":"Le fin limier - Lire \u00e9crire compter","og_description":"Ce jeu qui peut prendre\u00a0 deux formes de difficult\u00e9s diff\u00e9rentes travaille la compr\u00e9hension en lecture avec deux niveaux de textes : il s'agit d'extraire des informations, de les maintenir en m\u00e9moire (pour la 2\u00e8me forme de jeu) de rep\u00e9rer des indices, d'inf\u00e9rer. Les cartes de niveau 2 faisant beaucoup plus appel \u00e0 l'implicite. Il permet aussi d'enrichir le vocabulaire et de solliciter le balayage visuel.","og_url":"https:\/\/lire-ecrire-compter.com\/?product=le-fin-limier","og_site_name":"Lire \u00e9crire compter","article_modified_time":"2022-10-14T18:03:00+00:00","og_image":[{"width":1200,"height":1136,"url":"https:\/\/lire-ecrire-compter.com\/wp-content\/uploads\/2020\/02\/jeu-complet-1-rotated-e1576673794137.jpg","type":"image\/jpeg"}],"twitter_card":"summary_large_image","twitter_misc":{"Dur\u00e9e de lecture estim\u00e9e":"1 minute"},"schema":{"@context":"https:\/\/schema.org","@graph":[{"@type":"WebPage","@id":"https:\/\/lire-ecrire-compter.com\/?product=le-fin-limier","url":"https:\/\/lire-ecrire-compter.com\/?product=le-fin-limier","name":"Le fin limier - Lire \u00e9crire compter","isPartOf":{"@id":"https:\/\/lire-ecrire-compter.com\/#website"},"primaryImageOfPage":{"@id":"https:\/\/lire-ecrire-compter.com\/?product=le-fin-limier#primaryimage"},"image":{"@id":"https:\/\/lire-ecrire-compter.com\/?product=le-fin-limier#primaryimage"},"thumbnailUrl":"https:\/\/lire-ecrire-compter.com\/wp-content\/uploads\/2020\/02\/jeu-complet-1-rotated-e1576673794137.jpg","datePublished":"2020-03-06T09:51:51+00:00","dateModified":"2022-10-14T18:03:00+00:00","description":"Ce jeu qui peut prendre\u00a0 deux formes de difficult\u00e9s diff\u00e9rentes travaille la compr\u00e9hension en lecture avec deux niveaux de textes : il s'agit d'extraire des informations, de les maintenir en m\u00e9moire (pour la 2\u00e8me forme de jeu) de rep\u00e9rer des indices, d'inf\u00e9rer. Les cartes de niveau 2 faisant beaucoup plus appel \u00e0 l'implicite. Il permet aussi d'enrichir le vocabulaire et de solliciter le balayage visuel.","breadcrumb":{"@id":"https:\/\/lire-ecrire-compter.com\/?product=le-fin-limier#breadcrumb"},"inLanguage":"fr-FR","potentialAction":[{"@type":"ReadAction","target":["https:\/\/lire-ecrire-compter.com\/?product=le-fin-limier"]}]},{"@type":"ImageObject","inLanguage":"fr-FR","@id":"https:\/\/lire-ecrire-compter.com\/?product=le-fin-limier#primaryimage","url":"https:\/\/lire-ecrire-compter.com\/wp-content\/uploads\/2020\/02\/jeu-complet-1-rotated-e1576673794137.jpg","contentUrl":"https:\/\/lire-ecrire-compter.com\/wp-content\/uploads\/2020\/02\/jeu-complet-1-rotated-e1576673794137.jpg","width":1200,"height":1136},{"@type":"BreadcrumbList","@id":"https:\/\/lire-ecrire-compter.com\/?product=le-fin-limier#breadcrumb","itemListElement":[{"@type":"ListItem","position":1,"name":"Accueil","item":"https:\/\/lire-ecrire-compter.com\/"},{"@type":"ListItem","position":2,"name":"La bo\u00eete \u00e0 jeux","item":"https:\/\/lire-ecrire-compter.com\/?page_id=747"},{"@type":"ListItem","position":3,"name":"Le fin limier"}]},{"@type":"WebSite","@id":"https:\/\/lire-ecrire-compter.com\/#website","url":"https:\/\/lire-ecrire-compter.com\/","name":"Lire \u00e9crire compter","description":"Jouer pour apprendre","potentialAction":[{"@type":"SearchAction","target":{"@type":"EntryPoint","urlTemplate":"https:\/\/lire-ecrire-compter.com\/?s={search_term_string}"},"query-input":{"@type":"PropertyValueSpecification","valueRequired":true,"valueName":"search_term_string"}}],"inLanguage":"fr-FR"}]}},"_links":{"self":[{"href":"https:\/\/lire-ecrire-compter.com\/index.php?rest_route=\/wp\/v2\/product\/2088","targetHints":{"allow":["GET"]}}],"collection":[{"href":"https:\/\/lire-ecrire-compter.com\/index.php?rest_route=\/wp\/v2\/product"}],"about":[{"href":"https:\/\/lire-ecrire-compter.com\/index.php?rest_route=\/wp\/v2\/types\/product"}],"replies":[{"embeddable":true,"href":"https:\/\/lire-ecrire-compter.com\/index.php?rest_route=%2Fwp%2Fv2%2Fcomments&post=2088"}],"wp:featuredmedia":[{"embeddable":true,"href":"https:\/\/lire-ecrire-compter.com\/index.php?rest_route=\/wp\/v2\/media\/999"}],"wp:attachment":[{"href":"https:\/\/lire-ecrire-compter.com\/index.php?rest_route=%2Fwp%2Fv2%2Fmedia&parent=2088"}],"wp:term":[{"taxonomy":"product_brand","embeddable":true,"href":"https:\/\/lire-ecrire-compter.com\/index.php?rest_route=%2Fwp%2Fv2%2Fproduct_brand&post=2088"},{"taxonomy":"product_cat","embeddable":true,"href":"https:\/\/lire-ecrire-compter.com\/index.php?rest_route=%2Fwp%2Fv2%2Fproduct_cat&post=2088"},{"taxonomy":"product_tag","embeddable":true,"href":"https:\/\/lire-ecrire-compter.com\/index.php?rest_route=%2Fwp%2Fv2%2Fproduct_tag&post=2088"}],"curies":[{"name":"wp","href":"https:\/\/api.w.org\/{rel}","templated":true}]}}