{"id":2087,"date":"2020-03-06T10:51:51","date_gmt":"2020-03-06T09:51:51","guid":{"rendered":"https:\/\/lire-ecrire-compter.com\/?product=import-placeholder-for-13726"},"modified":"2024-07-09T17:01:00","modified_gmt":"2024-07-09T15:01:00","slug":"voyelles-en-familles","status":"publish","type":"product","link":"https:\/\/lire-ecrire-compter.com\/?product=voyelles-en-familles","title":{"rendered":"Voyelles en familles"},"content":{"rendered":"<p style=\"padding-left: 40px;\"><span style=\"color: #92d001;\"><strong>BUT DU JEU<br \/>\n<\/strong>R\u00e9unir le plus de familles comportant les 6 voyelles de l&rsquo;aphabet.<\/span><\/p>\n<p style=\"padding-left: 40px;\"><span style=\"color: #ff5b72;\"><strong>COMPOSITION<\/strong><\/span><br \/>\n<span style=\"color: #ff5b72;\"><strong>Le jeu est compos\u00e9<\/strong> de <strong>54 cartes<\/strong> de <strong>9 familles de 6 mots<\/strong>. Chaque famille est compos\u00e9e des six voyelles accompagn\u00e9es d\u2019un mot r\u00e9f\u00e9rent. Les cartes de chaque famille sont d\u2019une couleur diff\u00e9rente de mani\u00e8re \u00e0 ce que le jeu puisse \u00eatre utilis\u00e9 par des enfants apprentis lecteurs. La police d\u2019\u00e9criture utilis\u00e9e (Scola script) renforce la lisibilit\u00e9 pour tous.<\/span><\/p>\n<p style=\"padding-left: 40px;\"><span style=\"color: #46acbf;\"><strong>OBJECTIFS<br \/>\n<\/strong>Ce jeu aide \u00e0 <strong>m\u00e9moriser les voyelles <\/strong>de l&rsquo;alphabet, \u00e0 comprendre les relations entre oral et \u00e9crit et \u00e0 enrichir le vocabulaire.<\/span><\/p>\n","protected":false},"excerpt":{"rendered":"<p>BUT DU JEU R\u00e9unir le plus de familles comportant les 6 voyelles de l&rsquo;aphabet. COMPOSITION Le jeu est compos\u00e9 de 54 cartes de 9 familles de 6 mots. Chaque famille est compos\u00e9e des six voyelles accompagn\u00e9es d\u2019un mot r\u00e9f\u00e9rent. Les cartes de chaque famille sont&#8230;<\/p>\n","protected":false},"featured_media":2784,"comment_status":"open","ping_status":"closed","template":"","meta":{"give_campaign_id":0,"om_disable_all_campaigns":false,"_monsterinsights_skip_tracking":false,"_monsterinsights_sitenote_active":false,"_monsterinsights_sitenote_note":"","_monsterinsights_sitenote_category":0,"_uf_show_specific_survey":0,"_uf_disable_surveys":false},"product_brand":[],"product_cat":[106,107,147,98],"product_tag":[130,141,112],"class_list":{"0":"post-2087","1":"product","2":"type-product","3":"status-publish","4":"has-post-thumbnail","6":"product_cat-cp","7":"product_cat-gs","8":"product_cat-jeux","9":"product_cat-jeux-autour-de-la-lecture","10":"product_tag-categoriser","11":"product_tag-differencier-voyelles-et-consonnes","12":"product_tag-reconnaitre-et-nommer-les-lettres-dans-differentes-graphies","14":"first","15":"instock","16":"downloadable","17":"virtual","18":"purchasable","19":"product-type-simple"},"yoast_head":"<!-- This site is optimized with the Yoast SEO plugin v27.1.1 - https:\/\/yoast.com\/product\/yoast-seo-wordpress\/ -->\n<title>Voyelles en familles - Lire \u00e9crire compter<\/title>\n<meta name=\"robots\" content=\"index, follow, max-snippet:-1, max-image-preview:large, max-video-preview:-1\" \/>\n<link rel=\"canonical\" href=\"https:\/\/lire-ecrire-compter.com\/?product=voyelles-en-familles\" \/>\n<meta property=\"og:locale\" content=\"fr_FR\" \/>\n<meta property=\"og:type\" content=\"article\" \/>\n<meta property=\"og:title\" content=\"Voyelles en familles - Lire \u00e9crire compter\" \/>\n<meta property=\"og:description\" content=\"BUT DU JEU R\u00e9unir le plus de familles comportant les 6 voyelles de l&rsquo;aphabet. COMPOSITION Le jeu est compos\u00e9 de 54 cartes de 9 familles de 6 mots. Chaque famille est compos\u00e9e des six voyelles accompagn\u00e9es d\u2019un mot r\u00e9f\u00e9rent. Les cartes de chaque famille sont...\" \/>\n<meta property=\"og:url\" content=\"https:\/\/lire-ecrire-compter.com\/?product=voyelles-en-familles\" \/>\n<meta property=\"og:site_name\" content=\"Lire \u00e9crire compter\" \/>\n<meta property=\"article:modified_time\" content=\"2024-07-09T15:01:00+00:00\" \/>\n<meta property=\"og:image\" content=\"https:\/\/lire-ecrire-compter.com\/wp-content\/uploads\/2020\/03\/vue-densemble3-e1574165626868-600x563-1.jpg\" \/>\n\t<meta property=\"og:image:width\" content=\"600\" \/>\n\t<meta property=\"og:image:height\" content=\"563\" \/>\n\t<meta property=\"og:image:type\" content=\"image\/jpeg\" \/>\n<meta name=\"twitter:card\" content=\"summary_large_image\" \/>\n<meta name=\"twitter:label1\" content=\"Dur\u00e9e de lecture estim\u00e9e\" \/>\n\t<meta name=\"twitter:data1\" content=\"1 minute\" \/>\n<script type=\"application\/ld+json\" class=\"yoast-schema-graph\">{\"@context\":\"https:\/\/schema.org\",\"@graph\":[{\"@type\":\"WebPage\",\"@id\":\"https:\/\/lire-ecrire-compter.com\/?product=voyelles-en-familles\",\"url\":\"https:\/\/lire-ecrire-compter.com\/?product=voyelles-en-familles\",\"name\":\"Voyelles en familles - Lire \u00e9crire compter\",\"isPartOf\":{\"@id\":\"https:\/\/lire-ecrire-compter.com\/#website\"},\"primaryImageOfPage\":{\"@id\":\"https:\/\/lire-ecrire-compter.com\/?product=voyelles-en-familles#primaryimage\"},\"image\":{\"@id\":\"https:\/\/lire-ecrire-compter.com\/?product=voyelles-en-familles#primaryimage\"},\"thumbnailUrl\":\"https:\/\/lire-ecrire-compter.com\/wp-content\/uploads\/2020\/03\/vue-densemble3-e1574165626868-600x563-1.jpg\",\"datePublished\":\"2020-03-06T09:51:51+00:00\",\"dateModified\":\"2024-07-09T15:01:00+00:00\",\"breadcrumb\":{\"@id\":\"https:\/\/lire-ecrire-compter.com\/?product=voyelles-en-familles#breadcrumb\"},\"inLanguage\":\"fr-FR\",\"potentialAction\":[{\"@type\":\"ReadAction\",\"target\":[\"https:\/\/lire-ecrire-compter.com\/?product=voyelles-en-familles\"]}]},{\"@type\":\"ImageObject\",\"inLanguage\":\"fr-FR\",\"@id\":\"https:\/\/lire-ecrire-compter.com\/?product=voyelles-en-familles#primaryimage\",\"url\":\"https:\/\/lire-ecrire-compter.com\/wp-content\/uploads\/2020\/03\/vue-densemble3-e1574165626868-600x563-1.jpg\",\"contentUrl\":\"https:\/\/lire-ecrire-compter.com\/wp-content\/uploads\/2020\/03\/vue-densemble3-e1574165626868-600x563-1.jpg\",\"width\":600,\"height\":563},{\"@type\":\"BreadcrumbList\",\"@id\":\"https:\/\/lire-ecrire-compter.com\/?product=voyelles-en-familles#breadcrumb\",\"itemListElement\":[{\"@type\":\"ListItem\",\"position\":1,\"name\":\"Accueil\",\"item\":\"https:\/\/lire-ecrire-compter.com\/\"},{\"@type\":\"ListItem\",\"position\":2,\"name\":\"La bo\u00eete \u00e0 jeux\",\"item\":\"https:\/\/lire-ecrire-compter.com\/?page_id=747\"},{\"@type\":\"ListItem\",\"position\":3,\"name\":\"Voyelles en familles\"}]},{\"@type\":\"WebSite\",\"@id\":\"https:\/\/lire-ecrire-compter.com\/#website\",\"url\":\"https:\/\/lire-ecrire-compter.com\/\",\"name\":\"Lire \u00e9crire compter\",\"description\":\"Jouer pour apprendre\",\"potentialAction\":[{\"@type\":\"SearchAction\",\"target\":{\"@type\":\"EntryPoint\",\"urlTemplate\":\"https:\/\/lire-ecrire-compter.com\/?s={search_term_string}\"},\"query-input\":{\"@type\":\"PropertyValueSpecification\",\"valueRequired\":true,\"valueName\":\"search_term_string\"}}],\"inLanguage\":\"fr-FR\"}]}<\/script>\n<!-- \/ Yoast SEO plugin. -->","yoast_head_json":{"title":"Voyelles en familles - Lire \u00e9crire compter","robots":{"index":"index","follow":"follow","max-snippet":"max-snippet:-1","max-image-preview":"max-image-preview:large","max-video-preview":"max-video-preview:-1"},"canonical":"https:\/\/lire-ecrire-compter.com\/?product=voyelles-en-familles","og_locale":"fr_FR","og_type":"article","og_title":"Voyelles en familles - Lire \u00e9crire compter","og_description":"BUT DU JEU R\u00e9unir le plus de familles comportant les 6 voyelles de l&rsquo;aphabet. COMPOSITION Le jeu est compos\u00e9 de 54 cartes de 9 familles de 6 mots. Chaque famille est compos\u00e9e des six voyelles accompagn\u00e9es d\u2019un mot r\u00e9f\u00e9rent. Les cartes de chaque famille sont...","og_url":"https:\/\/lire-ecrire-compter.com\/?product=voyelles-en-familles","og_site_name":"Lire \u00e9crire compter","article_modified_time":"2024-07-09T15:01:00+00:00","og_image":[{"width":600,"height":563,"url":"https:\/\/lire-ecrire-compter.com\/wp-content\/uploads\/2020\/03\/vue-densemble3-e1574165626868-600x563-1.jpg","type":"image\/jpeg"}],"twitter_card":"summary_large_image","twitter_misc":{"Dur\u00e9e de lecture estim\u00e9e":"1 minute"},"schema":{"@context":"https:\/\/schema.org","@graph":[{"@type":"WebPage","@id":"https:\/\/lire-ecrire-compter.com\/?product=voyelles-en-familles","url":"https:\/\/lire-ecrire-compter.com\/?product=voyelles-en-familles","name":"Voyelles en familles - Lire \u00e9crire compter","isPartOf":{"@id":"https:\/\/lire-ecrire-compter.com\/#website"},"primaryImageOfPage":{"@id":"https:\/\/lire-ecrire-compter.com\/?product=voyelles-en-familles#primaryimage"},"image":{"@id":"https:\/\/lire-ecrire-compter.com\/?product=voyelles-en-familles#primaryimage"},"thumbnailUrl":"https:\/\/lire-ecrire-compter.com\/wp-content\/uploads\/2020\/03\/vue-densemble3-e1574165626868-600x563-1.jpg","datePublished":"2020-03-06T09:51:51+00:00","dateModified":"2024-07-09T15:01:00+00:00","breadcrumb":{"@id":"https:\/\/lire-ecrire-compter.com\/?product=voyelles-en-familles#breadcrumb"},"inLanguage":"fr-FR","potentialAction":[{"@type":"ReadAction","target":["https:\/\/lire-ecrire-compter.com\/?product=voyelles-en-familles"]}]},{"@type":"ImageObject","inLanguage":"fr-FR","@id":"https:\/\/lire-ecrire-compter.com\/?product=voyelles-en-familles#primaryimage","url":"https:\/\/lire-ecrire-compter.com\/wp-content\/uploads\/2020\/03\/vue-densemble3-e1574165626868-600x563-1.jpg","contentUrl":"https:\/\/lire-ecrire-compter.com\/wp-content\/uploads\/2020\/03\/vue-densemble3-e1574165626868-600x563-1.jpg","width":600,"height":563},{"@type":"BreadcrumbList","@id":"https:\/\/lire-ecrire-compter.com\/?product=voyelles-en-familles#breadcrumb","itemListElement":[{"@type":"ListItem","position":1,"name":"Accueil","item":"https:\/\/lire-ecrire-compter.com\/"},{"@type":"ListItem","position":2,"name":"La bo\u00eete \u00e0 jeux","item":"https:\/\/lire-ecrire-compter.com\/?page_id=747"},{"@type":"ListItem","position":3,"name":"Voyelles en familles"}]},{"@type":"WebSite","@id":"https:\/\/lire-ecrire-compter.com\/#website","url":"https:\/\/lire-ecrire-compter.com\/","name":"Lire \u00e9crire compter","description":"Jouer pour apprendre","potentialAction":[{"@type":"SearchAction","target":{"@type":"EntryPoint","urlTemplate":"https:\/\/lire-ecrire-compter.com\/?s={search_term_string}"},"query-input":{"@type":"PropertyValueSpecification","valueRequired":true,"valueName":"search_term_string"}}],"inLanguage":"fr-FR"}]}},"_links":{"self":[{"href":"https:\/\/lire-ecrire-compter.com\/index.php?rest_route=\/wp\/v2\/product\/2087","targetHints":{"allow":["GET"]}}],"collection":[{"href":"https:\/\/lire-ecrire-compter.com\/index.php?rest_route=\/wp\/v2\/product"}],"about":[{"href":"https:\/\/lire-ecrire-compter.com\/index.php?rest_route=\/wp\/v2\/types\/product"}],"replies":[{"embeddable":true,"href":"https:\/\/lire-ecrire-compter.com\/index.php?rest_route=%2Fwp%2Fv2%2Fcomments&post=2087"}],"wp:featuredmedia":[{"embeddable":true,"href":"https:\/\/lire-ecrire-compter.com\/index.php?rest_route=\/wp\/v2\/media\/2784"}],"wp:attachment":[{"href":"https:\/\/lire-ecrire-compter.com\/index.php?rest_route=%2Fwp%2Fv2%2Fmedia&parent=2087"}],"wp:term":[{"taxonomy":"product_brand","embeddable":true,"href":"https:\/\/lire-ecrire-compter.com\/index.php?rest_route=%2Fwp%2Fv2%2Fproduct_brand&post=2087"},{"taxonomy":"product_cat","embeddable":true,"href":"https:\/\/lire-ecrire-compter.com\/index.php?rest_route=%2Fwp%2Fv2%2Fproduct_cat&post=2087"},{"taxonomy":"product_tag","embeddable":true,"href":"https:\/\/lire-ecrire-compter.com\/index.php?rest_route=%2Fwp%2Fv2%2Fproduct_tag&post=2087"}],"curies":[{"name":"wp","href":"https:\/\/api.w.org\/{rel}","templated":true}]}}