{"id":2086,"date":"2020-03-06T10:51:51","date_gmt":"2020-03-06T09:51:51","guid":{"rendered":"https:\/\/lire-ecrire-compter.com\/?product=import-placeholder-for-12900"},"modified":"2022-02-03T12:25:08","modified_gmt":"2022-02-03T11:25:08","slug":"a-vos-marques","status":"publish","type":"product","link":"https:\/\/lire-ecrire-compter.com\/?product=a-vos-marques","title":{"rendered":"\u00c0 vos marques !"},"content":{"rendered":"<p style=\"padding-left: 40px;\"><span style=\"color: #92d001;\"><strong>BUT DU JEU :<\/strong> <\/span><br \/>\n<span style=\"color: #92d001;\">Il faut \u00eatre le premier \u00e0 <strong>retrouver<\/strong> <strong>un mot invariable<\/strong> et r\u00e9unir ainsi le plus grand nombre de cartes. Dans une <strong>premi\u00e8re version<\/strong>, le<strong> mot \u00e0 trouver<\/strong> doit \u00eatre <strong>identique<\/strong> \u00e0 celui \u00e9crit sur la carte retourn\u00e9e. Dans une<strong> seconde version<\/strong>, il s&rsquo;agit de trouver sur le plateau un <strong>mot ayant la m\u00eame caract\u00e9ristique orthographique<\/strong> (\u00e9crite en rouge) que celle du mot figurant sur la carte retourn\u00e9e .<\/span><\/p>\n<p style=\"padding-left: 40px;\"><span style=\"color: #ff5b90;\"><strong>COMPOSITION :<\/strong><\/span><br \/>\n<span style=\"color: #ff5b90;\">Il est compos\u00e9 de <strong>70<\/strong><strong> cartes, d&rsquo;un plateau de jeu <\/strong>de forme hexagonale et de<strong> 6 jetons<\/strong>.<\/span><\/p>\n<p style=\"padding-left: 40px;\"><span style=\"color: #46acbf;\"><strong>OBJECTIFS :<\/strong> <\/span><br \/>\n<span style=\"color: #46acbf;\">Ce jeu aide \u00e0 automatiser la <strong>lecture<\/strong> des principaux<strong> mots invariables <\/strong>et \u00e0 travailler<strong> l&rsquo;orthographe <\/strong>de ceux-ci <strong>en m\u00e9morisant leurs caract\u00e9ristiques<\/strong>. Il permet la prise de conscience d&rsquo;<strong>analogie<\/strong> entre les mots travaillant ainsi la <strong>classification<\/strong>. Le <strong>balayage visuel<\/strong> est aussi tr\u00e8s sollicit\u00e9.<\/span><\/p>\n<p>&nbsp;<\/p>\n<p>&nbsp;<\/p>\n","protected":false},"excerpt":{"rendered":"<p>BUT DU JEU : Il faut \u00eatre le premier \u00e0 retrouver un mot invariable et r\u00e9unir ainsi le plus grand nombre de cartes. Dans une premi\u00e8re version, le mot \u00e0 trouver doit \u00eatre identique \u00e0 celui \u00e9crit sur la carte retourn\u00e9e. Dans une seconde version,&#8230;<\/p>\n","protected":false},"featured_media":992,"comment_status":"closed","ping_status":"closed","template":"","meta":{"give_campaign_id":0,"om_disable_all_campaigns":false,"_monsterinsights_skip_tracking":false,"_monsterinsights_sitenote_active":false,"_monsterinsights_sitenote_note":"","_monsterinsights_sitenote_category":0,"_uf_show_specific_survey":0,"_uf_disable_surveys":false},"product_brand":[],"product_cat":[151,147,98],"product_tag":[140,130,136,139,137],"class_list":{"0":"post-2086","1":"product","2":"type-product","3":"status-publish","4":"has-post-thumbnail","6":"product_cat-ce2","7":"product_cat-jeux","8":"product_cat-jeux-autour-de-la-lecture","9":"product_tag-automatiser-la-lecture-des-mots-les-plus-frequents","10":"product_tag-categoriser","11":"product_tag-reperer-des-analogies","12":"product_tag-travailler-lorthographe","13":"product_tag-travailler-le-balayage-visuel","15":"first","16":"instock","17":"downloadable","18":"virtual","19":"purchasable","20":"product-type-simple"},"yoast_head":"<!-- This site is optimized with the Yoast SEO plugin v27.1.1 - https:\/\/yoast.com\/product\/yoast-seo-wordpress\/ -->\n<title>\u00c0 vos marques ! - Lire \u00e9crire compter<\/title>\n<meta name=\"description\" content=\"Ce jeu aide \u00e0 automatiser la lecture des principaux mots invariables et \u00e0 travailler l&#039;orthographe de ceux-ci en m\u00e9morisant leurs caract\u00e9ristiques. Il permet la prise de conscience d&#039;analogie entre les mots travaillant ainsi la classification. Le balayage visuel est aussi tr\u00e8s sollicit\u00e9.\" \/>\n<meta name=\"robots\" content=\"index, follow, max-snippet:-1, max-image-preview:large, max-video-preview:-1\" \/>\n<link rel=\"canonical\" href=\"https:\/\/lire-ecrire-compter.com\/?product=a-vos-marques\" \/>\n<meta property=\"og:locale\" content=\"fr_FR\" \/>\n<meta property=\"og:type\" content=\"article\" \/>\n<meta property=\"og:title\" content=\"\u00c0 vos marques ! - Lire \u00e9crire compter\" \/>\n<meta property=\"og:description\" content=\"Ce jeu aide \u00e0 automatiser la lecture des principaux mots invariables et \u00e0 travailler l&#039;orthographe de ceux-ci en m\u00e9morisant leurs caract\u00e9ristiques. Il permet la prise de conscience d&#039;analogie entre les mots travaillant ainsi la classification. Le balayage visuel est aussi tr\u00e8s sollicit\u00e9.\" \/>\n<meta property=\"og:url\" content=\"https:\/\/lire-ecrire-compter.com\/?product=a-vos-marques\" \/>\n<meta property=\"og:site_name\" content=\"Lire \u00e9crire compter\" \/>\n<meta property=\"article:modified_time\" content=\"2022-02-03T11:25:08+00:00\" \/>\n<meta property=\"og:image\" content=\"https:\/\/lire-ecrire-compter.com\/wp-content\/uploads\/2020\/02\/jeu_\u00e0-vos-marques.jpg\" \/>\n\t<meta property=\"og:image:width\" content=\"1283\" \/>\n\t<meta property=\"og:image:height\" content=\"837\" \/>\n\t<meta property=\"og:image:type\" content=\"image\/jpeg\" \/>\n<meta name=\"twitter:card\" content=\"summary_large_image\" \/>\n<meta name=\"twitter:label1\" content=\"Dur\u00e9e de lecture estim\u00e9e\" \/>\n\t<meta name=\"twitter:data1\" content=\"1 minute\" \/>\n<script type=\"application\/ld+json\" class=\"yoast-schema-graph\">{\"@context\":\"https:\/\/schema.org\",\"@graph\":[{\"@type\":\"WebPage\",\"@id\":\"https:\/\/lire-ecrire-compter.com\/?product=a-vos-marques\",\"url\":\"https:\/\/lire-ecrire-compter.com\/?product=a-vos-marques\",\"name\":\"\u00c0 vos marques ! - Lire \u00e9crire compter\",\"isPartOf\":{\"@id\":\"https:\/\/lire-ecrire-compter.com\/#website\"},\"primaryImageOfPage\":{\"@id\":\"https:\/\/lire-ecrire-compter.com\/?product=a-vos-marques#primaryimage\"},\"image\":{\"@id\":\"https:\/\/lire-ecrire-compter.com\/?product=a-vos-marques#primaryimage\"},\"thumbnailUrl\":\"https:\/\/lire-ecrire-compter.com\/wp-content\/uploads\/2020\/02\/jeu_\u00e0-vos-marques.jpg\",\"datePublished\":\"2020-03-06T09:51:51+00:00\",\"dateModified\":\"2022-02-03T11:25:08+00:00\",\"description\":\"Ce jeu aide \u00e0 automatiser la lecture des principaux mots invariables et \u00e0 travailler l'orthographe de ceux-ci en m\u00e9morisant leurs caract\u00e9ristiques. Il permet la prise de conscience d'analogie entre les mots travaillant ainsi la classification. Le balayage visuel est aussi tr\u00e8s sollicit\u00e9.\",\"breadcrumb\":{\"@id\":\"https:\/\/lire-ecrire-compter.com\/?product=a-vos-marques#breadcrumb\"},\"inLanguage\":\"fr-FR\",\"potentialAction\":[{\"@type\":\"ReadAction\",\"target\":[\"https:\/\/lire-ecrire-compter.com\/?product=a-vos-marques\"]}]},{\"@type\":\"ImageObject\",\"inLanguage\":\"fr-FR\",\"@id\":\"https:\/\/lire-ecrire-compter.com\/?product=a-vos-marques#primaryimage\",\"url\":\"https:\/\/lire-ecrire-compter.com\/wp-content\/uploads\/2020\/02\/jeu_\u00e0-vos-marques.jpg\",\"contentUrl\":\"https:\/\/lire-ecrire-compter.com\/wp-content\/uploads\/2020\/02\/jeu_\u00e0-vos-marques.jpg\",\"width\":1283,\"height\":837},{\"@type\":\"BreadcrumbList\",\"@id\":\"https:\/\/lire-ecrire-compter.com\/?product=a-vos-marques#breadcrumb\",\"itemListElement\":[{\"@type\":\"ListItem\",\"position\":1,\"name\":\"Accueil\",\"item\":\"https:\/\/lire-ecrire-compter.com\/\"},{\"@type\":\"ListItem\",\"position\":2,\"name\":\"La bo\u00eete \u00e0 jeux\",\"item\":\"https:\/\/lire-ecrire-compter.com\/?page_id=747\"},{\"@type\":\"ListItem\",\"position\":3,\"name\":\"\u00c0 vos marques !\"}]},{\"@type\":\"WebSite\",\"@id\":\"https:\/\/lire-ecrire-compter.com\/#website\",\"url\":\"https:\/\/lire-ecrire-compter.com\/\",\"name\":\"Lire \u00e9crire compter\",\"description\":\"Jouer pour apprendre\",\"potentialAction\":[{\"@type\":\"SearchAction\",\"target\":{\"@type\":\"EntryPoint\",\"urlTemplate\":\"https:\/\/lire-ecrire-compter.com\/?s={search_term_string}\"},\"query-input\":{\"@type\":\"PropertyValueSpecification\",\"valueRequired\":true,\"valueName\":\"search_term_string\"}}],\"inLanguage\":\"fr-FR\"}]}<\/script>\n<!-- \/ Yoast SEO plugin. -->","yoast_head_json":{"title":"\u00c0 vos marques ! - Lire \u00e9crire compter","description":"Ce jeu aide \u00e0 automatiser la lecture des principaux mots invariables et \u00e0 travailler l'orthographe de ceux-ci en m\u00e9morisant leurs caract\u00e9ristiques. Il permet la prise de conscience d'analogie entre les mots travaillant ainsi la classification. Le balayage visuel est aussi tr\u00e8s sollicit\u00e9.","robots":{"index":"index","follow":"follow","max-snippet":"max-snippet:-1","max-image-preview":"max-image-preview:large","max-video-preview":"max-video-preview:-1"},"canonical":"https:\/\/lire-ecrire-compter.com\/?product=a-vos-marques","og_locale":"fr_FR","og_type":"article","og_title":"\u00c0 vos marques ! - Lire \u00e9crire compter","og_description":"Ce jeu aide \u00e0 automatiser la lecture des principaux mots invariables et \u00e0 travailler l'orthographe de ceux-ci en m\u00e9morisant leurs caract\u00e9ristiques. Il permet la prise de conscience d'analogie entre les mots travaillant ainsi la classification. Le balayage visuel est aussi tr\u00e8s sollicit\u00e9.","og_url":"https:\/\/lire-ecrire-compter.com\/?product=a-vos-marques","og_site_name":"Lire \u00e9crire compter","article_modified_time":"2022-02-03T11:25:08+00:00","og_image":[{"width":1283,"height":837,"url":"https:\/\/lire-ecrire-compter.com\/wp-content\/uploads\/2020\/02\/jeu_\u00e0-vos-marques.jpg","type":"image\/jpeg"}],"twitter_card":"summary_large_image","twitter_misc":{"Dur\u00e9e de lecture estim\u00e9e":"1 minute"},"schema":{"@context":"https:\/\/schema.org","@graph":[{"@type":"WebPage","@id":"https:\/\/lire-ecrire-compter.com\/?product=a-vos-marques","url":"https:\/\/lire-ecrire-compter.com\/?product=a-vos-marques","name":"\u00c0 vos marques ! - Lire \u00e9crire compter","isPartOf":{"@id":"https:\/\/lire-ecrire-compter.com\/#website"},"primaryImageOfPage":{"@id":"https:\/\/lire-ecrire-compter.com\/?product=a-vos-marques#primaryimage"},"image":{"@id":"https:\/\/lire-ecrire-compter.com\/?product=a-vos-marques#primaryimage"},"thumbnailUrl":"https:\/\/lire-ecrire-compter.com\/wp-content\/uploads\/2020\/02\/jeu_\u00e0-vos-marques.jpg","datePublished":"2020-03-06T09:51:51+00:00","dateModified":"2022-02-03T11:25:08+00:00","description":"Ce jeu aide \u00e0 automatiser la lecture des principaux mots invariables et \u00e0 travailler l'orthographe de ceux-ci en m\u00e9morisant leurs caract\u00e9ristiques. Il permet la prise de conscience d'analogie entre les mots travaillant ainsi la classification. Le balayage visuel est aussi tr\u00e8s sollicit\u00e9.","breadcrumb":{"@id":"https:\/\/lire-ecrire-compter.com\/?product=a-vos-marques#breadcrumb"},"inLanguage":"fr-FR","potentialAction":[{"@type":"ReadAction","target":["https:\/\/lire-ecrire-compter.com\/?product=a-vos-marques"]}]},{"@type":"ImageObject","inLanguage":"fr-FR","@id":"https:\/\/lire-ecrire-compter.com\/?product=a-vos-marques#primaryimage","url":"https:\/\/lire-ecrire-compter.com\/wp-content\/uploads\/2020\/02\/jeu_\u00e0-vos-marques.jpg","contentUrl":"https:\/\/lire-ecrire-compter.com\/wp-content\/uploads\/2020\/02\/jeu_\u00e0-vos-marques.jpg","width":1283,"height":837},{"@type":"BreadcrumbList","@id":"https:\/\/lire-ecrire-compter.com\/?product=a-vos-marques#breadcrumb","itemListElement":[{"@type":"ListItem","position":1,"name":"Accueil","item":"https:\/\/lire-ecrire-compter.com\/"},{"@type":"ListItem","position":2,"name":"La bo\u00eete \u00e0 jeux","item":"https:\/\/lire-ecrire-compter.com\/?page_id=747"},{"@type":"ListItem","position":3,"name":"\u00c0 vos marques !"}]},{"@type":"WebSite","@id":"https:\/\/lire-ecrire-compter.com\/#website","url":"https:\/\/lire-ecrire-compter.com\/","name":"Lire \u00e9crire compter","description":"Jouer pour apprendre","potentialAction":[{"@type":"SearchAction","target":{"@type":"EntryPoint","urlTemplate":"https:\/\/lire-ecrire-compter.com\/?s={search_term_string}"},"query-input":{"@type":"PropertyValueSpecification","valueRequired":true,"valueName":"search_term_string"}}],"inLanguage":"fr-FR"}]}},"_links":{"self":[{"href":"https:\/\/lire-ecrire-compter.com\/index.php?rest_route=\/wp\/v2\/product\/2086","targetHints":{"allow":["GET"]}}],"collection":[{"href":"https:\/\/lire-ecrire-compter.com\/index.php?rest_route=\/wp\/v2\/product"}],"about":[{"href":"https:\/\/lire-ecrire-compter.com\/index.php?rest_route=\/wp\/v2\/types\/product"}],"replies":[{"embeddable":true,"href":"https:\/\/lire-ecrire-compter.com\/index.php?rest_route=%2Fwp%2Fv2%2Fcomments&post=2086"}],"wp:featuredmedia":[{"embeddable":true,"href":"https:\/\/lire-ecrire-compter.com\/index.php?rest_route=\/wp\/v2\/media\/992"}],"wp:attachment":[{"href":"https:\/\/lire-ecrire-compter.com\/index.php?rest_route=%2Fwp%2Fv2%2Fmedia&parent=2086"}],"wp:term":[{"taxonomy":"product_brand","embeddable":true,"href":"https:\/\/lire-ecrire-compter.com\/index.php?rest_route=%2Fwp%2Fv2%2Fproduct_brand&post=2086"},{"taxonomy":"product_cat","embeddable":true,"href":"https:\/\/lire-ecrire-compter.com\/index.php?rest_route=%2Fwp%2Fv2%2Fproduct_cat&post=2086"},{"taxonomy":"product_tag","embeddable":true,"href":"https:\/\/lire-ecrire-compter.com\/index.php?rest_route=%2Fwp%2Fv2%2Fproduct_tag&post=2086"}],"curies":[{"name":"wp","href":"https:\/\/api.w.org\/{rel}","templated":true}]}}