{"id":2085,"date":"2020-03-06T10:51:50","date_gmt":"2020-03-06T09:51:50","guid":{"rendered":"https:\/\/lire-ecrire-compter.com\/?product=import-placeholder-for-10780"},"modified":"2023-02-04T21:18:25","modified_gmt":"2023-02-04T20:18:25","slug":"question-de-genre","status":"publish","type":"product","link":"https:\/\/lire-ecrire-compter.com\/?product=question-de-genre","title":{"rendered":"Question de Genre"},"content":{"rendered":"<p><span style=\"color: #92d001;\"><strong>BUT DU JEU :<\/strong> <\/span><br \/>\n<span style=\"color: #92d001;\"><strong>Comme dans un jeu de Uno, i<\/strong>l faut \u00eatre le premier \u00e0 pouvoir <strong>se d\u00e9fausser de toutes ses cartes, <\/strong>. Les cartes sont rejet\u00e9es une \u00e0 une et doivent avoir au moins un <strong>crit\u00e8re commun<\/strong> avec la carte pr\u00e9c\u00e9dente, \u00e0 savoir, soit le <strong>m\u00eame nombre<\/strong> (en \u00e9non\u00e7ant \u00ab\u00a0singulier\u00a0\u00bb ou \u00ab\u00a0pluriel\u00a0\u00bb) , soit le <strong>m\u00eame genre<\/strong> (en \u00e9non\u00e7ant \u00ab\u00a0f\u00e9minin\u00a0\u00bb ou \u00ab\u00a0masculin\u00a0\u00bb) .<\/span><\/p>\n<p><span style=\"color: #ff5b72;\"><strong>COMPOSITION :<\/strong><\/span><br \/>\n<span style=\"color: #ff5b72;\">Il se compose de <strong>88<\/strong><strong> cartes r\u00e9parties ainsi :\u00a0<\/strong> <strong>25 cartes avec le nom d&rsquo;un fruit<\/strong>, <strong>19 cartes avec un nom de l\u00e9gume<\/strong>, <strong>32 cartes avec un adjectif<\/strong> et <strong>12 cartes \u00ab\u00a0sp\u00e9ciales\u00a0\u00bb. <\/strong><em>Ces 12 cartes sont de deux types<\/em> : 6 cartes \u00ab\u00a0Tu prends une carte\u00a0\u00bb et 6 cartes \u00ab\u00a0Tu passes ton tour\u00a0\u00bb.<\/span><\/p>\n<p><span style=\"color: #46acbf;\"><strong>OBJECTIFS :<\/strong> <\/span><br \/>\n<span style=\"color: #46acbf;\">Ce jeu aide \u00e0 automatiser la<strong> reconnaissance du genre et du nombre d&rsquo;un nom ou d&rsquo;un adjectif. <\/strong>Il permet de travailler<strong> les accords dans le groupe nominal. Il enrichit le vocabulaire <\/strong>(noms de fruits et de l\u00e9gumes et adjectifs pouvant s&rsquo;y rapporter).<\/span><\/p>\n<p>&nbsp;<\/p>\n<p>&nbsp;<\/p>\n","protected":false},"excerpt":{"rendered":"<p>BUT DU JEU : Comme dans un jeu de Uno, il faut \u00eatre le premier \u00e0 pouvoir se d\u00e9fausser de toutes ses cartes, . Les cartes sont rejet\u00e9es une \u00e0 une et doivent avoir au moins un crit\u00e8re commun avec la carte pr\u00e9c\u00e9dente, \u00e0 savoir,&#8230;<\/p>\n","protected":false},"featured_media":988,"comment_status":"open","ping_status":"closed","template":"","meta":{"give_campaign_id":0,"om_disable_all_campaigns":false,"_monsterinsights_skip_tracking":false,"_monsterinsights_sitenote_active":false,"_monsterinsights_sitenote_note":"","_monsterinsights_sitenote_category":0,"_uf_show_specific_survey":0,"_uf_disable_surveys":false},"product_brand":[],"product_cat":[151,152,147,98],"product_tag":[123,139],"class_list":{"0":"post-2085","1":"product","2":"type-product","3":"status-publish","4":"has-post-thumbnail","6":"product_cat-ce2","7":"product_cat-cm1-cm2","8":"product_cat-jeux","9":"product_cat-jeux-autour-de-la-lecture","10":"product_tag-enrichir-le-vocabulaire","11":"product_tag-travailler-lorthographe","13":"first","14":"instock","15":"downloadable","16":"virtual","17":"purchasable","18":"product-type-simple"},"yoast_head":"<!-- This site is optimized with the Yoast SEO plugin v27.1.1 - https:\/\/yoast.com\/product\/yoast-seo-wordpress\/ -->\n<title>Question de Genre - Lire \u00e9crire compter<\/title>\n<meta name=\"description\" content=\"Ce jeu aide \u00e0 automatiser la reconnaissance du genre et du nombre d&#039;un nom ou d&#039;un adjectif. Il permet de travailler les accords dans le groupe nominal. Il enrichit le vocabulaire (noms de fruits et de l\u00e9gumes et adjectifs pouvant s&#039;y rapporter).\" \/>\n<meta name=\"robots\" content=\"index, follow, max-snippet:-1, max-image-preview:large, max-video-preview:-1\" \/>\n<link rel=\"canonical\" href=\"https:\/\/lire-ecrire-compter.com\/?product=question-de-genre\" \/>\n<meta property=\"og:locale\" content=\"fr_FR\" \/>\n<meta property=\"og:type\" content=\"article\" \/>\n<meta property=\"og:title\" content=\"Question de Genre - Lire \u00e9crire compter\" \/>\n<meta property=\"og:description\" content=\"Ce jeu aide \u00e0 automatiser la reconnaissance du genre et du nombre d&#039;un nom ou d&#039;un adjectif. Il permet de travailler les accords dans le groupe nominal. Il enrichit le vocabulaire (noms de fruits et de l\u00e9gumes et adjectifs pouvant s&#039;y rapporter).\" \/>\n<meta property=\"og:url\" content=\"https:\/\/lire-ecrire-compter.com\/?product=question-de-genre\" \/>\n<meta property=\"og:site_name\" content=\"Lire \u00e9crire compter\" \/>\n<meta property=\"article:modified_time\" content=\"2023-02-04T20:18:25+00:00\" \/>\n<meta property=\"og:image\" content=\"https:\/\/lire-ecrire-compter.com\/wp-content\/uploads\/2020\/02\/IMG_1072-e1574164807563.jpg\" \/>\n\t<meta property=\"og:image:width\" content=\"1000\" \/>\n\t<meta property=\"og:image:height\" content=\"1006\" \/>\n\t<meta property=\"og:image:type\" content=\"image\/jpeg\" \/>\n<meta name=\"twitter:card\" content=\"summary_large_image\" \/>\n<meta name=\"twitter:label1\" content=\"Dur\u00e9e de lecture estim\u00e9e\" \/>\n\t<meta name=\"twitter:data1\" content=\"1 minute\" \/>\n<script type=\"application\/ld+json\" class=\"yoast-schema-graph\">{\"@context\":\"https:\/\/schema.org\",\"@graph\":[{\"@type\":\"WebPage\",\"@id\":\"https:\/\/lire-ecrire-compter.com\/?product=question-de-genre\",\"url\":\"https:\/\/lire-ecrire-compter.com\/?product=question-de-genre\",\"name\":\"Question de Genre - Lire \u00e9crire compter\",\"isPartOf\":{\"@id\":\"https:\/\/lire-ecrire-compter.com\/#website\"},\"primaryImageOfPage\":{\"@id\":\"https:\/\/lire-ecrire-compter.com\/?product=question-de-genre#primaryimage\"},\"image\":{\"@id\":\"https:\/\/lire-ecrire-compter.com\/?product=question-de-genre#primaryimage\"},\"thumbnailUrl\":\"https:\/\/lire-ecrire-compter.com\/wp-content\/uploads\/2020\/02\/IMG_1072-e1574164807563.jpg\",\"datePublished\":\"2020-03-06T09:51:50+00:00\",\"dateModified\":\"2023-02-04T20:18:25+00:00\",\"description\":\"Ce jeu aide \u00e0 automatiser la reconnaissance du genre et du nombre d'un nom ou d'un adjectif. Il permet de travailler les accords dans le groupe nominal. Il enrichit le vocabulaire (noms de fruits et de l\u00e9gumes et adjectifs pouvant s'y rapporter).\",\"breadcrumb\":{\"@id\":\"https:\/\/lire-ecrire-compter.com\/?product=question-de-genre#breadcrumb\"},\"inLanguage\":\"fr-FR\",\"potentialAction\":[{\"@type\":\"ReadAction\",\"target\":[\"https:\/\/lire-ecrire-compter.com\/?product=question-de-genre\"]}]},{\"@type\":\"ImageObject\",\"inLanguage\":\"fr-FR\",\"@id\":\"https:\/\/lire-ecrire-compter.com\/?product=question-de-genre#primaryimage\",\"url\":\"https:\/\/lire-ecrire-compter.com\/wp-content\/uploads\/2020\/02\/IMG_1072-e1574164807563.jpg\",\"contentUrl\":\"https:\/\/lire-ecrire-compter.com\/wp-content\/uploads\/2020\/02\/IMG_1072-e1574164807563.jpg\",\"width\":1000,\"height\":1006},{\"@type\":\"BreadcrumbList\",\"@id\":\"https:\/\/lire-ecrire-compter.com\/?product=question-de-genre#breadcrumb\",\"itemListElement\":[{\"@type\":\"ListItem\",\"position\":1,\"name\":\"Accueil\",\"item\":\"https:\/\/lire-ecrire-compter.com\/\"},{\"@type\":\"ListItem\",\"position\":2,\"name\":\"La bo\u00eete \u00e0 jeux\",\"item\":\"https:\/\/lire-ecrire-compter.com\/?page_id=747\"},{\"@type\":\"ListItem\",\"position\":3,\"name\":\"Question de Genre\"}]},{\"@type\":\"WebSite\",\"@id\":\"https:\/\/lire-ecrire-compter.com\/#website\",\"url\":\"https:\/\/lire-ecrire-compter.com\/\",\"name\":\"Lire \u00e9crire compter\",\"description\":\"Jouer pour apprendre\",\"potentialAction\":[{\"@type\":\"SearchAction\",\"target\":{\"@type\":\"EntryPoint\",\"urlTemplate\":\"https:\/\/lire-ecrire-compter.com\/?s={search_term_string}\"},\"query-input\":{\"@type\":\"PropertyValueSpecification\",\"valueRequired\":true,\"valueName\":\"search_term_string\"}}],\"inLanguage\":\"fr-FR\"}]}<\/script>\n<!-- \/ Yoast SEO plugin. -->","yoast_head_json":{"title":"Question de Genre - Lire \u00e9crire compter","description":"Ce jeu aide \u00e0 automatiser la reconnaissance du genre et du nombre d'un nom ou d'un adjectif. Il permet de travailler les accords dans le groupe nominal. Il enrichit le vocabulaire (noms de fruits et de l\u00e9gumes et adjectifs pouvant s'y rapporter).","robots":{"index":"index","follow":"follow","max-snippet":"max-snippet:-1","max-image-preview":"max-image-preview:large","max-video-preview":"max-video-preview:-1"},"canonical":"https:\/\/lire-ecrire-compter.com\/?product=question-de-genre","og_locale":"fr_FR","og_type":"article","og_title":"Question de Genre - Lire \u00e9crire compter","og_description":"Ce jeu aide \u00e0 automatiser la reconnaissance du genre et du nombre d'un nom ou d'un adjectif. Il permet de travailler les accords dans le groupe nominal. Il enrichit le vocabulaire (noms de fruits et de l\u00e9gumes et adjectifs pouvant s'y rapporter).","og_url":"https:\/\/lire-ecrire-compter.com\/?product=question-de-genre","og_site_name":"Lire \u00e9crire compter","article_modified_time":"2023-02-04T20:18:25+00:00","og_image":[{"width":1000,"height":1006,"url":"https:\/\/lire-ecrire-compter.com\/wp-content\/uploads\/2020\/02\/IMG_1072-e1574164807563.jpg","type":"image\/jpeg"}],"twitter_card":"summary_large_image","twitter_misc":{"Dur\u00e9e de lecture estim\u00e9e":"1 minute"},"schema":{"@context":"https:\/\/schema.org","@graph":[{"@type":"WebPage","@id":"https:\/\/lire-ecrire-compter.com\/?product=question-de-genre","url":"https:\/\/lire-ecrire-compter.com\/?product=question-de-genre","name":"Question de Genre - Lire \u00e9crire compter","isPartOf":{"@id":"https:\/\/lire-ecrire-compter.com\/#website"},"primaryImageOfPage":{"@id":"https:\/\/lire-ecrire-compter.com\/?product=question-de-genre#primaryimage"},"image":{"@id":"https:\/\/lire-ecrire-compter.com\/?product=question-de-genre#primaryimage"},"thumbnailUrl":"https:\/\/lire-ecrire-compter.com\/wp-content\/uploads\/2020\/02\/IMG_1072-e1574164807563.jpg","datePublished":"2020-03-06T09:51:50+00:00","dateModified":"2023-02-04T20:18:25+00:00","description":"Ce jeu aide \u00e0 automatiser la reconnaissance du genre et du nombre d'un nom ou d'un adjectif. Il permet de travailler les accords dans le groupe nominal. Il enrichit le vocabulaire (noms de fruits et de l\u00e9gumes et adjectifs pouvant s'y rapporter).","breadcrumb":{"@id":"https:\/\/lire-ecrire-compter.com\/?product=question-de-genre#breadcrumb"},"inLanguage":"fr-FR","potentialAction":[{"@type":"ReadAction","target":["https:\/\/lire-ecrire-compter.com\/?product=question-de-genre"]}]},{"@type":"ImageObject","inLanguage":"fr-FR","@id":"https:\/\/lire-ecrire-compter.com\/?product=question-de-genre#primaryimage","url":"https:\/\/lire-ecrire-compter.com\/wp-content\/uploads\/2020\/02\/IMG_1072-e1574164807563.jpg","contentUrl":"https:\/\/lire-ecrire-compter.com\/wp-content\/uploads\/2020\/02\/IMG_1072-e1574164807563.jpg","width":1000,"height":1006},{"@type":"BreadcrumbList","@id":"https:\/\/lire-ecrire-compter.com\/?product=question-de-genre#breadcrumb","itemListElement":[{"@type":"ListItem","position":1,"name":"Accueil","item":"https:\/\/lire-ecrire-compter.com\/"},{"@type":"ListItem","position":2,"name":"La bo\u00eete \u00e0 jeux","item":"https:\/\/lire-ecrire-compter.com\/?page_id=747"},{"@type":"ListItem","position":3,"name":"Question de Genre"}]},{"@type":"WebSite","@id":"https:\/\/lire-ecrire-compter.com\/#website","url":"https:\/\/lire-ecrire-compter.com\/","name":"Lire \u00e9crire compter","description":"Jouer pour apprendre","potentialAction":[{"@type":"SearchAction","target":{"@type":"EntryPoint","urlTemplate":"https:\/\/lire-ecrire-compter.com\/?s={search_term_string}"},"query-input":{"@type":"PropertyValueSpecification","valueRequired":true,"valueName":"search_term_string"}}],"inLanguage":"fr-FR"}]}},"_links":{"self":[{"href":"https:\/\/lire-ecrire-compter.com\/index.php?rest_route=\/wp\/v2\/product\/2085","targetHints":{"allow":["GET"]}}],"collection":[{"href":"https:\/\/lire-ecrire-compter.com\/index.php?rest_route=\/wp\/v2\/product"}],"about":[{"href":"https:\/\/lire-ecrire-compter.com\/index.php?rest_route=\/wp\/v2\/types\/product"}],"replies":[{"embeddable":true,"href":"https:\/\/lire-ecrire-compter.com\/index.php?rest_route=%2Fwp%2Fv2%2Fcomments&post=2085"}],"wp:featuredmedia":[{"embeddable":true,"href":"https:\/\/lire-ecrire-compter.com\/index.php?rest_route=\/wp\/v2\/media\/988"}],"wp:attachment":[{"href":"https:\/\/lire-ecrire-compter.com\/index.php?rest_route=%2Fwp%2Fv2%2Fmedia&parent=2085"}],"wp:term":[{"taxonomy":"product_brand","embeddable":true,"href":"https:\/\/lire-ecrire-compter.com\/index.php?rest_route=%2Fwp%2Fv2%2Fproduct_brand&post=2085"},{"taxonomy":"product_cat","embeddable":true,"href":"https:\/\/lire-ecrire-compter.com\/index.php?rest_route=%2Fwp%2Fv2%2Fproduct_cat&post=2085"},{"taxonomy":"product_tag","embeddable":true,"href":"https:\/\/lire-ecrire-compter.com\/index.php?rest_route=%2Fwp%2Fv2%2Fproduct_tag&post=2085"}],"curies":[{"name":"wp","href":"https:\/\/api.w.org\/{rel}","templated":true}]}}