{"id":2084,"date":"2020-03-06T10:51:50","date_gmt":"2020-03-06T09:51:50","guid":{"rendered":"https:\/\/lire-ecrire-compter.com\/?product=import-placeholder-for-8549"},"modified":"2024-07-20T01:14:43","modified_gmt":"2024-07-19T23:14:43","slug":"le-quintet-des-fractions","status":"publish","type":"product","link":"https:\/\/lire-ecrire-compter.com\/?product=le-quintet-des-fractions","title":{"rendered":"Le Quintet des Fractions"},"content":{"rendered":"<p><span style=\"color: #92d001;\"><strong>BUT DU JEU :<\/strong><\/span><br \/>\n<span style=\"color: #92d001;\"><strong>Gagner le plus possible de cartes en compl\u00e9tant des s\u00e9ries de 5 repr\u00e9sentations d\u2019une m\u00eame fraction<\/strong>. Chaque s\u00e9rie compl\u00e9t\u00e9e permet de remporter les 5 cartes pos\u00e9es sur le plateau.<\/span><\/p>\n<p><span style=\"color: #ff5b72;\"><strong>COMPOSITION :<\/strong><\/span><br \/>\n<span style=\"color: #ff5b72;\">Il est compos\u00e9 <em>de <\/em><strong>105 cartes<\/strong> r\u00e9parties en <strong>5 s\u00e9ries de 21<\/strong>. Une s\u00e9rie avec l\u2019<strong>\u00e9criture fractionnaire<\/strong>, une avec l\u2019<strong>\u00e9criture en lettres<\/strong>, une avec la <strong>repr\u00e9sentation sur une ligne gradu\u00e9e<\/strong> et associ\u00e9e \u00e0 l\u2019<strong>\u00e9criture d\u00e9cimale<\/strong>, une avec une <strong>repr\u00e9sentation dans un cercle<\/strong> et une avec une <strong>repr\u00e9sentation dans un carr\u00e9 sous forme de niveau <\/strong>ainsi que d&rsquo;un<strong> plateau de jeu<\/strong> \u00e0 reconstituer<em>.<\/em><\/span><\/p>\n<p><span style=\"color: #46acbf;\"><strong>OBJECTIFS :<br \/>\n<\/strong>Ce jeu <strong>aide <\/strong>\u00e0 la<strong> conceptualisation des fractions <\/strong>et \u00e0<strong> la construction des notions de \u00ab\u00a0d\u00e9nominateur\u00a0\u00bb et \u00ab\u00a0num\u00e9rateur\u00a0\u00bb. <\/strong>Il favorise<strong> le rep\u00e9rage de fractions \u00e9quivalentes. <\/strong>Il permet<strong> d&rsquo;associer une fraction avec son \u00e9criture d\u00e9cimale et diverses autres repr\u00e9sentations <\/strong>.<\/span><\/p>\n<p>&nbsp;<\/p>\n<p>&nbsp;<\/p>\n","protected":false},"excerpt":{"rendered":"<p>BUT DU JEU : Gagner le plus possible de cartes en compl\u00e9tant des s\u00e9ries de 5 repr\u00e9sentations d\u2019une m\u00eame fraction. Chaque s\u00e9rie compl\u00e9t\u00e9e permet de remporter les 5 cartes pos\u00e9es sur le plateau. COMPOSITION : Il est compos\u00e9 de 105 cartes r\u00e9parties en 5 s\u00e9ries&#8230;<\/p>\n","protected":false},"featured_media":979,"comment_status":"open","ping_status":"closed","template":"","meta":{"give_campaign_id":0,"om_disable_all_campaigns":false,"_monsterinsights_skip_tracking":false,"_monsterinsights_sitenote_active":false,"_monsterinsights_sitenote_note":"","_monsterinsights_sitenote_category":0,"_uf_show_specific_survey":0,"_uf_disable_surveys":false},"product_brand":[],"product_cat":[138,147,100],"product_tag":[67],"class_list":{"0":"post-2084","1":"product","2":"type-product","3":"status-publish","4":"has-post-thumbnail","6":"product_cat-a-partir-du-cm1","7":"product_cat-jeux","8":"product_cat-jeux-autour-des-mathematiques","9":"product_tag-conceptualiser-les-fractions","11":"first","12":"instock","13":"downloadable","14":"virtual","15":"purchasable","16":"product-type-simple"},"yoast_head":"<!-- This site is optimized with the Yoast SEO plugin v27.1.1 - https:\/\/yoast.com\/product\/yoast-seo-wordpress\/ -->\n<title>Le Quintet des Fractions - Lire \u00e9crire compter<\/title>\n<meta name=\"description\" content=\"Ce jeu aide \u00e0 la conceptualisation des fractions et \u00e0 la construction des notions de &quot;d\u00e9nominateur&quot; et &quot;num\u00e9rateur&quot;. Il favorise le rep\u00e9rage de fractions \u00e9quivalentes. Il permet d&#039;associer une fraction avec son \u00e9criture d\u00e9cimale et diverses autres repr\u00e9sentations .\" \/>\n<meta name=\"robots\" content=\"index, follow, max-snippet:-1, max-image-preview:large, max-video-preview:-1\" \/>\n<link rel=\"canonical\" href=\"https:\/\/lire-ecrire-compter.com\/?product=le-quintet-des-fractions\" \/>\n<meta property=\"og:locale\" content=\"fr_FR\" \/>\n<meta property=\"og:type\" content=\"article\" \/>\n<meta property=\"og:title\" content=\"Le Quintet des Fractions - Lire \u00e9crire compter\" \/>\n<meta property=\"og:description\" content=\"Ce jeu aide \u00e0 la conceptualisation des fractions et \u00e0 la construction des notions de &quot;d\u00e9nominateur&quot; et &quot;num\u00e9rateur&quot;. Il favorise le rep\u00e9rage de fractions \u00e9quivalentes. Il permet d&#039;associer une fraction avec son \u00e9criture d\u00e9cimale et diverses autres repr\u00e9sentations .\" \/>\n<meta property=\"og:url\" content=\"https:\/\/lire-ecrire-compter.com\/?product=le-quintet-des-fractions\" \/>\n<meta property=\"og:site_name\" content=\"Lire \u00e9crire compter\" \/>\n<meta property=\"article:modified_time\" content=\"2024-07-19T23:14:43+00:00\" \/>\n<meta property=\"og:image\" content=\"https:\/\/lire-ecrire-compter.com\/wp-content\/uploads\/2020\/02\/Le-quintet-des-fractions_plateau-de-jeu-e1574164663774.jpg\" \/>\n\t<meta property=\"og:image:width\" content=\"882\" \/>\n\t<meta property=\"og:image:height\" content=\"1400\" \/>\n\t<meta property=\"og:image:type\" content=\"image\/jpeg\" \/>\n<meta name=\"twitter:card\" content=\"summary_large_image\" \/>\n<meta name=\"twitter:label1\" content=\"Dur\u00e9e de lecture estim\u00e9e\" \/>\n\t<meta name=\"twitter:data1\" content=\"1 minute\" \/>\n<script type=\"application\/ld+json\" class=\"yoast-schema-graph\">{\"@context\":\"https:\/\/schema.org\",\"@graph\":[{\"@type\":\"WebPage\",\"@id\":\"https:\/\/lire-ecrire-compter.com\/?product=le-quintet-des-fractions\",\"url\":\"https:\/\/lire-ecrire-compter.com\/?product=le-quintet-des-fractions\",\"name\":\"Le Quintet des Fractions - Lire \u00e9crire compter\",\"isPartOf\":{\"@id\":\"https:\/\/lire-ecrire-compter.com\/#website\"},\"primaryImageOfPage\":{\"@id\":\"https:\/\/lire-ecrire-compter.com\/?product=le-quintet-des-fractions#primaryimage\"},\"image\":{\"@id\":\"https:\/\/lire-ecrire-compter.com\/?product=le-quintet-des-fractions#primaryimage\"},\"thumbnailUrl\":\"https:\/\/lire-ecrire-compter.com\/wp-content\/uploads\/2020\/02\/Le-quintet-des-fractions_plateau-de-jeu-e1574164663774.jpg\",\"datePublished\":\"2020-03-06T09:51:50+00:00\",\"dateModified\":\"2024-07-19T23:14:43+00:00\",\"description\":\"Ce jeu aide \u00e0 la conceptualisation des fractions et \u00e0 la construction des notions de \\\"d\u00e9nominateur\\\" et \\\"num\u00e9rateur\\\". Il favorise le rep\u00e9rage de fractions \u00e9quivalentes. Il permet d'associer une fraction avec son \u00e9criture d\u00e9cimale et diverses autres repr\u00e9sentations .\",\"breadcrumb\":{\"@id\":\"https:\/\/lire-ecrire-compter.com\/?product=le-quintet-des-fractions#breadcrumb\"},\"inLanguage\":\"fr-FR\",\"potentialAction\":[{\"@type\":\"ReadAction\",\"target\":[\"https:\/\/lire-ecrire-compter.com\/?product=le-quintet-des-fractions\"]}]},{\"@type\":\"ImageObject\",\"inLanguage\":\"fr-FR\",\"@id\":\"https:\/\/lire-ecrire-compter.com\/?product=le-quintet-des-fractions#primaryimage\",\"url\":\"https:\/\/lire-ecrire-compter.com\/wp-content\/uploads\/2020\/02\/Le-quintet-des-fractions_plateau-de-jeu-e1574164663774.jpg\",\"contentUrl\":\"https:\/\/lire-ecrire-compter.com\/wp-content\/uploads\/2020\/02\/Le-quintet-des-fractions_plateau-de-jeu-e1574164663774.jpg\",\"width\":882,\"height\":1400},{\"@type\":\"BreadcrumbList\",\"@id\":\"https:\/\/lire-ecrire-compter.com\/?product=le-quintet-des-fractions#breadcrumb\",\"itemListElement\":[{\"@type\":\"ListItem\",\"position\":1,\"name\":\"Accueil\",\"item\":\"https:\/\/lire-ecrire-compter.com\/\"},{\"@type\":\"ListItem\",\"position\":2,\"name\":\"La bo\u00eete \u00e0 jeux\",\"item\":\"https:\/\/lire-ecrire-compter.com\/?page_id=747\"},{\"@type\":\"ListItem\",\"position\":3,\"name\":\"Le Quintet des Fractions\"}]},{\"@type\":\"WebSite\",\"@id\":\"https:\/\/lire-ecrire-compter.com\/#website\",\"url\":\"https:\/\/lire-ecrire-compter.com\/\",\"name\":\"Lire \u00e9crire compter\",\"description\":\"Jouer pour apprendre\",\"potentialAction\":[{\"@type\":\"SearchAction\",\"target\":{\"@type\":\"EntryPoint\",\"urlTemplate\":\"https:\/\/lire-ecrire-compter.com\/?s={search_term_string}\"},\"query-input\":{\"@type\":\"PropertyValueSpecification\",\"valueRequired\":true,\"valueName\":\"search_term_string\"}}],\"inLanguage\":\"fr-FR\"}]}<\/script>\n<!-- \/ Yoast SEO plugin. -->","yoast_head_json":{"title":"Le Quintet des Fractions - Lire \u00e9crire compter","description":"Ce jeu aide \u00e0 la conceptualisation des fractions et \u00e0 la construction des notions de \"d\u00e9nominateur\" et \"num\u00e9rateur\". Il favorise le rep\u00e9rage de fractions \u00e9quivalentes. Il permet d'associer une fraction avec son \u00e9criture d\u00e9cimale et diverses autres repr\u00e9sentations .","robots":{"index":"index","follow":"follow","max-snippet":"max-snippet:-1","max-image-preview":"max-image-preview:large","max-video-preview":"max-video-preview:-1"},"canonical":"https:\/\/lire-ecrire-compter.com\/?product=le-quintet-des-fractions","og_locale":"fr_FR","og_type":"article","og_title":"Le Quintet des Fractions - Lire \u00e9crire compter","og_description":"Ce jeu aide \u00e0 la conceptualisation des fractions et \u00e0 la construction des notions de \"d\u00e9nominateur\" et \"num\u00e9rateur\". Il favorise le rep\u00e9rage de fractions \u00e9quivalentes. Il permet d'associer une fraction avec son \u00e9criture d\u00e9cimale et diverses autres repr\u00e9sentations .","og_url":"https:\/\/lire-ecrire-compter.com\/?product=le-quintet-des-fractions","og_site_name":"Lire \u00e9crire compter","article_modified_time":"2024-07-19T23:14:43+00:00","og_image":[{"width":882,"height":1400,"url":"https:\/\/lire-ecrire-compter.com\/wp-content\/uploads\/2020\/02\/Le-quintet-des-fractions_plateau-de-jeu-e1574164663774.jpg","type":"image\/jpeg"}],"twitter_card":"summary_large_image","twitter_misc":{"Dur\u00e9e de lecture estim\u00e9e":"1 minute"},"schema":{"@context":"https:\/\/schema.org","@graph":[{"@type":"WebPage","@id":"https:\/\/lire-ecrire-compter.com\/?product=le-quintet-des-fractions","url":"https:\/\/lire-ecrire-compter.com\/?product=le-quintet-des-fractions","name":"Le Quintet des Fractions - Lire \u00e9crire compter","isPartOf":{"@id":"https:\/\/lire-ecrire-compter.com\/#website"},"primaryImageOfPage":{"@id":"https:\/\/lire-ecrire-compter.com\/?product=le-quintet-des-fractions#primaryimage"},"image":{"@id":"https:\/\/lire-ecrire-compter.com\/?product=le-quintet-des-fractions#primaryimage"},"thumbnailUrl":"https:\/\/lire-ecrire-compter.com\/wp-content\/uploads\/2020\/02\/Le-quintet-des-fractions_plateau-de-jeu-e1574164663774.jpg","datePublished":"2020-03-06T09:51:50+00:00","dateModified":"2024-07-19T23:14:43+00:00","description":"Ce jeu aide \u00e0 la conceptualisation des fractions et \u00e0 la construction des notions de \"d\u00e9nominateur\" et \"num\u00e9rateur\". Il favorise le rep\u00e9rage de fractions \u00e9quivalentes. Il permet d'associer une fraction avec son \u00e9criture d\u00e9cimale et diverses autres repr\u00e9sentations .","breadcrumb":{"@id":"https:\/\/lire-ecrire-compter.com\/?product=le-quintet-des-fractions#breadcrumb"},"inLanguage":"fr-FR","potentialAction":[{"@type":"ReadAction","target":["https:\/\/lire-ecrire-compter.com\/?product=le-quintet-des-fractions"]}]},{"@type":"ImageObject","inLanguage":"fr-FR","@id":"https:\/\/lire-ecrire-compter.com\/?product=le-quintet-des-fractions#primaryimage","url":"https:\/\/lire-ecrire-compter.com\/wp-content\/uploads\/2020\/02\/Le-quintet-des-fractions_plateau-de-jeu-e1574164663774.jpg","contentUrl":"https:\/\/lire-ecrire-compter.com\/wp-content\/uploads\/2020\/02\/Le-quintet-des-fractions_plateau-de-jeu-e1574164663774.jpg","width":882,"height":1400},{"@type":"BreadcrumbList","@id":"https:\/\/lire-ecrire-compter.com\/?product=le-quintet-des-fractions#breadcrumb","itemListElement":[{"@type":"ListItem","position":1,"name":"Accueil","item":"https:\/\/lire-ecrire-compter.com\/"},{"@type":"ListItem","position":2,"name":"La bo\u00eete \u00e0 jeux","item":"https:\/\/lire-ecrire-compter.com\/?page_id=747"},{"@type":"ListItem","position":3,"name":"Le Quintet des Fractions"}]},{"@type":"WebSite","@id":"https:\/\/lire-ecrire-compter.com\/#website","url":"https:\/\/lire-ecrire-compter.com\/","name":"Lire \u00e9crire compter","description":"Jouer pour apprendre","potentialAction":[{"@type":"SearchAction","target":{"@type":"EntryPoint","urlTemplate":"https:\/\/lire-ecrire-compter.com\/?s={search_term_string}"},"query-input":{"@type":"PropertyValueSpecification","valueRequired":true,"valueName":"search_term_string"}}],"inLanguage":"fr-FR"}]}},"_links":{"self":[{"href":"https:\/\/lire-ecrire-compter.com\/index.php?rest_route=\/wp\/v2\/product\/2084","targetHints":{"allow":["GET"]}}],"collection":[{"href":"https:\/\/lire-ecrire-compter.com\/index.php?rest_route=\/wp\/v2\/product"}],"about":[{"href":"https:\/\/lire-ecrire-compter.com\/index.php?rest_route=\/wp\/v2\/types\/product"}],"replies":[{"embeddable":true,"href":"https:\/\/lire-ecrire-compter.com\/index.php?rest_route=%2Fwp%2Fv2%2Fcomments&post=2084"}],"wp:featuredmedia":[{"embeddable":true,"href":"https:\/\/lire-ecrire-compter.com\/index.php?rest_route=\/wp\/v2\/media\/979"}],"wp:attachment":[{"href":"https:\/\/lire-ecrire-compter.com\/index.php?rest_route=%2Fwp%2Fv2%2Fmedia&parent=2084"}],"wp:term":[{"taxonomy":"product_brand","embeddable":true,"href":"https:\/\/lire-ecrire-compter.com\/index.php?rest_route=%2Fwp%2Fv2%2Fproduct_brand&post=2084"},{"taxonomy":"product_cat","embeddable":true,"href":"https:\/\/lire-ecrire-compter.com\/index.php?rest_route=%2Fwp%2Fv2%2Fproduct_cat&post=2084"},{"taxonomy":"product_tag","embeddable":true,"href":"https:\/\/lire-ecrire-compter.com\/index.php?rest_route=%2Fwp%2Fv2%2Fproduct_tag&post=2084"}],"curies":[{"name":"wp","href":"https:\/\/api.w.org\/{rel}","templated":true}]}}