{"id":2083,"date":"2020-03-06T10:51:50","date_gmt":"2020-03-06T09:51:50","guid":{"rendered":"https:\/\/lire-ecrire-compter.com\/?product=import-placeholder-for-7799"},"modified":"2024-05-01T15:14:41","modified_gmt":"2024-05-01T13:14:41","slug":"dos-a-dos","status":"publish","type":"product","link":"https:\/\/lire-ecrire-compter.com\/?product=dos-a-dos","title":{"rendered":"Dos \u00e0 dos"},"content":{"rendered":"<p><span style=\"color: #92d001;\"><strong>BUT DU JEU<br \/>\n<\/strong>Il faut \u00eatre le premier \u00e0 pouvoir<strong> poser 5 paires de cartes<\/strong> (une carte bleue et une carte verte). Chaque paire doit\u00a0 <strong>comporter un nom, un adjectif ou un verbe de sens contraire<\/strong>.<\/span><\/p>\n<p><span style=\"color: #ff5b72;\"><strong>COMPOSITION<\/strong><\/span><br \/>\n<span style=\"color: #ff5b72;\"><strong>Il est compos\u00e9<\/strong> de <strong>64 cartes <\/strong>organis\u00e9es en <strong>2 s\u00e9ries<\/strong> de <strong>32 cartes<\/strong> <strong>illustr\u00e9es avec des noms, des verbes ou des adjectifs de sens contraire<\/strong>.<\/span><\/p>\n<p><span style=\"color: #46acbf;\"><strong>OBJECTIFS<br \/>\nD\u00e9velopper la compr\u00e9hension en lecture<\/strong> et <strong>pr\u00e9parer aux inf\u00e9rences<\/strong> en travaillant l<strong>&lsquo;anticipation et en enrichissant le vocabulaire<\/strong>.<\/span><\/p>\n<p>&nbsp;<\/p>\n<p>&nbsp;<\/p>\n","protected":false},"excerpt":{"rendered":"<p>BUT DU JEU Il faut \u00eatre le premier \u00e0 pouvoir poser 5 paires de cartes (une carte bleue et une carte verte). Chaque paire doit\u00a0 comporter un nom, un adjectif ou un verbe de sens contraire. COMPOSITION Il est compos\u00e9 de 64 cartes organis\u00e9es en&#8230;<\/p>\n","protected":false},"featured_media":976,"comment_status":"open","ping_status":"closed","template":"","meta":{"give_campaign_id":0,"om_disable_all_campaigns":false,"_monsterinsights_skip_tracking":false,"_monsterinsights_sitenote_active":false,"_monsterinsights_sitenote_note":"","_monsterinsights_sitenote_category":0,"_uf_show_specific_survey":0,"_uf_disable_surveys":false},"product_brand":[],"product_cat":[116,106,147,98],"product_tag":[123],"class_list":{"0":"post-2083","1":"product","2":"type-product","3":"status-publish","4":"has-post-thumbnail","6":"product_cat-ce1","7":"product_cat-cp","8":"product_cat-jeux","9":"product_cat-jeux-autour-de-la-lecture","10":"product_tag-enrichir-le-vocabulaire","12":"first","13":"instock","14":"downloadable","15":"virtual","16":"purchasable","17":"product-type-simple"},"yoast_head":"<!-- This site is optimized with the Yoast SEO plugin v27.1.1 - https:\/\/yoast.com\/product\/yoast-seo-wordpress\/ -->\n<title>Dos \u00e0 dos - Lire \u00e9crire compter<\/title>\n<meta name=\"description\" content=\"Un jeu pour d\u00e9velopper la compr\u00e9hension en lecture et pr\u00e9parer aux inf\u00e9rences en travaillant l&#039;anticipation et en enrichissant le vocabulaire.\" \/>\n<meta name=\"robots\" content=\"index, follow, max-snippet:-1, max-image-preview:large, max-video-preview:-1\" \/>\n<link rel=\"canonical\" href=\"https:\/\/lire-ecrire-compter.com\/?product=dos-a-dos\" \/>\n<meta property=\"og:locale\" content=\"fr_FR\" \/>\n<meta property=\"og:type\" content=\"article\" \/>\n<meta property=\"og:title\" content=\"Dos \u00e0 dos - Lire \u00e9crire compter\" \/>\n<meta property=\"og:description\" content=\"Un jeu pour d\u00e9velopper la compr\u00e9hension en lecture et pr\u00e9parer aux inf\u00e9rences en travaillant l&#039;anticipation et en enrichissant le vocabulaire.\" \/>\n<meta property=\"og:url\" content=\"https:\/\/lire-ecrire-compter.com\/?product=dos-a-dos\" \/>\n<meta property=\"og:site_name\" content=\"Lire \u00e9crire compter\" \/>\n<meta property=\"article:modified_time\" content=\"2024-05-01T13:14:41+00:00\" \/>\n<meta property=\"og:image\" content=\"https:\/\/lire-ecrire-compter.com\/wp-content\/uploads\/2020\/02\/dos-\u00e0-dos-e1574164425409.jpg\" \/>\n\t<meta property=\"og:image:width\" content=\"1200\" \/>\n\t<meta property=\"og:image:height\" content=\"1029\" \/>\n\t<meta property=\"og:image:type\" content=\"image\/jpeg\" \/>\n<meta name=\"twitter:card\" content=\"summary_large_image\" \/>\n<meta name=\"twitter:label1\" content=\"Dur\u00e9e de lecture estim\u00e9e\" \/>\n\t<meta name=\"twitter:data1\" content=\"1 minute\" \/>\n<script type=\"application\/ld+json\" class=\"yoast-schema-graph\">{\"@context\":\"https:\/\/schema.org\",\"@graph\":[{\"@type\":\"WebPage\",\"@id\":\"https:\/\/lire-ecrire-compter.com\/?product=dos-a-dos\",\"url\":\"https:\/\/lire-ecrire-compter.com\/?product=dos-a-dos\",\"name\":\"Dos \u00e0 dos - Lire \u00e9crire compter\",\"isPartOf\":{\"@id\":\"https:\/\/lire-ecrire-compter.com\/#website\"},\"primaryImageOfPage\":{\"@id\":\"https:\/\/lire-ecrire-compter.com\/?product=dos-a-dos#primaryimage\"},\"image\":{\"@id\":\"https:\/\/lire-ecrire-compter.com\/?product=dos-a-dos#primaryimage\"},\"thumbnailUrl\":\"https:\/\/lire-ecrire-compter.com\/wp-content\/uploads\/2020\/02\/dos-\u00e0-dos-e1574164425409.jpg\",\"datePublished\":\"2020-03-06T09:51:50+00:00\",\"dateModified\":\"2024-05-01T13:14:41+00:00\",\"description\":\"Un jeu pour d\u00e9velopper la compr\u00e9hension en lecture et pr\u00e9parer aux inf\u00e9rences en travaillant l'anticipation et en enrichissant le vocabulaire.\",\"breadcrumb\":{\"@id\":\"https:\/\/lire-ecrire-compter.com\/?product=dos-a-dos#breadcrumb\"},\"inLanguage\":\"fr-FR\",\"potentialAction\":[{\"@type\":\"ReadAction\",\"target\":[\"https:\/\/lire-ecrire-compter.com\/?product=dos-a-dos\"]}]},{\"@type\":\"ImageObject\",\"inLanguage\":\"fr-FR\",\"@id\":\"https:\/\/lire-ecrire-compter.com\/?product=dos-a-dos#primaryimage\",\"url\":\"https:\/\/lire-ecrire-compter.com\/wp-content\/uploads\/2020\/02\/dos-\u00e0-dos-e1574164425409.jpg\",\"contentUrl\":\"https:\/\/lire-ecrire-compter.com\/wp-content\/uploads\/2020\/02\/dos-\u00e0-dos-e1574164425409.jpg\",\"width\":1200,\"height\":1029},{\"@type\":\"BreadcrumbList\",\"@id\":\"https:\/\/lire-ecrire-compter.com\/?product=dos-a-dos#breadcrumb\",\"itemListElement\":[{\"@type\":\"ListItem\",\"position\":1,\"name\":\"Accueil\",\"item\":\"https:\/\/lire-ecrire-compter.com\/\"},{\"@type\":\"ListItem\",\"position\":2,\"name\":\"La bo\u00eete \u00e0 jeux\",\"item\":\"https:\/\/lire-ecrire-compter.com\/?page_id=747\"},{\"@type\":\"ListItem\",\"position\":3,\"name\":\"Dos \u00e0 dos\"}]},{\"@type\":\"WebSite\",\"@id\":\"https:\/\/lire-ecrire-compter.com\/#website\",\"url\":\"https:\/\/lire-ecrire-compter.com\/\",\"name\":\"Lire \u00e9crire compter\",\"description\":\"Jouer pour apprendre\",\"potentialAction\":[{\"@type\":\"SearchAction\",\"target\":{\"@type\":\"EntryPoint\",\"urlTemplate\":\"https:\/\/lire-ecrire-compter.com\/?s={search_term_string}\"},\"query-input\":{\"@type\":\"PropertyValueSpecification\",\"valueRequired\":true,\"valueName\":\"search_term_string\"}}],\"inLanguage\":\"fr-FR\"}]}<\/script>\n<!-- \/ Yoast SEO plugin. -->","yoast_head_json":{"title":"Dos \u00e0 dos - Lire \u00e9crire compter","description":"Un jeu pour d\u00e9velopper la compr\u00e9hension en lecture et pr\u00e9parer aux inf\u00e9rences en travaillant l'anticipation et en enrichissant le vocabulaire.","robots":{"index":"index","follow":"follow","max-snippet":"max-snippet:-1","max-image-preview":"max-image-preview:large","max-video-preview":"max-video-preview:-1"},"canonical":"https:\/\/lire-ecrire-compter.com\/?product=dos-a-dos","og_locale":"fr_FR","og_type":"article","og_title":"Dos \u00e0 dos - Lire \u00e9crire compter","og_description":"Un jeu pour d\u00e9velopper la compr\u00e9hension en lecture et pr\u00e9parer aux inf\u00e9rences en travaillant l'anticipation et en enrichissant le vocabulaire.","og_url":"https:\/\/lire-ecrire-compter.com\/?product=dos-a-dos","og_site_name":"Lire \u00e9crire compter","article_modified_time":"2024-05-01T13:14:41+00:00","og_image":[{"width":1200,"height":1029,"url":"https:\/\/lire-ecrire-compter.com\/wp-content\/uploads\/2020\/02\/dos-\u00e0-dos-e1574164425409.jpg","type":"image\/jpeg"}],"twitter_card":"summary_large_image","twitter_misc":{"Dur\u00e9e de lecture estim\u00e9e":"1 minute"},"schema":{"@context":"https:\/\/schema.org","@graph":[{"@type":"WebPage","@id":"https:\/\/lire-ecrire-compter.com\/?product=dos-a-dos","url":"https:\/\/lire-ecrire-compter.com\/?product=dos-a-dos","name":"Dos \u00e0 dos - Lire \u00e9crire compter","isPartOf":{"@id":"https:\/\/lire-ecrire-compter.com\/#website"},"primaryImageOfPage":{"@id":"https:\/\/lire-ecrire-compter.com\/?product=dos-a-dos#primaryimage"},"image":{"@id":"https:\/\/lire-ecrire-compter.com\/?product=dos-a-dos#primaryimage"},"thumbnailUrl":"https:\/\/lire-ecrire-compter.com\/wp-content\/uploads\/2020\/02\/dos-\u00e0-dos-e1574164425409.jpg","datePublished":"2020-03-06T09:51:50+00:00","dateModified":"2024-05-01T13:14:41+00:00","description":"Un jeu pour d\u00e9velopper la compr\u00e9hension en lecture et pr\u00e9parer aux inf\u00e9rences en travaillant l'anticipation et en enrichissant le vocabulaire.","breadcrumb":{"@id":"https:\/\/lire-ecrire-compter.com\/?product=dos-a-dos#breadcrumb"},"inLanguage":"fr-FR","potentialAction":[{"@type":"ReadAction","target":["https:\/\/lire-ecrire-compter.com\/?product=dos-a-dos"]}]},{"@type":"ImageObject","inLanguage":"fr-FR","@id":"https:\/\/lire-ecrire-compter.com\/?product=dos-a-dos#primaryimage","url":"https:\/\/lire-ecrire-compter.com\/wp-content\/uploads\/2020\/02\/dos-\u00e0-dos-e1574164425409.jpg","contentUrl":"https:\/\/lire-ecrire-compter.com\/wp-content\/uploads\/2020\/02\/dos-\u00e0-dos-e1574164425409.jpg","width":1200,"height":1029},{"@type":"BreadcrumbList","@id":"https:\/\/lire-ecrire-compter.com\/?product=dos-a-dos#breadcrumb","itemListElement":[{"@type":"ListItem","position":1,"name":"Accueil","item":"https:\/\/lire-ecrire-compter.com\/"},{"@type":"ListItem","position":2,"name":"La bo\u00eete \u00e0 jeux","item":"https:\/\/lire-ecrire-compter.com\/?page_id=747"},{"@type":"ListItem","position":3,"name":"Dos \u00e0 dos"}]},{"@type":"WebSite","@id":"https:\/\/lire-ecrire-compter.com\/#website","url":"https:\/\/lire-ecrire-compter.com\/","name":"Lire \u00e9crire compter","description":"Jouer pour apprendre","potentialAction":[{"@type":"SearchAction","target":{"@type":"EntryPoint","urlTemplate":"https:\/\/lire-ecrire-compter.com\/?s={search_term_string}"},"query-input":{"@type":"PropertyValueSpecification","valueRequired":true,"valueName":"search_term_string"}}],"inLanguage":"fr-FR"}]}},"_links":{"self":[{"href":"https:\/\/lire-ecrire-compter.com\/index.php?rest_route=\/wp\/v2\/product\/2083","targetHints":{"allow":["GET"]}}],"collection":[{"href":"https:\/\/lire-ecrire-compter.com\/index.php?rest_route=\/wp\/v2\/product"}],"about":[{"href":"https:\/\/lire-ecrire-compter.com\/index.php?rest_route=\/wp\/v2\/types\/product"}],"replies":[{"embeddable":true,"href":"https:\/\/lire-ecrire-compter.com\/index.php?rest_route=%2Fwp%2Fv2%2Fcomments&post=2083"}],"wp:featuredmedia":[{"embeddable":true,"href":"https:\/\/lire-ecrire-compter.com\/index.php?rest_route=\/wp\/v2\/media\/976"}],"wp:attachment":[{"href":"https:\/\/lire-ecrire-compter.com\/index.php?rest_route=%2Fwp%2Fv2%2Fmedia&parent=2083"}],"wp:term":[{"taxonomy":"product_brand","embeddable":true,"href":"https:\/\/lire-ecrire-compter.com\/index.php?rest_route=%2Fwp%2Fv2%2Fproduct_brand&post=2083"},{"taxonomy":"product_cat","embeddable":true,"href":"https:\/\/lire-ecrire-compter.com\/index.php?rest_route=%2Fwp%2Fv2%2Fproduct_cat&post=2083"},{"taxonomy":"product_tag","embeddable":true,"href":"https:\/\/lire-ecrire-compter.com\/index.php?rest_route=%2Fwp%2Fv2%2Fproduct_tag&post=2083"}],"curies":[{"name":"wp","href":"https:\/\/api.w.org\/{rel}","templated":true}]}}