{"id":2082,"date":"2020-03-06T10:51:50","date_gmt":"2020-03-06T09:51:50","guid":{"rendered":"https:\/\/lire-ecrire-compter.com\/?product=import-placeholder-for-7037"},"modified":"2022-02-04T11:30:09","modified_gmt":"2022-02-04T10:30:09","slug":"galaxie-one-nouvelle-version","status":"publish","type":"product","link":"https:\/\/lire-ecrire-compter.com\/?product=galaxie-one-nouvelle-version","title":{"rendered":"Galaxie One (nouvelle version)"},"content":{"rendered":"<p><span style=\"color: #92d001;\"><strong>BUT DU JEU :<\/strong><\/span><br \/>\n<span style=\"color: #92d001;\"><strong>Les plan\u00e8tes Tiers, Quart, Sixi\u00e8me et Douzi\u00e8me de la Galaxie One ont perdu leur couleur<\/strong>, dans l&rsquo;ombre du soleil Fraction. Il s&rsquo;agit de <strong>faire r\u00e9appara\u00eetre les couleurs de chacune.<\/strong> Portion par portion. Attention ! chaque plan\u00e8te n&rsquo;est compos\u00e9e que de portions identiques, correspondant \u00e0 son nom. Qui,<strong> au terme de gains et d&rsquo;\u00e9changes<\/strong>, sera le premier \u00e0 y arriver ?<\/span><\/p>\n<p><span style=\"color: #ff5b72;\"><strong>COMPOSITION :<\/strong><\/span><br \/>\n<span style=\"color: #ff5b72;\">Il est compos\u00e9 de <strong>4 disques symbolisant les plan\u00e8tes Tiers, Quart, Sixi\u00e8me et Douzi\u00e8me<\/strong> (il peut \u00eatre int\u00e9ressant d&rsquo;imprimer le disque Douzi\u00e8me en 3 ou 4 exemplaires), de<strong> 4 disques de quatre couleurs diff\u00e9rentes<\/strong> (\u00e0 imprimer en 2 ou 3 exemplaires selon le nombre de joueurs et \u00e0 d\u00e9couper) et d&rsquo;<strong>un d\u00e9<\/strong>\u00a0 . <em>Il est utile de t\u00e9l\u00e9charger \u00ab\u00a0Les fractions \u00e0 manipuler\u00a0\u00bb (page \u00ab\u00a0Trucs et Astuces\u00a0\u00bb) de mani\u00e8re \u00e0 aider l&rsquo;enfant \u00e0 comparer les fractions et \u00e0 identifier des \u00e9quivalences.<\/em><\/span><\/p>\n<p><span style=\"color: #46acbf;\"><strong>OBJECTIFS :<br \/>\n<\/strong>Ce jeu d&rsquo;observation et de manipulation ainsi que de logique et de strat\u00e9gie aide les enfants \u00e0 <strong>percevoir les propri\u00e9t\u00e9s des fractions<\/strong>.<\/span><\/p>\n<p>&nbsp;<\/p>\n<p>&nbsp;<\/p>\n","protected":false},"excerpt":{"rendered":"<p>BUT DU JEU : Les plan\u00e8tes Tiers, Quart, Sixi\u00e8me et Douzi\u00e8me de la Galaxie One ont perdu leur couleur, dans l&rsquo;ombre du soleil Fraction. Il s&rsquo;agit de faire r\u00e9appara\u00eetre les couleurs de chacune. Portion par portion. Attention ! chaque plan\u00e8te n&rsquo;est compos\u00e9e que de portions&#8230;<\/p>\n","protected":false},"featured_media":973,"comment_status":"open","ping_status":"closed","template":"","meta":{"give_campaign_id":0,"om_disable_all_campaigns":false,"_monsterinsights_skip_tracking":false,"_monsterinsights_sitenote_active":false,"_monsterinsights_sitenote_note":"","_monsterinsights_sitenote_category":0,"_uf_show_specific_survey":0,"_uf_disable_surveys":false},"product_brand":[],"product_cat":[128,138,147,100],"product_tag":[67],"class_list":{"0":"post-2082","1":"product","2":"type-product","3":"status-publish","4":"has-post-thumbnail","6":"product_cat-a-partir-du-ce2","7":"product_cat-a-partir-du-cm1","8":"product_cat-jeux","9":"product_cat-jeux-autour-des-mathematiques","10":"product_tag-conceptualiser-les-fractions","12":"first","13":"instock","14":"downloadable","15":"virtual","16":"purchasable","17":"product-type-simple"},"yoast_head":"<!-- This site is optimized with the Yoast SEO plugin v27.1.1 - https:\/\/yoast.com\/product\/yoast-seo-wordpress\/ -->\n<title>Galaxie One (nouvelle version) - Lire \u00e9crire compter<\/title>\n<meta name=\"description\" content=\"Ce jeu math\u00e9matique d&#039;observation et de manipulation ainsi que de logique et de strat\u00e9gie aide les enfants \u00e0 percevoir les propri\u00e9t\u00e9s des fractions.\" \/>\n<meta name=\"robots\" content=\"index, follow, max-snippet:-1, max-image-preview:large, max-video-preview:-1\" \/>\n<link rel=\"canonical\" href=\"https:\/\/lire-ecrire-compter.com\/?product=galaxie-one-nouvelle-version\" \/>\n<meta property=\"og:locale\" content=\"fr_FR\" \/>\n<meta property=\"og:type\" content=\"article\" \/>\n<meta property=\"og:title\" content=\"Galaxie One (nouvelle version) - Lire \u00e9crire compter\" \/>\n<meta property=\"og:description\" content=\"Ce jeu math\u00e9matique d&#039;observation et de manipulation ainsi que de logique et de strat\u00e9gie aide les enfants \u00e0 percevoir les propri\u00e9t\u00e9s des fractions.\" \/>\n<meta property=\"og:url\" content=\"https:\/\/lire-ecrire-compter.com\/?product=galaxie-one-nouvelle-version\" \/>\n<meta property=\"og:site_name\" content=\"Lire \u00e9crire compter\" \/>\n<meta property=\"article:modified_time\" content=\"2022-02-04T10:30:09+00:00\" \/>\n<meta property=\"og:image\" content=\"https:\/\/lire-ecrire-compter.com\/wp-content\/uploads\/2020\/02\/Galaxie-One_jeu-complet.jpg\" \/>\n\t<meta property=\"og:image:width\" content=\"1200\" \/>\n\t<meta property=\"og:image:height\" content=\"1200\" \/>\n\t<meta property=\"og:image:type\" content=\"image\/jpeg\" \/>\n<meta name=\"twitter:card\" content=\"summary_large_image\" \/>\n<meta name=\"twitter:label1\" content=\"Dur\u00e9e de lecture estim\u00e9e\" \/>\n\t<meta name=\"twitter:data1\" content=\"1 minute\" \/>\n<script type=\"application\/ld+json\" class=\"yoast-schema-graph\">{\"@context\":\"https:\/\/schema.org\",\"@graph\":[{\"@type\":\"WebPage\",\"@id\":\"https:\/\/lire-ecrire-compter.com\/?product=galaxie-one-nouvelle-version\",\"url\":\"https:\/\/lire-ecrire-compter.com\/?product=galaxie-one-nouvelle-version\",\"name\":\"Galaxie One (nouvelle version) - Lire \u00e9crire compter\",\"isPartOf\":{\"@id\":\"https:\/\/lire-ecrire-compter.com\/#website\"},\"primaryImageOfPage\":{\"@id\":\"https:\/\/lire-ecrire-compter.com\/?product=galaxie-one-nouvelle-version#primaryimage\"},\"image\":{\"@id\":\"https:\/\/lire-ecrire-compter.com\/?product=galaxie-one-nouvelle-version#primaryimage\"},\"thumbnailUrl\":\"https:\/\/lire-ecrire-compter.com\/wp-content\/uploads\/2020\/02\/Galaxie-One_jeu-complet.jpg\",\"datePublished\":\"2020-03-06T09:51:50+00:00\",\"dateModified\":\"2022-02-04T10:30:09+00:00\",\"description\":\"Ce jeu math\u00e9matique d'observation et de manipulation ainsi que de logique et de strat\u00e9gie aide les enfants \u00e0 percevoir les propri\u00e9t\u00e9s des fractions.\",\"breadcrumb\":{\"@id\":\"https:\/\/lire-ecrire-compter.com\/?product=galaxie-one-nouvelle-version#breadcrumb\"},\"inLanguage\":\"fr-FR\",\"potentialAction\":[{\"@type\":\"ReadAction\",\"target\":[\"https:\/\/lire-ecrire-compter.com\/?product=galaxie-one-nouvelle-version\"]}]},{\"@type\":\"ImageObject\",\"inLanguage\":\"fr-FR\",\"@id\":\"https:\/\/lire-ecrire-compter.com\/?product=galaxie-one-nouvelle-version#primaryimage\",\"url\":\"https:\/\/lire-ecrire-compter.com\/wp-content\/uploads\/2020\/02\/Galaxie-One_jeu-complet.jpg\",\"contentUrl\":\"https:\/\/lire-ecrire-compter.com\/wp-content\/uploads\/2020\/02\/Galaxie-One_jeu-complet.jpg\",\"width\":1200,\"height\":1200},{\"@type\":\"BreadcrumbList\",\"@id\":\"https:\/\/lire-ecrire-compter.com\/?product=galaxie-one-nouvelle-version#breadcrumb\",\"itemListElement\":[{\"@type\":\"ListItem\",\"position\":1,\"name\":\"Accueil\",\"item\":\"https:\/\/lire-ecrire-compter.com\/\"},{\"@type\":\"ListItem\",\"position\":2,\"name\":\"La bo\u00eete \u00e0 jeux\",\"item\":\"https:\/\/lire-ecrire-compter.com\/?page_id=747\"},{\"@type\":\"ListItem\",\"position\":3,\"name\":\"Galaxie One (nouvelle version)\"}]},{\"@type\":\"WebSite\",\"@id\":\"https:\/\/lire-ecrire-compter.com\/#website\",\"url\":\"https:\/\/lire-ecrire-compter.com\/\",\"name\":\"Lire \u00e9crire compter\",\"description\":\"Jouer pour apprendre\",\"potentialAction\":[{\"@type\":\"SearchAction\",\"target\":{\"@type\":\"EntryPoint\",\"urlTemplate\":\"https:\/\/lire-ecrire-compter.com\/?s={search_term_string}\"},\"query-input\":{\"@type\":\"PropertyValueSpecification\",\"valueRequired\":true,\"valueName\":\"search_term_string\"}}],\"inLanguage\":\"fr-FR\"}]}<\/script>\n<!-- \/ Yoast SEO plugin. -->","yoast_head_json":{"title":"Galaxie One (nouvelle version) - Lire \u00e9crire compter","description":"Ce jeu math\u00e9matique d'observation et de manipulation ainsi que de logique et de strat\u00e9gie aide les enfants \u00e0 percevoir les propri\u00e9t\u00e9s des fractions.","robots":{"index":"index","follow":"follow","max-snippet":"max-snippet:-1","max-image-preview":"max-image-preview:large","max-video-preview":"max-video-preview:-1"},"canonical":"https:\/\/lire-ecrire-compter.com\/?product=galaxie-one-nouvelle-version","og_locale":"fr_FR","og_type":"article","og_title":"Galaxie One (nouvelle version) - Lire \u00e9crire compter","og_description":"Ce jeu math\u00e9matique d'observation et de manipulation ainsi que de logique et de strat\u00e9gie aide les enfants \u00e0 percevoir les propri\u00e9t\u00e9s des fractions.","og_url":"https:\/\/lire-ecrire-compter.com\/?product=galaxie-one-nouvelle-version","og_site_name":"Lire \u00e9crire compter","article_modified_time":"2022-02-04T10:30:09+00:00","og_image":[{"width":1200,"height":1200,"url":"https:\/\/lire-ecrire-compter.com\/wp-content\/uploads\/2020\/02\/Galaxie-One_jeu-complet.jpg","type":"image\/jpeg"}],"twitter_card":"summary_large_image","twitter_misc":{"Dur\u00e9e de lecture estim\u00e9e":"1 minute"},"schema":{"@context":"https:\/\/schema.org","@graph":[{"@type":"WebPage","@id":"https:\/\/lire-ecrire-compter.com\/?product=galaxie-one-nouvelle-version","url":"https:\/\/lire-ecrire-compter.com\/?product=galaxie-one-nouvelle-version","name":"Galaxie One (nouvelle version) - Lire \u00e9crire compter","isPartOf":{"@id":"https:\/\/lire-ecrire-compter.com\/#website"},"primaryImageOfPage":{"@id":"https:\/\/lire-ecrire-compter.com\/?product=galaxie-one-nouvelle-version#primaryimage"},"image":{"@id":"https:\/\/lire-ecrire-compter.com\/?product=galaxie-one-nouvelle-version#primaryimage"},"thumbnailUrl":"https:\/\/lire-ecrire-compter.com\/wp-content\/uploads\/2020\/02\/Galaxie-One_jeu-complet.jpg","datePublished":"2020-03-06T09:51:50+00:00","dateModified":"2022-02-04T10:30:09+00:00","description":"Ce jeu math\u00e9matique d'observation et de manipulation ainsi que de logique et de strat\u00e9gie aide les enfants \u00e0 percevoir les propri\u00e9t\u00e9s des fractions.","breadcrumb":{"@id":"https:\/\/lire-ecrire-compter.com\/?product=galaxie-one-nouvelle-version#breadcrumb"},"inLanguage":"fr-FR","potentialAction":[{"@type":"ReadAction","target":["https:\/\/lire-ecrire-compter.com\/?product=galaxie-one-nouvelle-version"]}]},{"@type":"ImageObject","inLanguage":"fr-FR","@id":"https:\/\/lire-ecrire-compter.com\/?product=galaxie-one-nouvelle-version#primaryimage","url":"https:\/\/lire-ecrire-compter.com\/wp-content\/uploads\/2020\/02\/Galaxie-One_jeu-complet.jpg","contentUrl":"https:\/\/lire-ecrire-compter.com\/wp-content\/uploads\/2020\/02\/Galaxie-One_jeu-complet.jpg","width":1200,"height":1200},{"@type":"BreadcrumbList","@id":"https:\/\/lire-ecrire-compter.com\/?product=galaxie-one-nouvelle-version#breadcrumb","itemListElement":[{"@type":"ListItem","position":1,"name":"Accueil","item":"https:\/\/lire-ecrire-compter.com\/"},{"@type":"ListItem","position":2,"name":"La bo\u00eete \u00e0 jeux","item":"https:\/\/lire-ecrire-compter.com\/?page_id=747"},{"@type":"ListItem","position":3,"name":"Galaxie One (nouvelle version)"}]},{"@type":"WebSite","@id":"https:\/\/lire-ecrire-compter.com\/#website","url":"https:\/\/lire-ecrire-compter.com\/","name":"Lire \u00e9crire compter","description":"Jouer pour apprendre","potentialAction":[{"@type":"SearchAction","target":{"@type":"EntryPoint","urlTemplate":"https:\/\/lire-ecrire-compter.com\/?s={search_term_string}"},"query-input":{"@type":"PropertyValueSpecification","valueRequired":true,"valueName":"search_term_string"}}],"inLanguage":"fr-FR"}]}},"_links":{"self":[{"href":"https:\/\/lire-ecrire-compter.com\/index.php?rest_route=\/wp\/v2\/product\/2082","targetHints":{"allow":["GET"]}}],"collection":[{"href":"https:\/\/lire-ecrire-compter.com\/index.php?rest_route=\/wp\/v2\/product"}],"about":[{"href":"https:\/\/lire-ecrire-compter.com\/index.php?rest_route=\/wp\/v2\/types\/product"}],"replies":[{"embeddable":true,"href":"https:\/\/lire-ecrire-compter.com\/index.php?rest_route=%2Fwp%2Fv2%2Fcomments&post=2082"}],"wp:featuredmedia":[{"embeddable":true,"href":"https:\/\/lire-ecrire-compter.com\/index.php?rest_route=\/wp\/v2\/media\/973"}],"wp:attachment":[{"href":"https:\/\/lire-ecrire-compter.com\/index.php?rest_route=%2Fwp%2Fv2%2Fmedia&parent=2082"}],"wp:term":[{"taxonomy":"product_brand","embeddable":true,"href":"https:\/\/lire-ecrire-compter.com\/index.php?rest_route=%2Fwp%2Fv2%2Fproduct_brand&post=2082"},{"taxonomy":"product_cat","embeddable":true,"href":"https:\/\/lire-ecrire-compter.com\/index.php?rest_route=%2Fwp%2Fv2%2Fproduct_cat&post=2082"},{"taxonomy":"product_tag","embeddable":true,"href":"https:\/\/lire-ecrire-compter.com\/index.php?rest_route=%2Fwp%2Fv2%2Fproduct_tag&post=2082"}],"curies":[{"name":"wp","href":"https:\/\/api.w.org\/{rel}","templated":true}]}}