{"id":2079,"date":"2020-03-06T10:51:41","date_gmt":"2020-03-06T09:51:41","guid":{"rendered":"https:\/\/lire-ecrire-compter.com\/?product=import-placeholder-for-4764"},"modified":"2023-07-19T12:28:48","modified_gmt":"2023-07-19T10:28:48","slug":"bien-vu","status":"publish","type":"product","link":"https:\/\/lire-ecrire-compter.com\/?product=bien-vu","title":{"rendered":"Bien vu !"},"content":{"rendered":"<p style=\"padding-left: 40px;\"><span style=\"color: #92d001;\"><strong>BUT DU JEU<br \/>\n<\/strong>Il s&rsquo;agit de <strong>trouver, sur un plateau de forme hexagonale, un mot contenant un son identique \u00e0 celui d&rsquo;un mot donn\u00e9. Le premier joueur \u00e0 retrouver le mot gagne la carte. Le joueur poss\u00e9dant le plus de cartes gagne la partie<\/strong>.<\/span><\/p>\n<p style=\"padding-left: 40px;\"><span style=\"color: #ff5b72;\"><strong>COMPOSITION<\/strong><\/span><br \/>\n<span style=\"color: #ff5b72;\"><strong>Il se compose<\/strong> d<strong>&lsquo;un plateau<\/strong> sur lequel figurent 24 mots illustr\u00e9s par un dessin, de\u00a0 <strong>24 cartes-mots, <\/strong>de<strong> 6 jetons <\/strong>et d&rsquo;une<strong> liste des associations<\/strong>. <\/span><\/p>\n<p style=\"padding-left: 40px;\"><span style=\"color: #46acbf;\"><strong>OBJECTIFS<br \/>\n<\/strong>Ce jeu entra\u00eene l&rsquo;enfant \u00e0 la <strong>reconnaissance<\/strong>, la <strong>comparaison<\/strong> et l&rsquo;<strong>identification<\/strong> <strong>des sons complexes<\/strong>. Il stimule l&rsquo;acc\u00e8s au lexique mental et favorise l&rsquo;anticipation et le balayage visuel.<\/span><\/p>\n<p>&nbsp;<\/p>\n","protected":false},"excerpt":{"rendered":"<p>BUT DU JEU Il s&rsquo;agit de trouver, sur un plateau de forme hexagonale, un mot contenant un son identique \u00e0 celui d&rsquo;un mot donn\u00e9. Le premier joueur \u00e0 retrouver le mot gagne la carte. Le joueur poss\u00e9dant le plus de cartes gagne la partie. COMPOSITION&#8230;<\/p>\n","protected":false},"featured_media":956,"comment_status":"open","ping_status":"closed","template":"","meta":{"give_campaign_id":0,"om_disable_all_campaigns":false,"_monsterinsights_skip_tracking":false,"_monsterinsights_sitenote_active":false,"_monsterinsights_sitenote_note":"","_monsterinsights_sitenote_category":0,"_uf_show_specific_survey":0,"_uf_disable_surveys":false},"product_brand":[],"product_cat":[116,106,147,98],"product_tag":[135,136,137],"class_list":{"0":"post-2079","1":"product","2":"type-product","3":"status-publish","4":"has-post-thumbnail","6":"product_cat-ce1","7":"product_cat-cp","8":"product_cat-jeux","9":"product_cat-jeux-autour-de-la-lecture","10":"product_tag-memoriser-les-correspondances-entre-sons-et-lettres","11":"product_tag-reperer-des-analogies","12":"product_tag-travailler-le-balayage-visuel","14":"first","15":"instock","16":"downloadable","17":"virtual","18":"purchasable","19":"product-type-simple"},"yoast_head":"<!-- This site is optimized with the Yoast SEO plugin v27.1.1 - https:\/\/yoast.com\/product\/yoast-seo-wordpress\/ -->\n<title>Bien vu ! - Lire \u00e9crire compter<\/title>\n<meta name=\"description\" content=\"Ce jeu de lecture entra\u00eene l&#039;enfant \u00e0 la reconnaissance, la comparaison et l&#039;identification des sons complexes. Il stimule l&#039;acc\u00e8s au lexique mental et favorise l&#039;anticipation et le balayage visuel.\" \/>\n<meta name=\"robots\" content=\"index, follow, max-snippet:-1, max-image-preview:large, max-video-preview:-1\" \/>\n<link rel=\"canonical\" href=\"https:\/\/lire-ecrire-compter.com\/?product=bien-vu\" \/>\n<meta property=\"og:locale\" content=\"fr_FR\" \/>\n<meta property=\"og:type\" content=\"article\" \/>\n<meta property=\"og:title\" content=\"Bien vu ! - Lire \u00e9crire compter\" \/>\n<meta property=\"og:description\" content=\"Ce jeu de lecture entra\u00eene l&#039;enfant \u00e0 la reconnaissance, la comparaison et l&#039;identification des sons complexes. Il stimule l&#039;acc\u00e8s au lexique mental et favorise l&#039;anticipation et le balayage visuel.\" \/>\n<meta property=\"og:url\" content=\"https:\/\/lire-ecrire-compter.com\/?product=bien-vu\" \/>\n<meta property=\"og:site_name\" content=\"Lire \u00e9crire compter\" \/>\n<meta property=\"article:modified_time\" content=\"2023-07-19T10:28:48+00:00\" \/>\n<meta property=\"og:image\" content=\"https:\/\/lire-ecrire-compter.com\/wp-content\/uploads\/2020\/02\/jeu-complet-e1574163143286.jpg\" \/>\n\t<meta property=\"og:image:width\" content=\"1235\" \/>\n\t<meta property=\"og:image:height\" content=\"1400\" \/>\n\t<meta property=\"og:image:type\" content=\"image\/jpeg\" \/>\n<meta name=\"twitter:card\" content=\"summary_large_image\" \/>\n<script type=\"application\/ld+json\" class=\"yoast-schema-graph\">{\"@context\":\"https:\/\/schema.org\",\"@graph\":[{\"@type\":\"WebPage\",\"@id\":\"https:\/\/lire-ecrire-compter.com\/?product=bien-vu\",\"url\":\"https:\/\/lire-ecrire-compter.com\/?product=bien-vu\",\"name\":\"Bien vu ! - Lire \u00e9crire compter\",\"isPartOf\":{\"@id\":\"https:\/\/lire-ecrire-compter.com\/#website\"},\"primaryImageOfPage\":{\"@id\":\"https:\/\/lire-ecrire-compter.com\/?product=bien-vu#primaryimage\"},\"image\":{\"@id\":\"https:\/\/lire-ecrire-compter.com\/?product=bien-vu#primaryimage\"},\"thumbnailUrl\":\"https:\/\/lire-ecrire-compter.com\/wp-content\/uploads\/2020\/02\/jeu-complet-e1574163143286.jpg\",\"datePublished\":\"2020-03-06T09:51:41+00:00\",\"dateModified\":\"2023-07-19T10:28:48+00:00\",\"description\":\"Ce jeu de lecture entra\u00eene l'enfant \u00e0 la reconnaissance, la comparaison et l'identification des sons complexes. Il stimule l'acc\u00e8s au lexique mental et favorise l'anticipation et le balayage visuel.\",\"breadcrumb\":{\"@id\":\"https:\/\/lire-ecrire-compter.com\/?product=bien-vu#breadcrumb\"},\"inLanguage\":\"fr-FR\",\"potentialAction\":[{\"@type\":\"ReadAction\",\"target\":[\"https:\/\/lire-ecrire-compter.com\/?product=bien-vu\"]}]},{\"@type\":\"ImageObject\",\"inLanguage\":\"fr-FR\",\"@id\":\"https:\/\/lire-ecrire-compter.com\/?product=bien-vu#primaryimage\",\"url\":\"https:\/\/lire-ecrire-compter.com\/wp-content\/uploads\/2020\/02\/jeu-complet-e1574163143286.jpg\",\"contentUrl\":\"https:\/\/lire-ecrire-compter.com\/wp-content\/uploads\/2020\/02\/jeu-complet-e1574163143286.jpg\",\"width\":1235,\"height\":1400},{\"@type\":\"BreadcrumbList\",\"@id\":\"https:\/\/lire-ecrire-compter.com\/?product=bien-vu#breadcrumb\",\"itemListElement\":[{\"@type\":\"ListItem\",\"position\":1,\"name\":\"Accueil\",\"item\":\"https:\/\/lire-ecrire-compter.com\/\"},{\"@type\":\"ListItem\",\"position\":2,\"name\":\"La bo\u00eete \u00e0 jeux\",\"item\":\"https:\/\/lire-ecrire-compter.com\/?page_id=747\"},{\"@type\":\"ListItem\",\"position\":3,\"name\":\"Bien vu !\"}]},{\"@type\":\"WebSite\",\"@id\":\"https:\/\/lire-ecrire-compter.com\/#website\",\"url\":\"https:\/\/lire-ecrire-compter.com\/\",\"name\":\"Lire \u00e9crire compter\",\"description\":\"Jouer pour apprendre\",\"potentialAction\":[{\"@type\":\"SearchAction\",\"target\":{\"@type\":\"EntryPoint\",\"urlTemplate\":\"https:\/\/lire-ecrire-compter.com\/?s={search_term_string}\"},\"query-input\":{\"@type\":\"PropertyValueSpecification\",\"valueRequired\":true,\"valueName\":\"search_term_string\"}}],\"inLanguage\":\"fr-FR\"}]}<\/script>\n<!-- \/ Yoast SEO plugin. -->","yoast_head_json":{"title":"Bien vu ! - Lire \u00e9crire compter","description":"Ce jeu de lecture entra\u00eene l'enfant \u00e0 la reconnaissance, la comparaison et l'identification des sons complexes. Il stimule l'acc\u00e8s au lexique mental et favorise l'anticipation et le balayage visuel.","robots":{"index":"index","follow":"follow","max-snippet":"max-snippet:-1","max-image-preview":"max-image-preview:large","max-video-preview":"max-video-preview:-1"},"canonical":"https:\/\/lire-ecrire-compter.com\/?product=bien-vu","og_locale":"fr_FR","og_type":"article","og_title":"Bien vu ! - Lire \u00e9crire compter","og_description":"Ce jeu de lecture entra\u00eene l'enfant \u00e0 la reconnaissance, la comparaison et l'identification des sons complexes. Il stimule l'acc\u00e8s au lexique mental et favorise l'anticipation et le balayage visuel.","og_url":"https:\/\/lire-ecrire-compter.com\/?product=bien-vu","og_site_name":"Lire \u00e9crire compter","article_modified_time":"2023-07-19T10:28:48+00:00","og_image":[{"width":1235,"height":1400,"url":"https:\/\/lire-ecrire-compter.com\/wp-content\/uploads\/2020\/02\/jeu-complet-e1574163143286.jpg","type":"image\/jpeg"}],"twitter_card":"summary_large_image","schema":{"@context":"https:\/\/schema.org","@graph":[{"@type":"WebPage","@id":"https:\/\/lire-ecrire-compter.com\/?product=bien-vu","url":"https:\/\/lire-ecrire-compter.com\/?product=bien-vu","name":"Bien vu ! - Lire \u00e9crire compter","isPartOf":{"@id":"https:\/\/lire-ecrire-compter.com\/#website"},"primaryImageOfPage":{"@id":"https:\/\/lire-ecrire-compter.com\/?product=bien-vu#primaryimage"},"image":{"@id":"https:\/\/lire-ecrire-compter.com\/?product=bien-vu#primaryimage"},"thumbnailUrl":"https:\/\/lire-ecrire-compter.com\/wp-content\/uploads\/2020\/02\/jeu-complet-e1574163143286.jpg","datePublished":"2020-03-06T09:51:41+00:00","dateModified":"2023-07-19T10:28:48+00:00","description":"Ce jeu de lecture entra\u00eene l'enfant \u00e0 la reconnaissance, la comparaison et l'identification des sons complexes. Il stimule l'acc\u00e8s au lexique mental et favorise l'anticipation et le balayage visuel.","breadcrumb":{"@id":"https:\/\/lire-ecrire-compter.com\/?product=bien-vu#breadcrumb"},"inLanguage":"fr-FR","potentialAction":[{"@type":"ReadAction","target":["https:\/\/lire-ecrire-compter.com\/?product=bien-vu"]}]},{"@type":"ImageObject","inLanguage":"fr-FR","@id":"https:\/\/lire-ecrire-compter.com\/?product=bien-vu#primaryimage","url":"https:\/\/lire-ecrire-compter.com\/wp-content\/uploads\/2020\/02\/jeu-complet-e1574163143286.jpg","contentUrl":"https:\/\/lire-ecrire-compter.com\/wp-content\/uploads\/2020\/02\/jeu-complet-e1574163143286.jpg","width":1235,"height":1400},{"@type":"BreadcrumbList","@id":"https:\/\/lire-ecrire-compter.com\/?product=bien-vu#breadcrumb","itemListElement":[{"@type":"ListItem","position":1,"name":"Accueil","item":"https:\/\/lire-ecrire-compter.com\/"},{"@type":"ListItem","position":2,"name":"La bo\u00eete \u00e0 jeux","item":"https:\/\/lire-ecrire-compter.com\/?page_id=747"},{"@type":"ListItem","position":3,"name":"Bien vu !"}]},{"@type":"WebSite","@id":"https:\/\/lire-ecrire-compter.com\/#website","url":"https:\/\/lire-ecrire-compter.com\/","name":"Lire \u00e9crire compter","description":"Jouer pour apprendre","potentialAction":[{"@type":"SearchAction","target":{"@type":"EntryPoint","urlTemplate":"https:\/\/lire-ecrire-compter.com\/?s={search_term_string}"},"query-input":{"@type":"PropertyValueSpecification","valueRequired":true,"valueName":"search_term_string"}}],"inLanguage":"fr-FR"}]}},"_links":{"self":[{"href":"https:\/\/lire-ecrire-compter.com\/index.php?rest_route=\/wp\/v2\/product\/2079","targetHints":{"allow":["GET"]}}],"collection":[{"href":"https:\/\/lire-ecrire-compter.com\/index.php?rest_route=\/wp\/v2\/product"}],"about":[{"href":"https:\/\/lire-ecrire-compter.com\/index.php?rest_route=\/wp\/v2\/types\/product"}],"replies":[{"embeddable":true,"href":"https:\/\/lire-ecrire-compter.com\/index.php?rest_route=%2Fwp%2Fv2%2Fcomments&post=2079"}],"wp:featuredmedia":[{"embeddable":true,"href":"https:\/\/lire-ecrire-compter.com\/index.php?rest_route=\/wp\/v2\/media\/956"}],"wp:attachment":[{"href":"https:\/\/lire-ecrire-compter.com\/index.php?rest_route=%2Fwp%2Fv2%2Fmedia&parent=2079"}],"wp:term":[{"taxonomy":"product_brand","embeddable":true,"href":"https:\/\/lire-ecrire-compter.com\/index.php?rest_route=%2Fwp%2Fv2%2Fproduct_brand&post=2079"},{"taxonomy":"product_cat","embeddable":true,"href":"https:\/\/lire-ecrire-compter.com\/index.php?rest_route=%2Fwp%2Fv2%2Fproduct_cat&post=2079"},{"taxonomy":"product_tag","embeddable":true,"href":"https:\/\/lire-ecrire-compter.com\/index.php?rest_route=%2Fwp%2Fv2%2Fproduct_tag&post=2079"}],"curies":[{"name":"wp","href":"https:\/\/api.w.org\/{rel}","templated":true}]}}