{"id":2077,"date":"2020-03-06T10:51:41","date_gmt":"2020-03-06T09:51:41","guid":{"rendered":"https:\/\/lire-ecrire-compter.com\/?product=import-placeholder-for-4018"},"modified":"2024-10-16T23:45:42","modified_gmt":"2024-10-16T21:45:42","slug":"mistigris-des-tables-de-multiplication-nouvelle-version","status":"publish","type":"product","link":"https:\/\/lire-ecrire-compter.com\/?product=mistigris-des-tables-de-multiplication-nouvelle-version","title":{"rendered":"Mistigris des tables de multiplication (nouvelle version)"},"content":{"rendered":"<p><em>Cette nouvelle version propose <strong>toutes les tables de 2 \u00e0 9<\/strong> et <strong>repr\u00e9sente chaque produit avec des blocs de perles<\/strong>.<\/em><\/p>\n<p><span style=\"color: #92d001;\"><strong>BUT DU JEU :<\/strong><\/span><br \/>\n<span style=\"color: #92d001;\">Il s&rsquo;agit de <strong>se d\u00e9barrasser de toutes ses cartes, en faisant des paires<\/strong>.<\/span><br \/>\n<span style=\"color: #92d001;\">Le dernier \u00e0 d\u00e9tenir la carte du monstre (qui ne peut former de paire) a perdu.<\/span><\/p>\n<p><span style=\"color: #ff5b72;\"><strong>COMPOSITION :<\/strong><\/span><br \/>\n<span style=\"color: #ff5b72;\">Il se compos\u00e9 de <strong>8 s\u00e9ries de 18 cartes<\/strong> (<strong>9 cartes produit<\/strong> et <strong>9 cartes nombre pour chaque table de multiplication<\/strong>) et de <strong>6 cartes \u00ab\u00a0Mistigris\u00a0\u00bb<\/strong>. <strong>Le jeu se joue en choisissant 2 s\u00e9ries<\/strong>, soit, <strong>36 cartes et 1 Mistigris<\/strong>.<\/span><\/p>\n<p><span style=\"color: #46acbf;\"><strong>OBJECTIFS :<br \/>\n<\/strong>Ce jeu aide les enfants \u00e0<strong> m\u00e9moriser les tables de multiplication<\/strong>.<\/span><\/p>\n<p>&nbsp;<\/p>\n<p>&nbsp;<\/p>\n","protected":false},"excerpt":{"rendered":"<p><em>Cette nouvelle version propose <strong>toutes les tables de 2 \u00e0 9<\/strong> et <strong>repr\u00e9sente chaque produit avec des blocs de perles<\/strong>.<\/em><\/p>\n","protected":false},"featured_media":951,"comment_status":"open","ping_status":"closed","template":"","meta":{"give_campaign_id":0,"om_disable_all_campaigns":false,"_monsterinsights_skip_tracking":false,"_monsterinsights_sitenote_active":false,"_monsterinsights_sitenote_note":"","_monsterinsights_sitenote_category":0,"_uf_show_specific_survey":0,"_uf_disable_surveys":false},"product_brand":[],"product_cat":[156,128,138,147,100],"product_tag":[127],"class_list":{"0":"post-2077","1":"product","2":"type-product","3":"status-publish","4":"has-post-thumbnail","6":"product_cat-a-partir-du-ce1","7":"product_cat-a-partir-du-ce2","8":"product_cat-a-partir-du-cm1","9":"product_cat-jeux","10":"product_cat-jeux-autour-des-mathematiques","11":"product_tag-memoriser-les-tables-de-multiplication","13":"first","14":"instock","15":"downloadable","16":"virtual","17":"purchasable","18":"product-type-simple"},"yoast_head":"<!-- This site is optimized with the Yoast SEO plugin v27.1.1 - https:\/\/yoast.com\/product\/yoast-seo-wordpress\/ -->\n<title>Mistigris des tables de multiplication (nouvelle version) - Lire \u00e9crire compter<\/title>\n<meta name=\"description\" content=\"Ce jeu aide les enfants \u00e0 m\u00e9moriser les tables de multiplication.\" \/>\n<meta name=\"robots\" content=\"index, follow, max-snippet:-1, max-image-preview:large, max-video-preview:-1\" \/>\n<link rel=\"canonical\" href=\"https:\/\/lire-ecrire-compter.com\/?product=mistigris-des-tables-de-multiplication-nouvelle-version\" \/>\n<meta property=\"og:locale\" content=\"fr_FR\" \/>\n<meta property=\"og:type\" content=\"article\" \/>\n<meta property=\"og:title\" content=\"Mistigris des tables de multiplication (nouvelle version) - Lire \u00e9crire compter\" \/>\n<meta property=\"og:description\" content=\"Ce jeu aide les enfants \u00e0 m\u00e9moriser les tables de multiplication.\" \/>\n<meta property=\"og:url\" content=\"https:\/\/lire-ecrire-compter.com\/?product=mistigris-des-tables-de-multiplication-nouvelle-version\" \/>\n<meta property=\"og:site_name\" content=\"Lire \u00e9crire compter\" \/>\n<meta property=\"article:modified_time\" content=\"2024-10-16T21:45:42+00:00\" \/>\n<meta property=\"og:image\" content=\"https:\/\/lire-ecrire-compter.com\/wp-content\/uploads\/2020\/02\/Mistigris-des-tables-de-multiplication.jpg\" \/>\n\t<meta property=\"og:image:width\" content=\"1260\" \/>\n\t<meta property=\"og:image:height\" content=\"792\" \/>\n\t<meta property=\"og:image:type\" content=\"image\/jpeg\" \/>\n<meta name=\"twitter:card\" content=\"summary_large_image\" \/>\n<meta name=\"twitter:label1\" content=\"Dur\u00e9e de lecture estim\u00e9e\" \/>\n\t<meta name=\"twitter:data1\" content=\"1 minute\" \/>\n<script type=\"application\/ld+json\" class=\"yoast-schema-graph\">{\"@context\":\"https:\/\/schema.org\",\"@graph\":[{\"@type\":\"WebPage\",\"@id\":\"https:\/\/lire-ecrire-compter.com\/?product=mistigris-des-tables-de-multiplication-nouvelle-version\",\"url\":\"https:\/\/lire-ecrire-compter.com\/?product=mistigris-des-tables-de-multiplication-nouvelle-version\",\"name\":\"Mistigris des tables de multiplication (nouvelle version) - Lire \u00e9crire compter\",\"isPartOf\":{\"@id\":\"https:\/\/lire-ecrire-compter.com\/#website\"},\"primaryImageOfPage\":{\"@id\":\"https:\/\/lire-ecrire-compter.com\/?product=mistigris-des-tables-de-multiplication-nouvelle-version#primaryimage\"},\"image\":{\"@id\":\"https:\/\/lire-ecrire-compter.com\/?product=mistigris-des-tables-de-multiplication-nouvelle-version#primaryimage\"},\"thumbnailUrl\":\"https:\/\/lire-ecrire-compter.com\/wp-content\/uploads\/2020\/02\/Mistigris-des-tables-de-multiplication.jpg\",\"datePublished\":\"2020-03-06T09:51:41+00:00\",\"dateModified\":\"2024-10-16T21:45:42+00:00\",\"description\":\"Ce jeu aide les enfants \u00e0 m\u00e9moriser les tables de multiplication.\",\"breadcrumb\":{\"@id\":\"https:\/\/lire-ecrire-compter.com\/?product=mistigris-des-tables-de-multiplication-nouvelle-version#breadcrumb\"},\"inLanguage\":\"fr-FR\",\"potentialAction\":[{\"@type\":\"ReadAction\",\"target\":[\"https:\/\/lire-ecrire-compter.com\/?product=mistigris-des-tables-de-multiplication-nouvelle-version\"]}]},{\"@type\":\"ImageObject\",\"inLanguage\":\"fr-FR\",\"@id\":\"https:\/\/lire-ecrire-compter.com\/?product=mistigris-des-tables-de-multiplication-nouvelle-version#primaryimage\",\"url\":\"https:\/\/lire-ecrire-compter.com\/wp-content\/uploads\/2020\/02\/Mistigris-des-tables-de-multiplication.jpg\",\"contentUrl\":\"https:\/\/lire-ecrire-compter.com\/wp-content\/uploads\/2020\/02\/Mistigris-des-tables-de-multiplication.jpg\",\"width\":1260,\"height\":792},{\"@type\":\"BreadcrumbList\",\"@id\":\"https:\/\/lire-ecrire-compter.com\/?product=mistigris-des-tables-de-multiplication-nouvelle-version#breadcrumb\",\"itemListElement\":[{\"@type\":\"ListItem\",\"position\":1,\"name\":\"Accueil\",\"item\":\"https:\/\/lire-ecrire-compter.com\/\"},{\"@type\":\"ListItem\",\"position\":2,\"name\":\"La bo\u00eete \u00e0 jeux\",\"item\":\"https:\/\/lire-ecrire-compter.com\/?page_id=747\"},{\"@type\":\"ListItem\",\"position\":3,\"name\":\"Mistigris des tables de multiplication (nouvelle version)\"}]},{\"@type\":\"WebSite\",\"@id\":\"https:\/\/lire-ecrire-compter.com\/#website\",\"url\":\"https:\/\/lire-ecrire-compter.com\/\",\"name\":\"Lire \u00e9crire compter\",\"description\":\"Jouer pour apprendre\",\"potentialAction\":[{\"@type\":\"SearchAction\",\"target\":{\"@type\":\"EntryPoint\",\"urlTemplate\":\"https:\/\/lire-ecrire-compter.com\/?s={search_term_string}\"},\"query-input\":{\"@type\":\"PropertyValueSpecification\",\"valueRequired\":true,\"valueName\":\"search_term_string\"}}],\"inLanguage\":\"fr-FR\"}]}<\/script>\n<!-- \/ Yoast SEO plugin. -->","yoast_head_json":{"title":"Mistigris des tables de multiplication (nouvelle version) - Lire \u00e9crire compter","description":"Ce jeu aide les enfants \u00e0 m\u00e9moriser les tables de multiplication.","robots":{"index":"index","follow":"follow","max-snippet":"max-snippet:-1","max-image-preview":"max-image-preview:large","max-video-preview":"max-video-preview:-1"},"canonical":"https:\/\/lire-ecrire-compter.com\/?product=mistigris-des-tables-de-multiplication-nouvelle-version","og_locale":"fr_FR","og_type":"article","og_title":"Mistigris des tables de multiplication (nouvelle version) - Lire \u00e9crire compter","og_description":"Ce jeu aide les enfants \u00e0 m\u00e9moriser les tables de multiplication.","og_url":"https:\/\/lire-ecrire-compter.com\/?product=mistigris-des-tables-de-multiplication-nouvelle-version","og_site_name":"Lire \u00e9crire compter","article_modified_time":"2024-10-16T21:45:42+00:00","og_image":[{"width":1260,"height":792,"url":"https:\/\/lire-ecrire-compter.com\/wp-content\/uploads\/2020\/02\/Mistigris-des-tables-de-multiplication.jpg","type":"image\/jpeg"}],"twitter_card":"summary_large_image","twitter_misc":{"Dur\u00e9e de lecture estim\u00e9e":"1 minute"},"schema":{"@context":"https:\/\/schema.org","@graph":[{"@type":"WebPage","@id":"https:\/\/lire-ecrire-compter.com\/?product=mistigris-des-tables-de-multiplication-nouvelle-version","url":"https:\/\/lire-ecrire-compter.com\/?product=mistigris-des-tables-de-multiplication-nouvelle-version","name":"Mistigris des tables de multiplication (nouvelle version) - Lire \u00e9crire compter","isPartOf":{"@id":"https:\/\/lire-ecrire-compter.com\/#website"},"primaryImageOfPage":{"@id":"https:\/\/lire-ecrire-compter.com\/?product=mistigris-des-tables-de-multiplication-nouvelle-version#primaryimage"},"image":{"@id":"https:\/\/lire-ecrire-compter.com\/?product=mistigris-des-tables-de-multiplication-nouvelle-version#primaryimage"},"thumbnailUrl":"https:\/\/lire-ecrire-compter.com\/wp-content\/uploads\/2020\/02\/Mistigris-des-tables-de-multiplication.jpg","datePublished":"2020-03-06T09:51:41+00:00","dateModified":"2024-10-16T21:45:42+00:00","description":"Ce jeu aide les enfants \u00e0 m\u00e9moriser les tables de multiplication.","breadcrumb":{"@id":"https:\/\/lire-ecrire-compter.com\/?product=mistigris-des-tables-de-multiplication-nouvelle-version#breadcrumb"},"inLanguage":"fr-FR","potentialAction":[{"@type":"ReadAction","target":["https:\/\/lire-ecrire-compter.com\/?product=mistigris-des-tables-de-multiplication-nouvelle-version"]}]},{"@type":"ImageObject","inLanguage":"fr-FR","@id":"https:\/\/lire-ecrire-compter.com\/?product=mistigris-des-tables-de-multiplication-nouvelle-version#primaryimage","url":"https:\/\/lire-ecrire-compter.com\/wp-content\/uploads\/2020\/02\/Mistigris-des-tables-de-multiplication.jpg","contentUrl":"https:\/\/lire-ecrire-compter.com\/wp-content\/uploads\/2020\/02\/Mistigris-des-tables-de-multiplication.jpg","width":1260,"height":792},{"@type":"BreadcrumbList","@id":"https:\/\/lire-ecrire-compter.com\/?product=mistigris-des-tables-de-multiplication-nouvelle-version#breadcrumb","itemListElement":[{"@type":"ListItem","position":1,"name":"Accueil","item":"https:\/\/lire-ecrire-compter.com\/"},{"@type":"ListItem","position":2,"name":"La bo\u00eete \u00e0 jeux","item":"https:\/\/lire-ecrire-compter.com\/?page_id=747"},{"@type":"ListItem","position":3,"name":"Mistigris des tables de multiplication (nouvelle version)"}]},{"@type":"WebSite","@id":"https:\/\/lire-ecrire-compter.com\/#website","url":"https:\/\/lire-ecrire-compter.com\/","name":"Lire \u00e9crire compter","description":"Jouer pour apprendre","potentialAction":[{"@type":"SearchAction","target":{"@type":"EntryPoint","urlTemplate":"https:\/\/lire-ecrire-compter.com\/?s={search_term_string}"},"query-input":{"@type":"PropertyValueSpecification","valueRequired":true,"valueName":"search_term_string"}}],"inLanguage":"fr-FR"}]}},"_links":{"self":[{"href":"https:\/\/lire-ecrire-compter.com\/index.php?rest_route=\/wp\/v2\/product\/2077","targetHints":{"allow":["GET"]}}],"collection":[{"href":"https:\/\/lire-ecrire-compter.com\/index.php?rest_route=\/wp\/v2\/product"}],"about":[{"href":"https:\/\/lire-ecrire-compter.com\/index.php?rest_route=\/wp\/v2\/types\/product"}],"replies":[{"embeddable":true,"href":"https:\/\/lire-ecrire-compter.com\/index.php?rest_route=%2Fwp%2Fv2%2Fcomments&post=2077"}],"wp:featuredmedia":[{"embeddable":true,"href":"https:\/\/lire-ecrire-compter.com\/index.php?rest_route=\/wp\/v2\/media\/951"}],"wp:attachment":[{"href":"https:\/\/lire-ecrire-compter.com\/index.php?rest_route=%2Fwp%2Fv2%2Fmedia&parent=2077"}],"wp:term":[{"taxonomy":"product_brand","embeddable":true,"href":"https:\/\/lire-ecrire-compter.com\/index.php?rest_route=%2Fwp%2Fv2%2Fproduct_brand&post=2077"},{"taxonomy":"product_cat","embeddable":true,"href":"https:\/\/lire-ecrire-compter.com\/index.php?rest_route=%2Fwp%2Fv2%2Fproduct_cat&post=2077"},{"taxonomy":"product_tag","embeddable":true,"href":"https:\/\/lire-ecrire-compter.com\/index.php?rest_route=%2Fwp%2Fv2%2Fproduct_tag&post=2077"}],"curies":[{"name":"wp","href":"https:\/\/api.w.org\/{rel}","templated":true}]}}