{"id":2075,"date":"2020-03-06T10:51:41","date_gmt":"2020-03-06T09:51:41","guid":{"rendered":"https:\/\/lire-ecrire-compter.com\/?product=import-placeholder-for-3977"},"modified":"2022-02-03T17:16:39","modified_gmt":"2022-02-03T16:16:39","slug":"les-5-derniers-cadeaux","status":"publish","type":"product","link":"https:\/\/lire-ecrire-compter.com\/?product=les-5-derniers-cadeaux","title":{"rendered":"Les 5 derniers cadeaux"},"content":{"rendered":"<p><span style=\"color: #92d001;\"><strong>BUT DU JEU<br \/>\n<\/strong>\u00catre le premier \u00e0 <strong>poss\u00e9der les cartes des lettres permettant d&rsquo;\u00e9crire le mot \u00ab\u00a0No\u00ebl\u00a0\u00bb<\/strong> avant que le P\u00e8re No\u00ebl ne place dans son tra\u00eeneau les 5 derniers cadeaux \u00e0 distribuer.<\/span><\/p>\n<p><span style=\"color: #ff5b72;\"><strong>COMPOSITION<\/strong><\/span><br \/>\n<span style=\"color: #ff5b72;\"><strong>Il est compos\u00e9<\/strong> d&rsquo;<strong>un d\u00e9<\/strong> \u00e0 reconstituer, de <strong>16 cartes<\/strong> avec les lettres N , O , \u00cb , L en 4 exemplaires, d&rsquo;<strong>un tra\u00eeneau<\/strong> (pour placer les cadeaux), d&rsquo;<strong>un P\u00e8re No\u00ebl<\/strong> et de<strong> 5 cadeaux<\/strong> \u00e0 d\u00e9couper suivant les contours.<\/span><\/p>\n<p><span style=\"color: #46acbf;\"><strong>OBJECTIFS<br \/>\n<\/strong>Ce jeu, pour les plus petits,\u00a0 travaille <strong>la reconnaissance de lettres<\/strong> ainsi que<strong> l&rsquo;encodage<\/strong>. Il aide \u00e0 comprendre <strong>les relations entre oral et \u00e9crit<\/strong>.<\/span><\/p>\n","protected":false},"excerpt":{"rendered":"<p>BUT DU JEU \u00catre le premier \u00e0 poss\u00e9der les cartes des lettres permettant d&rsquo;\u00e9crire le mot \u00ab\u00a0No\u00ebl\u00a0\u00bb avant que le P\u00e8re No\u00ebl ne place dans son tra\u00eeneau les 5 derniers cadeaux \u00e0 distribuer. COMPOSITION Il est compos\u00e9 d&rsquo;un d\u00e9 \u00e0 reconstituer, de 16 cartes avec&#8230;<\/p>\n","protected":false},"featured_media":939,"comment_status":"closed","ping_status":"closed","template":"","meta":{"give_campaign_id":0,"om_disable_all_campaigns":false,"_monsterinsights_skip_tracking":false,"_monsterinsights_sitenote_active":false,"_monsterinsights_sitenote_note":"","_monsterinsights_sitenote_category":0,"_uf_show_specific_survey":0,"_uf_disable_surveys":false},"product_brand":[],"product_cat":[107,147,98,121],"product_tag":[114,112],"class_list":{"0":"post-2075","1":"product","2":"type-product","3":"status-publish","4":"has-post-thumbnail","6":"product_cat-gs","7":"product_cat-jeux","8":"product_cat-jeux-autour-de-la-lecture","9":"product_cat-ps-ms","10":"product_tag-comprendre-les-relations-entre-loral-et-lecrit","11":"product_tag-reconnaitre-et-nommer-les-lettres-dans-differentes-graphies","13":"first","14":"instock","15":"downloadable","16":"virtual","17":"purchasable","18":"product-type-simple"},"yoast_head":"<!-- This site is optimized with the Yoast SEO plugin v27.1.1 - https:\/\/yoast.com\/product\/yoast-seo-wordpress\/ -->\n<title>Les 5 derniers cadeaux - Lire \u00e9crire compter<\/title>\n<meta name=\"description\" content=\"Ce jeu de lecture, pour les plus petits,\u00a0 travaille la reconnaissance de lettres ainsi que l&#039;encodage. Il aide \u00e0 comprendre les relations entre oral et \u00e9crit.\" \/>\n<meta name=\"robots\" content=\"index, follow, max-snippet:-1, max-image-preview:large, max-video-preview:-1\" \/>\n<link rel=\"canonical\" href=\"https:\/\/lire-ecrire-compter.com\/?product=les-5-derniers-cadeaux\" \/>\n<meta property=\"og:locale\" content=\"fr_FR\" \/>\n<meta property=\"og:type\" content=\"article\" \/>\n<meta property=\"og:title\" content=\"Les 5 derniers cadeaux - Lire \u00e9crire compter\" \/>\n<meta property=\"og:description\" content=\"Ce jeu de lecture, pour les plus petits,\u00a0 travaille la reconnaissance de lettres ainsi que l&#039;encodage. Il aide \u00e0 comprendre les relations entre oral et \u00e9crit.\" \/>\n<meta property=\"og:url\" content=\"https:\/\/lire-ecrire-compter.com\/?product=les-5-derniers-cadeaux\" \/>\n<meta property=\"og:site_name\" content=\"Lire \u00e9crire compter\" \/>\n<meta property=\"article:modified_time\" content=\"2022-02-03T16:16:39+00:00\" \/>\n<meta property=\"og:image\" content=\"https:\/\/lire-ecrire-compter.com\/wp-content\/uploads\/2020\/02\/jeu_les-5-derniers-cadeaux-scaled-e1585910024491.jpg\" \/>\n\t<meta property=\"og:image:width\" content=\"1200\" \/>\n\t<meta property=\"og:image:height\" content=\"863\" \/>\n\t<meta property=\"og:image:type\" content=\"image\/jpeg\" \/>\n<meta name=\"twitter:card\" content=\"summary_large_image\" \/>\n<script type=\"application\/ld+json\" class=\"yoast-schema-graph\">{\"@context\":\"https:\/\/schema.org\",\"@graph\":[{\"@type\":\"WebPage\",\"@id\":\"https:\/\/lire-ecrire-compter.com\/?product=les-5-derniers-cadeaux\",\"url\":\"https:\/\/lire-ecrire-compter.com\/?product=les-5-derniers-cadeaux\",\"name\":\"Les 5 derniers cadeaux - Lire \u00e9crire compter\",\"isPartOf\":{\"@id\":\"https:\/\/lire-ecrire-compter.com\/#website\"},\"primaryImageOfPage\":{\"@id\":\"https:\/\/lire-ecrire-compter.com\/?product=les-5-derniers-cadeaux#primaryimage\"},\"image\":{\"@id\":\"https:\/\/lire-ecrire-compter.com\/?product=les-5-derniers-cadeaux#primaryimage\"},\"thumbnailUrl\":\"https:\/\/lire-ecrire-compter.com\/wp-content\/uploads\/2020\/02\/jeu_les-5-derniers-cadeaux-scaled-e1585910024491.jpg\",\"datePublished\":\"2020-03-06T09:51:41+00:00\",\"dateModified\":\"2022-02-03T16:16:39+00:00\",\"description\":\"Ce jeu de lecture, pour les plus petits,\u00a0 travaille la reconnaissance de lettres ainsi que l'encodage. Il aide \u00e0 comprendre les relations entre oral et \u00e9crit.\",\"breadcrumb\":{\"@id\":\"https:\/\/lire-ecrire-compter.com\/?product=les-5-derniers-cadeaux#breadcrumb\"},\"inLanguage\":\"fr-FR\",\"potentialAction\":[{\"@type\":\"ReadAction\",\"target\":[\"https:\/\/lire-ecrire-compter.com\/?product=les-5-derniers-cadeaux\"]}]},{\"@type\":\"ImageObject\",\"inLanguage\":\"fr-FR\",\"@id\":\"https:\/\/lire-ecrire-compter.com\/?product=les-5-derniers-cadeaux#primaryimage\",\"url\":\"https:\/\/lire-ecrire-compter.com\/wp-content\/uploads\/2020\/02\/jeu_les-5-derniers-cadeaux-scaled-e1585910024491.jpg\",\"contentUrl\":\"https:\/\/lire-ecrire-compter.com\/wp-content\/uploads\/2020\/02\/jeu_les-5-derniers-cadeaux-scaled-e1585910024491.jpg\",\"width\":1200,\"height\":863},{\"@type\":\"BreadcrumbList\",\"@id\":\"https:\/\/lire-ecrire-compter.com\/?product=les-5-derniers-cadeaux#breadcrumb\",\"itemListElement\":[{\"@type\":\"ListItem\",\"position\":1,\"name\":\"Accueil\",\"item\":\"https:\/\/lire-ecrire-compter.com\/\"},{\"@type\":\"ListItem\",\"position\":2,\"name\":\"La bo\u00eete \u00e0 jeux\",\"item\":\"https:\/\/lire-ecrire-compter.com\/?page_id=747\"},{\"@type\":\"ListItem\",\"position\":3,\"name\":\"Les 5 derniers cadeaux\"}]},{\"@type\":\"WebSite\",\"@id\":\"https:\/\/lire-ecrire-compter.com\/#website\",\"url\":\"https:\/\/lire-ecrire-compter.com\/\",\"name\":\"Lire \u00e9crire compter\",\"description\":\"Jouer pour apprendre\",\"potentialAction\":[{\"@type\":\"SearchAction\",\"target\":{\"@type\":\"EntryPoint\",\"urlTemplate\":\"https:\/\/lire-ecrire-compter.com\/?s={search_term_string}\"},\"query-input\":{\"@type\":\"PropertyValueSpecification\",\"valueRequired\":true,\"valueName\":\"search_term_string\"}}],\"inLanguage\":\"fr-FR\"}]}<\/script>\n<!-- \/ Yoast SEO plugin. -->","yoast_head_json":{"title":"Les 5 derniers cadeaux - Lire \u00e9crire compter","description":"Ce jeu de lecture, pour les plus petits,\u00a0 travaille la reconnaissance de lettres ainsi que l'encodage. Il aide \u00e0 comprendre les relations entre oral et \u00e9crit.","robots":{"index":"index","follow":"follow","max-snippet":"max-snippet:-1","max-image-preview":"max-image-preview:large","max-video-preview":"max-video-preview:-1"},"canonical":"https:\/\/lire-ecrire-compter.com\/?product=les-5-derniers-cadeaux","og_locale":"fr_FR","og_type":"article","og_title":"Les 5 derniers cadeaux - Lire \u00e9crire compter","og_description":"Ce jeu de lecture, pour les plus petits,\u00a0 travaille la reconnaissance de lettres ainsi que l'encodage. Il aide \u00e0 comprendre les relations entre oral et \u00e9crit.","og_url":"https:\/\/lire-ecrire-compter.com\/?product=les-5-derniers-cadeaux","og_site_name":"Lire \u00e9crire compter","article_modified_time":"2022-02-03T16:16:39+00:00","og_image":[{"width":1200,"height":863,"url":"https:\/\/lire-ecrire-compter.com\/wp-content\/uploads\/2020\/02\/jeu_les-5-derniers-cadeaux-scaled-e1585910024491.jpg","type":"image\/jpeg"}],"twitter_card":"summary_large_image","schema":{"@context":"https:\/\/schema.org","@graph":[{"@type":"WebPage","@id":"https:\/\/lire-ecrire-compter.com\/?product=les-5-derniers-cadeaux","url":"https:\/\/lire-ecrire-compter.com\/?product=les-5-derniers-cadeaux","name":"Les 5 derniers cadeaux - Lire \u00e9crire compter","isPartOf":{"@id":"https:\/\/lire-ecrire-compter.com\/#website"},"primaryImageOfPage":{"@id":"https:\/\/lire-ecrire-compter.com\/?product=les-5-derniers-cadeaux#primaryimage"},"image":{"@id":"https:\/\/lire-ecrire-compter.com\/?product=les-5-derniers-cadeaux#primaryimage"},"thumbnailUrl":"https:\/\/lire-ecrire-compter.com\/wp-content\/uploads\/2020\/02\/jeu_les-5-derniers-cadeaux-scaled-e1585910024491.jpg","datePublished":"2020-03-06T09:51:41+00:00","dateModified":"2022-02-03T16:16:39+00:00","description":"Ce jeu de lecture, pour les plus petits,\u00a0 travaille la reconnaissance de lettres ainsi que l'encodage. Il aide \u00e0 comprendre les relations entre oral et \u00e9crit.","breadcrumb":{"@id":"https:\/\/lire-ecrire-compter.com\/?product=les-5-derniers-cadeaux#breadcrumb"},"inLanguage":"fr-FR","potentialAction":[{"@type":"ReadAction","target":["https:\/\/lire-ecrire-compter.com\/?product=les-5-derniers-cadeaux"]}]},{"@type":"ImageObject","inLanguage":"fr-FR","@id":"https:\/\/lire-ecrire-compter.com\/?product=les-5-derniers-cadeaux#primaryimage","url":"https:\/\/lire-ecrire-compter.com\/wp-content\/uploads\/2020\/02\/jeu_les-5-derniers-cadeaux-scaled-e1585910024491.jpg","contentUrl":"https:\/\/lire-ecrire-compter.com\/wp-content\/uploads\/2020\/02\/jeu_les-5-derniers-cadeaux-scaled-e1585910024491.jpg","width":1200,"height":863},{"@type":"BreadcrumbList","@id":"https:\/\/lire-ecrire-compter.com\/?product=les-5-derniers-cadeaux#breadcrumb","itemListElement":[{"@type":"ListItem","position":1,"name":"Accueil","item":"https:\/\/lire-ecrire-compter.com\/"},{"@type":"ListItem","position":2,"name":"La bo\u00eete \u00e0 jeux","item":"https:\/\/lire-ecrire-compter.com\/?page_id=747"},{"@type":"ListItem","position":3,"name":"Les 5 derniers cadeaux"}]},{"@type":"WebSite","@id":"https:\/\/lire-ecrire-compter.com\/#website","url":"https:\/\/lire-ecrire-compter.com\/","name":"Lire \u00e9crire compter","description":"Jouer pour apprendre","potentialAction":[{"@type":"SearchAction","target":{"@type":"EntryPoint","urlTemplate":"https:\/\/lire-ecrire-compter.com\/?s={search_term_string}"},"query-input":{"@type":"PropertyValueSpecification","valueRequired":true,"valueName":"search_term_string"}}],"inLanguage":"fr-FR"}]}},"_links":{"self":[{"href":"https:\/\/lire-ecrire-compter.com\/index.php?rest_route=\/wp\/v2\/product\/2075","targetHints":{"allow":["GET"]}}],"collection":[{"href":"https:\/\/lire-ecrire-compter.com\/index.php?rest_route=\/wp\/v2\/product"}],"about":[{"href":"https:\/\/lire-ecrire-compter.com\/index.php?rest_route=\/wp\/v2\/types\/product"}],"replies":[{"embeddable":true,"href":"https:\/\/lire-ecrire-compter.com\/index.php?rest_route=%2Fwp%2Fv2%2Fcomments&post=2075"}],"wp:featuredmedia":[{"embeddable":true,"href":"https:\/\/lire-ecrire-compter.com\/index.php?rest_route=\/wp\/v2\/media\/939"}],"wp:attachment":[{"href":"https:\/\/lire-ecrire-compter.com\/index.php?rest_route=%2Fwp%2Fv2%2Fmedia&parent=2075"}],"wp:term":[{"taxonomy":"product_brand","embeddable":true,"href":"https:\/\/lire-ecrire-compter.com\/index.php?rest_route=%2Fwp%2Fv2%2Fproduct_brand&post=2075"},{"taxonomy":"product_cat","embeddable":true,"href":"https:\/\/lire-ecrire-compter.com\/index.php?rest_route=%2Fwp%2Fv2%2Fproduct_cat&post=2075"},{"taxonomy":"product_tag","embeddable":true,"href":"https:\/\/lire-ecrire-compter.com\/index.php?rest_route=%2Fwp%2Fv2%2Fproduct_tag&post=2075"}],"curies":[{"name":"wp","href":"https:\/\/api.w.org\/{rel}","templated":true}]}}