{"id":2074,"date":"2020-03-06T10:51:41","date_gmt":"2020-03-06T09:51:41","guid":{"rendered":"https:\/\/lire-ecrire-compter.com\/?product=import-placeholder-for-3875"},"modified":"2022-02-03T17:14:25","modified_gmt":"2022-02-03T16:14:25","slug":"mistigris-du-pere-noel","status":"publish","type":"product","link":"https:\/\/lire-ecrire-compter.com\/?product=mistigris-du-pere-noel","title":{"rendered":"Mistigris du P\u00e8re No\u00ebl"},"content":{"rendered":"<p><span style=\"color: #92d001;\"><strong>BUT DU JEU<br \/>\n<\/strong>Il faut <strong>se d\u00e9barrasser de ses cartes en formant des paires<\/strong>. Le dernier \u00e0 d\u00e9tenir la carte avec le monstre de No\u00ebl a perdu.<\/span><\/p>\n<p><span style=\"color: #ff5b72;\"><strong>COMPOSITION<\/strong><\/span><br \/>\n<span style=\"color: #ff5b72;\"><strong>Il se compose<\/strong> de <strong>2 s\u00e9ries de 26 cartes et d&rsquo;une carte \u00ab\u00a0monstre\u00a0\u00bb<\/strong>. Une s\u00e9rie avec les lettres de l&rsquo;alphabet en majuscules d&rsquo;imprimerie\u00a0 et une s\u00e9rie avec un mot de r\u00e9f\u00e9rence\u00a0 accompagn\u00e9 d&rsquo;un dessin.<\/span><\/p>\n<p><span style=\"color: #46acbf;\"><strong>OBJECTIFS<br \/>\n<\/strong>Ce jeu aide \u00e0 <strong>m\u00e9moriser les lettres<\/strong> de l&rsquo;alphabet, \u00e0 <strong>prendre rep\u00e8re sur l&rsquo;initiale d&rsquo;un mot<\/strong> et \u00e0 <strong>comprendre les relations entre oral et \u00e9crit<\/strong>.<\/span><\/p>\n","protected":false},"excerpt":{"rendered":"<p>BUT DU JEU Il faut se d\u00e9barrasser de ses cartes en formant des paires. Le dernier \u00e0 d\u00e9tenir la carte avec le monstre de No\u00ebl a perdu. COMPOSITION Il se compose de 2 s\u00e9ries de 26 cartes et d&rsquo;une carte \u00ab\u00a0monstre\u00a0\u00bb. Une s\u00e9rie avec les&#8230;<\/p>\n","protected":false},"featured_media":936,"comment_status":"open","ping_status":"closed","template":"","meta":{"give_campaign_id":0,"om_disable_all_campaigns":false,"_monsterinsights_skip_tracking":false,"_monsterinsights_sitenote_active":false,"_monsterinsights_sitenote_note":"","_monsterinsights_sitenote_category":0,"_uf_show_specific_survey":0,"_uf_disable_surveys":false},"product_brand":[],"product_cat":[107,147,98,121],"product_tag":[114,113],"class_list":{"0":"post-2074","1":"product","2":"type-product","3":"status-publish","4":"has-post-thumbnail","6":"product_cat-gs","7":"product_cat-jeux","8":"product_cat-jeux-autour-de-la-lecture","9":"product_cat-ps-ms","10":"product_tag-comprendre-les-relations-entre-loral-et-lecrit","11":"product_tag-memoriser-lalphabet","13":"first","14":"instock","15":"downloadable","16":"virtual","17":"purchasable","18":"product-type-simple"},"yoast_head":"<!-- This site is optimized with the Yoast SEO plugin v27.1.1 - https:\/\/yoast.com\/product\/yoast-seo-wordpress\/ -->\n<title>Mistigris du P\u00e8re No\u00ebl - Lire \u00e9crire compter<\/title>\n<meta name=\"description\" content=\"Ce jeu aide \u00e0 m\u00e9moriser les lettres de l&#039;alphabet, \u00e0 prendre rep\u00e8re sur l&#039;initiale d&#039;un mot et \u00e0 comprendre les relations entre oral et \u00e9crit.\" \/>\n<meta name=\"robots\" content=\"index, follow, max-snippet:-1, max-image-preview:large, max-video-preview:-1\" \/>\n<link rel=\"canonical\" href=\"https:\/\/lire-ecrire-compter.com\/?product=mistigris-du-pere-noel\" \/>\n<meta property=\"og:locale\" content=\"fr_FR\" \/>\n<meta property=\"og:type\" content=\"article\" \/>\n<meta property=\"og:title\" content=\"Mistigris du P\u00e8re No\u00ebl - Lire \u00e9crire compter\" \/>\n<meta property=\"og:description\" content=\"Ce jeu aide \u00e0 m\u00e9moriser les lettres de l&#039;alphabet, \u00e0 prendre rep\u00e8re sur l&#039;initiale d&#039;un mot et \u00e0 comprendre les relations entre oral et \u00e9crit.\" \/>\n<meta property=\"og:url\" content=\"https:\/\/lire-ecrire-compter.com\/?product=mistigris-du-pere-noel\" \/>\n<meta property=\"og:site_name\" content=\"Lire \u00e9crire compter\" \/>\n<meta property=\"article:modified_time\" content=\"2022-02-03T16:14:25+00:00\" \/>\n<meta property=\"og:image\" content=\"https:\/\/lire-ecrire-compter.com\/wp-content\/uploads\/2020\/02\/associations-e1574161974868.jpg\" \/>\n\t<meta property=\"og:image:width\" content=\"1373\" \/>\n\t<meta property=\"og:image:height\" content=\"1400\" \/>\n\t<meta property=\"og:image:type\" content=\"image\/jpeg\" \/>\n<meta name=\"twitter:card\" content=\"summary_large_image\" \/>\n<script type=\"application\/ld+json\" class=\"yoast-schema-graph\">{\"@context\":\"https:\/\/schema.org\",\"@graph\":[{\"@type\":\"WebPage\",\"@id\":\"https:\/\/lire-ecrire-compter.com\/?product=mistigris-du-pere-noel\",\"url\":\"https:\/\/lire-ecrire-compter.com\/?product=mistigris-du-pere-noel\",\"name\":\"Mistigris du P\u00e8re No\u00ebl - Lire \u00e9crire compter\",\"isPartOf\":{\"@id\":\"https:\/\/lire-ecrire-compter.com\/#website\"},\"primaryImageOfPage\":{\"@id\":\"https:\/\/lire-ecrire-compter.com\/?product=mistigris-du-pere-noel#primaryimage\"},\"image\":{\"@id\":\"https:\/\/lire-ecrire-compter.com\/?product=mistigris-du-pere-noel#primaryimage\"},\"thumbnailUrl\":\"https:\/\/lire-ecrire-compter.com\/wp-content\/uploads\/2020\/02\/associations-e1574161974868.jpg\",\"datePublished\":\"2020-03-06T09:51:41+00:00\",\"dateModified\":\"2022-02-03T16:14:25+00:00\",\"description\":\"Ce jeu aide \u00e0 m\u00e9moriser les lettres de l'alphabet, \u00e0 prendre rep\u00e8re sur l'initiale d'un mot et \u00e0 comprendre les relations entre oral et \u00e9crit.\",\"breadcrumb\":{\"@id\":\"https:\/\/lire-ecrire-compter.com\/?product=mistigris-du-pere-noel#breadcrumb\"},\"inLanguage\":\"fr-FR\",\"potentialAction\":[{\"@type\":\"ReadAction\",\"target\":[\"https:\/\/lire-ecrire-compter.com\/?product=mistigris-du-pere-noel\"]}]},{\"@type\":\"ImageObject\",\"inLanguage\":\"fr-FR\",\"@id\":\"https:\/\/lire-ecrire-compter.com\/?product=mistigris-du-pere-noel#primaryimage\",\"url\":\"https:\/\/lire-ecrire-compter.com\/wp-content\/uploads\/2020\/02\/associations-e1574161974868.jpg\",\"contentUrl\":\"https:\/\/lire-ecrire-compter.com\/wp-content\/uploads\/2020\/02\/associations-e1574161974868.jpg\",\"width\":1373,\"height\":1400},{\"@type\":\"BreadcrumbList\",\"@id\":\"https:\/\/lire-ecrire-compter.com\/?product=mistigris-du-pere-noel#breadcrumb\",\"itemListElement\":[{\"@type\":\"ListItem\",\"position\":1,\"name\":\"Accueil\",\"item\":\"https:\/\/lire-ecrire-compter.com\/\"},{\"@type\":\"ListItem\",\"position\":2,\"name\":\"La bo\u00eete \u00e0 jeux\",\"item\":\"https:\/\/lire-ecrire-compter.com\/?page_id=747\"},{\"@type\":\"ListItem\",\"position\":3,\"name\":\"Mistigris du P\u00e8re No\u00ebl\"}]},{\"@type\":\"WebSite\",\"@id\":\"https:\/\/lire-ecrire-compter.com\/#website\",\"url\":\"https:\/\/lire-ecrire-compter.com\/\",\"name\":\"Lire \u00e9crire compter\",\"description\":\"Jouer pour apprendre\",\"potentialAction\":[{\"@type\":\"SearchAction\",\"target\":{\"@type\":\"EntryPoint\",\"urlTemplate\":\"https:\/\/lire-ecrire-compter.com\/?s={search_term_string}\"},\"query-input\":{\"@type\":\"PropertyValueSpecification\",\"valueRequired\":true,\"valueName\":\"search_term_string\"}}],\"inLanguage\":\"fr-FR\"}]}<\/script>\n<!-- \/ Yoast SEO plugin. -->","yoast_head_json":{"title":"Mistigris du P\u00e8re No\u00ebl - Lire \u00e9crire compter","description":"Ce jeu aide \u00e0 m\u00e9moriser les lettres de l'alphabet, \u00e0 prendre rep\u00e8re sur l'initiale d'un mot et \u00e0 comprendre les relations entre oral et \u00e9crit.","robots":{"index":"index","follow":"follow","max-snippet":"max-snippet:-1","max-image-preview":"max-image-preview:large","max-video-preview":"max-video-preview:-1"},"canonical":"https:\/\/lire-ecrire-compter.com\/?product=mistigris-du-pere-noel","og_locale":"fr_FR","og_type":"article","og_title":"Mistigris du P\u00e8re No\u00ebl - Lire \u00e9crire compter","og_description":"Ce jeu aide \u00e0 m\u00e9moriser les lettres de l'alphabet, \u00e0 prendre rep\u00e8re sur l'initiale d'un mot et \u00e0 comprendre les relations entre oral et \u00e9crit.","og_url":"https:\/\/lire-ecrire-compter.com\/?product=mistigris-du-pere-noel","og_site_name":"Lire \u00e9crire compter","article_modified_time":"2022-02-03T16:14:25+00:00","og_image":[{"width":1373,"height":1400,"url":"https:\/\/lire-ecrire-compter.com\/wp-content\/uploads\/2020\/02\/associations-e1574161974868.jpg","type":"image\/jpeg"}],"twitter_card":"summary_large_image","schema":{"@context":"https:\/\/schema.org","@graph":[{"@type":"WebPage","@id":"https:\/\/lire-ecrire-compter.com\/?product=mistigris-du-pere-noel","url":"https:\/\/lire-ecrire-compter.com\/?product=mistigris-du-pere-noel","name":"Mistigris du P\u00e8re No\u00ebl - Lire \u00e9crire compter","isPartOf":{"@id":"https:\/\/lire-ecrire-compter.com\/#website"},"primaryImageOfPage":{"@id":"https:\/\/lire-ecrire-compter.com\/?product=mistigris-du-pere-noel#primaryimage"},"image":{"@id":"https:\/\/lire-ecrire-compter.com\/?product=mistigris-du-pere-noel#primaryimage"},"thumbnailUrl":"https:\/\/lire-ecrire-compter.com\/wp-content\/uploads\/2020\/02\/associations-e1574161974868.jpg","datePublished":"2020-03-06T09:51:41+00:00","dateModified":"2022-02-03T16:14:25+00:00","description":"Ce jeu aide \u00e0 m\u00e9moriser les lettres de l'alphabet, \u00e0 prendre rep\u00e8re sur l'initiale d'un mot et \u00e0 comprendre les relations entre oral et \u00e9crit.","breadcrumb":{"@id":"https:\/\/lire-ecrire-compter.com\/?product=mistigris-du-pere-noel#breadcrumb"},"inLanguage":"fr-FR","potentialAction":[{"@type":"ReadAction","target":["https:\/\/lire-ecrire-compter.com\/?product=mistigris-du-pere-noel"]}]},{"@type":"ImageObject","inLanguage":"fr-FR","@id":"https:\/\/lire-ecrire-compter.com\/?product=mistigris-du-pere-noel#primaryimage","url":"https:\/\/lire-ecrire-compter.com\/wp-content\/uploads\/2020\/02\/associations-e1574161974868.jpg","contentUrl":"https:\/\/lire-ecrire-compter.com\/wp-content\/uploads\/2020\/02\/associations-e1574161974868.jpg","width":1373,"height":1400},{"@type":"BreadcrumbList","@id":"https:\/\/lire-ecrire-compter.com\/?product=mistigris-du-pere-noel#breadcrumb","itemListElement":[{"@type":"ListItem","position":1,"name":"Accueil","item":"https:\/\/lire-ecrire-compter.com\/"},{"@type":"ListItem","position":2,"name":"La bo\u00eete \u00e0 jeux","item":"https:\/\/lire-ecrire-compter.com\/?page_id=747"},{"@type":"ListItem","position":3,"name":"Mistigris du P\u00e8re No\u00ebl"}]},{"@type":"WebSite","@id":"https:\/\/lire-ecrire-compter.com\/#website","url":"https:\/\/lire-ecrire-compter.com\/","name":"Lire \u00e9crire compter","description":"Jouer pour apprendre","potentialAction":[{"@type":"SearchAction","target":{"@type":"EntryPoint","urlTemplate":"https:\/\/lire-ecrire-compter.com\/?s={search_term_string}"},"query-input":{"@type":"PropertyValueSpecification","valueRequired":true,"valueName":"search_term_string"}}],"inLanguage":"fr-FR"}]}},"_links":{"self":[{"href":"https:\/\/lire-ecrire-compter.com\/index.php?rest_route=\/wp\/v2\/product\/2074","targetHints":{"allow":["GET"]}}],"collection":[{"href":"https:\/\/lire-ecrire-compter.com\/index.php?rest_route=\/wp\/v2\/product"}],"about":[{"href":"https:\/\/lire-ecrire-compter.com\/index.php?rest_route=\/wp\/v2\/types\/product"}],"replies":[{"embeddable":true,"href":"https:\/\/lire-ecrire-compter.com\/index.php?rest_route=%2Fwp%2Fv2%2Fcomments&post=2074"}],"wp:featuredmedia":[{"embeddable":true,"href":"https:\/\/lire-ecrire-compter.com\/index.php?rest_route=\/wp\/v2\/media\/936"}],"wp:attachment":[{"href":"https:\/\/lire-ecrire-compter.com\/index.php?rest_route=%2Fwp%2Fv2%2Fmedia&parent=2074"}],"wp:term":[{"taxonomy":"product_brand","embeddable":true,"href":"https:\/\/lire-ecrire-compter.com\/index.php?rest_route=%2Fwp%2Fv2%2Fproduct_brand&post=2074"},{"taxonomy":"product_cat","embeddable":true,"href":"https:\/\/lire-ecrire-compter.com\/index.php?rest_route=%2Fwp%2Fv2%2Fproduct_cat&post=2074"},{"taxonomy":"product_tag","embeddable":true,"href":"https:\/\/lire-ecrire-compter.com\/index.php?rest_route=%2Fwp%2Fv2%2Fproduct_tag&post=2074"}],"curies":[{"name":"wp","href":"https:\/\/api.w.org\/{rel}","templated":true}]}}