{"id":2061,"date":"2020-03-06T10:51:19","date_gmt":"2020-03-06T09:51:19","guid":{"rendered":"https:\/\/lire-ecrire-compter.com\/?product=import-placeholder-for-2646"},"modified":"2025-08-24T02:36:21","modified_gmt":"2025-08-24T00:36:21","slug":"le-petit-singe-malin","status":"publish","type":"product","link":"https:\/\/lire-ecrire-compter.com\/?product=le-petit-singe-malin","title":{"rendered":"Le petit singe malin"},"content":{"rendered":"<p><span style=\"color: #92d001;\"><strong>BUT DU JEU :<\/strong> <\/span><br \/>\n<span style=\"color: #92d001;\">Il faut <strong>constituer<\/strong> puis <strong>compl\u00e9ter des s\u00e9ries de cartes repr\u00e9sentant un m\u00eame nombre<\/strong>. Chaque s\u00e9rie compl\u00e9t\u00e9e donne droit \u00e0 un jeton \u00ab\u00a0petit singe malin\u00a0\u00bb. Le joueur qui en gagne le plus est le vainqueur.<\/span><\/p>\n<p><span style=\"color: #ff5b72;\"><strong>COMPOSITION :<\/strong><\/span><br \/>\n<span style=\"color: #ff5b72;\">Il est compos\u00e9 d<strong>&lsquo;un plateau de jeu<\/strong>, de<strong> 24 pions<\/strong> \u00ab\u00a0petit singe malin\u00a0\u00bb et de<strong> 64 cartes<\/strong> <strong>organis\u00e9es en 4 s\u00e9ries<\/strong> : <strong>16 cartes avec les chiffres<\/strong> de 2 \u00e0 5, <strong>16 cartes avec des mains<\/strong> montrant 2, 3, 4 ou 5 doigts, <strong>16 cartes avec 2, 3, 4 ou 5 figures g\u00e9om\u00e9triques<\/strong> et <strong>16 cartes avec 2, 3, 4 ou 5 animaux<\/strong>.Tous les \u00e9l\u00e9ments d&rsquo;une m\u00eame carte (figures g\u00e9om\u00e9triques ou animaux) sont identiques. <\/span><\/p>\n<p><span style=\"color: #46acbf;\"><strong>OBJECTIFS :<\/strong><\/span><br \/>\n<span style=\"color: #46acbf;\">Ce jeu<strong> aide \u00e0 construire le nombre et \u00e0 l&rsquo;utiliser comme outil pour identifier des quantit\u00e9s \u00e9quivalentes<\/strong>. Il <strong>travaille le d\u00e9nombrement de petites collections (jusqu&rsquo;\u00e0 5<\/strong>).<\/span><\/p>\n","protected":false},"excerpt":{"rendered":"<p>BUT DU JEU : Il faut constituer puis compl\u00e9ter des s\u00e9ries de cartes repr\u00e9sentant un m\u00eame nombre. Chaque s\u00e9rie compl\u00e9t\u00e9e donne droit \u00e0 un jeton \u00ab\u00a0petit singe malin\u00a0\u00bb. Le joueur qui en gagne le plus est le vainqueur. COMPOSITION : Il est compos\u00e9 d&lsquo;un plateau&#8230;<\/p>\n","protected":false},"featured_media":918,"comment_status":"open","ping_status":"closed","template":"","meta":{"give_campaign_id":0,"om_disable_all_campaigns":false,"_monsterinsights_skip_tracking":false,"_monsterinsights_sitenote_active":false,"_monsterinsights_sitenote_note":"","_monsterinsights_sitenote_category":0,"_uf_show_specific_survey":0,"_uf_disable_surveys":false},"product_brand":[],"product_cat":[153,147,100],"product_tag":[130,108,60],"class_list":{"0":"post-2061","1":"product","2":"type-product","3":"status-publish","4":"has-post-thumbnail","6":"product_cat-a-partir-de-ps-ms","7":"product_cat-jeux","8":"product_cat-jeux-autour-des-mathematiques","9":"product_tag-categoriser","10":"product_tag-denombrer-et-comparer-des-collections","11":"product_tag-reconnaitre-les-chiffres","13":"first","14":"instock","15":"downloadable","16":"virtual","17":"purchasable","18":"product-type-simple"},"yoast_head":"<!-- This site is optimized with the Yoast SEO plugin v27.1.1 - https:\/\/yoast.com\/product\/yoast-seo-wordpress\/ -->\n<title>Le petit singe malin - Lire \u00e9crire compter<\/title>\n<meta name=\"description\" content=\"Ce jeu de math\u00e9matique aide \u00e0 construire le nombre et \u00e0 l&#039;utiliser comme outil pour identifier des quantit\u00e9s \u00e9quivalentes. Il travaille le d\u00e9nombrement de petites collections (jusqu&#039;\u00e0 5).\" \/>\n<meta name=\"robots\" content=\"index, follow, max-snippet:-1, max-image-preview:large, max-video-preview:-1\" \/>\n<link rel=\"canonical\" href=\"https:\/\/lire-ecrire-compter.com\/?product=le-petit-singe-malin\" \/>\n<meta property=\"og:locale\" content=\"fr_FR\" \/>\n<meta property=\"og:type\" content=\"article\" \/>\n<meta property=\"og:title\" content=\"Le petit singe malin - Lire \u00e9crire compter\" \/>\n<meta property=\"og:description\" content=\"Ce jeu de math\u00e9matique aide \u00e0 construire le nombre et \u00e0 l&#039;utiliser comme outil pour identifier des quantit\u00e9s \u00e9quivalentes. Il travaille le d\u00e9nombrement de petites collections (jusqu&#039;\u00e0 5).\" \/>\n<meta property=\"og:url\" content=\"https:\/\/lire-ecrire-compter.com\/?product=le-petit-singe-malin\" \/>\n<meta property=\"og:site_name\" content=\"Lire \u00e9crire compter\" \/>\n<meta property=\"article:modified_time\" content=\"2025-08-24T00:36:21+00:00\" \/>\n<meta property=\"og:image\" content=\"https:\/\/lire-ecrire-compter.com\/wp-content\/uploads\/2020\/02\/Le-petit-singe-malin_cartes-et-pions-e1578941553613.jpg\" \/>\n\t<meta property=\"og:image:width\" content=\"1200\" \/>\n\t<meta property=\"og:image:height\" content=\"1131\" \/>\n\t<meta property=\"og:image:type\" content=\"image\/jpeg\" \/>\n<meta name=\"twitter:card\" content=\"summary_large_image\" \/>\n<meta name=\"twitter:label1\" content=\"Dur\u00e9e de lecture estim\u00e9e\" \/>\n\t<meta name=\"twitter:data1\" content=\"1 minute\" \/>\n<script type=\"application\/ld+json\" class=\"yoast-schema-graph\">{\"@context\":\"https:\/\/schema.org\",\"@graph\":[{\"@type\":\"WebPage\",\"@id\":\"https:\/\/lire-ecrire-compter.com\/?product=le-petit-singe-malin\",\"url\":\"https:\/\/lire-ecrire-compter.com\/?product=le-petit-singe-malin\",\"name\":\"Le petit singe malin - Lire \u00e9crire compter\",\"isPartOf\":{\"@id\":\"https:\/\/lire-ecrire-compter.com\/#website\"},\"primaryImageOfPage\":{\"@id\":\"https:\/\/lire-ecrire-compter.com\/?product=le-petit-singe-malin#primaryimage\"},\"image\":{\"@id\":\"https:\/\/lire-ecrire-compter.com\/?product=le-petit-singe-malin#primaryimage\"},\"thumbnailUrl\":\"https:\/\/lire-ecrire-compter.com\/wp-content\/uploads\/2020\/02\/Le-petit-singe-malin_cartes-et-pions-e1578941553613.jpg\",\"datePublished\":\"2020-03-06T09:51:19+00:00\",\"dateModified\":\"2025-08-24T00:36:21+00:00\",\"description\":\"Ce jeu de math\u00e9matique aide \u00e0 construire le nombre et \u00e0 l'utiliser comme outil pour identifier des quantit\u00e9s \u00e9quivalentes. Il travaille le d\u00e9nombrement de petites collections (jusqu'\u00e0 5).\",\"breadcrumb\":{\"@id\":\"https:\/\/lire-ecrire-compter.com\/?product=le-petit-singe-malin#breadcrumb\"},\"inLanguage\":\"fr-FR\",\"potentialAction\":[{\"@type\":\"ReadAction\",\"target\":[\"https:\/\/lire-ecrire-compter.com\/?product=le-petit-singe-malin\"]}]},{\"@type\":\"ImageObject\",\"inLanguage\":\"fr-FR\",\"@id\":\"https:\/\/lire-ecrire-compter.com\/?product=le-petit-singe-malin#primaryimage\",\"url\":\"https:\/\/lire-ecrire-compter.com\/wp-content\/uploads\/2020\/02\/Le-petit-singe-malin_cartes-et-pions-e1578941553613.jpg\",\"contentUrl\":\"https:\/\/lire-ecrire-compter.com\/wp-content\/uploads\/2020\/02\/Le-petit-singe-malin_cartes-et-pions-e1578941553613.jpg\",\"width\":1200,\"height\":1131},{\"@type\":\"BreadcrumbList\",\"@id\":\"https:\/\/lire-ecrire-compter.com\/?product=le-petit-singe-malin#breadcrumb\",\"itemListElement\":[{\"@type\":\"ListItem\",\"position\":1,\"name\":\"Accueil\",\"item\":\"https:\/\/lire-ecrire-compter.com\/\"},{\"@type\":\"ListItem\",\"position\":2,\"name\":\"La bo\u00eete \u00e0 jeux\",\"item\":\"https:\/\/lire-ecrire-compter.com\/?page_id=747\"},{\"@type\":\"ListItem\",\"position\":3,\"name\":\"Le petit singe malin\"}]},{\"@type\":\"WebSite\",\"@id\":\"https:\/\/lire-ecrire-compter.com\/#website\",\"url\":\"https:\/\/lire-ecrire-compter.com\/\",\"name\":\"Lire \u00e9crire compter\",\"description\":\"Jouer pour apprendre\",\"potentialAction\":[{\"@type\":\"SearchAction\",\"target\":{\"@type\":\"EntryPoint\",\"urlTemplate\":\"https:\/\/lire-ecrire-compter.com\/?s={search_term_string}\"},\"query-input\":{\"@type\":\"PropertyValueSpecification\",\"valueRequired\":true,\"valueName\":\"search_term_string\"}}],\"inLanguage\":\"fr-FR\"}]}<\/script>\n<!-- \/ Yoast SEO plugin. -->","yoast_head_json":{"title":"Le petit singe malin - Lire \u00e9crire compter","description":"Ce jeu de math\u00e9matique aide \u00e0 construire le nombre et \u00e0 l'utiliser comme outil pour identifier des quantit\u00e9s \u00e9quivalentes. Il travaille le d\u00e9nombrement de petites collections (jusqu'\u00e0 5).","robots":{"index":"index","follow":"follow","max-snippet":"max-snippet:-1","max-image-preview":"max-image-preview:large","max-video-preview":"max-video-preview:-1"},"canonical":"https:\/\/lire-ecrire-compter.com\/?product=le-petit-singe-malin","og_locale":"fr_FR","og_type":"article","og_title":"Le petit singe malin - Lire \u00e9crire compter","og_description":"Ce jeu de math\u00e9matique aide \u00e0 construire le nombre et \u00e0 l'utiliser comme outil pour identifier des quantit\u00e9s \u00e9quivalentes. Il travaille le d\u00e9nombrement de petites collections (jusqu'\u00e0 5).","og_url":"https:\/\/lire-ecrire-compter.com\/?product=le-petit-singe-malin","og_site_name":"Lire \u00e9crire compter","article_modified_time":"2025-08-24T00:36:21+00:00","og_image":[{"width":1200,"height":1131,"url":"https:\/\/lire-ecrire-compter.com\/wp-content\/uploads\/2020\/02\/Le-petit-singe-malin_cartes-et-pions-e1578941553613.jpg","type":"image\/jpeg"}],"twitter_card":"summary_large_image","twitter_misc":{"Dur\u00e9e de lecture estim\u00e9e":"1 minute"},"schema":{"@context":"https:\/\/schema.org","@graph":[{"@type":"WebPage","@id":"https:\/\/lire-ecrire-compter.com\/?product=le-petit-singe-malin","url":"https:\/\/lire-ecrire-compter.com\/?product=le-petit-singe-malin","name":"Le petit singe malin - Lire \u00e9crire compter","isPartOf":{"@id":"https:\/\/lire-ecrire-compter.com\/#website"},"primaryImageOfPage":{"@id":"https:\/\/lire-ecrire-compter.com\/?product=le-petit-singe-malin#primaryimage"},"image":{"@id":"https:\/\/lire-ecrire-compter.com\/?product=le-petit-singe-malin#primaryimage"},"thumbnailUrl":"https:\/\/lire-ecrire-compter.com\/wp-content\/uploads\/2020\/02\/Le-petit-singe-malin_cartes-et-pions-e1578941553613.jpg","datePublished":"2020-03-06T09:51:19+00:00","dateModified":"2025-08-24T00:36:21+00:00","description":"Ce jeu de math\u00e9matique aide \u00e0 construire le nombre et \u00e0 l'utiliser comme outil pour identifier des quantit\u00e9s \u00e9quivalentes. Il travaille le d\u00e9nombrement de petites collections (jusqu'\u00e0 5).","breadcrumb":{"@id":"https:\/\/lire-ecrire-compter.com\/?product=le-petit-singe-malin#breadcrumb"},"inLanguage":"fr-FR","potentialAction":[{"@type":"ReadAction","target":["https:\/\/lire-ecrire-compter.com\/?product=le-petit-singe-malin"]}]},{"@type":"ImageObject","inLanguage":"fr-FR","@id":"https:\/\/lire-ecrire-compter.com\/?product=le-petit-singe-malin#primaryimage","url":"https:\/\/lire-ecrire-compter.com\/wp-content\/uploads\/2020\/02\/Le-petit-singe-malin_cartes-et-pions-e1578941553613.jpg","contentUrl":"https:\/\/lire-ecrire-compter.com\/wp-content\/uploads\/2020\/02\/Le-petit-singe-malin_cartes-et-pions-e1578941553613.jpg","width":1200,"height":1131},{"@type":"BreadcrumbList","@id":"https:\/\/lire-ecrire-compter.com\/?product=le-petit-singe-malin#breadcrumb","itemListElement":[{"@type":"ListItem","position":1,"name":"Accueil","item":"https:\/\/lire-ecrire-compter.com\/"},{"@type":"ListItem","position":2,"name":"La bo\u00eete \u00e0 jeux","item":"https:\/\/lire-ecrire-compter.com\/?page_id=747"},{"@type":"ListItem","position":3,"name":"Le petit singe malin"}]},{"@type":"WebSite","@id":"https:\/\/lire-ecrire-compter.com\/#website","url":"https:\/\/lire-ecrire-compter.com\/","name":"Lire \u00e9crire compter","description":"Jouer pour apprendre","potentialAction":[{"@type":"SearchAction","target":{"@type":"EntryPoint","urlTemplate":"https:\/\/lire-ecrire-compter.com\/?s={search_term_string}"},"query-input":{"@type":"PropertyValueSpecification","valueRequired":true,"valueName":"search_term_string"}}],"inLanguage":"fr-FR"}]}},"_links":{"self":[{"href":"https:\/\/lire-ecrire-compter.com\/index.php?rest_route=\/wp\/v2\/product\/2061","targetHints":{"allow":["GET"]}}],"collection":[{"href":"https:\/\/lire-ecrire-compter.com\/index.php?rest_route=\/wp\/v2\/product"}],"about":[{"href":"https:\/\/lire-ecrire-compter.com\/index.php?rest_route=\/wp\/v2\/types\/product"}],"replies":[{"embeddable":true,"href":"https:\/\/lire-ecrire-compter.com\/index.php?rest_route=%2Fwp%2Fv2%2Fcomments&post=2061"}],"wp:featuredmedia":[{"embeddable":true,"href":"https:\/\/lire-ecrire-compter.com\/index.php?rest_route=\/wp\/v2\/media\/918"}],"wp:attachment":[{"href":"https:\/\/lire-ecrire-compter.com\/index.php?rest_route=%2Fwp%2Fv2%2Fmedia&parent=2061"}],"wp:term":[{"taxonomy":"product_brand","embeddable":true,"href":"https:\/\/lire-ecrire-compter.com\/index.php?rest_route=%2Fwp%2Fv2%2Fproduct_brand&post=2061"},{"taxonomy":"product_cat","embeddable":true,"href":"https:\/\/lire-ecrire-compter.com\/index.php?rest_route=%2Fwp%2Fv2%2Fproduct_cat&post=2061"},{"taxonomy":"product_tag","embeddable":true,"href":"https:\/\/lire-ecrire-compter.com\/index.php?rest_route=%2Fwp%2Fv2%2Fproduct_tag&post=2061"}],"curies":[{"name":"wp","href":"https:\/\/api.w.org\/{rel}","templated":true}]}}